{"id":6,"date":"2019-11-28T16:00:19","date_gmt":"2019-11-28T15:00:19","guid":{"rendered":"http:\/\/wp.unil.ch\/modele\/?page_id=6"},"modified":"2025-02-12T16:12:00","modified_gmt":"2025-02-12T15:12:00","slug":"home","status":"publish","type":"page","link":"https:\/\/wp.unil.ch\/overtourism\/home\/","title":{"rendered":"Projet de recherche"},"content":{"rendered":"\n<h2 class=\"wp-block-heading\">Le probl\u00e8me<\/h2>\n\n\n\n<p>&nbsp;&nbsp;&nbsp;&nbsp;&nbsp;&nbsp;&nbsp;&nbsp;&nbsp;&nbsp;&nbsp; Dans le contexte actuel de la controverse du <em>overtourism<\/em> dans les villes europ\u00e9ennes, pol\u00e9mique qui pourrait \u00eatre exacerb\u00e9e par le r\u00f4le de la <em>mobilit\u00e9<\/em> humaine dans la crise sanitaire du Covid-19, l\u2019argument du <em>nombre<\/em> est central. Cette controverse \u00e9clate avec l\u2019\u00e9mergence, \u00e0 partir de 2015, de critiques, revendications et r\u00e9sistances des habitant\u00b7es de certaines villes europ\u00e9ennes fortement touristiques \u00e0 l\u2019encontre du tourisme, s\u2019opposant aux arguments et d\u00e9cisions de celles et ceux qui pensent que le tourisme est positif, voire n\u00e9cessaire, notamment pour l\u2019\u00e9conomie, devant \u00eatre ouvertement renforc\u00e9 et promu. Dans cette controverse, l\u2019argument statistique est souvent mis en avant. Or, il se heurte \u00e0 une certaine incapacit\u00e9, dans les deux camps, de faire co\u00efncider argument politique et argument statistique, dans un contexte o\u00f9 l\u2019accroissement et l\u2019hybridation des mobilit\u00e9s complexifient la lecture des chiffres du tourisme. Dans le m\u00eame temps, de nouveaux dispositifs statistiques \u00e9mergent, avec les donn\u00e9es massives (<em>big data<\/em>) et les traces num\u00e9riques ou t\u00e9l\u00e9phoniques, cr\u00e9ant de nouveaux acteurs et de nouveaux services de la quantification. Avec la crise du Covid-19 o\u00f9 le tourisme se trouve momentan\u00e9ment arr\u00eat\u00e9, et o\u00f9 ses b\u00e9n\u00e9fices comme ses nuisances se trouvent spectaculairement illustr\u00e9es par leur disparition, on dispose d\u2019un moment particuli\u00e8rement propice pour \u00e9tudier la mani\u00e8re dont l\u2019argument statistique est utilis\u00e9 pour d\u00e9battre sur le <em>overtourism<\/em>.<\/p>\n\n\n\n<h2 class=\"wp-block-heading\">Objectifs<\/h2>\n\n\n\n<p><strong>1. Observer la mani\u00e8re dont l\u2019argument statistique autour du tourisme est utilis\u00e9 par les villes et par leurs citoyen\u00b7nes, <\/strong>que ce soit contre le<em> overtourism<\/em> ou en faveur du tourisme et de son d\u00e9veloppement.<\/p>\n\n\n\n<p><strong>2. \u00c9prouver l\u2019hypoth\u00e8se de l\u2019av\u00e8nement de nouvelles formes de gouvernance touristique des villes (\u00ab <em>smart cities <\/em>\u00bb ou autres) li\u00e9 au d\u00e9veloppement des big data<\/strong>.<\/p>\n\n\n\n<p>Pour ce faire, nous \u00e9tudions d\u2019une part la production des chiffres mobilis\u00e9s dans les controverses actuelles dans quatre villes europ\u00e9ennes et, d\u2019autre part, les usages politiques de l\u2019argument statistique (pour la croissance du tourisme ? pour sa limitation voire sa d\u00e9croissance&nbsp;? contre le tourisme de masse ? contre certaines formes de tourisme ? comme levier \u00e9lectoral ?). Parmi les produits de ce travail, on aboutira \u00e0 un inventaire in\u00e9dit des sources de la production statistique sur le tourisme, utile \u00e0 la connaissance du ph\u00e9nom\u00e8ne et qui pourra inspirer productrice\u00b7eurs et utilisatrice\u00b7eurs de ces chiffres.<\/p>\n\n\n\n<h2 class=\"wp-block-heading\">Approche th\u00e9orique et disciplinaire<\/h2>\n\n\n\n<p>&nbsp;&nbsp;&nbsp;&nbsp;&nbsp;&nbsp;&nbsp;&nbsp;&nbsp;&nbsp; Du point de vue th\u00e9orique, deux disciplines sont convoqu\u00e9es : d\u2019une part, la sociologie de la quantification qui \u00e9tudie les conventions et pratiques de \u00ab mise en nombre \u00bb dans une \u00e9pist\u00e9mologie constructiviste et leurs dimensions politiques (Desrosi\u00e8res, 2014) ; d\u2019autre part, la g\u00e9ographie qui construit les villes touristiques comme objet scientifique mais qui \u00e9tudie aussi les controverses autour du <em>overtourism<\/em> \u00e0 travers l\u2019entr\u00e9e sp\u00e9cifique de la <em>pertinence territoriale<\/em> de la quantification (quartier, \u00e9chelle, extension, etc.).<\/p>\n\n\n\n<h2 class=\"wp-block-heading\">\u00c9tudes de cas : de la ville au Monde<\/h2>\n\n\n\n<div class=\"wp-block-columns alignwide are-vertically-aligned-top is-layout-flex wp-container-core-columns-is-layout-9d6595d7 wp-block-columns-is-layout-flex\">\n<div class=\"wp-block-column is-vertically-aligned-top is-layout-flow wp-block-column-is-layout-flow\" style=\"flex-basis:25%\">\n<figure class=\"wp-block-image alignwide size-full\"><img alt=\"\" decoding=\"async\" src=\"https:\/\/wp.unil.ch\/overtourism\/files\/2021\/10\/480px-Palazzo_Contarini_Fasan_Venice.jpg\" alt=\"\" class=\"wp-image-200\" \/><figcaption class=\"wp-element-caption\"><a href=\"https:\/\/By Didier Descouens - Own work, CC BY-SA 4.0, https:\/\/commons.wikimedia.org\/w\/index.php?curid=27230291\" target=\"_blank\" rel=\"noreferrer noopener\">Didier Descouens <\/a>CC BY-SA<\/figcaption><\/figure>\n\n\n\n<h4 class=\"wp-block-heading has-text-align-center\">Venise<\/h4>\n\n\n\n<p>Venise est une des villes embl\u00e9matiques du ph\u00e9nom\u00e8ne d&rsquo;<em>overtourism<\/em>. Autour des <em>grandi navi<\/em> (grands bateaux de croisi\u00e8re), de l&rsquo;afflux d&rsquo;excursionnistes (<em>day-trippers<\/em>) et de l&rsquo;ach\u00e8vement de la mus\u00e9ification par le remplacement progressif des r\u00e9sident\u00b7es, la controverse bat son plein dans cette ville o\u00f9 le tourisme a une histoire longue d&rsquo;au moins trois si\u00e8cles.<br>Venise est aussi une des villes les plus avanc\u00e9es dans la r\u00e9flexion sur la r\u00e9gulation et le contr\u00f4le des touristes. Cam\u00e9ras de surveillance et captage des donn\u00e9es de t\u00e9l\u00e9phonie mobile alimentent d\u00e9j\u00e0 une <em>smart control room<\/em> pour la connaissance en temps r\u00e9el des flux de touristes, et le projet longtemps d\u00e9battu d&rsquo;installer des portails aux entr\u00e9es de la ville pour contr\u00f4ler et g\u00e9rer les flux des visiteur\u00b7ses semble sur le point de se concr\u00e9tiser.<\/p>\n<\/div>\n\n\n\n<div class=\"wp-block-column is-vertically-aligned-top is-layout-flow wp-block-column-is-layout-flow\" style=\"flex-basis:25%\">\n<figure class=\"wp-block-image alignwide size-full wp-image-228\"><img alt=\"\" loading=\"lazy\" decoding=\"async\" width=\"492\" height=\"718\" src=\"https:\/\/wp.unil.ch\/overtourism\/files\/2021\/10\/1080px-Luzern_View_10-e1633626819429-edited.jpg\" alt=\"\" class=\"wp-image-228\" \/><figcaption class=\"wp-element-caption\"><a href=\"https:\/\/By Mimihitam - Own work, CC BY-SA 3.0, https:\/\/commons.wikimedia.org\/w\/index.php?curid=32251451\" target=\"_blank\" rel=\"noreferrer noopener\">Mimihitam <\/a>CC BY-SA<\/figcaption><\/figure>\n\n\n\n<h4 class=\"wp-block-heading has-text-align-center\">Lucerne<\/h4>\n\n\n\n<p>Parmi les grandes villes de Suisse, Lucerne est une des plus fortement et anciennement touristiques. La strat\u00e9gie de croissance touristique s&rsquo;est acc\u00e9l\u00e9r\u00e9e dans les derni\u00e8res d\u00e9cennies, avec surtout une client\u00e8le asiatique vis\u00e9e par d&rsquo;importants efforts de marketing. Le d\u00e9bat sur le tourisme se concentre en particulier sur l&rsquo;encombrement du centre-ville par les cars de touristes excursionnistes, et sur l&rsquo;importance prise par le shopping de luxe, en particulier le commerce des montres.<\/p>\n<\/div>\n\n\n\n<div class=\"wp-block-column is-vertically-aligned-top is-layout-flow wp-block-column-is-layout-flow\" style=\"flex-basis:25%\">\n<figure class=\"wp-block-image alignwide size-full\"><img alt=\"\" decoding=\"async\" src=\"https:\/\/wp.unil.ch\/overtourism\/files\/2021\/10\/467px-Paris_Immeuble_16_rue_dAbbeville_2013.jpg\" alt=\"\" class=\"wp-image-230\" \/><figcaption class=\"wp-element-caption\"><a href=\"https:\/\/By Photo: JLPC \/ Wikimedia Commons, CC BY-SA 3.0, https:\/\/commons.wikimedia.org\/w\/index.php?curid=27060389\" target=\"_blank\" rel=\"noreferrer noopener\">JPLC <\/a>CC BY-SA<\/figcaption><\/figure>\n\n\n\n<h4 class=\"wp-block-heading has-text-align-center\">Paris<\/h4>\n\n\n\n<p>Avec pr\u00e8s de 30 millions de s\u00e9jours touristiques par an pour la seule commune de Paris, et plus de 50 millions pour la \u00ab\u00a0destination Paris-\u00cele-de-France\u00a0\u00bb, Paris est souvent pr\u00e9sent\u00e9e comme la \u00ab\u00a0capitale touristique du monde\u00a0\u00bb, c&rsquo;est-\u00e0-dire la ville la plus visit\u00e9e. La comp\u00e9tition qui l&rsquo;oppose pour ce titre, \u00e0 Londres surtout, est un cas int\u00e9ressant pour l&rsquo;\u00e9tude des enjeux politiques du comptage des touristes, notamment sur le plan des cat\u00e9gories statistiques et g\u00e9ographiques utilis\u00e9es.<br>Dans cette m\u00e9tropole majeure, \u00e0 l&rsquo;\u00e9conomie diversifi\u00e9e, le d\u00e9bat sur l&rsquo;<em>overtourism<\/em> concerne surtout certains quartiers centraux &#8212; \u00e0 l&rsquo;exemple du Marais &#8212; et se cristallise autour du r\u00f4le des meubl\u00e9s touristiques dans le remplacement de la population r\u00e9sidente et dans le rench\u00e9rissement des loyers.<\/p>\n<\/div>\n\n\n\n<div class=\"wp-block-column is-vertically-aligned-top is-layout-flow wp-block-column-is-layout-flow\" style=\"flex-basis:25%\">\n<figure class=\"wp-block-image alignwide size-full\"><img alt=\"\" decoding=\"async\" src=\"https:\/\/wp.unil.ch\/overtourism\/files\/2021\/10\/480px-Fenetres2-vieux-lyon.jpg\" alt=\"\" class=\"wp-image-231\" \/><figcaption class=\"wp-element-caption\"><a href=\"https:\/\/By Fr\u00e9d\u00e9ric Neupont - Own work, CC BY-SA 4.0, https:\/\/commons.wikimedia.org\/w\/index.php?curid=87886418\" target=\"_blank\" rel=\"noreferrer noopener\">Fr\u00e9d\u00e9ric Neupont <\/a>CC BY-SA<\/figcaption><\/figure>\n\n\n\n<h4 class=\"wp-block-heading has-text-align-center\">Lyon<\/h4>\n\n\n\n<p>Par comparaison aux autres villes \u00e9tudi\u00e9es dans ce projet, Lyon n&rsquo;est ni une destination touristique majeure ni une ville fortement sp\u00e9cialis\u00e9e dans le tourisme. On n&rsquo;y observe pour l&rsquo;instant pas de d\u00e9bat notable sur l&rsquo;<em>overtourism<\/em>. Mais la m\u00e9tropole investit de plus en plus dans le tourisme. Elle a notamment engag\u00e9 des efforts dans la collecte et le traitement des donn\u00e9es, en relation avec les partenaires locaux du tourisme, dans le but affich\u00e9 de proposer une exp\u00e9rience touristique fluide et personnalis\u00e9e. La ville s&rsquo;est ainsi vu d\u00e9cerner un des premiers titres de \u00ab\u00a0capitale europ\u00e9enne du <em>smart tourism<\/em>\u00a0\u00bb en 2019 par la Commission Europ\u00e9enne.<\/p>\n<\/div>\n<\/div>\n\n\n\n<div class=\"wp-block-columns alignwide is-layout-flex wp-container-core-columns-is-layout-9d6595d7 wp-block-columns-is-layout-flex\">\n<div class=\"wp-block-column is-layout-flow wp-block-column-is-layout-flow\">\n<h4 class=\"wp-block-heading\">Dispositifs statistiques nationaux : Italie, Suisse, France<\/h4>\n\n\n\n<p>Les syst\u00e8mes statistiques nationaux forment un cadre qu&rsquo;il est indispensable de prendre en compte pour comprendre la quantification du tourisme dans les villes. Dans les trois pays concern\u00e9s, les institutions statistiques nationales publiques (Istat, OFS, Insee) produisent des chiffres sur le tourisme, mais selon des m\u00e9thodologies qui diff\u00e8rent quelque peu, notamment dans la place qu&rsquo;elles accordent aux deux modalit\u00e9s majeures identifi\u00e9es par Desrosi\u00e8res, l&rsquo;enqu\u00eate et le registre. Les principales donn\u00e9es produites portent sur les comportements touristiques et sur la fr\u00e9quentation des h\u00e9bergements commerciaux. D&rsquo;autres institutions nationales peuvent concourir \u00e0 la production de ces statistiques, en particulier les banques nationales et les minist\u00e8res charg\u00e9s de l&rsquo;\u00e9conomie. En outre, les institutions publiques sont confront\u00e9es \u00e0 l&rsquo;\u00e9mergence des entreprises du num\u00e9rique et de la t\u00e9l\u00e9phonie mobile dans la production de donn\u00e9es sur le tourisme, qui engendre des dynamiques de concurrence mais aussi de coop\u00e9ration.<\/p>\n<\/div>\n\n\n\n<div class=\"wp-block-column is-layout-flow wp-block-column-is-layout-flow\">\n<h4 class=\"wp-block-heading\">Organisations internationales<\/h4>\n\n\n\n<p>Dans le contexte de <em>benchmarking <\/em>mondial, les indicateurs comparatifs sur les villes sont l\u00e9gion, publi\u00e9s par de nombreux acteurs publics et priv\u00e9s. Le tourisme ne fait pas exception, et de multiples organisations proposent des indicateurs statistiques, y compris \u00e0 l\u2019\u00e9chelle des villes : OMT, OCDE, Banque mondiale et Eurostat, mais aussi des op\u00e9rateurs priv\u00e9s tels que le World Travel &amp; Tourism Council (WTTC), la European Travel Commission (ETC), etc. La d\u00e9finition du tourisme y est souvent probl\u00e9matique ; les insuffisances et approximations des chiffres de l&rsquo;OMT, notamment, sont notoires. L&rsquo;agr\u00e9gation des statistiques \u00e0 l&rsquo;\u00e9chelle internationale pose les \u00e9pineuses questions de la commensurabilit\u00e9 et de la coordination des protocoles de fabrication des statistiques. Le probl\u00e8me m\u00e9rite une analyse fine des indicateurs, de la d\u00e9finition des variables, des pratiques de comptage des diff\u00e9rentes organisations, et de la coop\u00e9ration technique dans le domaine.<\/p>\n<\/div>\n<\/div>\n\n\n\n<p><\/p>\n","protected":false},"excerpt":{"rendered":"<p>Le probl\u00e8me &nbsp;&nbsp;&nbsp;&nbsp;&nbsp;&nbsp;&nbsp;&nbsp;&nbsp;&nbsp;&nbsp; Dans le contexte actuel de la controverse du overtourism dans les villes europ\u00e9ennes, pol\u00e9mique qui pourrait \u00eatre exacerb\u00e9e par le r\u00f4le de la mobilit\u00e9 humaine dans la crise sanitaire du Covid-19, l\u2019argument du nombre est central. Cette controverse \u00e9clate avec l\u2019\u00e9mergence, \u00e0 partir de 2015, de critiques, revendications et r\u00e9sistances des habitant\u00b7es [&hellip;]<\/p>\n","protected":false},"author":1002301,"featured_media":179,"parent":0,"menu_order":0,"comment_status":"closed","ping_status":"closed","template":"templates\/template-cover.php","meta":{"_seopress_robots_primary_cat":"","_seopress_titles_title":"","_seopress_titles_desc":"","_seopress_robots_index":"","footnotes":""},"class_list":["post-6","page","type-page","status-publish","has-post-thumbnail"],"_links":{"self":[{"href":"https:\/\/wp.unil.ch\/overtourism\/wp-json\/wp\/v2\/pages\/6","targetHints":{"allow":["GET"]}}],"collection":[{"href":"https:\/\/wp.unil.ch\/overtourism\/wp-json\/wp\/v2\/pages"}],"about":[{"href":"https:\/\/wp.unil.ch\/overtourism\/wp-json\/wp\/v2\/types\/page"}],"author":[{"embeddable":true,"href":"https:\/\/wp.unil.ch\/overtourism\/wp-json\/wp\/v2\/users\/1002301"}],"replies":[{"embeddable":true,"href":"https:\/\/wp.unil.ch\/overtourism\/wp-json\/wp\/v2\/comments?post=6"}],"version-history":[{"count":1,"href":"https:\/\/wp.unil.ch\/overtourism\/wp-json\/wp\/v2\/pages\/6\/revisions"}],"predecessor-version":[{"id":455,"href":"https:\/\/wp.unil.ch\/overtourism\/wp-json\/wp\/v2\/pages\/6\/revisions\/455"}],"wp:featuredmedia":[{"embeddable":true,"href":"https:\/\/wp.unil.ch\/overtourism\/wp-json\/wp\/v2\/media\/179"}],"wp:attachment":[{"href":"https:\/\/wp.unil.ch\/overtourism\/wp-json\/wp\/v2\/media?parent=6"}],"curies":[{"name":"wp","href":"https:\/\/api.w.org\/{rel}","templated":true}]}}