{"id":307,"date":"2021-10-19T14:39:02","date_gmt":"2021-10-19T12:39:02","guid":{"rendered":"https:\/\/wp.unil.ch\/overtourism\/team\/"},"modified":"2025-02-24T14:20:59","modified_gmt":"2025-02-24T13:20:59","slug":"team","status":"publish","type":"page","link":"https:\/\/wp.unil.ch\/overtourism\/en\/team\/","title":{"rendered":"Team"},"content":{"rendered":"\n<p><\/p>\n\n\n\n<h3 class=\"wp-block-heading\"><strong>Mathis Stock<\/strong><\/h3>\n\n\n\n<p><em>Professor, University of Lausanne<\/em><br>Mathis is a geographer. He has directed the research group &#8220;Cultures and Natures of Tourism&#8221; at the Institute of Geography and Sustainability (IGD) of the University of Lausanne and the Master&#8217;s degree in Tourism Studies at the University of Lausanne. His research on tourism has a wide audience, through higher education textbooks among other publications. He also made important contributions to the field of mobility studies. He has been publishing for many years on the question of the urbanity of tourism in general and tourism in European cities in particular. He understands the massive touristification of cities as a &#8220;recreational turn&#8221; in reaction to the de-industrialization in Europe, a shift resulting from strategies and policies of tourist attractiveness. The co-presence of tourists and residents questions the right to the city, particularly with the phenomenon of &#8220;new urban tourism&#8221;, i.e. the spread of tourist practices in residential areas previously little affected by tourism. Cities deal with &#8220;visitor economies&#8221; in the broad sense where tourism plays an important role, but also with many kinds of urban consumption practices (&#8220;presential economies&#8221;).<\/p>\n\n\n\n<p><a href=\"https:\/\/igd.unil.ch\/MStock\/\">Personal webpage<\/a><\/p>\n\n\n\n<p>Stock, M. (2019). <a href=\"https:\/\/serval.unil.ch\/notice\/serval:BIB_4C0C454CD5B6\">Inhabiting the City as Tourists : Issues for Urban and Tourism Theory<\/a>. In T. Frisch, C. Sommer, L. Stoltenberg, &amp; N. Stors (\u00c9ds.), <em>Tourism and Everyday Life in the Contemporary City<\/em> (p. 42\u201166). Routledge. Stock, M., Co\u00ebff\u00e9, V., &amp; Violier, P. (2017). <em><a href=\"https:\/\/www.pur-editions.fr\/product\/ean\/9782753559240\/les-enjeux-contemporains-du-tourisme\">Les enjeux contemporains du tourisme : Une approche g\u00e9ographique<\/a><\/em>. Presses Universitaires de Rennes.<\/p>\n\n\n\n<p><\/p>\n\n\n\n<h3 class=\"wp-block-heading\"><strong>Fabrice Bardet<\/strong><\/h3>\n\n\n\n<p><em>Directeur de recherches, ENTPE<\/em><br>Fabrice specializes in the sociology of quantification and of metropolitan policies. He first worked on the sociology of statistics, a field in which he published on various urban policies (planning, transport, road safety, housing). He then became interested in the politics of accounting quantification, resulting in a book (2014) in which he argues that the &#8220;probabilistic revolution&#8221; was succeeded, in the second half of the 20<sup>th<\/sup> century, by the rise of financial and managerial accounting quantifications. He is currently engaged in two other international research programs. The first investigates the forms of financial quantification, in partnership with the University of S\u00e3o Paulo, on the topic of &#8220;Valuing Urban Territories in the Anthropocene Era&#8221;. The second research program focuses on the &#8220;smart city&#8221;, in the frame of a partnership with the Diponegoro University of Semarang in Indonesia and a mandate of the Indonesian government, which is considering moving the historic national capital Jakarta to the island of Borneo (<a href=\"https:\/\/www.theses.fr\/2019LYSE2076\">Wahyuddin, 2019<\/a>).<\/p>\n\n\n\n<p><a href=\"https:\/\/umr5600.cnrs.fr\/fr\/lequipe\/name\/fabrice-bardet\/\">Personal webpage<\/a><\/p>\n\n\n\n<p>Bardet, F., Coulondre, A., &amp; Shimbo, L. (2020). <a href=\"https:\/\/doi.org\/10.1177\/1024529420920234\">Financial natives : Real estate developers at work<\/a>. <em>Competition &amp; Change<\/em>, <em>24<\/em>(3\u20114), 203\u2011224. Bardet, F. (2014). <em><a href=\"https:\/\/www.lesbelleslettres.com\/livre\/1190-la-contre-revolution-comptable-ces-chiffres-qui-nous-gouvernent\">La Contre-r\u00e9volution comptable. Ces chiffres qui (nous) gouvernent<\/a><\/em>. Les Belles Lettres.<\/p>\n\n\n\n<p><\/p>\n\n\n\n<h3 class=\"wp-block-heading\"><strong>Giovanni Favero<\/strong><\/h3>\n\n\n\n<p><em>Professor, University Ca&#8217;Foscari of Venice<\/em><br>Giovanni is a professor of economic history at Ca&#8217; Foscari University and was a visiting scholar in US businesses history at Harvard Business School in 2018\/2019. He has worked on the city of Venice and its region in the contemporary age from a perspective that connects demography, transportation geography, and tourism economics . Most of his research focuses on quantification processes, both in statistics and accounting. In particular, he has been interested in the reciprocal legitimization between statistical approaches and political regimes, in the mechanisms of accounting and statistical data manipulation, and in the application of historical methods to management and business research. He is interested in the construction of new methods for the collection of massive data (or big data) in a historical perspective.<\/p>\n\n\n\n<p><a href=\"https:\/\/www.unive.it\/data\/persone\/5591677\/\">Personal webpage<\/a><\/p>\n\n\n\n<p>Favero, G., Serruys, M.-W., &amp; Sugiura, M. (\u00c9ds.). (2019). <em><a href=\"https:\/\/doi.org\/10.1007\/978-3-030-27599-0\">The Urban Logistic Network : Cities, Transport and Distribution in Europe from the Middle Ages to Modern Times<\/a><\/em>. Palgrave Macmillan.<br>Stoycheva, S., &amp; Favero, G. (2020). <a href=\"https:\/\/doi.org\/10.1108\/JOE-03-2019-0016\">Research methodology for ethnostatistics in organization studies : Towards a historical ethnostatistics<\/a>. <em>Journal of Organizational Ethnography<\/em>, <em>9<\/em>(3), 327\u2011342. (Open Access)<\/p>\n\n\n\n<p><\/p>\n\n\n\n<h3 class=\"wp-block-heading\"><strong>Roser Cuss\u00f3<\/strong><\/h3>\n\n\n\n<p><em>Professor, University Paris I Panth\u00e9on-Sorbonne<\/em><br>Roser works on international quantification (UNESCO, World Bank, EU, etc.) and on the origin of IO statistics, especially in the case of the League of Nations (mandates, economic statistics, minorities). She has published about fifty articles and chapters on these issues. A professor at the University of Paris 1 Panth\u00e9on-Sorbonne since 2014, she previously worked for a decade as a practitioner at UNESCO, notably in its Statistical Services. She therefore knows first-hand the process of international data production, from methodology and categorization to publication, including processing and calculation of indicators. She has developed original research on international quantification, on its political and technical specificities, through intergovernmental cooperation in particular. She defended a doctoral thesis on the World Bank&#8217;s population policies (2001) and completed a postdoc on the European Union (2003-2005).<\/p>\n\n\n\n<p><a href=\"https:\/\/www.pantheonsorbonne.fr\/page-perso\/rcusso\">Personal webpage<\/a><\/p>\n\n\n\n<p>Cuss\u00f3, R. (2020a). <a href=\"https:\/\/doi.org\/10.1080\/07075332.2019.1619611\">Building a Global Representation of Trade Through International Quantification : The League of Nations\u2019 Unification of Methods in Economic Statistics. <\/a><em>The International History Review<\/em>, <em>42<\/em>(4), 714\u2011736.<br>Cuss\u00f3, R. (2020b). <a href=\"https:\/\/books.openedition.org\/pressesinalco\/38398\">Aux origines de l\u2019\u00e9valuation statistique internationale : La supervision des mandats par la Soci\u00e9t\u00e9 des Nations<\/a>. In P. Bourmaud, N. Neveu, &amp; C. Verdeil (\u00c9ds.), <em>Experts et expertise dans les mandats de la soci\u00e9t\u00e9 des nations : Figures, champs, outils<\/em> (p. 161\u2011188). Presses de l\u2019Inalco.<\/p>\n\n\n\n<p><\/p>\n\n\n\n<h3 class=\"wp-block-heading\"><strong>Paulo Fernando Meliani<\/strong><\/h3>\n\n\n\n<div class=\"wp-block-group\"><div class=\"wp-block-group__inner-container is-layout-constrained wp-block-group-is-layout-constrained\">\n<p><em>Postdoctoral Researcher, University of Lyon<\/em><br>Paulo is a geographer, holding a <em>Bachelor\u2019s degree<\/em>, a <em>teaching diploma<\/em>, and a <em>Master\u2019s degree<\/em> in geography from the <em>Federal University of Santa Catarina (UFSC)<\/em>, as well as a <em>PhD in Geography<\/em> from the <em>Federal University of Pernambuco (UFPE)<\/em> in Brazil, which included a doctoral research stay at <em>Ca\u2019 Foscari University of Venice (UNIVE)<\/em> in Italy. He also specialized in <em>Geographic Information Systems (GIS)<\/em> at the <em>University of Algarve (UAlg)<\/em> in Faro, Portugal.<\/p>\n\n\n\n<p>In Brazil, he has held positions as <em>Associate Professor<\/em> at the <em>State University of Santa Cruz (UESC)<\/em>, <em>Visiting Associate Professor<\/em> at the <em>Federal University for Latin American Integration (UNILA)<\/em>, and <em>Collaborating Associate Professor<\/em> at the <em>State University of Santa Catarina (UDESC)<\/em>.<\/p>\n\n\n\n<p>His research focuses on processes of <em>touristification<\/em> and socio-spatial transformations in cities and tourist regions. He has published several academic articles contributing to debates on the production of space through tourism, particularly in Brazil.<em><br><\/em><br><a href=\"https:\/\/independent.academia.edu\/PauloFernandoMeliani\">Personal webpage<\/a><\/p>\n\n\n\n<p><\/p>\n<\/div><\/div>\n\n\n\n<h3 class=\"wp-block-heading\"><strong>Val\u00e9rian Geffroy<\/strong><\/h3>\n\n\n\n<p><em>Postdoctoral researcher, University of Lausanne<\/em><br>In 2020, Val\u00e9rian defended a <a href=\"https:\/\/serval.unil.ch\/fr\/notice\/serval:BIB_FAF2B91FC2F6\">PhD thesis <\/a>in geography on the spatialities of nature sports tourism, approaching the phenomenon from various perspectives: as a community of practices, as a physical and material engagement with &#8220;nature&#8221;, as a set of specialized geographical knowledge, as a leisure mobility with a high personal investment, and even as a lifestyle. Within the project, he is in charge of the analysis of national statistical systems. Within this framework, he will question, in particular, the differentiated construction of tourism as an economic and political category; the territorial dimension of the measurement of the tourism phenomenon; and the potential competition between public statistics and the new digital actors who promise the revolution through <em>big data<\/em>.<\/p>\n\n\n\n<p><a href=\"https:\/\/igd.unil.ch\/valeriangeffroy\/\">Personal webpage<\/a><\/p>\n\n\n\n<p><br>Geffroy, V. (2020). <a href=\"https:\/\/www.springer.com\/gp\/book\/9783030521356#aboutBook\">Help or hindrance ? Media uses and discourses on media in outdoor sport tourism<\/a>. In M. Stock (\u00c9d.), <em>Progress in French Tourism Geographies : Inhabiting Touristic Worlds<\/em> (Springer).<br>Geffroy, V. (2017). <a href=\"https:\/\/doi.org\/10.1080\/14775085.2016.1271349\">\u2018Playing with space\u2019 : A conceptual basis for investigating active sport tourism practices<\/a>. <em>Journal of Sport &amp; Tourism<\/em>, <em>21<\/em>(2), 95\u2011113.<\/p>\n\n\n\n<p><\/p>\n\n\n\n<h3 class=\"wp-block-heading\"><strong>Victor Anduze<\/strong><\/h3>\n\n\n\n<p><em>PhD student, ENTPE<\/em>\nVictor studied in IEDES \u2013 Paris 1 (Development, Mobilities and Territories) and in the National Autonomous University of Mexico (UNAM). His research focused on the city of Merida, capital of the state of Yucat\u00e1n in Mexico. He first studied segregation and the use of public space in low-income neighbourhoods. He then studied the festive events in these neighbourhoods and their potential to change social and spatial relations at micro or meso scale. These works earned him the UNESCO Chair&#8217;s &#8220;Master&#8217;s Prize&#8221; of and the UNAM&#8217;s &#8220;Gustavo Baz Prada&#8221; medal. He has also worked for the Mexican Ministry of Social Development, in the Local Development Department. Fully anchored in interdisciplinarity, he mobilizes geographical and sociological methods and works mainly, within the project, on the case studies of Paris and Lyon.<\/p>\n\n\n\n<p><a href=\"https:\/\/umr5600.cnrs.fr\/fr\/lequipe\/name\/victor-anduze-rivero\/\">Personal webpage<\/a><\/p>\n\n\n\n<p>Anduze Rivero, V. (2020). <a href=\"https:\/\/journals.openedition.org\/echogeo\/19562\">Observer l\u2019usage de l\u2019espace (dans des espaces vides). Un s\u00e9jour de terrain au Mexique en temps de coronavirus<\/a>. <em>EchoG\u00e9o<\/em>, <em>52<\/em>, Article 52.<br>Anduze Rivero, V. R. (2019). <a href=\"https:\/\/www.revistas.unam.mx\/index.php\/peninsula\/article\/view\/68814\">La participaci\u00f3n y la apropiaci\u00f3n del espacio p\u00fablico como fundamentos del derecho a la ciudad : Dos estudios de caso al sur de M\u00e9rida, Yucat\u00e1n<\/a>. <em>Pen\u00ednsula<\/em>, <em>14<\/em>(1), 29\u201150.<\/p>\n\n\n\n<p><\/p>\n\n\n\n<h3 class=\"wp-block-heading\"><strong>Davide Ceccato<\/strong><\/h3>\n\n\n\n<p><em>PhD student, University of Lausanne<\/em><br>Davide obtained a <em>Bachelor&#8217;s degree<\/em> in history and philosophy (<em>ethnolinguistics<\/em>) from Ca\u2019 Foscari University of Venice. He then pursued a <em>Master&#8217;s degree<\/em> in international relations at the same university and, after an internship at the <em>Italian-South African Chamber of Trade and Industries<\/em> in Johannesburg, he graduated with a thesis on the rise of the South African gold mining industry. Subsequently, as a <em>Rotary Foundation<\/em> scholar, he earned a <em>Master\u2019s degree<\/em> in development studies at the <em>Institute of Development Studies<\/em> (University of Sussex), with a thesis on the socio-economic factors influencing the prevalence of obesity in South Africa. After completing this <em>Master\u2019s degree<\/em>, he participated in a <em>WASH<\/em> program with an NGO in eastern Congo.<\/p>\n\n\n\n<p>As part of the <em>FNS<\/em> project, Davide primarily works on the history of tourism quantification in the city of Venice, the political issues related to the production, use, and dissemination of tourism statistics, as well as the functioning and challenges of digital systems for managing and controlling tourist mobility.<\/p>\n\n\n\n<p><a href=\"https:\/\/igd.unil.ch\/dceccato\/en\/presentation\">Personal webpage<\/a><\/p>\n\n\n\n<p><\/p>\n\n\n\n<h3 class=\"wp-block-heading\">Partner: CISET<\/h3>\n\n\n\n<p>CISET &#8211; International Centre of Studies on Tourist Economics  is a non-profit research organisation established more than 30 years ago &#8211; in 1991 &#8211; by Ca&#8217; Foscari University Venice and the Veneto Regional Government.\nThrough its consultancy, education and research activities, CISET provides the tourist industry, local administrations and future tourism operators with the tools to approach the market in innovative ways, and also supports tourism studies cooperating with academic institution.<\/p>\n\n\n\n<p><a href=\"https:\/\/www.unive.it\/pag\/20563\/\">Webpage<\/a><\/p>\n","protected":false},"excerpt":{"rendered":"<p>Mathis Stock Professor, University of LausanneMathis is a geographer. He has directed the research group &#8220;Cultures and Natures of Tourism&#8221; at the Institute of Geography and Sustainability (IGD) of the University of Lausanne and the Master&#8217;s degree in Tourism Studies at the University of Lausanne. His research on tourism has a wide audience, through higher [&hellip;]<\/p>\n","protected":false},"author":1002301,"featured_media":0,"parent":0,"menu_order":0,"comment_status":"closed","ping_status":"closed","template":"","meta":{"_seopress_robots_primary_cat":"","_seopress_titles_title":"","_seopress_titles_desc":"","_seopress_robots_index":"","footnotes":""},"class_list":["post-307","page","type-page","status-publish"],"_links":{"self":[{"href":"https:\/\/wp.unil.ch\/overtourism\/en\/wp-json\/wp\/v2\/pages\/307","targetHints":{"allow":["GET"]}}],"collection":[{"href":"https:\/\/wp.unil.ch\/overtourism\/en\/wp-json\/wp\/v2\/pages"}],"about":[{"href":"https:\/\/wp.unil.ch\/overtourism\/en\/wp-json\/wp\/v2\/types\/page"}],"author":[{"embeddable":true,"href":"https:\/\/wp.unil.ch\/overtourism\/en\/wp-json\/wp\/v2\/users\/1002301"}],"replies":[{"embeddable":true,"href":"https:\/\/wp.unil.ch\/overtourism\/en\/wp-json\/wp\/v2\/comments?post=307"}],"version-history":[{"count":5,"href":"https:\/\/wp.unil.ch\/overtourism\/en\/wp-json\/wp\/v2\/pages\/307\/revisions"}],"predecessor-version":[{"id":467,"href":"https:\/\/wp.unil.ch\/overtourism\/en\/wp-json\/wp\/v2\/pages\/307\/revisions\/467"}],"wp:attachment":[{"href":"https:\/\/wp.unil.ch\/overtourism\/en\/wp-json\/wp\/v2\/media?parent=307"}],"curies":[{"name":"wp","href":"https:\/\/api.w.org\/{rel}","templated":true}]}}