{"id":6,"date":"2019-11-28T16:00:19","date_gmt":"2019-11-28T15:00:19","guid":{"rendered":"http:\/\/wp.unil.ch\/modele\/?page_id=6"},"modified":"2025-09-19T11:06:39","modified_gmt":"2025-09-19T09:06:39","slug":"home","status":"publish","type":"page","link":"https:\/\/wp.unil.ch\/outofthebox\/","title":{"rendered":"Bienvenue dans notre placard itin\u00e9rant"},"content":{"rendered":"\n<p class=\"has-text-align-center has-buttons-text-color has-text-color has-larger-font-size\"><\/p>\n\n\n\n<p><strong>Le projet&nbsp;<\/strong><em><strong>OUT OF THE BOX<\/strong><\/em><strong> en quelques mots<\/strong><\/p>\n\n\n\n<p>OUT OF THE BOX est un projet scientifique et artistique inspir\u00e9 des collectages r\u00e9alis\u00e9s par les arts de la sc\u00e8ne, qui permettent de faire le lien d\u2019\u00eatre humain \u00e0 \u00eatre humain en \u00e9coutant l\u2019autre raconter.<\/p>\n\n\n\n<p>Ce projet s\u2019articule autour d\u2019un \u00ab placard \u00bb habitable, ludique et color\u00e9, qui voyagera sur les campus de l\u2019UNIL d\u00e8s octobre 2023. Vous pouvez y \u00e9couter des t\u00e9moignages de \u00ab personnes-relais \u00bb de l\u2019UNIL (LGBTIQ, alli\u00e9es, parentes ou t\u00e9moins) autour de la question&nbsp;<em>queer<\/em>. Ensuite, si vous avez envie, vous pouvez y enregistrer en r\u00e9ponse votre propre histoire autour d&rsquo;un v\u00e9cu LGBTIQ (soit en lien avec le campus de l\u2019UNIL, soit en tant que membres de la communaut\u00e9 UNIL).<\/p>\n\n\n\n<p>Ce placard a \u00e9t\u00e9 con\u00e7u par Anna Popek, construit par La Chignole, et illustr\u00e9 par Madame Marilou. Le contenu de sensibilisation a \u00e9t\u00e9 \u00e9labor\u00e9 en collaboration avec Caroline Dayer, d\u00e9l\u00e9gu\u00e9e cantonale aux questions d\u2019homophobie et de transphobie dans les lieux de formation du Canton de Vaud.<\/p>\n\n\n\n<div style=\"height:20px\" aria-hidden=\"true\" class=\"wp-block-spacer\"><\/div>\n\n\n\n<div class=\"wp-block-buttons alignwide is-content-justification-center is-layout-flex wp-container-core-buttons-is-layout-51f7783f wp-block-buttons-is-layout-flex\">\n<div class=\"wp-block-button\"><a class=\"wp-block-button__link has-background has-large-font-size has-custom-font-size wp-element-button\" href=\"https:\/\/wp.unil.ch\/outofthebox\/freiburg\/\" style=\"border-radius:60px;background-color:#6a3e98\" target=\"_blank\" rel=\"noreferrer noopener\">L\u2019exposition \u00e0 Fribourg \/ Die Ausstellung in Freiburg<\/a><\/div>\n<\/div>\n\n\n\n<div style=\"height:31px\" aria-hidden=\"true\" class=\"wp-block-spacer\"><\/div>\n\n\n\n<div class=\"wp-block-group\"><div class=\"wp-block-group__inner-container is-layout-constrained wp-block-group-is-layout-constrained\">\n<div class=\"wp-block-group\"><div class=\"wp-block-group__inner-container is-layout-constrained wp-block-group-is-layout-constrained\">\n<div class=\"wp-block-group\"><div class=\"wp-block-group__inner-container is-layout-constrained wp-block-group-is-layout-constrained\">\n<figure class=\"wp-block-embed alignwide is-type-video is-provider-youtube wp-block-embed-youtube wp-embed-aspect-16-9 wp-has-aspect-ratio\"><div class=\"wp-block-embed__wrapper\">\n<iframe loading=\"lazy\" title=\"Pre\u0301sentation du projet OUT OF THE BOX - UNIL\" width=\"580\" height=\"326\" src=\"https:\/\/www.youtube.com\/embed\/IZ2hjuVvWnA?feature=oembed\" frameborder=\"0\" allow=\"accelerometer; autoplay; clipboard-write; encrypted-media; gyroscope; picture-in-picture; web-share\" referrerpolicy=\"strict-origin-when-cross-origin\" allowfullscreen><\/iframe>\n<\/div><\/figure>\n<\/div><\/div>\n<\/div><\/div>\n<\/div><\/div>\n\n\n\n<p class=\"has-text-align-center\">Nous remercions le Foyer universitaire pour son soutien.<\/p>\n\n\n\n<div style=\"height:100px\" aria-hidden=\"true\" class=\"wp-block-spacer\"><\/div>\n\n\n\n<div class=\"wp-block-columns is-layout-flex wp-container-core-columns-is-layout-9d6595d7 wp-block-columns-is-layout-flex\">\n<div class=\"wp-block-column is-vertically-aligned-center is-layout-flow wp-block-column-is-layout-flow\"><div class=\"wp-block-image\">\n<figure class=\"aligncenter size-full is-resized\"><a href=\"https:\/\/www.unil.ch\/index.html\" target=\"_blank\" rel=\"noreferrer noopener\"><img alt=\"\" loading=\"lazy\" decoding=\"async\" width=\"639\" height=\"225\" src=\"https:\/\/wp.unil.ch\/outofthebox\/files\/2023\/09\/unilogo_bleu_300dpi-2.png\" alt=\"\" class=\"wp-image-666\" style=\"width:191px;height:72px\" srcset=\"https:\/\/wp.unil.ch\/outofthebox\/files\/2023\/09\/unilogo_bleu_300dpi-2.png 639w, https:\/\/wp.unil.ch\/outofthebox\/files\/2023\/09\/unilogo_bleu_300dpi-2-300x106.png 300w, https:\/\/wp.unil.ch\/outofthebox\/files\/2023\/09\/unilogo_bleu_300dpi-2-540x190.png 540w\" sizes=\"auto, (max-width: 639px) 100vw, 639px\" \/><\/a><\/figure>\n<\/div><\/div>\n\n\n\n<div class=\"wp-block-column is-layout-flow wp-block-column-is-layout-flow\"><div class=\"wp-block-image\">\n<figure class=\"aligncenter size-full is-resized\"><a href=\"https:\/\/www.unil.ch\/egalite\/home.html\" target=\"_blank\" rel=\"noreferrer noopener\"><img alt=\"\" loading=\"lazy\" decoding=\"async\" width=\"251\" height=\"251\" src=\"https:\/\/wp.unil.ch\/outofthebox\/files\/2023\/09\/Label_EDI_250px\u2013RVB.png\" alt=\"\" class=\"wp-image-218\" style=\"width:116px;height:116px\" srcset=\"https:\/\/wp.unil.ch\/outofthebox\/files\/2023\/09\/Label_EDI_250px\u2013RVB.png 251w, https:\/\/wp.unil.ch\/outofthebox\/files\/2023\/09\/Label_EDI_250px\u2013RVB-150x150.png 150w\" sizes=\"auto, (max-width: 251px) 100vw, 251px\" \/><\/a><\/figure>\n<\/div><\/div>\n\n\n\n<div class=\"wp-block-column is-vertically-aligned-center is-layout-flow wp-block-column-is-layout-flow\">\n<p class=\"has-text-align-center\"><strong>CONTACT<\/strong><\/p>\n\n\n\n<p class=\"has-text-align-center\">+41 21 692 20 60<\/p>\n\n\n\n<p class=\"has-text-align-center\"><a href=\"mailto:placards@unil.ch\">placards@unil.ch<\/a><\/p>\n<\/div>\n<\/div>\n","protected":false},"excerpt":{"rendered":"<p>Le projet&nbsp;OUT OF THE BOX en quelques mots OUT OF THE BOX est un projet scientifique et artistique inspir\u00e9 des collectages r\u00e9alis\u00e9s par les arts de la sc\u00e8ne,&hellip;<\/p>\n","protected":false},"author":108,"featured_media":840,"parent":0,"menu_order":0,"comment_status":"closed","ping_status":"closed","template":"template-full-width-cover.php","meta":{"_seopress_robots_primary_cat":"","_seopress_titles_title":"","_seopress_titles_desc":"","_seopress_robots_index":"","footnotes":""},"class_list":["post-6","page","type-page","status-publish","has-post-thumbnail"],"publishpress_future_action":{"enabled":false,"date":"2026-04-16 05:06:37","action":"change-status","newStatus":"draft","terms":[],"taxonomy":"","extraData":[]},"publishpress_future_workflow_manual_trigger":{"enabledWorkflows":[]},"_links":{"self":[{"href":"https:\/\/wp.unil.ch\/outofthebox\/wp-json\/wp\/v2\/pages\/6","targetHints":{"allow":["GET"]}}],"collection":[{"href":"https:\/\/wp.unil.ch\/outofthebox\/wp-json\/wp\/v2\/pages"}],"about":[{"href":"https:\/\/wp.unil.ch\/outofthebox\/wp-json\/wp\/v2\/types\/page"}],"author":[{"embeddable":true,"href":"https:\/\/wp.unil.ch\/outofthebox\/wp-json\/wp\/v2\/users\/108"}],"replies":[{"embeddable":true,"href":"https:\/\/wp.unil.ch\/outofthebox\/wp-json\/wp\/v2\/comments?post=6"}],"version-history":[{"count":5,"href":"https:\/\/wp.unil.ch\/outofthebox\/wp-json\/wp\/v2\/pages\/6\/revisions"}],"predecessor-version":[{"id":2288,"href":"https:\/\/wp.unil.ch\/outofthebox\/wp-json\/wp\/v2\/pages\/6\/revisions\/2288"}],"wp:featuredmedia":[{"embeddable":true,"href":"https:\/\/wp.unil.ch\/outofthebox\/wp-json\/wp\/v2\/media\/840"}],"wp:attachment":[{"href":"https:\/\/wp.unil.ch\/outofthebox\/wp-json\/wp\/v2\/media?parent=6"}],"curies":[{"name":"wp","href":"https:\/\/api.w.org\/{rel}","templated":true}]}}