{"id":2270,"date":"2025-09-19T10:55:22","date_gmt":"2025-09-19T08:55:22","guid":{"rendered":"https:\/\/wp.unil.ch\/outofthebox\/?page_id=2270"},"modified":"2025-09-22T16:29:58","modified_gmt":"2025-09-22T14:29:58","slug":"zusammen-leben","status":"publish","type":"page","link":"https:\/\/wp.unil.ch\/outofthebox\/zusammen-leben\/","title":{"rendered":"Zusammen leben"},"content":{"rendered":"\n<div class=\"wp-block-group alignwide\"><div class=\"wp-block-group__inner-container is-layout-constrained wp-block-group-is-layout-constrained\">\n<p><strong>Dies ist ein Tool, das von Messinstrumentes inspiriert ist, die zur Messung von Gewalt innerhalb von Paaren verwendet werden. Die von uns angebotene Variante erm\u00f6glicht, Diskriminierungen im Zusammenhang mit der Geschlechtsidentit\u00e4t sowie der gef\u00fchlsm\u00e4ssigen und sexuellen Orientierung im beruflichen Kontext zu bewerten.<\/strong><\/p>\n\n\n\n<figure class=\"wp-block-image alignwide size-full\"><img loading=\"lazy\" decoding=\"async\" width=\"1500\" height=\"2222\" src=\"https:\/\/wp.unil.ch\/outofthebox\/files\/2025\/09\/ootb_violentometre_ok_web.png\" alt=\"ootb violentometre ok web\" class=\"wp-image-2252\" srcset=\"https:\/\/wp.unil.ch\/outofthebox\/files\/2025\/09\/ootb_violentometre_ok_web.png 1500w, https:\/\/wp.unil.ch\/outofthebox\/files\/2025\/09\/ootb_violentometre_ok_web-203x300.png 203w, https:\/\/wp.unil.ch\/outofthebox\/files\/2025\/09\/ootb_violentometre_ok_web-691x1024.png 691w, https:\/\/wp.unil.ch\/outofthebox\/files\/2025\/09\/ootb_violentometre_ok_web-768x1138.png 768w, https:\/\/wp.unil.ch\/outofthebox\/files\/2025\/09\/ootb_violentometre_ok_web-1037x1536.png 1037w, https:\/\/wp.unil.ch\/outofthebox\/files\/2025\/09\/ootb_violentometre_ok_web-1383x2048.png 1383w, https:\/\/wp.unil.ch\/outofthebox\/files\/2025\/09\/ootb_violentometre_ok_web-540x800.png 540w, https:\/\/wp.unil.ch\/outofthebox\/files\/2025\/09\/ootb_violentometre_ok_web-1080x1600.png 1080w\" sizes=\"auto, (max-width: 1500px) 100vw, 1500px\" \/><\/figure>\n<\/div><\/div>\n\n\n\n<div class=\"wp-block-group alignwide has-background\" style=\"background-color:#6e368c\"><div class=\"wp-block-group__inner-container is-layout-constrained wp-block-group-is-layout-constrained\">\n<p class=\"has-background-color has-text-color has-link-color wp-elements-a238af40ec1f6c21ee76d4857707670e\"><strong>Lange Zeit fehlte es den jungen LGBTIQ-Personen an Modellen, mit denen sie sich identifizieren konnten. Dies sind einige<\/strong> <strong>inspirierende Queer-Personen, die, jede auf ihre Weise, ihre Spur in den kollektiven Vorstellungen und den Generationen hinterlassen haben.<\/strong><br><br><\/p>\n\n\n\n<p class=\"has-background-color has-text-color has-link-color wp-elements-125b0cce0721eee92a0f5f9f5a79762b\"><strong>Oscar Wilde 1854-1900<\/strong><\/p>\n\n\n\n<p class=\"has-background-color has-text-color has-link-color wp-elements-3da5b2f9567531bf8dc106407829d82b\">Irischer Dandy und Schriftsteller.<br>Seine Homosexualit\u00e4t wird w\u00e4hrend eines Verleumdungsprozesses offenbart.<br>Er wird wegen \u201egrober Unsittlichkeit\u201c zu 2 Jahren Zwangsarbeit verurteilt.<\/p>\n\n\n\n<div style=\"height:41px\" aria-hidden=\"true\" class=\"wp-block-spacer\"><\/div>\n\n\n\n<p class=\"has-background-color has-text-color has-link-color wp-elements-5d03046fdaf675754e3790fc654b85b9\"><strong>Ellen DeGeneres 1958<\/strong><\/p>\n\n\n\n<p class=\"has-background-color has-text-color has-link-color wp-elements-fd915f16e9d3954a4f64459d178cf143\">Amerikanische Schauspielerin und Moderatorin. Trotz politischen Drucks outet sie sich in der Sitcom Ellen 1997 als lesbisch. Sie hat zwischen 2003 und 2022 ihre eigene Show moderiert.<\/p>\n\n\n\n<div style=\"height:41px\" aria-hidden=\"true\" class=\"wp-block-spacer\"><\/div>\n\n\n\n<p class=\"has-background-color has-text-color has-link-color wp-elements-7493057175dd733caca1a811d53edbab\"><strong>Hoshi 1996<\/strong><\/p>\n\n\n\n<p class=\"has-background-color has-text-color has-link-color wp-elements-2e05e61d2fd630621f86bbe25beeb749\">Franz\u00f6sische Schauspielerin, Komponistin und Interpretin Sie erhob Klage, nachdem sie Opfer lesbophober Cyberbel\u00e4stigung wurde, weil sie eine T\u00e4nzerin bei den Victoires de la musique 2020 gek\u00fcsst hatte.<\/p>\n\n\n\n<div style=\"height:41px\" aria-hidden=\"true\" class=\"wp-block-spacer\"><\/div>\n\n\n\n<p class=\"has-background-color has-text-color has-link-color wp-elements-ef6beefbeac9639e5e9bd23ba9cc899f\"><strong>Curdin Orlik 1993<\/strong><\/p>\n\n\n\n<p class=\"has-background-color has-text-color has-link-color wp-elements-a2e87dc230fad27d2e10e06f2504503d\">Graub\u00fcndner Ringer. Er ist Sieger mehrerer schweizer Ringerwettbewerbe und der erste schweizer Spitzensportler, der sich in einem Milieu, in dem Homosexualit\u00e4t tabuisiert ist, als schwul outet.<\/p>\n\n\n\n<div style=\"height:41px\" aria-hidden=\"true\" class=\"wp-block-spacer\"><\/div>\n\n\n\n<p class=\"has-background-color has-text-color has-link-color wp-elements-f140f114de4c1d33158288d176f8a91d\"><strong>Virginia Woolf 1882-1941<\/strong><\/p>\n\n\n\n<p class=\"has-background-color has-text-color has-link-color wp-elements-f993c8ce3bd9526c0e89bfcf33255120\">Englische Schriftstellerin der Zwischenkriegszeit<br>Sie ist verheiratet; ihre Beziehungen zu Frauen inspirieren ihren Roman Orlando. Ihr Essay A Room of One\u2019s Own ist eine der S\u00e4ulen der feministischen Bewegung.<\/p>\n\n\n\n<div style=\"height:41px\" aria-hidden=\"true\" class=\"wp-block-spacer\"><\/div>\n\n\n\n<p class=\"has-background-color has-text-color has-link-color wp-elements-7e7598ec5794b85dcefa046dfa5d8cb4\"><strong>Petra De Sutter 1963<\/strong><\/p>\n\n\n\n<p class=\"has-background-color has-text-color has-link-color wp-elements-c0b2db7e03cee0d503d5ed0180cb0b8c\">Belgische Politikerin. Nach einem Diplom in Medizin mit Spezialisierung in der Gyn\u00e4kologie bringt sie sich in&nbsp; die Politik ein und wird die erste transsexuelle Ministerin in Europa.<\/p>\n\n\n\n<div style=\"height:41px\" aria-hidden=\"true\" class=\"wp-block-spacer\"><\/div>\n\n\n\n<p class=\"has-background-color has-text-color has-link-color wp-elements-ef6207b11e96696764a292c89e4ba9cb\"><strong>Elton John 1947<\/strong><\/p>\n\n\n\n<p class=\"has-background-color has-text-color has-link-color wp-elements-90582cea72f69b321d17e2370ec3b113\">Britischer Musiker Er gibt 1976 seine Bisexualit\u00e4t, dann 1992 seine Homosexualit\u00e4t bekannt. Er ist sehr aktiv im Kampf gegen HIV\/AIDS und zeigt sich als leidenschaftlicher Verfechter der Rechte von LGBTIQ-Personen.<\/p>\n\n\n\n<div style=\"height:41px\" aria-hidden=\"true\" class=\"wp-block-spacer\"><\/div>\n\n\n\n<p class=\"has-background-color has-text-color has-link-color wp-elements-2136603bca74589b093b5c2c991daba7\"><strong>Elliot Page 1987<\/strong><\/p>\n\n\n\n<p class=\"has-background-color has-text-color has-link-color wp-elements-dafbe992458882135e5df84b922aff80\">Kanadischer Schauspieler. Nach einer gl\u00e4nzenden Bildschirmkarriere outet er sich als lesbisch und dann als transsexuell.<br>In der Netflix-Serie Umbrella Academy wird dann seine Rolle von Vanya in Viktor ge\u00e4ndert.<\/p>\n\n\n\n<div style=\"height:41px\" aria-hidden=\"true\" class=\"wp-block-spacer\"><\/div>\n\n\n\n<p class=\"has-background-color has-text-color has-link-color wp-elements-8ac22eda862e96b5e7d14dc8c75edcde\"><strong>Am\u00e9lie Mauresmo 1979<\/strong><\/p>\n\n\n\n<p class=\"has-background-color has-text-color has-link-color wp-elements-e6f1b0103dc3339fb496ff864be9a6c2\">Ehemalige franz\u00f6sische Tennisspielerin<br>Sie k\u00fcsst 1999 ihre damalige Lebensgef\u00e4hrtin in der \u00d6ffentlichkeit und wird so zu einer der wenigen Profisportlerinnen, die sich \u00f6ffentlich outet.<\/p>\n\n\n\n<div style=\"height:41px\" aria-hidden=\"true\" class=\"wp-block-spacer\"><\/div>\n\n\n\n<p class=\"has-background-color has-text-color has-link-color wp-elements-475e3e04f078bd0a3808f5f6182f7b69\"><strong>Sara Ramirez 1975<\/strong><\/p>\n\n\n\n<p class=\"has-background-color has-text-color has-link-color wp-elements-d63e996c7a0ee1c42bb533270e85f16c\">Nichtbin\u00e4re_r K\u00fcnstler_in und LGBTIQ-Aktivist_in. Der\/die mexikanisch-amerikanische K\u00fcnstler_in gewinnt insbesondere einen Tony-Award f\u00fcr <em>Spamalot<\/em> und spielt Callie Torres in <em>Grey\u2019s Anatomy<\/em>.<\/p>\n\n\n\n<div style=\"height:41px\" aria-hidden=\"true\" class=\"wp-block-spacer\"><\/div>\n\n\n\n<p class=\"has-background-color has-text-color has-link-color wp-elements-7772a9b3994fd016cea2d4de19e82c43\"><strong>Ian McKellen 1939<\/strong><\/p>\n\n\n\n<p class=\"has-background-color has-text-color has-link-color wp-elements-c14c6d6f26ec129166ca71f38da25ac1\">Britischer Schauspieler Er ist im Theater und im Kino angesehen und ist 1988 einer der ersten Schauspieler, der \u00fcber seine Homosexualit\u00e4t spricht. Seitdem k\u00e4mpft er unerm\u00fcdlich f\u00fcr die Rechte von LGBTIQ-Personen.<\/p>\n\n\n\n<div style=\"height:41px\" aria-hidden=\"true\" class=\"wp-block-spacer\"><\/div>\n\n\n\n<p class=\"has-background-color has-text-color has-link-color wp-elements-2ddea7fc215506385efa5c0d05f143f9\"><strong>Pidgeon Pagonis 1986<\/strong><\/p>\n\n\n\n<p class=\"has-background-color has-text-color has-link-color wp-elements-48037d423aee7964a0d8c2923f396b4b\">Amerikanische_r K\u00fcnstler_in und Aktivist_in.<br>Die intersexuelle Person k\u00e4mpft gegen aufgezwungene Geschlechtsoperationen und dreht den Dokumentarfilm <em>The Son They Never Had: Growing Up Intersex<\/em><\/p>\n<\/div><\/div>\n","protected":false},"excerpt":{"rendered":"<p>Dies ist ein Tool, das von Messinstrumentes inspiriert ist, die zur Messung von Gewalt innerhalb von Paaren verwendet werden. Die von uns angebotene Variante erm\u00f6glicht, Diskriminierungen im Zusammenhang&hellip;<\/p>\n","protected":false},"author":1002678,"featured_media":0,"parent":0,"menu_order":0,"comment_status":"closed","ping_status":"closed","template":"","meta":{"_seopress_robots_primary_cat":"","_seopress_titles_title":"","_seopress_titles_desc":"","_seopress_robots_index":"","footnotes":""},"class_list":["post-2270","page","type-page","status-publish","has-post-thumbnail"],"publishpress_future_action":{"enabled":false,"date":"2026-04-16 19:08:25","action":"change-status","newStatus":"draft","terms":[],"taxonomy":"","extraData":[]},"publishpress_future_workflow_manual_trigger":{"enabledWorkflows":[]},"_links":{"self":[{"href":"https:\/\/wp.unil.ch\/outofthebox\/wp-json\/wp\/v2\/pages\/2270","targetHints":{"allow":["GET"]}}],"collection":[{"href":"https:\/\/wp.unil.ch\/outofthebox\/wp-json\/wp\/v2\/pages"}],"about":[{"href":"https:\/\/wp.unil.ch\/outofthebox\/wp-json\/wp\/v2\/types\/page"}],"author":[{"embeddable":true,"href":"https:\/\/wp.unil.ch\/outofthebox\/wp-json\/wp\/v2\/users\/1002678"}],"replies":[{"embeddable":true,"href":"https:\/\/wp.unil.ch\/outofthebox\/wp-json\/wp\/v2\/comments?post=2270"}],"version-history":[{"count":2,"href":"https:\/\/wp.unil.ch\/outofthebox\/wp-json\/wp\/v2\/pages\/2270\/revisions"}],"predecessor-version":[{"id":2297,"href":"https:\/\/wp.unil.ch\/outofthebox\/wp-json\/wp\/v2\/pages\/2270\/revisions\/2297"}],"wp:attachment":[{"href":"https:\/\/wp.unil.ch\/outofthebox\/wp-json\/wp\/v2\/media?parent=2270"}],"curies":[{"name":"wp","href":"https:\/\/api.w.org\/{rel}","templated":true}]}}