{"id":2265,"date":"2025-09-19T10:49:32","date_gmt":"2025-09-19T08:49:32","guid":{"rendered":"https:\/\/wp.unil.ch\/outofthebox\/?page_id=2265"},"modified":"2025-09-24T11:04:49","modified_gmt":"2025-09-24T09:04:49","slug":"benennen","status":"publish","type":"page","link":"https:\/\/wp.unil.ch\/outofthebox\/benennen\/","title":{"rendered":"Benennen"},"content":{"rendered":"\n<div class=\"wp-block-group alignwide\"><div class=\"wp-block-group__inner-container is-layout-constrained wp-block-group-is-layout-constrained\">\n<p class=\"has-background-color has-text-color has-background has-link-color wp-elements-7b32365ea872726b5ff9f3a6a31c598a\" style=\"background-color:#6e368c\"><em><strong>Sichtbar machen heisst, die Dinge zu benennen.<\/strong><\/em><br><br><br><strong>Akronyme<\/strong><br><br>In der Terminologie werden regelm\u00e4ssig verschiedene Perspektiven \/ Ans\u00e4tze verwendet, um \u00fcber diese Themen zu sprechen.<br><br>Ein m\u00f6glicher Ansatz bezieht sich auf die Dimensionen der sexuellen und gef\u00fchlsm\u00e4ssigen Orientierung, der Geschlechtsidentit\u00e4t und des Geschlechtsausdrucks sowie der Geschlechtsmerkmale. Ein anderer Ansatz besteht darin, die betreffenden Personen zu benennen und so verschiedene Abk\u00fcrzungen zu bilden: \u201eLGBT\u201c, \u201eLGBTI\u201c, \u201eLGBTIQ\u201c, \u201eLGBTIQ+\u201c, \u201eLGBTQIA+\u201c, \u201eLGBTIQAP\u201c usw. Man spricht auch von Regenbogenfamilien.<br><br>Die Abk\u00fcrzung \u201eLGBTIQ\u201c zum Beispiel bezieht sich auf lesbische, schwule, bisexuelle, transsexuelle, intersexuelle, queere oder ihre Identit\u00e4t in Frage stellende Personen. Diese Buchstaben kamen nach und nach zusammen, denn diese Personen haben insbesondere alle gemeinsam, das Ziel von Gewalt und Diskriminierungen zu sein. Es handelt sich nicht um homogene Gruppen, sondern um solche mit einer Vielfalt von Selbstdefinitionen und Lebenswegen \u2013 im Wissen, dass Machtverh\u00e4ltnisse nicht nur zwischen den Buchstaben, sondern auch innerhalb der Buchstaben fortbestehen.<br><br><strong>Queer<\/strong><br><br>Ein anderer stark verwendeter Begriff, \u201equeer\u201c. Im Ursprung (quer) bedeutet es \u201ehindurch\u201c. Er bezeichnet ausserdem, was \u201eseltsam\u201c, \u201emerkw\u00fcrdig\u201c ist. Zun\u00e4chst als homophobe Beleidigung aufgefasst, erhielt er dann aus einer subversiven und kreativen Perspektive seine urspr\u00fcngliche Bedeutung zur\u00fcck. Die queere Perspektive stellt nicht nur bin\u00e4re Konstrukte in Bezug auf Geschlecht, Gender und Sexualit\u00e4t in Frage. Sie stellt auch die Vielfalt und den Fluss gef\u00fchlsm\u00e4ssiger und sexueller Orientierungen sowie Geschlechtsidentit\u00e4ten und -ausdr\u00fccke heraus, die ausserhalb des Heterosexismus und Cissexismus liegen.<br><br>Die Queer-Bewegung entwickelt eine politische Kritik an Unterdr\u00fcckungssystemen und fordert uns auf, \u00fcber die Kontextualisierung ihrer Anwendungen nachzudenken.<br><br><strong>Im Projekt OUT OF THE BOX wurde nach vielen Diskussionen entschieden, haupts\u00e4chlich die Abk\u00fcrzung LGBTIQ zu verwenden.<\/strong><br><br>In einer Perspektive des Austauschs fordert das Projekt auf, dar\u00fcber nachzudenken, welche Ausdr\u00fccke je nach Kontext verwendet werden, \u00fcber die Terminologien zu diskutieren (denn jede hat ihre Vor- und Nachteile!) sowie den Austausch und die Dialoge f\u00fcr das Respektieren aller Menschen zu f\u00f6rdern.<br><br>Eine Regel gilt jedoch: Jede betroffene Person nutzt in ihrem Alltag, was sie m\u00f6chte!<\/p>\n\n\n\n<div class=\"wp-block-group alignwide has-background\" style=\"background-color:#6e368c\"><div class=\"wp-block-group__inner-container is-layout-constrained wp-block-group-is-layout-constrained\">\n<h3 class=\"wp-block-heading has-background-color has-text-color has-link-color wp-elements-b9694628bf87723278e24e7586af001f\"><strong><strong><strong>Gef\u00fchlsm\u00e4ssige und sexuelle Orientierung<\/strong><\/strong><\/strong><br><\/h3>\n\n\n\n<p class=\"has-background-color has-text-color has-link-color wp-elements-b274b8eebf30738d00d3313918a75873\"><br><strong>Ein Begriff, der verwendet wird, um die gef\u00fchlsm\u00e4ssige, romantische Anziehung einerseits und die sexuelle, erotische Anziehung andererseits zu beschreiben<\/strong><\/p>\n\n\n\n<p class=\"has-background-color has-text-color has-link-color has-normal-font-size wp-elements-674f082695ff2ae0173b193f9c38aa50\">\u25ba heterosexuell, lesbisch, schwul, bisexuell-biromantisch, pansexuell-panromantisch, asexuell-aromantisch usw.<br><br><br><strong>Coming Out<\/strong><\/p>\n\n\n\n<p class=\"has-background-color has-text-color has-link-color wp-elements-467c261da83d06afee34d2f1159850ed\">Seine gef\u00fchlsm\u00e4ssige und sexuelle Orientierung oder seine Geschlechtsidentit\u00e4t anderen gegen\u00fcber zum Ausdruck bringen.<br>Coming-outs sind Pluralformen, und ihnen geht ein Prozess der inneren Bewusstwerdung (Coming-in) voraus.<\/p>\n\n\n\n<p class=\"has-background-color has-text-color has-link-color wp-elements-b1ca088b84a9ae680a52d47c40a21c10\"><br><br><strong>Outing<\/strong><\/p>\n\n\n\n<p class=\"has-background-color has-text-color has-link-color wp-elements-54a7667d917ed7ca0d0b07f36a7e4dba\">Die gef\u00fchlsm\u00e4ssige und sexuelle Orientierung oder die Geschlechtsidentit\u00e4t einer Person ohne ihre Zustimmung offenlegen, was gesetzlich verboten ist.<br><\/p>\n\n\n\n<p class=\"has-background-color has-text-color has-link-color wp-elements-247557e6289fb752f95926c868d92dc8\"><br><strong>Homophobie<\/strong><\/p>\n\n\n\n<p class=\"has-background-color has-text-color has-link-color wp-elements-c4e9c9d451ddfc60313a83eb5e56a4a6\">Jegliche Form der Verleugnung, Ablehnung, Ausblendung, Verachtung, Abwertung, Feindseligkeit, Stigmatisierung, Diskriminierung und Gewalt gegen Homosexualit\u00e4t und\/oder Menschen, die sich nicht als heterosexuell betrachten oder nicht als solche wahrgenommen werden.<br><\/p>\n\n\n\n<p class=\"has-background-color has-text-color has-link-color wp-elements-56e55467251dc572c4defe2cf689e6e8\"><br><strong>Transphobie<\/strong><\/p>\n\n\n\n<p class=\"has-background-color has-text-color has-link-color wp-elements-a40e7fdc26108cd70a26e61e25783846\">Jegliche Form der Verleugnung, Ablehnung, Ausblendung, Verachtung, Abwertung, Feindseligkeit, Stigmatisierung, Hass, Diskriminierung und Gewalt gegen Transidentit\u00e4t und\/oder Menschen, die sich nicht als cisgeschlechtlich betrachten oder nicht als solche wahrgenommen werden.<\/p>\n\n\n\n<p class=\"has-background-color has-text-color has-link-color wp-elements-5401082dc029edddb7a13cd302134585\"><br><br><strong>Interphobie<\/strong><\/p>\n\n\n\n<p class=\"has-background-color has-text-color has-link-color wp-elements-9d82535f3d2431cfe6fa726dd4021b5d\">Jegliche Form der Verleugnung, Ablehnung, Ausblendung, Verachtung, Abwertung, Feindseligkeit, Stigmatisierung, Hass, Diskriminierung und Gewalt gegen Intersexualit\u00e4t und\/oder intersexuelle Personen.<\/p>\n\n\n\n<p class=\"has-background-color has-text-color has-link-color wp-elements-972b2c78bc2eaeb2502d90fce6ace375\"><br><br><strong>Heterosexismus<\/strong><\/p>\n\n\n\n<p class=\"has-background-color has-text-color has-link-color wp-elements-785f333a46cf5ab057811b60950329ce\">System der Unterdr\u00fcckung, in dem eine Hierarchie der Sexualit\u00e4ten aufgestellt und die \u00dcberlegenheit und F\u00f6rderung der Heterosexualit\u00e4t postuliert wird.<br>Es geht vom Prinzip aus, dass jeder Mensch heterosexuell ist.<br>Es blendet die anderen Formen gef\u00fchlsm\u00e4ssiger und sexueller Orientierung aus und delegitimiert sie.<br><br><\/p>\n\n\n\n<p class=\"has-background-color has-text-color has-link-color wp-elements-d7f1ef645b64ec51a11eecefea222d98\"><strong>Cissexismus<\/strong><\/p>\n\n\n\n<p class=\"has-background-color has-text-color has-link-color wp-elements-f4a427cdca412f98bccad991eb49171a\">System der Unterdr\u00fcckung, in dem eine Hierarchie der Geschlechtsidentit\u00e4ten aufgestellt und die \u00dcberlegenheit und F\u00f6rderung cisgeschlechtlicher Personen postuliert wird. Es geht vom Prinzip aus, dass jeder Mensch cisgeschlechtlich ist.<br>Es blendet die anderen Formen der Geschlechtsidentit\u00e4t aus und delegitimiert sie.<\/p>\n\n\n\n<p class=\"has-background-color has-text-color has-link-color wp-elements-a5fffcb262f3ecc8ebb61695dcb0efda\"><br><\/p>\n\n\n\n<h3 class=\"wp-block-heading has-background-color has-text-color has-link-color wp-elements-8ab604353fa252277147f48aae3c4e77\"><strong><strong>Geschlecht<\/strong><\/strong><br><\/h3>\n\n\n\n<p class=\"has-background-color has-text-color has-link-color wp-elements-89b88e5e0a2188cf5d72cf55d5408356\"><strong>Gesamtheit der biologischen Eigenschaften (Chromosomen, Keimdr\u00fcsen, Hormone, Geschlechtsorgane usw.). Jede dieser Dimensionen umfasst mehr als zwei Varianten.<\/strong><br><\/p>\n\n\n\n<p class=\"has-background-color has-text-color has-link-color wp-elements-7e8ae7a38cc3c2931d8b1252199a46a1\"><strong>Intersexualit\u00e4t<\/strong><\/p>\n\n\n\n<p class=\"has-background-color has-text-color has-link-color wp-elements-e14ec30a7bfdec6fa8583822f1cda944\">Bezeichnet verschiedene Variationen der Geschlechtseigenschaften, die vom bin\u00e4ren Schema \u201eweiblich\/m\u00e4nnlich\u201c abweichen.<br>Intersexualit\u00e4t kann genetisch, chromosomal, hormonell oder anatomisch sein.<br><br><br><strong>Dyadische Personen<\/strong><\/p>\n\n\n\n<p class=\"has-background-color has-text-color has-link-color wp-elements-18307b38cbe130151603f378961a7482\">Personen, deren Geschlechtseigenschaften dem bin\u00e4ren Schema weiblich\/m\u00e4nnlich entsprechen, sind dyadische Personen.<br><br><br><strong>Zugewiesenes Geschlecht<\/strong><\/p>\n\n\n\n<p class=\"has-background-color has-text-color has-link-color wp-elements-3ccc2ecf05b4bb2f8fd60a6df4d154da\">Nach Feststellung der Geschlechtseigenschaften bei der Geburt wird der Person beim Standesamt F oder M zugewiesen. Die Schweiz verf\u00fcgt aktuell im Gegensatz zu anderen L\u00e4ndern nicht \u00fcber eine dritte Option. Seit dem 1. Januar 2022 kann diese Zuweisung auf einfachen Antrag und ohne medizinische Erfordernis bei einer Standesbeamtin oder einem Standesbeamten ge\u00e4ndert werden. Bis 16 Jahre ist die Zustimmung der Eltern zwingend erforderlich.<\/p>\n\n\n\n<p class=\"has-background-color has-text-color has-link-color wp-elements-a5fffcb262f3ecc8ebb61695dcb0efda\"><br><\/p>\n\n\n\n<h3 class=\"wp-block-heading has-background-color has-text-color has-link-color wp-elements-4b071a110f5ea14bcabbcb900a5c9211\">Soziales <strong><strong>Geschlecht<\/strong><\/strong><\/h3>\n\n\n\n<p class=\"has-background-color has-text-color has-link-color wp-elements-3f557499728d65d37a682529aea0bef2\"><strong>Das soziale Geschlecht bezieht sich auf das soziale Konstrukt dessen, was in einem gegebenen Kontext als weiblich oder m\u00e4nnlich gilt. Als System der Hierarchisierung wertet es auf, was als m\u00e4nnlich gilt, zum Nachteil dessen, was als weiblich gilt.<\/strong><br><\/p>\n\n\n\n<p class=\"has-background-color has-text-color has-link-color wp-elements-57481cc44c0b018c9974dfb5af068eb8\"><strong>Die Geschlechterrollen<\/strong><\/p>\n\n\n\n<p class=\"has-background-color has-text-color has-link-color wp-elements-5fa9db80cb63d16c3f8a47cfe0dc76ec\">Soziale Zuweisung sogenannter weiblicher oder m\u00e4nnlicher Etiketten in Bezug auf T\u00e4tigkeiten (z.&nbsp;B.: Fussball spielen, den Haushalt versorgen usw.).<\/p>\n\n\n\n<p class=\"has-background-color has-text-color has-link-color wp-elements-8c27871726d031f4d9b7487d9aa2a7a2\"><br><br><strong>Der Geschlechtsausdruck<\/strong><\/p>\n\n\n\n<p class=\"has-background-color has-text-color has-link-color wp-elements-268bb5bf6d29c0cc884a5669c8b51722\">Der Ausdruck sozialer Codes, die als weiblich oder m\u00e4nnlich gelten, bezieht sich auf den Geschlechtsausdruck (z.&nbsp;B.: Aussehen in Verbindung mit Kleidung, Haaren usw.).<\/p>\n\n\n\n<p class=\"has-background-color has-text-color has-link-color wp-elements-8a021fc4503afe7b048b4e6d9fcb5311\"><br><br><strong>Die Geschlechtsidentit\u00e4t<\/strong><\/p>\n\n\n\n<p class=\"has-background-color has-text-color has-link-color wp-elements-9579c4f6d2fa151b48e3d500489dfe74\">Das von der Person gef\u00fchlte Geschlecht, das mit dem bei der Geburt zugewiesenen Geschlecht \u00fcbereinstimmen kann oder nicht (cisgeschlechtlich, transgeschlechtlich, nicht-bin\u00e4r, fliessend, geschlechtslos usw.).<br><br><br><br><strong>Cisgeschlechtlich<\/strong><\/p>\n\n\n\n<p class=\"has-background-color has-text-color has-link-color wp-elements-8afa4c4d75748280fa69cd63c7b13bb3\">Eine cisgeschlechtliche Person erkennt sich in dem bei der Geburt zugewiesenen Geschlecht wieder.<\/p>\n\n\n\n<p class=\"has-background-color has-text-color has-link-color wp-elements-a7aabf660ffed40bd1bb833958b06ab2\"><br><br><strong>Transgeschlechtlich<\/strong><\/p>\n\n\n\n<p class=\"has-background-color has-text-color has-link-color wp-elements-5bae871ba777b7e09f26980536c3e542\">Eine transgeschlechtliche Person erkennt sich in dem bei der Geburt zugewiesenen Geschlecht nicht wieder. Sie kann eine Umwandlung w\u00fcnschen oder nicht durchf\u00fchren, die verschiedene Formen umfassen kann (soziale, k\u00f6rperliche, gesetzliche Umwandlung usw.).<br><br><\/p>\n\n\n\n<p class=\"has-background-color has-text-color has-link-color wp-elements-c8a9ad77db18719cbbd29a68c7b264a4\"><strong>Non-bin\u00e4r<\/strong><\/p>\n\n\n\n<p class=\"has-background-color has-text-color has-link-color wp-elements-97d040ca5fddb36e44ecf98d521be610\">Eine non-bin\u00e4re Person f\u00fchlt sich nicht, oder nicht v\u00f6llig, dem bei der Geburt zugewiesenen Geschlecht zugeh\u00f6rig und erkennt sich im bin\u00e4ren Konstrukt der Kategorien Frau und Mann nicht wieder.<br><\/p>\n<\/div><\/div>\n\n\n\n<p><\/p>\n<\/div><\/div>\n","protected":false},"excerpt":{"rendered":"<p>Sichtbar machen heisst, die Dinge zu benennen. Akronyme In der Terminologie werden regelm\u00e4ssig verschiedene Perspektiven \/ Ans\u00e4tze verwendet, um \u00fcber diese Themen zu sprechen. Ein m\u00f6glicher Ansatz bezieht&hellip;<\/p>\n","protected":false},"author":1002678,"featured_media":0,"parent":0,"menu_order":0,"comment_status":"closed","ping_status":"closed","template":"","meta":{"_seopress_robots_primary_cat":"","_seopress_titles_title":"","_seopress_titles_desc":"","_seopress_robots_index":"","footnotes":""},"class_list":["post-2265","page","type-page","status-publish","has-post-thumbnail"],"publishpress_future_action":{"enabled":false,"date":"2026-04-16 23:29:45","action":"change-status","newStatus":"draft","terms":[],"taxonomy":"","extraData":[]},"publishpress_future_workflow_manual_trigger":{"enabledWorkflows":[]},"_links":{"self":[{"href":"https:\/\/wp.unil.ch\/outofthebox\/wp-json\/wp\/v2\/pages\/2265","targetHints":{"allow":["GET"]}}],"collection":[{"href":"https:\/\/wp.unil.ch\/outofthebox\/wp-json\/wp\/v2\/pages"}],"about":[{"href":"https:\/\/wp.unil.ch\/outofthebox\/wp-json\/wp\/v2\/types\/page"}],"author":[{"embeddable":true,"href":"https:\/\/wp.unil.ch\/outofthebox\/wp-json\/wp\/v2\/users\/1002678"}],"replies":[{"embeddable":true,"href":"https:\/\/wp.unil.ch\/outofthebox\/wp-json\/wp\/v2\/comments?post=2265"}],"version-history":[{"count":5,"href":"https:\/\/wp.unil.ch\/outofthebox\/wp-json\/wp\/v2\/pages\/2265\/revisions"}],"predecessor-version":[{"id":2335,"href":"https:\/\/wp.unil.ch\/outofthebox\/wp-json\/wp\/v2\/pages\/2265\/revisions\/2335"}],"wp:attachment":[{"href":"https:\/\/wp.unil.ch\/outofthebox\/wp-json\/wp\/v2\/media?parent=2265"}],"curies":[{"name":"wp","href":"https:\/\/api.w.org\/{rel}","templated":true}]}}