{"id":2222,"date":"2025-09-16T09:10:25","date_gmt":"2025-09-16T07:10:25","guid":{"rendered":"https:\/\/wp.unil.ch\/outofthebox\/?page_id=2222"},"modified":"2025-09-16T09:23:32","modified_gmt":"2025-09-16T07:23:32","slug":"videos","status":"publish","type":"page","link":"https:\/\/wp.unil.ch\/outofthebox\/videos\/","title":{"rendered":"Vid\u00e9os de sensibilisation"},"content":{"rendered":"\n<div class=\"wp-block-group alignwide\"><div class=\"wp-block-group__inner-container is-layout-constrained wp-block-group-is-layout-constrained\">\n<p>Voici quelques formats courts qui ont \u00e9t\u00e9 tourn\u00e9s avec des chercheureuses et des sp\u00e9cialistes des th\u00e9matiques LGBTIQ. D\u00e9couvrez les enjeux auxquels sont confront\u00e9es les personnes&nbsp;<em>queer<\/em>, au travail, aux \u00e9tudes et du point de vue l\u00e9gal&nbsp;!<\/p>\n<\/div><\/div>\n\n\n\n<figure class=\"wp-block-embed alignwide is-type-video is-provider-youtube wp-block-embed-youtube wp-embed-aspect-16-9 wp-has-aspect-ratio\"><div class=\"wp-block-embed__wrapper\">\n<iframe loading=\"lazy\" title=\"OUT OF THE BOX LSF - Raphael Bagi\" width=\"580\" height=\"326\" src=\"https:\/\/www.youtube.com\/embed\/2uSsYOZfxR8?feature=oembed\" frameborder=\"0\" allow=\"accelerometer; autoplay; clipboard-write; encrypted-media; gyroscope; picture-in-picture; web-share\" referrerpolicy=\"strict-origin-when-cross-origin\" allowfullscreen><\/iframe>\n<\/div><\/figure>\n\n\n\n<figure class=\"wp-block-embed alignwide is-type-video is-provider-youtube wp-block-embed-youtube wp-embed-aspect-16-9 wp-has-aspect-ratio\"><div class=\"wp-block-embed__wrapper\">\n<iframe loading=\"lazy\" title=\"OUT OF THE BOX LSF - Marta Rocca\" width=\"580\" height=\"326\" src=\"https:\/\/www.youtube.com\/embed\/QSPj1WHVWjs?feature=oembed\" frameborder=\"0\" allow=\"accelerometer; autoplay; clipboard-write; encrypted-media; gyroscope; picture-in-picture; web-share\" referrerpolicy=\"strict-origin-when-cross-origin\" allowfullscreen><\/iframe>\n<\/div><\/figure>\n\n\n\n<figure class=\"wp-block-embed alignwide is-type-video is-provider-youtube wp-block-embed-youtube wp-embed-aspect-16-9 wp-has-aspect-ratio\"><div class=\"wp-block-embed__wrapper\">\n<iframe loading=\"lazy\" title=\"OUT OF THE BOX LSF - Caroline Dayer - 01\" width=\"580\" height=\"326\" src=\"https:\/\/www.youtube.com\/embed\/EXQDaGYGA4Q?feature=oembed\" frameborder=\"0\" allow=\"accelerometer; autoplay; clipboard-write; encrypted-media; gyroscope; picture-in-picture; web-share\" referrerpolicy=\"strict-origin-when-cross-origin\" allowfullscreen><\/iframe>\n<\/div><\/figure>\n\n\n\n<figure class=\"wp-block-embed alignwide is-type-video is-provider-youtube wp-block-embed-youtube wp-embed-aspect-16-9 wp-has-aspect-ratio\"><div class=\"wp-block-embed__wrapper\">\n<iframe loading=\"lazy\" title=\"OUT OF THE BOX LSF - Caroline Dayer - 02\" width=\"580\" height=\"326\" src=\"https:\/\/www.youtube.com\/embed\/e8beXFzJtE8?feature=oembed\" frameborder=\"0\" allow=\"accelerometer; autoplay; clipboard-write; encrypted-media; gyroscope; picture-in-picture; web-share\" referrerpolicy=\"strict-origin-when-cross-origin\" allowfullscreen><\/iframe>\n<\/div><\/figure>\n\n\n\n<figure class=\"wp-block-embed alignwide is-type-video is-provider-youtube wp-block-embed-youtube wp-embed-aspect-16-9 wp-has-aspect-ratio\"><div class=\"wp-block-embed__wrapper\">\n<iframe loading=\"lazy\" title=\"OUT OF THE BOX LSF - Caroline Dayer - 03\" width=\"580\" height=\"326\" src=\"https:\/\/www.youtube.com\/embed\/GwWDpaqn134?feature=oembed\" frameborder=\"0\" allow=\"accelerometer; autoplay; clipboard-write; encrypted-media; gyroscope; picture-in-picture; web-share\" referrerpolicy=\"strict-origin-when-cross-origin\" allowfullscreen><\/iframe>\n<\/div><\/figure>\n\n\n\n<figure class=\"wp-block-embed alignwide is-type-video is-provider-youtube wp-block-embed-youtube wp-embed-aspect-16-9 wp-has-aspect-ratio\"><div class=\"wp-block-embed__wrapper\">\n<iframe loading=\"lazy\" title=\"OUT OF THE BOX LSF - BEC\" width=\"580\" height=\"326\" src=\"https:\/\/www.youtube.com\/embed\/pLK3EfCSSU0?feature=oembed\" frameborder=\"0\" allow=\"accelerometer; autoplay; clipboard-write; encrypted-media; gyroscope; picture-in-picture; web-share\" referrerpolicy=\"strict-origin-when-cross-origin\" allowfullscreen><\/iframe>\n<\/div><\/figure>\n\n\n\n<figure class=\"wp-block-embed alignwide is-type-video is-provider-youtube wp-block-embed-youtube wp-embed-aspect-16-9 wp-has-aspect-ratio\"><div class=\"wp-block-embed__wrapper\">\n<iframe loading=\"lazy\" title=\"OUT OF THE BOX LSF - Aide UNIL\" width=\"580\" height=\"326\" src=\"https:\/\/www.youtube.com\/embed\/e_c7yXKnpig?feature=oembed\" frameborder=\"0\" allow=\"accelerometer; autoplay; clipboard-write; encrypted-media; gyroscope; picture-in-picture; web-share\" referrerpolicy=\"strict-origin-when-cross-origin\" allowfullscreen><\/iframe>\n<\/div><\/figure>\n","protected":false},"excerpt":{"rendered":"<p>Voici quelques formats courts qui ont \u00e9t\u00e9 tourn\u00e9s avec des chercheureuses et des sp\u00e9cialistes des th\u00e9matiques LGBTIQ. D\u00e9couvrez les enjeux auxquels sont confront\u00e9es les personnes&nbsp;queer, au travail, aux&hellip;<\/p>\n","protected":false},"author":1002678,"featured_media":0,"parent":0,"menu_order":0,"comment_status":"closed","ping_status":"closed","template":"","meta":{"_seopress_robots_primary_cat":"","_seopress_titles_title":"","_seopress_titles_desc":"","_seopress_robots_index":"","footnotes":""},"class_list":["post-2222","page","type-page","status-publish","has-post-thumbnail"],"publishpress_future_action":{"enabled":false,"date":"2026-04-16 09:43:15","action":"change-status","newStatus":"draft","terms":[],"taxonomy":"","extraData":[]},"publishpress_future_workflow_manual_trigger":{"enabledWorkflows":[]},"_links":{"self":[{"href":"https:\/\/wp.unil.ch\/outofthebox\/wp-json\/wp\/v2\/pages\/2222","targetHints":{"allow":["GET"]}}],"collection":[{"href":"https:\/\/wp.unil.ch\/outofthebox\/wp-json\/wp\/v2\/pages"}],"about":[{"href":"https:\/\/wp.unil.ch\/outofthebox\/wp-json\/wp\/v2\/types\/page"}],"author":[{"embeddable":true,"href":"https:\/\/wp.unil.ch\/outofthebox\/wp-json\/wp\/v2\/users\/1002678"}],"replies":[{"embeddable":true,"href":"https:\/\/wp.unil.ch\/outofthebox\/wp-json\/wp\/v2\/comments?post=2222"}],"version-history":[{"count":5,"href":"https:\/\/wp.unil.ch\/outofthebox\/wp-json\/wp\/v2\/pages\/2222\/revisions"}],"predecessor-version":[{"id":2232,"href":"https:\/\/wp.unil.ch\/outofthebox\/wp-json\/wp\/v2\/pages\/2222\/revisions\/2232"}],"wp:attachment":[{"href":"https:\/\/wp.unil.ch\/outofthebox\/wp-json\/wp\/v2\/media?parent=2222"}],"curies":[{"name":"wp","href":"https:\/\/api.w.org\/{rel}","templated":true}]}}