{"id":2068,"date":"2025-04-16T15:20:00","date_gmt":"2025-04-16T13:20:00","guid":{"rendered":"https:\/\/wp.unil.ch\/outofthebox\/?page_id=2068"},"modified":"2025-09-23T20:07:03","modified_gmt":"2025-09-23T18:07:03","slug":"placard-fribourg","status":"publish","type":"page","link":"https:\/\/wp.unil.ch\/outofthebox\/placard-fribourg\/","title":{"rendered":"LE PLACARD \u00c0 P\u00c9ROLLES 21 &#8211; UNIFR"},"content":{"rendered":"\n<div class=\"wp-block-columns alignwide is-layout-flex wp-container-core-columns-is-layout-9d6595d7 wp-block-columns-is-layout-flex\">\n<div class=\"wp-block-column is-layout-flow wp-block-column-is-layout-flow\" style=\"flex-basis:66.66%\">\n<p class=\"has-large-font-size\"><strong>Du 24 septembre au 15 octobre 2025<\/strong><\/p>\n\n\n\n<p><strong>O\u00f9 pouviez-vous nous trouver ?<\/strong><\/p>\n\n\n\n<p><a href=\"https:\/\/maps.app.goo.gl\/BLdYg794LfEyAhB2A\" data-type=\"link\" data-id=\"https:\/\/planete.unil.ch\/plan\/?batiment=GEO\" target=\"_blank\" rel=\"noreferrer noopener\">Hall de PER21, Boulevard de P\u00e9rolles 90, Fribourg<\/a><\/p>\n\n\n\n<p><strong>Le 24 septembre \u00e0 17h15<\/strong> aura lieu le vernissage d&rsquo;OUT OF THE BOX \u00e0 l&rsquo;UNIFR.<\/p>\n\n\n\n<p class=\"has-normal-font-size\">Avec les interventions de :<\/p>\n\n\n\n<p class=\"has-normal-font-size\"><strong>Chantal Martin S\u00f6lch<\/strong>, Vice-rectrice de l\u2019Universit\u00e9 de Fribourg, Formation continue, Vie de campus et \u00c9galit\u00e9<br><strong>Mirjam Ballmer<\/strong>, Conseill\u00e8re communale de la Ville de Fribourg, Direction de l\u2019enfance, des \u00e9coles et de la coh\u00e9sion sociale, de l\u2019aide sociale et des curatelles d\u2019adult<br><strong>Jo\u00eblle Richard<\/strong>, Adjointe \u00e0 la direction de l\u2019Universit\u00e9 de Lausanne<br><strong>Association trans&amp;non-bin\u00e4r&nbsp;<br>Muriel Besson<\/strong>, Responsable du service \u00e9galit\u00e9, diversit\u00e9 et inclusion de l\u2019Universit\u00e9 de Fribourg<\/p>\n<\/div>\n\n\n\n<div class=\"wp-block-column is-vertically-aligned-center is-layout-flow wp-block-column-is-layout-flow\" style=\"flex-basis:33.33%\">\n<figure class=\"wp-block-image size-large is-resized\"><img alt=\"\" loading=\"lazy\" decoding=\"async\" width=\"1024\" height=\"1024\" src=\"https:\/\/wp.unil.ch\/outofthebox\/files\/2023\/10\/Placards_Web_Personnages2-1024x1024.png\" alt=\"\" class=\"wp-image-870\" style=\"width:305px;height:305px\" srcset=\"https:\/\/wp.unil.ch\/outofthebox\/files\/2023\/10\/Placards_Web_Personnages2-1024x1024.png 1024w, https:\/\/wp.unil.ch\/outofthebox\/files\/2023\/10\/Placards_Web_Personnages2-300x300.png 300w, https:\/\/wp.unil.ch\/outofthebox\/files\/2023\/10\/Placards_Web_Personnages2-150x150.png 150w, https:\/\/wp.unil.ch\/outofthebox\/files\/2023\/10\/Placards_Web_Personnages2-768x768.png 768w, https:\/\/wp.unil.ch\/outofthebox\/files\/2023\/10\/Placards_Web_Personnages2-540x540.png 540w, https:\/\/wp.unil.ch\/outofthebox\/files\/2023\/10\/Placards_Web_Personnages2-1080x1080.png 1080w, https:\/\/wp.unil.ch\/outofthebox\/files\/2023\/10\/Placards_Web_Personnages2.png 1500w\" sizes=\"auto, (max-width: 1024px) 100vw, 1024px\" \/><\/figure>\n<\/div>\n<\/div>\n\n\n\n<div class=\"wp-block-group is-nowrap is-layout-flex wp-container-core-group-is-layout-ad2f72ca wp-block-group-is-layout-flex\">\n<figure class=\"wp-block-image size-full is-resized\"><img loading=\"lazy\" decoding=\"async\" width=\"846\" height=\"1200\" src=\"https:\/\/wp.unil.ch\/outofthebox\/files\/2025\/09\/fribourg.jpg\" alt=\"fribourg\" class=\"wp-image-2301\" style=\"width:525px;height:auto\" srcset=\"https:\/\/wp.unil.ch\/outofthebox\/files\/2025\/09\/fribourg.jpg 846w, https:\/\/wp.unil.ch\/outofthebox\/files\/2025\/09\/fribourg-212x300.jpg 212w, https:\/\/wp.unil.ch\/outofthebox\/files\/2025\/09\/fribourg-722x1024.jpg 722w, https:\/\/wp.unil.ch\/outofthebox\/files\/2025\/09\/fribourg-768x1089.jpg 768w, https:\/\/wp.unil.ch\/outofthebox\/files\/2025\/09\/fribourg-540x766.jpg 540w\" sizes=\"auto, (max-width: 846px) 100vw, 846px\" \/><\/figure>\n<\/div>\n","protected":false},"excerpt":{"rendered":"<p>Du 24 septembre au 15 octobre 2025 O\u00f9 pouviez-vous nous trouver ? Hall de PER21, Boulevard de P\u00e9rolles 90, Fribourg Le 24 septembre \u00e0 17h15 aura lieu le&hellip;<\/p>\n","protected":false},"author":1002678,"featured_media":0,"parent":0,"menu_order":0,"comment_status":"closed","ping_status":"closed","template":"","meta":{"_seopress_robots_primary_cat":"","_seopress_titles_title":"","_seopress_titles_desc":"","_seopress_robots_index":"","footnotes":""},"class_list":["post-2068","page","type-page","status-publish","has-post-thumbnail"],"publishpress_future_action":{"enabled":false,"date":"2026-04-16 09:43:04","action":"change-status","newStatus":"draft","terms":[],"taxonomy":"","extraData":[]},"publishpress_future_workflow_manual_trigger":{"enabledWorkflows":[]},"_links":{"self":[{"href":"https:\/\/wp.unil.ch\/outofthebox\/wp-json\/wp\/v2\/pages\/2068","targetHints":{"allow":["GET"]}}],"collection":[{"href":"https:\/\/wp.unil.ch\/outofthebox\/wp-json\/wp\/v2\/pages"}],"about":[{"href":"https:\/\/wp.unil.ch\/outofthebox\/wp-json\/wp\/v2\/types\/page"}],"author":[{"embeddable":true,"href":"https:\/\/wp.unil.ch\/outofthebox\/wp-json\/wp\/v2\/users\/1002678"}],"replies":[{"embeddable":true,"href":"https:\/\/wp.unil.ch\/outofthebox\/wp-json\/wp\/v2\/comments?post=2068"}],"version-history":[{"count":5,"href":"https:\/\/wp.unil.ch\/outofthebox\/wp-json\/wp\/v2\/pages\/2068\/revisions"}],"predecessor-version":[{"id":2330,"href":"https:\/\/wp.unil.ch\/outofthebox\/wp-json\/wp\/v2\/pages\/2068\/revisions\/2330"}],"wp:attachment":[{"href":"https:\/\/wp.unil.ch\/outofthebox\/wp-json\/wp\/v2\/media?parent=2068"}],"curies":[{"name":"wp","href":"https:\/\/api.w.org\/{rel}","templated":true}]}}