{"id":164,"date":"2023-09-06T10:22:55","date_gmt":"2023-09-06T08:22:55","guid":{"rendered":"https:\/\/wp.unil.ch\/outofthebox\/?page_id=164"},"modified":"2024-07-15T10:29:56","modified_gmt":"2024-07-15T08:29:56","slug":"projet","status":"publish","type":"page","link":"https:\/\/wp.unil.ch\/outofthebox\/projet\/","title":{"rendered":"Projet"},"content":{"rendered":"\n<div class=\"wp-block-group alignwide\"><div class=\"wp-block-group__inner-container is-layout-constrained wp-block-group-is-layout-constrained\">\n<div class=\"wp-block-columns is-layout-flex wp-container-core-columns-is-layout-9d6595d7 wp-block-columns-is-layout-flex\">\n<div class=\"wp-block-column is-layout-flow wp-block-column-is-layout-flow\" style=\"flex-basis:66.66%\">\n<p><strong>OUT OF THE BOX, qu\u2019est-ce que c\u2019est ?&nbsp;<\/strong><\/p>\n\n\n\n<p>La Direction de l\u2019universit\u00e9 et son Dicast\u00e8re \u00ab&nbsp;Egalit\u00e9, Diversit\u00e9 et Carri\u00e8res&nbsp;\u00bb&nbsp;proposent&nbsp;ce projet de sensibilisation aux th\u00e9matiques LGBTIQ en collaboration avec la D\u00e9l\u00e9gu\u00e9e cantonale aux questions d\u2019homophobie et de transphobie dans les lieux de formation Caroline Dayer.&nbsp;Il s\u2019agit d\u2019un dispositif interactif et participatif qui voyagera sur tous les campus de l\u2019UNIL et qui se d\u00e9roulera du 11 octobre 2023, journ\u00e9e internationale des coming out, au 17 mai 2024, journ\u00e9e internationale contre l\u2019homophobie, la biphobie et la transphobie. Le nom du projet et l\u2019objet-placard sont une r\u00e9f\u00e9rence \u00e0 \u00ab&nbsp;coming out of the closet&nbsp;\u00bb (\u00ab&nbsp;sortir du placard&nbsp;\u00bb), plus connu sous son raccourci&nbsp;: \u00ab&nbsp;coming out&nbsp;\u00bb, c.\u00e0.d. exprimer \u00e0 autrui son orientation affective et sexuelle ou son identit\u00e9 de genre.&nbsp;<\/p>\n\n\n\n<p>Avec <em>OUT OF THE BOX<\/em>, nous invitons&nbsp;les membres de l\u2019UNIL \u00e0 raconter&nbsp;<strong>anonymement&nbsp;<\/strong>une histoire v\u00e9cue,&nbsp;dr\u00f4le, joyeuse, dure, triste, absurde ou complexe en lien avec les th\u00e9matiques LGBTIQ. Tout le monde peut y prendre part, en tant que personne concern\u00e9e, proche, alli\u00e9e, t\u00e9moin ou sp\u00e9cialis\u00e9e.&nbsp;<\/p>\n\n\n\n<p>Le dispositif d&rsquo;enregistrement est accompagn\u00e9 de panneaux de sensibilisation autour des th\u00e9matiques LGBTIQ, d&rsquo;une mini-biblioth\u00e8que et d&rsquo;un espace d&rsquo;\u00e9changes.<\/p>\n\n\n\n<p><strong>Des personnes de la communaut\u00e9 UNIL ont accept\u00e9 d&rsquo;ouvrir les feux. Venez d\u00e9couvrir leurs r\u00e9cits sur la <a href=\"https:\/\/wp.unil.ch\/outofthebox\/carte-des-campus\/\" target=\"_blank\" rel=\"noreferrer noopener\">carte des campus \u00e0 r\u00e9alit\u00e9 augment\u00e9e<\/a>.<\/strong><\/p>\n\n\n\n<p>Les histoires en fran\u00e7ais sont traduites <a rel=\"noreferrer noopener\" href=\"https:\/\/youtu.be\/e8squLIZN4I?si=8x_Ox3rlaH3Rfo5h\" data-type=\"link\" data-id=\"https:\/\/youtu.be\/e8squLIZN4I?si=8x_Ox3rlaH3Rfo5h\" target=\"_blank\">ici<\/a> en LSF par M\u00e9lanie Monnard.<\/p>\n<\/div>\n\n\n\n<div class=\"wp-block-column is-vertically-aligned-center is-layout-flow wp-block-column-is-layout-flow\" style=\"flex-basis:33.33%\"><div class=\"wp-block-image\">\n<figure class=\"alignright size-large is-resized\"><img alt=\"\" loading=\"lazy\" decoding=\"async\" width=\"1024\" height=\"1024\" src=\"https:\/\/wp.unil.ch\/outofthebox\/files\/2023\/10\/Placards_Web_Licorne-1024x1024.png\" alt=\"\" class=\"wp-image-867\" style=\"width:364px;height:364px\" srcset=\"https:\/\/wp.unil.ch\/outofthebox\/files\/2023\/10\/Placards_Web_Licorne-1024x1024.png 1024w, https:\/\/wp.unil.ch\/outofthebox\/files\/2023\/10\/Placards_Web_Licorne-300x300.png 300w, https:\/\/wp.unil.ch\/outofthebox\/files\/2023\/10\/Placards_Web_Licorne-150x150.png 150w, https:\/\/wp.unil.ch\/outofthebox\/files\/2023\/10\/Placards_Web_Licorne-768x768.png 768w, https:\/\/wp.unil.ch\/outofthebox\/files\/2023\/10\/Placards_Web_Licorne-540x540.png 540w, https:\/\/wp.unil.ch\/outofthebox\/files\/2023\/10\/Placards_Web_Licorne-1080x1080.png 1080w, https:\/\/wp.unil.ch\/outofthebox\/files\/2023\/10\/Placards_Web_Licorne.png 1500w\" sizes=\"auto, (max-width: 1024px) 100vw, 1024px\" \/><\/figure>\n<\/div><\/div>\n<\/div>\n<\/div><\/div>\n\n\n\n<div class=\"wp-block-group alignfull\"><div class=\"wp-block-group__inner-container is-layout-constrained wp-block-group-is-layout-constrained\">\n<div class=\"wp-block-cover alignfull is-light has-primary-color has-text-color\"><span aria-hidden=\"true\" class=\"wp-block-cover__background has-buttons-text-background-color has-background-dim-80 has-background-dim\"><\/span><img alt=\"\" loading=\"lazy\" decoding=\"async\" width=\"1913\" height=\"678\" class=\"wp-block-cover__image-background wp-image-872\" alt=\"\" src=\"https:\/\/wp.unil.ch\/outofthebox\/files\/2023\/10\/Placards_Web_Arcenciel_V3-e1696262100189.png\" style=\"object-position:27% 13%\" data-object-fit=\"cover\" data-object-position=\"27% 13%\" srcset=\"https:\/\/wp.unil.ch\/outofthebox\/files\/2023\/10\/Placards_Web_Arcenciel_V3-e1696262100189.png 1913w, https:\/\/wp.unil.ch\/outofthebox\/files\/2023\/10\/Placards_Web_Arcenciel_V3-e1696262100189-300x106.png 300w, https:\/\/wp.unil.ch\/outofthebox\/files\/2023\/10\/Placards_Web_Arcenciel_V3-e1696262100189-1024x363.png 1024w, https:\/\/wp.unil.ch\/outofthebox\/files\/2023\/10\/Placards_Web_Arcenciel_V3-e1696262100189-768x272.png 768w, https:\/\/wp.unil.ch\/outofthebox\/files\/2023\/10\/Placards_Web_Arcenciel_V3-e1696262100189-1536x544.png 1536w, https:\/\/wp.unil.ch\/outofthebox\/files\/2023\/10\/Placards_Web_Arcenciel_V3-e1696262100189-540x191.png 540w, https:\/\/wp.unil.ch\/outofthebox\/files\/2023\/10\/Placards_Web_Arcenciel_V3-e1696262100189-1080x383.png 1080w\" sizes=\"auto, (max-width: 1913px) 100vw, 1913px\" \/><div class=\"wp-block-cover__inner-container is-layout-flow wp-block-cover-is-layout-flow\">\n<p><strong>Pourquoi&nbsp;un tel projet&nbsp;?&nbsp;<\/strong><\/p>\n\n\n\n<p>Parce qu\u2019en Suisse, les personnes LGBTIQ se posent encore la question de parler de leur orientation affective et sexuelle ou de leur identit\u00e9 de genre sur leur lieu de travail ou \u00e0 l\u2019universit\u00e9 par peur de subir des discriminations et de voir leur carri\u00e8re et\/ou son cursus impact\u00e9s n\u00e9gativement. A l\u2019exception de quelques services ou d\u00e9partements int\u00e9ress\u00e9s par ces questions, nos institutions de formation restent encore de gigantesques \u00ab&nbsp;placards&nbsp;\u00bb qui contraignent \u00e0 rester invisibles plut\u00f4t que de subir une stigmatisation, ce qui n\u2019est pas sans effet sur la sant\u00e9 mentale et physique des personnes LGBTIQ, ainsi que sur leur parcours professionnel et d\u2019\u00e9tudes.&nbsp;<\/p>\n\n\n\n<p>OUT OF THE BOX vise \u00e0 visibiliser les v\u00e9cus queer et \u00e0 montrer que tout le monde est concern\u00e9. Pas seulement \u00e0 la t\u00e9l\u00e9vision, \u00e0 New York ou dans les s\u00e9ries Netflix. Autour de nous, sur les campus de l\u2019UNIL, il y a des personnes qui renoncent \u00e0 se prendre la main dans les couloirs, d\u2019autres qui pratiquent activement le \u00ab&nbsp;on&nbsp;\u00bb d\u2019\u00e9vitement en racontant leur week-end autour de la machine \u00e0 caf\u00e9, d\u2019autres encore, rejet\u00e9es par leur famille, qui doivent pouvoir y trouver un endroit s\u00fbr.&nbsp;<\/p>\n<\/div><\/div>\n<\/div><\/div>\n","protected":false},"excerpt":{"rendered":"<p>OUT OF THE BOX, qu\u2019est-ce que c\u2019est ?&nbsp; La Direction de l\u2019universit\u00e9 et son Dicast\u00e8re \u00ab&nbsp;Egalit\u00e9, Diversit\u00e9 et Carri\u00e8res&nbsp;\u00bb&nbsp;proposent&nbsp;ce projet de sensibilisation aux th\u00e9matiques LGBTIQ en collaboration avec&hellip;<\/p>\n","protected":false},"author":1002678,"featured_media":0,"parent":0,"menu_order":0,"comment_status":"closed","ping_status":"closed","template":"","meta":{"_seopress_robots_primary_cat":"","_seopress_titles_title":"","_seopress_titles_desc":"","_seopress_robots_index":"","footnotes":""},"class_list":["post-164","page","type-page","status-publish","has-post-thumbnail"],"publishpress_future_action":{"enabled":false,"date":"2026-04-16 23:29:45","action":"change-status","newStatus":"draft","terms":[],"taxonomy":"","extraData":[]},"publishpress_future_workflow_manual_trigger":{"enabledWorkflows":[]},"_links":{"self":[{"href":"https:\/\/wp.unil.ch\/outofthebox\/wp-json\/wp\/v2\/pages\/164","targetHints":{"allow":["GET"]}}],"collection":[{"href":"https:\/\/wp.unil.ch\/outofthebox\/wp-json\/wp\/v2\/pages"}],"about":[{"href":"https:\/\/wp.unil.ch\/outofthebox\/wp-json\/wp\/v2\/types\/page"}],"author":[{"embeddable":true,"href":"https:\/\/wp.unil.ch\/outofthebox\/wp-json\/wp\/v2\/users\/1002678"}],"replies":[{"embeddable":true,"href":"https:\/\/wp.unil.ch\/outofthebox\/wp-json\/wp\/v2\/comments?post=164"}],"version-history":[{"count":2,"href":"https:\/\/wp.unil.ch\/outofthebox\/wp-json\/wp\/v2\/pages\/164\/revisions"}],"predecessor-version":[{"id":1966,"href":"https:\/\/wp.unil.ch\/outofthebox\/wp-json\/wp\/v2\/pages\/164\/revisions\/1966"}],"wp:attachment":[{"href":"https:\/\/wp.unil.ch\/outofthebox\/wp-json\/wp\/v2\/media?parent=164"}],"curies":[{"name":"wp","href":"https:\/\/api.w.org\/{rel}","templated":true}]}}