{"id":1204,"date":"2023-10-03T19:42:45","date_gmt":"2023-10-03T17:42:45","guid":{"rendered":"https:\/\/wp.unil.ch\/outofthebox\/?page_id=1204"},"modified":"2024-07-15T09:14:26","modified_gmt":"2024-07-15T07:14:26","slug":"le-placard-a-geopolis","status":"publish","type":"page","link":"https:\/\/wp.unil.ch\/outofthebox\/le-placard-a-geopolis\/","title":{"rendered":"LE PLACARD \u00c0 G\u00c9OPOLIS"},"content":{"rendered":"\n<div class=\"wp-block-group alignwide\"><div class=\"wp-block-group__inner-container is-layout-constrained wp-block-group-is-layout-constrained\">\n<div class=\"wp-block-columns is-layout-flex wp-container-core-columns-is-layout-9d6595d7 wp-block-columns-is-layout-flex\">\n<div class=\"wp-block-column is-layout-flow wp-block-column-is-layout-flow\" style=\"flex-basis:66.66%\">\n<p class=\"has-large-font-size\"><strong>Du 13 au 23 novembre 2023<\/strong><\/p>\n\n\n\n<p><strong>O\u00f9 pouviez-vous nous trouver ?<\/strong><\/p>\n\n\n\n<p><a href=\"https:\/\/planete.unil.ch\/?pi=IE-089\" data-type=\"link\" data-id=\"https:\/\/planete.unil.ch\/plan\/?batiment=GEO\" target=\"_blank\" rel=\"noreferrer noopener\">G\u00e9opolis-hall \u00e9tage 02<\/a><\/p>\n\n\n\n<p><strong>Le 23 novembre entre 11h et 15h<\/strong>, des personnes de l&rsquo;UNIL et des associations Vogay, Planqueer et Stop Suicide \u00e9taient pr\u00e9sentes pour r\u00e9pondre \u00e0 vos questions, vous pr\u00e9senter le concept du placard, sa sc\u00e9nographie et \u00e9changer autour d\u2019un en-cas.<\/p>\n\n\n\n<p><a rel=\"noreferrer noopener\" href=\"https:\/\/www.epfl.ch\/campus\/associations\/list\/planqueer\/\" data-type=\"link\" data-id=\"https:\/\/www.epfl.ch\/campus\/associations\/list\/planqueer\/\" target=\"_blank\"><img alt=\"\" loading=\"lazy\" decoding=\"async\" width=\"540\" height=\"207\" class=\"wp-image-496\" style=\"width: 150px\" src=\"https:\/\/wp.unil.ch\/outofthebox\/files\/2023\/09\/PlanQueer-1.png\" alt=\"\" srcset=\"https:\/\/wp.unil.ch\/outofthebox\/files\/2023\/09\/PlanQueer-1.png 540w, https:\/\/wp.unil.ch\/outofthebox\/files\/2023\/09\/PlanQueer-1-300x115.png 300w\" sizes=\"auto, (max-width: 540px) 100vw, 540px\" \/><\/a><a rel=\"noreferrer noopener\" href=\"https:\/\/vogay.ch\/\" data-type=\"link\" data-id=\"https:\/\/vogay.ch\/\" target=\"_blank\"><img alt=\"\" loading=\"lazy\" decoding=\"async\" width=\"592\" height=\"210\" class=\"wp-image-489\" style=\"width: 150px\" src=\"https:\/\/wp.unil.ch\/outofthebox\/files\/2023\/09\/Vogay.png\" alt=\"\" srcset=\"https:\/\/wp.unil.ch\/outofthebox\/files\/2023\/09\/Vogay.png 592w, https:\/\/wp.unil.ch\/outofthebox\/files\/2023\/09\/Vogay-300x106.png 300w, https:\/\/wp.unil.ch\/outofthebox\/files\/2023\/09\/Vogay-540x192.png 540w\" sizes=\"auto, (max-width: 592px) 100vw, 592px\" \/><\/a><a rel=\"noreferrer noopener\" href=\"https:\/\/stopsuicide.ch\/\" data-type=\"link\" data-id=\"https:\/\/stopsuicide.ch\/\" target=\"_blank\"><img alt=\"\" loading=\"lazy\" decoding=\"async\" width=\"326\" height=\"330\" class=\"wp-image-483\" style=\"width: 150px\" src=\"https:\/\/wp.unil.ch\/outofthebox\/files\/2023\/09\/StopSuicide.png\" alt=\"\" srcset=\"https:\/\/wp.unil.ch\/outofthebox\/files\/2023\/09\/StopSuicide.png 326w, https:\/\/wp.unil.ch\/outofthebox\/files\/2023\/09\/StopSuicide-296x300.png 296w\" sizes=\"auto, (max-width: 326px) 100vw, 326px\" \/><\/a><\/p>\n\n\n\n<p>Les personnes en situation de handicap et les personnes \u00e0 mobilit\u00e9 r\u00e9duite peuvent b\u00e9n\u00e9ficier d\u2019une assistance sur demande pour acc\u00e9der au placard. <a rel=\"noreferrer noopener\" href=\"https:\/\/wp.unil.ch\/outofthebox\/contact-medias\/\" data-type=\"link\" data-id=\"https:\/\/wp.unil.ch\/outofthebox\/contact-medias\/\" target=\"_blank\">Contactez-nous<\/a>.<\/p>\n\n\n\n<p><a href=\"https:\/\/www.unil.ch\/acces\/fr\/home\/menuguid\/acces-mobilite-reduite.html\" data-type=\"link\" data-id=\"https:\/\/www.unil.ch\/acces\/fr\/home\/menuguid\/acces-mobilite-reduite.html\">Acc\u00e8s mobilit\u00e9 r\u00e9duite \u00e0 l&rsquo;Universit\u00e9<\/a><\/p>\n<\/div>\n\n\n\n<div class=\"wp-block-column is-vertically-aligned-center is-layout-flow wp-block-column-is-layout-flow\" style=\"flex-basis:33.33%\">\n<figure class=\"wp-block-image size-large is-resized\"><img alt=\"\" loading=\"lazy\" decoding=\"async\" width=\"1024\" height=\"1024\" src=\"https:\/\/wp.unil.ch\/outofthebox\/files\/2023\/10\/Placards_Web_Personnages2-1024x1024.png\" alt=\"\" class=\"wp-image-870\" style=\"width:305px;height:305px\" srcset=\"https:\/\/wp.unil.ch\/outofthebox\/files\/2023\/10\/Placards_Web_Personnages2-1024x1024.png 1024w, https:\/\/wp.unil.ch\/outofthebox\/files\/2023\/10\/Placards_Web_Personnages2-300x300.png 300w, https:\/\/wp.unil.ch\/outofthebox\/files\/2023\/10\/Placards_Web_Personnages2-150x150.png 150w, https:\/\/wp.unil.ch\/outofthebox\/files\/2023\/10\/Placards_Web_Personnages2-768x768.png 768w, https:\/\/wp.unil.ch\/outofthebox\/files\/2023\/10\/Placards_Web_Personnages2-540x540.png 540w, https:\/\/wp.unil.ch\/outofthebox\/files\/2023\/10\/Placards_Web_Personnages2-1080x1080.png 1080w, https:\/\/wp.unil.ch\/outofthebox\/files\/2023\/10\/Placards_Web_Personnages2.png 1500w\" sizes=\"auto, (max-width: 1024px) 100vw, 1024px\" \/><\/figure>\n<\/div>\n<\/div>\n<\/div><\/div>\n","protected":false},"excerpt":{"rendered":"<p>Du 13 au 23 novembre 2023 O\u00f9 pouviez-vous nous trouver ? G\u00e9opolis-hall \u00e9tage 02 Le 23 novembre entre 11h et 15h, des personnes de l&rsquo;UNIL et des associations&hellip;<\/p>\n","protected":false},"author":1002678,"featured_media":0,"parent":0,"menu_order":0,"comment_status":"closed","ping_status":"closed","template":"","meta":{"_seopress_robots_primary_cat":"","_seopress_titles_title":"","_seopress_titles_desc":"","_seopress_robots_index":"","footnotes":""},"class_list":["post-1204","page","type-page","status-publish","has-post-thumbnail"],"publishpress_future_action":{"enabled":false,"date":"2026-04-16 19:08:21","action":"change-status","newStatus":"draft","terms":[],"taxonomy":"","extraData":[]},"publishpress_future_workflow_manual_trigger":{"enabledWorkflows":[]},"_links":{"self":[{"href":"https:\/\/wp.unil.ch\/outofthebox\/wp-json\/wp\/v2\/pages\/1204","targetHints":{"allow":["GET"]}}],"collection":[{"href":"https:\/\/wp.unil.ch\/outofthebox\/wp-json\/wp\/v2\/pages"}],"about":[{"href":"https:\/\/wp.unil.ch\/outofthebox\/wp-json\/wp\/v2\/types\/page"}],"author":[{"embeddable":true,"href":"https:\/\/wp.unil.ch\/outofthebox\/wp-json\/wp\/v2\/users\/1002678"}],"replies":[{"embeddable":true,"href":"https:\/\/wp.unil.ch\/outofthebox\/wp-json\/wp\/v2\/comments?post=1204"}],"version-history":[{"count":5,"href":"https:\/\/wp.unil.ch\/outofthebox\/wp-json\/wp\/v2\/pages\/1204\/revisions"}],"predecessor-version":[{"id":1934,"href":"https:\/\/wp.unil.ch\/outofthebox\/wp-json\/wp\/v2\/pages\/1204\/revisions\/1934"}],"wp:attachment":[{"href":"https:\/\/wp.unil.ch\/outofthebox\/wp-json\/wp\/v2\/media?parent=1204"}],"curies":[{"name":"wp","href":"https:\/\/api.w.org\/{rel}","templated":true}]}}