{"id":73,"date":"2016-04-05T21:13:13","date_gmt":"2016-04-05T19:13:13","guid":{"rendered":"http:\/\/wp.unil.ch\/orog3ny\/?page_id=73"},"modified":"2026-01-07T15:28:41","modified_gmt":"2026-01-07T14:28:41","slug":"gyorgy-hetenyi","status":"publish","type":"page","link":"https:\/\/wp.unil.ch\/orog3ny\/people\/gyorgy-hetenyi\/","title":{"rendered":"Gy\u00f6rgy Het\u00e9nyi"},"content":{"rendered":"<p style=\"text-align: right\"><em>[<a href=\"https:\/\/en.wiktionary.org\/wiki\/Gy%C3%B6rgy\">here<\/a> is how to pronounce my first name]<\/em><\/p>\n<p>I&#8217;m a professor at the University of Lausanne and leading the OROG3NY group.<\/p>\n<p style=\"text-align: right\"><a href=\"https:\/\/wp.unil.ch\/orog3ny\/files\/2021\/05\/gh2.jpg\"><img alt=\"\" loading=\"lazy\" decoding=\"async\" class=\" wp-image-1579 alignleft\" src=\"https:\/\/wp.unil.ch\/orog3ny\/files\/2021\/05\/gh2-150x150.jpg\" alt=\"\" width=\"123\" height=\"123\" srcset=\"https:\/\/wp.unil.ch\/orog3ny\/files\/2021\/05\/gh2-150x150.jpg 150w, https:\/\/wp.unil.ch\/orog3ny\/files\/2021\/05\/gh2-230x230.jpg 230w, https:\/\/wp.unil.ch\/orog3ny\/files\/2021\/05\/gh2-365x365.jpg 365w\" sizes=\"auto, (max-width: 123px) 100vw, 123px\" \/><\/a><\/p>\n<p><strong>Research interests<\/strong><\/p>\n<p>I am interested in the continental lithosphere: its structure, its deformation and the associated physical processes. My principal tools of investigation are geophysical imaging (seismology, gravimetry, drilling) and numerical modelling (themo-mechanical, petrological), including fieldwork.<\/p>\n<p>OROG3NY was a multi-year SNSF project, which then continued over several current research topics:<\/p>\n<ul>\n<li><a href=\"https:\/\/www.icdp-online.org\/projects\/by-continent\/europe\/dive-italy\">DIVE<\/a> &#8211; Drilling the Ivrea-Verbano zonE (Ph. D. <a href=\"https:\/\/wp.unil.ch\/orog3ny\/people\/kim-lemke\/\">Kim Lemke<\/a>)<\/li>\n<li>Joint inversion of the Alpine lithosphere (Dr. <a href=\"https:\/\/wp.unil.ch\/orog3ny\/people\/ariane-maharaj\/\">Ariane Maharaj<\/a>)<\/li>\n<li>Seismo-at-school in Nepal (Dr. <a href=\"https:\/\/wp.unil.ch\/orog3ny\/people\/shiba-subedi\/\">Shiba Subedi<\/a>)<\/li>\n<\/ul>\n<p>My past work focused mainly on orogeny, deformation and phase changes (see <a href=\"https:\/\/wp.unil.ch\/orog3ny\/publications\/\">Publications<\/a> for details):<\/p>\n<ul>\n<li>the Himalaya-Tibet region (crustal and lithospheric structures [projects\u00a0<a href=\"https:\/\/www.fdsn.org\/networks\/detail\/XF_2002\/\">Hi-CLIMB<\/a> in Nepal and Tibet, <a href=\"https:\/\/www.seismo.ethz.ch\/en\/research-and-teaching\/ongoing-projects\/\">GANSSER<\/a> in Bhutan], deep lithospheric seismicity, rheology of the India plate, eclogitization of the lower crust);<\/li>\n<li>the Alpine-Carpathian-Pannonian region (broadband-seismology-array and geodynamics [projects <a href=\"https:\/\/homepages.see.leeds.ac.uk\/~eargah\/CBP\/index.htm\">CBP<\/a>, <a href=\"https:\/\/www.alparray.ethz.ch\/research\/complementary-experiments\/easi\/overview\/\">EASI<\/a>, <a href=\"https:\/\/www.alparray.ethz.ch\/home\/\">AlpArray<\/a>, <a href=\"https:\/\/www.fdsn.org\/networks\/detail\/ZJ_2019\/\">PACASE<\/a>]);<\/li>\n<li>a numerical approach that <em>does<\/em> conserve mass during metamorphic phase changes in thermo-mechanical models;<\/li>\n<li>columnar jointing in igneous rocks (size, composition).<\/li>\n<\/ul>\n<p><strong>Publications<\/strong><\/p>\n<p>Follow this <a href=\"https:\/\/wp.unil.ch\/orog3ny\/publications\/\">link<\/a>.<\/p>\n<p><strong>Abstracts, other papers and reports<\/strong><\/p>\n<p>Follow this <a href=\"https:\/\/wp.unil.ch\/orog3ny\/people\/gyorgy-hetenyi\/abstracts-other-papers-and-reports\/\">link<\/a>.<em><br \/>\n<\/em><\/p>\n<p><strong>Managed seismic networks<\/strong><\/p>\n<ul>\n<li>GANSSER \/ Bhutan, doi:\u00a0<a href=\"https:\/\/data.datacite.org\/10.12686\/sed\/networks\/xa\">10.12686\/sed\/networks\/xa<\/a><\/li>\n<li>EASI, doi: <a href=\"https:\/\/data.datacite.org\/10.12686\/alparray\/xt_2014\">10.12686\/alparray\/xt_2014<\/a><\/li>\n<li>AlpArray, doi: <a href=\"https:\/\/data.datacite.org\/10.12686\/alparray\/z3_2015\">10.12686\/alparray\/z3_2015<\/a><\/li>\n<li>IvreaArray, doi:\u00a0<a href=\"https:\/\/dx.doi.org\/10.5281\/zenodo.1038209\">10.5281\/zenodo.1038209<\/a><\/li>\n<li>NSSN Nepal School Seismology Network, doi: <a href=\"https:\/\/dx.doi.org\/10.5281\/zenodo.3406345\">10.5281\/zenodo.3406345<\/a>, virtual network <a href=\"https:\/\/ds.iris.edu\/mda\/_NSSN\/\">_NSSN<\/a><\/li>\n<li>PACASE, doi: <a href=\"https:\/\/doi.org\/10.7914\/SN\/ZJ_2019\">10.7914\/SN\/ZJ_2019<\/a><\/li>\n<li>DIVEnet, doi: <a href=\"https:\/\/doi.org\/10.7914\/ffna-qf89\">10.7914\/ffna-qf89<\/a><\/li>\n<\/ul>\n<p><strong>Ph.D. thesis<\/strong><\/p>\n<p class=\"p\"><span style=\"text-decoration: underline\">Evolution of deformation of the Himalayan prism: from imaging to modelling.<\/span><br \/>\n<em>\u00c9cole Normale Sup\u00e9rieure &#8211; Universit\u00e9 Paris-Sud XI, 400 pp., 2007.<\/em><br \/>\n<a href=\"https:\/\/wp.unil.ch\/orog3ny\/files\/2016\/04\/Hetenyi2007PhDabs.pdf\" rel=\"\">Abstract <sup>[en\/fr\/hu]<\/sup><\/a>; download from <a href=\"https:\/\/tel.archives-ouvertes.fr\/tel-00194619\/en\/\" target=\"empty\" rel=\"noopener noreferrer\">here<\/a>.<\/p>\n<ul class=\"disc\">\n<li><em>Awards:<\/em><br \/>\nPrize of the Chancellery of Paris Universities 2008 (Aguirre-Basualdo Prize)<br \/>\nAward of the William B. &amp; Elizabeth Behr Agocs Geophysical Research Fund 2008<\/li>\n<\/ul>\n","protected":false},"excerpt":{"rendered":"<p>[here is how to pronounce my first name] I&#8217;m a professor at the University of Lausanne and leading the OROG3NY group. Research interests I am interested in the continental lithosphere: its structure, its deformation and the associated physical processes. My<\/p>\n","protected":false},"author":1001282,"featured_media":0,"parent":12,"menu_order":0,"comment_status":"closed","ping_status":"closed","template":"","meta":{"_seopress_robots_primary_cat":"","_seopress_titles_title":"","_seopress_titles_desc":"","_seopress_robots_index":"","footnotes":""},"class_list":["post-73","page","type-page","status-publish"],"_links":{"self":[{"href":"https:\/\/wp.unil.ch\/orog3ny\/wp-json\/wp\/v2\/pages\/73","targetHints":{"allow":["GET"]}}],"collection":[{"href":"https:\/\/wp.unil.ch\/orog3ny\/wp-json\/wp\/v2\/pages"}],"about":[{"href":"https:\/\/wp.unil.ch\/orog3ny\/wp-json\/wp\/v2\/types\/page"}],"author":[{"embeddable":true,"href":"https:\/\/wp.unil.ch\/orog3ny\/wp-json\/wp\/v2\/users\/1001282"}],"replies":[{"embeddable":true,"href":"https:\/\/wp.unil.ch\/orog3ny\/wp-json\/wp\/v2\/comments?post=73"}],"version-history":[{"count":2,"href":"https:\/\/wp.unil.ch\/orog3ny\/wp-json\/wp\/v2\/pages\/73\/revisions"}],"predecessor-version":[{"id":2336,"href":"https:\/\/wp.unil.ch\/orog3ny\/wp-json\/wp\/v2\/pages\/73\/revisions\/2336"}],"up":[{"embeddable":true,"href":"https:\/\/wp.unil.ch\/orog3ny\/wp-json\/wp\/v2\/pages\/12"}],"wp:attachment":[{"href":"https:\/\/wp.unil.ch\/orog3ny\/wp-json\/wp\/v2\/media?parent=73"}],"curies":[{"name":"wp","href":"https:\/\/api.w.org\/{rel}","templated":true}]}}