{"id":19,"date":"2016-03-15T12:37:04","date_gmt":"2016-03-15T11:37:04","guid":{"rendered":"http:\/\/wp.unil.ch\/orog3ny\/?page_id=19"},"modified":"2023-12-20T19:40:28","modified_gmt":"2023-12-20T18:40:28","slug":"contact","status":"publish","type":"page","link":"https:\/\/wp.unil.ch\/orog3ny\/contact\/","title":{"rendered":"Contact"},"content":{"rendered":"<ul>\n<li>Celso Alvizuri (now at <a href=\"https:\/\/www.norsar.no\/about-us\/employees\/\">NORSAR<\/a>, Kjeller, Norway)<\/li>\n<li>Jean-Baptiste Ammirati (<span class=\"ILfuVd\" lang=\"en\"><span class=\"hgKElc\"><b>\u2020<\/b><\/span><\/span>)<\/li>\n<li>Kristel Chanard (now at <a href=\"https:\/\/www.ipgp.fr\/~chanard\/\">IPGP and IGN<\/a>, Paris, France)<\/li>\n<li>Leonardo Colavitti (now at <a href=\"https:\/\/distav.unige.it\/en\">Uni Genoa<\/a>, Italy)<\/li>\n<li>Andrew Greenwood (now at <a href=\"https:\/\/pure.unileoben.ac.at\/de\/persons\/andrew-greenwood\">Montanuniversit\u00e4t Leoben<\/a>, Austria)<\/li>\n<li>Gy\u00f6rgy Het\u00e9nyi, office 4893, phone: +41-21-692-4321<\/li>\n<li>Kim Lemke, office 4644, phone: +41-21-692-4419<\/li>\n<li>Ariane Maharaj, office 3232, phone: +41-21-692-&#8230;.<\/li>\n<li>Konstantinos Michailos (now at <a href=\"https:\/\/www.unige.ch\/sciences\/terre\/en\/groups\/crustal-deformation-and-fluid-flow\/team\/\">Uni Geneva<\/a>, Switzerland)<\/li>\n<li>Matteo Scarponi (now at LGLTPE at <a href=\"https:\/\/observatoire.univ-lyon1.fr\/recherche\/laboratoire-de-geologie-de-lyon\">Uni Lyon<\/a>, Italy)<\/li>\n<li>Shiba Subedi (now with <a href=\"https:\/\/seismoschoolnp.org\/\">Seismology at School in Nepal<\/a>)<\/li>\n<\/ul>\n<p>Our e-mail addresses are composed as <em>firstname.lastname@unil.ch<\/em> (no accents)<\/p>\n<p><span style=\"text-decoration: underline\">Postal address:<\/span><br \/>\nUniversity of Lausanne<br \/>\nInstitute of Earth Sciences<br \/>\nQuartier UNIL-Mouline<br \/>\nB\u00e2timent G\u00e9opolis<br \/>\nCH-1015 Lausanne<br \/>\nSwitzerland<\/p>\n","protected":false},"excerpt":{"rendered":"<p>Celso Alvizuri (now at NORSAR, Kjeller, Norway) Jean-Baptiste Ammirati (\u2020) Kristel Chanard (now at IPGP and IGN, Paris, France) Leonardo Colavitti (now at Uni Genoa, Italy) Andrew Greenwood (now at Montanuniversit\u00e4t Leoben, Austria) Gy\u00f6rgy Het\u00e9nyi, office 4893, phone: +41-21-692-4321 Kim<\/p>\n","protected":false},"author":1001282,"featured_media":0,"parent":0,"menu_order":0,"comment_status":"closed","ping_status":"closed","template":"","meta":{"_seopress_robots_primary_cat":"","_seopress_titles_title":"","_seopress_titles_desc":"","_seopress_robots_index":"","footnotes":""},"class_list":["post-19","page","type-page","status-publish"],"_links":{"self":[{"href":"https:\/\/wp.unil.ch\/orog3ny\/wp-json\/wp\/v2\/pages\/19","targetHints":{"allow":["GET"]}}],"collection":[{"href":"https:\/\/wp.unil.ch\/orog3ny\/wp-json\/wp\/v2\/pages"}],"about":[{"href":"https:\/\/wp.unil.ch\/orog3ny\/wp-json\/wp\/v2\/types\/page"}],"author":[{"embeddable":true,"href":"https:\/\/wp.unil.ch\/orog3ny\/wp-json\/wp\/v2\/users\/1001282"}],"replies":[{"embeddable":true,"href":"https:\/\/wp.unil.ch\/orog3ny\/wp-json\/wp\/v2\/comments?post=19"}],"version-history":[{"count":2,"href":"https:\/\/wp.unil.ch\/orog3ny\/wp-json\/wp\/v2\/pages\/19\/revisions"}],"predecessor-version":[{"id":2114,"href":"https:\/\/wp.unil.ch\/orog3ny\/wp-json\/wp\/v2\/pages\/19\/revisions\/2114"}],"wp:attachment":[{"href":"https:\/\/wp.unil.ch\/orog3ny\/wp-json\/wp\/v2\/media?parent=19"}],"curies":[{"name":"wp","href":"https:\/\/api.w.org\/{rel}","templated":true}]}}