{"id":1833,"date":"2022-09-15T23:04:58","date_gmt":"2022-09-15T21:04:58","guid":{"rendered":"https:\/\/wp.unil.ch\/orog3ny\/?page_id=1833"},"modified":"2026-01-14T16:32:43","modified_gmt":"2026-01-14T15:32:43","slug":"kim-lemke","status":"publish","type":"page","link":"https:\/\/wp.unil.ch\/orog3ny\/people\/kim-lemke\/","title":{"rendered":"Kim Lemke"},"content":{"rendered":"<div class=\"wp-block-image\">\n<figure class=\"alignright size-full is-resized\"><img alt=\"\" loading=\"lazy\" decoding=\"async\" width=\"396\" height=\"640\" src=\"https:\/\/wp.unil.ch\/orog3ny\/files\/2022\/09\/kl.jpg\" alt=\"\" class=\"wp-image-1836\" style=\"aspect-ratio:0.61875;width:129px;height:auto\" srcset=\"https:\/\/wp.unil.ch\/orog3ny\/files\/2022\/09\/kl.jpg 396w, https:\/\/wp.unil.ch\/orog3ny\/files\/2022\/09\/kl-186x300.jpg 186w\" sizes=\"auto, (max-width: 396px) 100vw, 396px\" \/><\/figure>\n<\/div>\n\n\n<p>I am a PhD student at the University of Lausanne working on <em>&#8220;Thermal properties of the lower continental crust&#8221;<\/em> under the supervision of Gy\u00f6rgy Het\u00e9nyi. I completed my Bachelor and Master degrees at the University of Bern. During my Master studies, I focused mainly on petrology and geochemistry and carried out a petrological and geochronological study on ophiolitic relics of the Central Alps.<\/p>\n\n\n\n<p>However, my scientific interest is not only tied to petrology and geochemistry but is much more to the various processes that take place in the Earth&#8217;s interior from different perspectives of various geological disciplines. From the very beginning, I was fascinated by the factors that shape our planet and govern processes as well as their significance for the development of the Earth and of life.<\/p>\n\n\n\n<p>Thus, I am more pleased to have the opportunity to combine geophysics and petrology during my doctoral studies and to investigate the thermal properties of the Earth&#8217;s lower continental crust. Thermal properties of rocks are the fundament of any thermal study of the Earth&#8217;s lithosphere because they determine the distribution of heat in the Earth&#8217;s interior and thus define the heat flow and geotherm. For my study, I mainly use drillcores from the Ivrea-Verbano zone that are obtained from the drilling activities of the DIVE (Drilling the Ivrea Verbano ZonE).<\/p>\n\n\n\n<p>I appreciate any discussion &#8211; especially about geology, science, and philosophy.<\/p>\n\n\n\n<p><strong>Publications <\/strong><\/p>\n\n\n\n<ul class=\"wp-block-list\">\n<li>Lemke K, Het\u00e9nyi G, Secr\u00e9tan A, Li J, Greenwood A, Caspari E, Schmidt C, King G, Sch\u00e4rli U, Baron L, M\u00fcntener O (2026) Thermal properties of the lower continental crust: variabilities and link to other rock properties based on DIVE drill cores and boreholes (Ivrea-Verbano Zone).\u00a0<em>Geothermics<\/em><strong> 136<\/strong>:103564. doi:<a href=\"https:\/\/doi.org\/10.1016\/j.geothermics.2025.103564\">10.1016\/j.geothermics.2025.103564<\/a><\/li>\n\n\n\n<li>Lemke, K., Rubatto, D. &amp; Hermann, J. A rapid transition from subduction to Barrovian metamorphism: geochronology of mafic\u2013ultramafic relicts of oceanic crust in the Central Alps, Switzerland.\u00a0<em>Swiss J Geosci<\/em>\u00a0<strong>117<\/strong>, 15 (2024). <a href=\"https:\/\/doi.org\/10.1186\/s00015-024-00462-7\">https:\/\/doi.org\/10.1186\/s00015-024-00462-7<\/a><\/li>\n\n\n\n<li>Ewing, T., Rubatto, D., Lemke, K., Hermann, J. (2023). Timescales and mechanisms of felsic lower continental crust formation: Insights from U-Pb geochronology of detrital zircon (Malenco Unit, eastern Central Alps), Lithos, 456\u2013457. <a href=\"https:\/\/doi.org\/10.1016\/j.lithos.2023.107286\" target=\"_blank\" rel=\"noreferrer noopener\">https:\/\/doi.org\/10.1016\/j.lithos.2023.107286<\/a><\/li>\n\n\n\n<li>Gegg, L.; Kuster, A. M.; Schmid, D.; Lemke, K.; Deplazes, G.; Madritsch, H.; Buechi, M. W. (2019). Quaternary Borehole QBO Untersiggenthal (QUST). Data Report (Nagra Arbeitsberichte 19-01). Wettingen: Nagra.&nbsp;<\/li>\n<\/ul>\n\n\n\n<p><strong>Conferences<\/strong><\/p>\n\n\n\n<ul class=\"wp-block-list\">\n<li><em>EGU25 (Vienna)<\/em>: Co-convener Session (GD 6.2: Earth continental crust from a combined geophysical, geochemical, petrological and microbiological perspective.<\/li>\n\n\n\n<li><em>EGU25 (Vienna)<\/em>: Poster Presentation, Lemke, K., Het\u00e9nyi, G., and the ICDP DIVE Science Team (2025). Thermal structure and variability of the lower continental crust: dataset and models based on project DIVE boreholes 5071_1_A and 5071_1_B.<\/li>\n\n\n\n<li><em>EGU24 (Vienna)<\/em>: Poster Presentation, Lemke, K., Het\u00e9nyi, G. (2024). Thermal characterization of the lower continental crust: first results from the DT-1B borehole of project DIVE (Ivrea-Verbano zone, Italy).\u00a0 <\/li>\n\n\n\n<li><em>Swiss Geological Meeting 2023 (Mendrisio)<\/em>: Poster presentation, Lemke, K., Het\u00e9nyi, G. (2023). Thermal properties of the lower continental crust of high-grade metamorphic rocks from the Ivrea-Verbano Zone (project DIVE).<\/li>\n\n\n\n<li><em>Goldschmidt conference 2023 (Lyon)<\/em>: Poster presentation, Lemke, K., Rubatto, D., Hermann, J. (2023). Ophiolitic Relics in the Central Alps: Timing the Transition from High-Pressure Melting to Amphibolite Facies.<\/li>\n<\/ul>\n\n\n\n<p><strong>Prizes<\/strong><\/p>\n\n\n\n<ul class=\"wp-block-list\">\n<li>Best Thesis Award from the Swiss Geological Society (2022) for the Master thesis: \u201cOphiolitic Relicts in the Cima-Lunga Unit and Adula Nappe (Central Alps): Timing the Transition from High-Pressure Melting to Amphibolite Facies\u201d.<\/li>\n<\/ul>\n","protected":false},"excerpt":{"rendered":"<p>I am a PhD student at the University of Lausanne working on &#8220;Thermal properties of the lower continental crust&#8221; under the supervision of Gy\u00f6rgy Het\u00e9nyi. I completed my Bachelor and Master degrees at the University of Bern. During my Master<\/p>\n","protected":false},"author":1001282,"featured_media":0,"parent":12,"menu_order":0,"comment_status":"closed","ping_status":"closed","template":"","meta":{"_seopress_robots_primary_cat":"","_seopress_titles_title":"","_seopress_titles_desc":"","_seopress_robots_index":"","footnotes":""},"class_list":["post-1833","page","type-page","status-publish"],"_links":{"self":[{"href":"https:\/\/wp.unil.ch\/orog3ny\/wp-json\/wp\/v2\/pages\/1833","targetHints":{"allow":["GET"]}}],"collection":[{"href":"https:\/\/wp.unil.ch\/orog3ny\/wp-json\/wp\/v2\/pages"}],"about":[{"href":"https:\/\/wp.unil.ch\/orog3ny\/wp-json\/wp\/v2\/types\/page"}],"author":[{"embeddable":true,"href":"https:\/\/wp.unil.ch\/orog3ny\/wp-json\/wp\/v2\/users\/1001282"}],"replies":[{"embeddable":true,"href":"https:\/\/wp.unil.ch\/orog3ny\/wp-json\/wp\/v2\/comments?post=1833"}],"version-history":[{"count":4,"href":"https:\/\/wp.unil.ch\/orog3ny\/wp-json\/wp\/v2\/pages\/1833\/revisions"}],"predecessor-version":[{"id":2345,"href":"https:\/\/wp.unil.ch\/orog3ny\/wp-json\/wp\/v2\/pages\/1833\/revisions\/2345"}],"up":[{"embeddable":true,"href":"https:\/\/wp.unil.ch\/orog3ny\/wp-json\/wp\/v2\/pages\/12"}],"wp:attachment":[{"href":"https:\/\/wp.unil.ch\/orog3ny\/wp-json\/wp\/v2\/media?parent=1833"}],"curies":[{"name":"wp","href":"https:\/\/api.w.org\/{rel}","templated":true}]}}