{"id":6,"date":"2019-11-28T16:00:19","date_gmt":"2019-11-28T15:00:19","guid":{"rendered":"http:\/\/wp.unil.ch\/modele\/?page_id=6"},"modified":"2025-04-14T05:38:53","modified_gmt":"2025-04-14T03:38:53","slug":"home","status":"publish","type":"page","link":"https:\/\/wp.unil.ch\/octo-plus\/","title":{"rendered":"L&rsquo;engagement des familles dans la recherche en soins intensifs et interm\u00e9diaires p\u00e9diatriques"},"content":{"rendered":"<div class=\"hero\">\n<blockquote>\n<h5 style=\"text-align: center\"><span style=\"color: #003366\">Nous visons \u00e0 soutenir l&rsquo;implication des familles dans la recherche aux soins intensifs et aux soins interm\u00e9diaires p\u00e9diatriques.<\/span><\/h5>\n<\/blockquote>\n<\/div>\n\n\n<div class=\"wp-block-buttons is-layout-flex wp-block-buttons-is-layout-flex\">\n<div class=\"wp-block-button\"><a class=\"wp-block-button__link wp-element-button\" href=\"https:\/\/wp.unil.ch\/octo-plus\/a-propos\/\">\u00c0 propos<\/a><\/div>\n<\/div>\n\n\n\n<div class=\"wp-block-cover alignfull is-light\" style=\"margin-top:0;padding-top:6vw;padding-right:6vw;padding-bottom:6vw;padding-left:6vw\"><span aria-hidden=\"true\" class=\"wp-block-cover__background has-background-dim-100 has-background-dim\" style=\"background-color:#223363\"><\/span><div class=\"wp-block-cover__inner-container is-layout-flow wp-block-cover-is-layout-flow\">\n<h2><span style=\"color: #d1d1d1\">Votre exp\u00e9rience unique joue un r\u00f4le essentiel dans la recherche et l&rsquo;innovation.<\/span><\/h2>\n\n\n\n<p><span style=\"color: #ffffff\">Vous \u00eates patient(e) ou parent avec une exp\u00e9rience en soins intensifs et en soins interm\u00e9diaires p\u00e9diatriques et vous souhaitez vous impliquer en tant que partenaire dans la recherche ?<\/span><\/p>\n\n\n\n<div class=\"wp-block-buttons is-layout-flex wp-block-buttons-is-layout-flex\">\n<div class=\"wp-block-button\"><a class=\"wp-block-button__link wp-element-button\" href=\"https:\/\/wp.unil.ch\/octo-plus\/contactez-nous\/\">Rejoignez-nous<\/a><\/div>\n<\/div>\n<\/div><\/div>\n\n\n\n<div class=\"wp-block-group wp-container-content-9cfa9a5a is-content-justification-left\"><div class=\"wp-block-group__inner-container is-layout-constrained wp-container-core-group-is-layout-8c890d92 wp-block-group-is-layout-constrained\">\n<h2 class=\"wp-block-heading\" style=\"font-size:38px;line-height:1.3\">Contexte<\/h2>\n\n\n\n<p style=\"font-size:18px;line-height: 1.5\">L\u2019Implication des Patients et du Public (IPP) d\u00e9signe le processus par lequel des individus, n&rsquo;ayant pas de r\u00f4le professionnel dans le domaine de la sant\u00e9 ou des soins, participent activement \u00e0 la recherche. IPP joue un r\u00f4le cl\u00e9 dans l\u2019am\u00e9lioration des priorit\u00e9s, de la pertinence et de l\u2019applicabilit\u00e9 des recherches. Elle garantit que les \u00e9tudes sont r\u00e9alis\u00e9es \u00ab avec \u00bb ou \u00ab par \u00bb les patients et leurs familles, plut\u00f4t que simplement \u00ab pour \u00bb ou \u00ab \u00e0 propos \u00bb d\u2019eux. Cette approche permet de mieux r\u00e9pondre aux besoins et aux pr\u00e9occupations des familles concern\u00e9es, tout en alignant les recherches sur les priorit\u00e9s des patients, ce qui en renforce le succ\u00e8s, la port\u00e9e et l\u2019impact concret. En Suisse, bien que cette approche gagne en reconnaissance, elle reste encore peu d\u00e9velopp\u00e9e, notamment dans le domaine de la recherche p\u00e9diatrique.\n\n\n\n<p style=\"font-size:0.9rem\"><strong>R\u00e9f\u00e9rences<\/strong><\/p> \n\n<p style=\"font-size:0.9rem;color:gray\">\n            <a href=\"https:\/\/smw.ch\/index.php\/smw\/article\/view\/3563\">Patient and public involvement in academic clinical research in Switzerland.<\/a>. \n            <a href=\"https:\/\/www.swisspednet.ch\/header\/patient-families\/patient-involvement\">SwissPedNet.<\/a> \n            <a href=\"https:\/\/www.sctoplatforms.ch\/en\/publications\/ra-watch\/ra-watch-6-n-ppi\/deep-dive-1-ppi-in-switzerland-a-regulatory-perspective-119.html\">Regulatory aspects of patient and public involvement in academic clinical research in Switzerland.<\/a>\n            <a href=\"https:\/\/www.revmed.ch\/revue-medicale-suisse\/2022\/revue-medicale-suisse-775\/implication-des-patients-dans-la-recherche-en-oncologie.-developpement-d-un-cadre-de-reference-en-suisse-romande\"> Implication des patients dans la recherche en oncologie.<\/a> \n           \n            <a href=\"https:\/\/www.scto.ch\/en\/patient-and-public-involvement\/ppi-mapping.html\">PPI Mapping. Swiss Clinical Trial Organisation.<\/a> \n<a href=\"https:\/\/www.nature.com\/articles\/s41390-018-0245-z?\">Parent, child and public involvement in child health research. <\/a>\n<\/div><\/div>\n\n\n\n<h3 class=\"wp-block-heading\">Pourquoi l\u2019IPP doit-elle \u00eatre int\u00e9gr\u00e9e \u00e0 la recherche en p\u00e9diatrie?<\/h3>\n\n\n\n<div class=\"wp-block-columns is-layout-flex wp-container-core-columns-is-layout-9d6595d7 wp-block-columns-is-layout-flex\">\n<div class=\"wp-block-column is-layout-flow wp-block-column-is-layout-flow\">\n<p style=\"font-size:18px;line-height: 1.5\">IPP garantit que la recherche r\u00e9pond aux besoins r\u00e9els et aux priorit\u00e9s des personnes directement concern\u00e9es, en particulier en p\u00e9diatrie. En int\u00e9grant les perspectives des patients et de leurs familles, l\u2019IPP permet d\u2019orienter les \u00e9tudes vers des objectifs plus pertinents et concrets, plut\u00f4t que fond\u00e9s sur des hypoth\u00e8ses th\u00e9oriques.\n\nL\u2019implication des patients et de leurs proches renforce \u00e9galement la cr\u00e9dibilit\u00e9 et la qualit\u00e9 des recherches. Leurs retours permettent d\u2019affiner les questions de recherche, d\u2019am\u00e9liorer les r\u00e9sultats des \u00e9tudes et de proposer des solutions mieux adapt\u00e9es \u00e0 la r\u00e9alit\u00e9 du terrain. Cette approche collaborative favorise la confiance entre les chercheurs et la communaut\u00e9, encourageant ainsi une plus grande participation.\n<\/div>\n\n\n\n<div class=\"wp-block-column is-layout-flow wp-block-column-is-layout-flow\">\n<p style=\"font-size:18px;line-height: 1.5;margin-bottom: 20px\"> Par ailleurs, l\u2019IPP contribue \u00e0 am\u00e9liorer le recrutement et la r\u00e9tention dans les essais cliniques, ce qui permet d\u2019obtenir des donn\u00e9es plus solides et repr\u00e9sentatives. En int\u00e9grant des points de vue diversifi\u00e9s, elle garantit que les r\u00e9sultats des recherches sont plus inclusifs et applicables \u00e0 diff\u00e9rents groupes de patients.\n\nDe plus en plus reconnue, notamment dans la recherche p\u00e9diatrique, l\u2019IPP s\u2019impose aujourd\u2019hui comme un \u00e9l\u00e9ment cl\u00e9 pour faire progresser une recherche v\u00e9ritablement centr\u00e9e sur les patients.<\/p> \n\n<p><\/p>\n<p style=\"margin-bottom: 20px\"><\/p> <!-- Adds space between paragraphs -->\n\n<p style=\"font-size:0.9rem\"><strong>R\u00e9f\u00e9rences<\/strong><\/p> \n\n<p style=\"font-size:0.9rem;color:gray\">\n\n<a href=\"https:\/\/ferprogram.ca\/\">Family Engagement in Research (FER) Program. <\/a>\n<a href=\"https:\/\/www.scto.ch\/en\/patient-and-public-involvement\/\">SCTO. <\/a>\n<\/div>\n<\/div>\n\n\n\n<hr class=\"wp-block-separator has-css-opacity is-style-default\" \/>\n\n\n\n<blockquote class=\"wp-block-quote has-text-align-center is-style-large is-layout-flow wp-block-quote-is-layout-flow\">\n<p>\u00ab&nbsp;D\u00e9couvrez l&rsquo;exp\u00e9rience de nos partenaires familiaux&nbsp;\u00bb<\/p>\n<\/blockquote>\n\n\n\n<blockquote class=\"wp-block-quote is-layout-flow wp-block-quote-is-layout-flow\">\n<p>\u00ab\u00a0En 2017, notre fille a\u00een\u00e9e de 7 ans \u00e9tait diagnostiqu\u00e9e avec une tumeur au cerveau. Apr\u00e8s plusieurs semaines&nbsp;d&rsquo;hospitalisation en partie pass\u00e9es en soins interm\u00e9diaires \u00e0 cause d&rsquo;une h\u00e9morragie c\u00e9r\u00e9brale, Na\u00efa subissait une lourde op\u00e9ration au cerveau. Elle aura fait un tr\u00e8s court passage par les soins intensifs avant de remonter en soins interm\u00e9diaires pour sa stabilisation. Son combat contre le cancer l&rsquo;aura men\u00e9e ensuite \u00e0 plusieurs reprises en soins interm\u00e9diaires.&nbsp;<\/p>\n\n\n\n<p>D\u00e9j\u00e0 pendant la maladie de ma fille, j&rsquo;ai ressenti le besoin de faire de notre exp\u00e9rience quelque chose de positif. Depuis 2019 je travaille pour Zo\u00e94life, une association qui lutte contre le cancer de l&rsquo;enfant en Suisse et reverse une grande partie de ses fonds pour des projets de recherche en oncologie p\u00e9diatrique.&nbsp;<\/p>\n\n\n\n<p>Petit \u00e0 petit, j&rsquo;ai compris que ma voix comptait et que je pouvais \u00eatre un acteur important dans la qualit\u00e9 des soins offerts aux enfants gravement atteints dans leur sant\u00e9. Notre parcours de vie et l&rsquo;exp\u00e9rience qui en d\u00e9coule ont fait de nous, malgr\u00e9 nous, des experts du domaine. Nous ne sommes pas m\u00e9decins, ni infirmiers, mais nous pouvons \u00eatre des partenaires du milieu m\u00e9dical pour am\u00e9liorer la prise en charge des enfants malades. \u00catre repr\u00e9sentant de la voix des patients et des parents me permet de donner un sens important \u00e0 ce qui n&rsquo;en a pas eu \u00e0 un moment donn\u00e9 de notre vie.&nbsp;<\/p>\n\n\n\n<p>On ne choisit pas ce qui nous arrive, mais on peut toujours choisir ce que l&rsquo;on veut en faire.\u00a0\u00bb -Ga\u00eblle-<\/p>\n<\/blockquote>\n\n\n\n<figure class=\"wp-block-gallery has-nested-images columns-default is-cropped wp-block-gallery-1 is-layout-flex wp-block-gallery-is-layout-flex\">\n<figure class=\"wp-block-image size-large\"><img alt=\"\" loading=\"lazy\" decoding=\"async\" width=\"768\" height=\"1024\" data-id=\"653\" src=\"https:\/\/wp.unil.ch\/octo-plus\/files\/2025\/01\/IMG_1193-2-768x1024.jpg\" alt=\"\" class=\"wp-image-653\" srcset=\"https:\/\/wp.unil.ch\/octo-plus\/files\/2025\/01\/IMG_1193-2-768x1024.jpg 768w, https:\/\/wp.unil.ch\/octo-plus\/files\/2025\/01\/IMG_1193-2-225x300.jpg 225w, https:\/\/wp.unil.ch\/octo-plus\/files\/2025\/01\/IMG_1193-2.jpg 900w\" sizes=\"auto, (max-width: 768px) 100vw, 768px\" \/><\/figure>\n\n\n\n<figure class=\"wp-block-image size-large\"><img alt=\"\" loading=\"lazy\" decoding=\"async\" width=\"768\" height=\"1024\" data-id=\"654\" src=\"https:\/\/wp.unil.ch\/octo-plus\/files\/2025\/01\/IMG_1182-2-768x1024.jpg\" alt=\"\" class=\"wp-image-654\" srcset=\"https:\/\/wp.unil.ch\/octo-plus\/files\/2025\/01\/IMG_1182-2-768x1024.jpg 768w, https:\/\/wp.unil.ch\/octo-plus\/files\/2025\/01\/IMG_1182-2-225x300.jpg 225w, https:\/\/wp.unil.ch\/octo-plus\/files\/2025\/01\/IMG_1182-2.jpg 900w\" sizes=\"auto, (max-width: 768px) 100vw, 768px\" \/><\/figure>\n\n\n\n<figure class=\"wp-block-image size-large\"><img alt=\"\" loading=\"lazy\" decoding=\"async\" width=\"768\" height=\"1024\" data-id=\"651\" src=\"https:\/\/wp.unil.ch\/octo-plus\/files\/2025\/01\/IMG_7198-2-768x1024.jpg\" alt=\"\" class=\"wp-image-651\" srcset=\"https:\/\/wp.unil.ch\/octo-plus\/files\/2025\/01\/IMG_7198-2-768x1024.jpg 768w, https:\/\/wp.unil.ch\/octo-plus\/files\/2025\/01\/IMG_7198-2-225x300.jpg 225w, https:\/\/wp.unil.ch\/octo-plus\/files\/2025\/01\/IMG_7198-2.jpg 900w\" sizes=\"auto, (max-width: 768px) 100vw, 768px\" \/><\/figure>\n<\/figure>\n\n\n\n<hr class=\"wp-block-separator has-css-opacity is-style-default\" \/>\n\n\n\n<blockquote class=\"wp-block-quote is-layout-flow wp-block-quote-is-layout-flow\">\n<p>\u00ab\u00a0En 2012, la naissance de ma troisi\u00e8me enfant, Giulia, a boulevers\u00e9 notre vie. Deux semaines apr\u00e8s sa venue au monde, elle a \u00e9t\u00e9 admise en soins intensifs n\u00e9onatals en raison de graves probl\u00e8mes respiratoires et d&rsquo;alimentation. Ce qui devait \u00eatre un moment de joie s&rsquo;est transform\u00e9 en une \u00e9preuve longue et difficile.<\/p>\n\n\n\n<p>Giulia a pass\u00e9 une ann\u00e9e enti\u00e8re \u00e0 l&rsquo;h\u00f4pital, oscillant entre les soins interm\u00e9diaires et les soins intensifs. \u00c0 l&rsquo;\u00e2ge de six mois, le diagnostic est tomb\u00e9 : notre petite fille \u00e9tait atteinte du syndrome de CHARGE, une maladie rare et complexe. L&rsquo;h\u00f4pital est devenu notre deuxi\u00e8me maison. J&rsquo;ai d\u00fb apprendre \u00e0 ma\u00eetriser des gestes m\u00e9dicaux, \u00e0 manipuler des machines sophistiqu\u00e9es, sans \u00eatre m\u00e9decin ni infirmi\u00e8re.<\/p>\n\n\n\n<p>Malgr\u00e9 les difficult\u00e9s, j&rsquo;ai toujours gard\u00e9 l&rsquo;espoir et le d\u00e9sir d&rsquo;aider d&rsquo;autres familles confront\u00e9es \u00e0 des \u00e9preuves similaires. Aujourd&rsquo;hui, j&rsquo;ai concr\u00e9tis\u00e9 ce r\u00eave en cr\u00e9ant l&rsquo;association. \u00ab Croque la vie \u00bb, d\u00e9di\u00e9e \u00e0 l&rsquo;oralit\u00e9 et au soutien des enfants atteints dans le trouble de d\u00e9glutition, trouble d oralit\u00e9 alimentaire, il y a un groupe de parole, et des ateliers.<\/p>\n\n\n\n<p>Lorsque l&rsquo;opportunit\u00e9 de devenir parent partenaire s&rsquo;est pr\u00e9sent\u00e9e, j&rsquo;ai imm\u00e9diatement accept\u00e9. C&rsquo;est pour moi une mission essentielle de partager mon exp\u00e9rience, d&rsquo;apporter un soutien concret et d&rsquo;insuffler de l&rsquo;espoir \u00e0 ceux qui traversent des moments difficiles.<\/p>\n\n\n\n<p>\u00catre parent partenaire, c&rsquo;est :<\/p>\n\n\n\n<ul class=\"wp-block-list\">\n<li>Partager son v\u00e9cu : T\u00e9moigner de son exp\u00e9rience unique, des d\u00e9fis rencontr\u00e9s et des strat\u00e9gies mises en place.<\/li>\n\n\n\n<li>Offrir un soutien \u00e9motionnel : \u00c9couter, comprendre et r\u00e9conforter les familles en d\u00e9tresse.<\/li>\n\n\n\n<li>Transmettre des connaissances : Partager des informations pratiques, des conseils et des ressources utiles.<\/li>\n\n\n\n<li>Cr\u00e9er du lien : Rompre l&rsquo;isolement et favoriser l&rsquo;entraide entre les familles.<\/li>\n\n\n\n<li>Porter l&rsquo;espoir : Montrer qu&rsquo;il est possible de surmonter les \u00e9preuves et de vivre une vie \u00e9panouissante.<\/li>\n<\/ul>\n\n\n\n<p>Mon parcours avec Giulia m&rsquo;a appris la force de la r\u00e9silience, l&rsquo;importance de la solidarit\u00e9 et le pouvoir de l&rsquo;espoir. En devenant parent partenaire, je souhaite mettre cette exp\u00e9rience au service des autres, pour qu&rsquo;ensemble, nous puissions croquer la vie \u00e0 pleines dents.\u00a0\u00bb -Isabelle-<\/p>\n<\/blockquote>\n\n\n\n<figure class=\"wp-block-gallery has-nested-images columns-default is-cropped wp-block-gallery-2 is-layout-flex wp-block-gallery-is-layout-flex\">\n<figure class=\"wp-block-image size-large\"><img alt=\"\" loading=\"lazy\" decoding=\"async\" width=\"768\" height=\"1024\" data-id=\"821\" src=\"https:\/\/wp.unil.ch\/octo-plus\/files\/2025\/04\/divers-photo-chiara-et-marco-et-giulia-252-768x1024.jpeg\" alt=\"\" class=\"wp-image-821\" srcset=\"https:\/\/wp.unil.ch\/octo-plus\/files\/2025\/04\/divers-photo-chiara-et-marco-et-giulia-252-768x1024.jpeg 768w, https:\/\/wp.unil.ch\/octo-plus\/files\/2025\/04\/divers-photo-chiara-et-marco-et-giulia-252-225x300.jpeg 225w, https:\/\/wp.unil.ch\/octo-plus\/files\/2025\/04\/divers-photo-chiara-et-marco-et-giulia-252.jpeg 900w\" sizes=\"auto, (max-width: 768px) 100vw, 768px\" \/><\/figure>\n\n\n\n<figure class=\"wp-block-image size-large\"><img loading=\"lazy\" decoding=\"async\" width=\"768\" height=\"1024\" data-id=\"822\" src=\"https:\/\/wp.unil.ch\/octo-plus\/files\/2025\/04\/img_8806-768x1024.jpeg\" alt=\"img\" class=\"wp-image-822\" srcset=\"https:\/\/wp.unil.ch\/octo-plus\/files\/2025\/04\/img_8806-768x1024.jpeg 768w, https:\/\/wp.unil.ch\/octo-plus\/files\/2025\/04\/img_8806-225x300.jpeg 225w, https:\/\/wp.unil.ch\/octo-plus\/files\/2025\/04\/img_8806.jpeg 900w\" sizes=\"auto, (max-width: 768px) 100vw, 768px\" \/><\/figure>\n\n\n\n<figure class=\"wp-block-image size-large\"><img loading=\"lazy\" decoding=\"async\" width=\"768\" height=\"1024\" data-id=\"823\" src=\"https:\/\/wp.unil.ch\/octo-plus\/files\/2025\/04\/img_9576-768x1024.jpeg\" alt=\"img 9576\" class=\"wp-image-823\" srcset=\"https:\/\/wp.unil.ch\/octo-plus\/files\/2025\/04\/img_9576-768x1024.jpeg 768w, https:\/\/wp.unil.ch\/octo-plus\/files\/2025\/04\/img_9576-225x300.jpeg 225w, https:\/\/wp.unil.ch\/octo-plus\/files\/2025\/04\/img_9576.jpeg 900w\" sizes=\"auto, (max-width: 768px) 100vw, 768px\" \/><\/figure>\n<\/figure>\n\n\n\n<hr class=\"wp-block-separator has-css-opacity is-style-default\" \/>\n\n\n\n<div class=\"wp-block-group alignwide is-content-justification-space-between is-layout-flex wp-container-core-group-is-layout-256aec57 wp-block-group-is-layout-flex\">\n<figure class=\"wp-block-image size-large is-resized\"><img alt=\"\" loading=\"lazy\" decoding=\"async\" width=\"1024\" height=\"315\" src=\"https:\/\/wp.unil.ch\/octo-plus\/files\/2024\/10\/IUFRS_CHUV_rvb-1024x315.png\" alt=\"\" class=\"wp-image-287\" style=\"width:444px;height:auto\" srcset=\"https:\/\/wp.unil.ch\/octo-plus\/files\/2024\/10\/IUFRS_CHUV_rvb-1024x315.png 1024w, https:\/\/wp.unil.ch\/octo-plus\/files\/2024\/10\/IUFRS_CHUV_rvb-300x92.png 300w, https:\/\/wp.unil.ch\/octo-plus\/files\/2024\/10\/IUFRS_CHUV_rvb-768x236.png 768w, https:\/\/wp.unil.ch\/octo-plus\/files\/2024\/10\/IUFRS_CHUV_rvb-1536x472.png 1536w, https:\/\/wp.unil.ch\/octo-plus\/files\/2024\/10\/IUFRS_CHUV_rvb-1200x369.png 1200w, https:\/\/wp.unil.ch\/octo-plus\/files\/2024\/10\/IUFRS_CHUV_rvb.png 1617w\" sizes=\"auto, (max-width: 1024px) 100vw, 1024px\" \/><\/figure>\n\n\n\n<figure class=\"wp-block-image size-full is-resized\"><img alt=\"\" loading=\"lazy\" decoding=\"async\" width=\"520\" height=\"216\" src=\"https:\/\/wp.unil.ch\/octo-plus\/files\/2024\/11\/1000070104.png\" alt=\"\" class=\"wp-image-302\" style=\"width:315px;height:auto\" srcset=\"https:\/\/wp.unil.ch\/octo-plus\/files\/2024\/11\/1000070104.png 520w, https:\/\/wp.unil.ch\/octo-plus\/files\/2024\/11\/1000070104-300x125.png 300w\" sizes=\"auto, (max-width: 520px) 100vw, 520px\" \/><\/figure>\n<\/div>\n","protected":false},"excerpt":{"rendered":"<p>Nous visons \u00e0 soutenir l&rsquo;implication des familles dans la recherche aux soins intensifs et aux soins interm\u00e9diaires p\u00e9diatriques. Contexte L\u2019Implication des Patients et du Public (IPP) d\u00e9signe le processus par lequel des individus, n&rsquo;ayant pas de r\u00f4le professionnel dans le domaine de la sant\u00e9 ou des soins, participent activement \u00e0 la recherche. IPP joue un [&hellip;]<\/p>\n","protected":false},"author":108,"featured_media":0,"parent":0,"menu_order":0,"comment_status":"closed","ping_status":"closed","template":"","meta":{"_seopress_robots_primary_cat":"","_seopress_titles_title":"","_seopress_titles_desc":"","_seopress_robots_index":"","footnotes":""},"class_list":["post-6","page","type-page","status-publish"],"_links":{"self":[{"href":"https:\/\/wp.unil.ch\/octo-plus\/wp-json\/wp\/v2\/pages\/6","targetHints":{"allow":["GET"]}}],"collection":[{"href":"https:\/\/wp.unil.ch\/octo-plus\/wp-json\/wp\/v2\/pages"}],"about":[{"href":"https:\/\/wp.unil.ch\/octo-plus\/wp-json\/wp\/v2\/types\/page"}],"author":[{"embeddable":true,"href":"https:\/\/wp.unil.ch\/octo-plus\/wp-json\/wp\/v2\/users\/108"}],"replies":[{"embeddable":true,"href":"https:\/\/wp.unil.ch\/octo-plus\/wp-json\/wp\/v2\/comments?post=6"}],"version-history":[{"count":4,"href":"https:\/\/wp.unil.ch\/octo-plus\/wp-json\/wp\/v2\/pages\/6\/revisions"}],"predecessor-version":[{"id":827,"href":"https:\/\/wp.unil.ch\/octo-plus\/wp-json\/wp\/v2\/pages\/6\/revisions\/827"}],"wp:attachment":[{"href":"https:\/\/wp.unil.ch\/octo-plus\/wp-json\/wp\/v2\/media?parent=6"}],"curies":[{"name":"wp","href":"https:\/\/api.w.org\/{rel}","templated":true}]}}