{"id":214,"date":"2024-10-31T20:47:50","date_gmt":"2024-10-31T19:47:50","guid":{"rendered":"https:\/\/wp.unil.ch\/octo-plus\/?page_id=214"},"modified":"2025-03-27T08:45:36","modified_gmt":"2025-03-27T07:45:36","slug":"projet-au-cours","status":"publish","type":"page","link":"https:\/\/wp.unil.ch\/octo-plus\/projet-au-cours\/","title":{"rendered":"Projets de recherche"},"content":{"rendered":"\n<h3 class=\"wp-block-heading\">Projet en cours<\/h3>\n\n\n\n<p><strong>L\u2019\u00c9tude de faisabilit\u00e9 OCToPluS&nbsp;<\/strong>&nbsp;a pour objectif d\u2019\u00e9valuer l\u2019efficacit\u00e9 des programmes de soutien familial pour les souffrant de probl\u00e8mes de sant\u00e9 graves et \u00e0 long terme dans les unit\u00e9s de soins intensifs p\u00e9diatriques. Cette \u00e9tude se concentre sur l\u2019am\u00e9lioration du bien-\u00eatre \u00e9motionnel et de la satisfaction des membres de la famille. Elle examine \u00e9galement comment ces programmes de soutien influent sur la sant\u00e9 des enfants. En proposant une gamme d\u2019activit\u00e9s centr\u00e9es sur la famille, telles que des r\u00e9unions pour discuter des besoins et en assurant une communication continue avec l\u2019\u00e9quipe de soins. Un groupe de parents\/famille partenaires ont particip\u00e9 \u00e0 d\u00e9velopper le protocole de l\u2019\u00e9tude, afin de s\u2019assurer de la pertinence des questions de recherche, des outils d\u2019\u00e9valuations, et de faciliter le recrutement. L\u2019implication des parents\/familles partenaires a \u00e9t\u00e9 extr\u00eamement pr\u00e9cieuse non seulement pour ce projet, mais aussi pour \u00e9tablir un r\u00e9seau de parents, enfant (patient) partenaires pour d\u2019autres recherches.<\/p>\n\n\n\n<h3 class=\"wp-block-heading\">Projets termin\u00e9s<\/h3>\n\n\n\n<p>OCToPuS. Cette \u00e9tude nationale multicentrique s\u2019int\u00e9resse aux&nbsp;<a rel=\"noreferrer noopener\" target=\"_blank\" href=\"https:\/\/www.frontiersin.org\/journals\/pediatrics\/articles\/10.3389\/fped.2023.1194833\/full\">caract\u00e9ristiques de soins des enfants chroniques et critiques<\/a>&nbsp;(CCI) aux soins intensifs p\u00e9diatriques, ainsi&nbsp;<a rel=\"noreferrer noopener\" target=\"_blank\" href=\"https:\/\/www.frontiersin.org\/journals\/pediatrics\/articles\/10.3389\/fped.2021.740598\/full\">qu\u2019aux exp\u00e9riences et besoins<\/a>&nbsp;et de la&nbsp;<a rel=\"noreferrer noopener\" target=\"_blank\" href=\"https:\/\/link.springer.com\/article\/10.1007\/s44253-024-00027-4\">sant\u00e9 psychosociale de leurs familles<\/a>&nbsp;et des soignants.&nbsp; Les caract\u00e9ristiques de soins des patients CCI ont \u00e9t\u00e9 analys\u00e9es r\u00e9trospectivement gr\u00e2ce \u00e0 une base de donn\u00e9es nationale de la Soci\u00e9t\u00e9 suisse de m\u00e9decine intensive. Puis, un devis de recherche mixte a \u00e9valu\u00e9 de mani\u00e8re longitudinale le stress, le fonctionnement familial, les besoins, ainsi que les strat\u00e9gies d\u2019adaptation des familles d\u2019enfants CCI. Troisi\u00e8mement, les exp\u00e9riences et besoins des \u00e9quipes multidisciplinaires ont \u00e9t\u00e9 \u00e9valu\u00e9s de mani\u00e8re transversale. Finalement, ces r\u00e9sultats ainsi que les r\u00e9sultats d\u2019une revue syst\u00e9matique ont permis de d\u00e9velopper une intervention de soins centr\u00e9s sur la famille, sp\u00e9cifique aux patients CCI et leurs familles (projet OCTOPLUS en cours).<\/p>\n\n\n\n<p><a href=\"https:\/\/www.unil.ch\/sciences-infirmieres\/fr\/home\/menuinst\/recherche\/anne-sylvie-ramelet\/recherche.html\" data-type=\"link\" data-id=\"https:\/\/www.unil.ch\/sciences-infirmieres\/fr\/home\/menuinst\/recherche\/anne-sylvie-ramelet\/recherche.html\">Plus de projets de recherche dans notre groupe<\/a><\/p>\n\n\n\n<div class=\"wp-block-group alignwide is-content-justification-space-between is-layout-flex wp-container-core-group-is-layout-256aec57 wp-block-group-is-layout-flex\">\n<figure class=\"wp-block-image size-large is-resized\"><img alt=\"\" loading=\"lazy\" decoding=\"async\" width=\"1024\" height=\"315\" src=\"https:\/\/wp.unil.ch\/octo-plus\/files\/2024\/10\/IUFRS_CHUV_rvb-1024x315.png\" alt=\"\" class=\"wp-image-287\" style=\"width:444px;height:auto\" srcset=\"https:\/\/wp.unil.ch\/octo-plus\/files\/2024\/10\/IUFRS_CHUV_rvb-1024x315.png 1024w, https:\/\/wp.unil.ch\/octo-plus\/files\/2024\/10\/IUFRS_CHUV_rvb-300x92.png 300w, https:\/\/wp.unil.ch\/octo-plus\/files\/2024\/10\/IUFRS_CHUV_rvb-768x236.png 768w, https:\/\/wp.unil.ch\/octo-plus\/files\/2024\/10\/IUFRS_CHUV_rvb-1536x472.png 1536w, https:\/\/wp.unil.ch\/octo-plus\/files\/2024\/10\/IUFRS_CHUV_rvb-1200x369.png 1200w, https:\/\/wp.unil.ch\/octo-plus\/files\/2024\/10\/IUFRS_CHUV_rvb.png 1617w\" sizes=\"auto, (max-width: 1024px) 100vw, 1024px\" \/><\/figure>\n\n\n\n<figure class=\"wp-block-image size-full is-resized\"><img alt=\"\" loading=\"lazy\" decoding=\"async\" width=\"520\" height=\"216\" src=\"https:\/\/wp.unil.ch\/octo-plus\/files\/2024\/11\/1000070104.png\" alt=\"\" class=\"wp-image-302\" style=\"width:315px;height:auto\" srcset=\"https:\/\/wp.unil.ch\/octo-plus\/files\/2024\/11\/1000070104.png 520w, https:\/\/wp.unil.ch\/octo-plus\/files\/2024\/11\/1000070104-300x125.png 300w\" sizes=\"auto, (max-width: 520px) 100vw, 520px\" \/><\/figure>\n<\/div>\n","protected":false},"excerpt":{"rendered":"<p>Projet en cours L\u2019\u00c9tude de faisabilit\u00e9 OCToPluS&nbsp;&nbsp;a pour objectif d\u2019\u00e9valuer l\u2019efficacit\u00e9 des programmes de soutien familial pour les souffrant de probl\u00e8mes de sant\u00e9 graves et \u00e0 long terme dans les unit\u00e9s de soins intensifs p\u00e9diatriques. Cette \u00e9tude se concentre sur l\u2019am\u00e9lioration du bien-\u00eatre \u00e9motionnel et de la satisfaction des membres de la famille. Elle examine [&hellip;]<\/p>\n","protected":false},"author":1002909,"featured_media":0,"parent":0,"menu_order":0,"comment_status":"closed","ping_status":"closed","template":"","meta":{"_seopress_robots_primary_cat":"","_seopress_titles_title":"","_seopress_titles_desc":"","_seopress_robots_index":"","footnotes":""},"class_list":["post-214","page","type-page","status-publish"],"_links":{"self":[{"href":"https:\/\/wp.unil.ch\/octo-plus\/wp-json\/wp\/v2\/pages\/214","targetHints":{"allow":["GET"]}}],"collection":[{"href":"https:\/\/wp.unil.ch\/octo-plus\/wp-json\/wp\/v2\/pages"}],"about":[{"href":"https:\/\/wp.unil.ch\/octo-plus\/wp-json\/wp\/v2\/types\/page"}],"author":[{"embeddable":true,"href":"https:\/\/wp.unil.ch\/octo-plus\/wp-json\/wp\/v2\/users\/1002909"}],"replies":[{"embeddable":true,"href":"https:\/\/wp.unil.ch\/octo-plus\/wp-json\/wp\/v2\/comments?post=214"}],"version-history":[{"count":5,"href":"https:\/\/wp.unil.ch\/octo-plus\/wp-json\/wp\/v2\/pages\/214\/revisions"}],"predecessor-version":[{"id":797,"href":"https:\/\/wp.unil.ch\/octo-plus\/wp-json\/wp\/v2\/pages\/214\/revisions\/797"}],"wp:attachment":[{"href":"https:\/\/wp.unil.ch\/octo-plus\/wp-json\/wp\/v2\/media?parent=214"}],"curies":[{"name":"wp","href":"https:\/\/api.w.org\/{rel}","templated":true}]}}