{"id":184,"date":"2024-11-13T15:48:30","date_gmt":"2024-11-13T14:48:30","guid":{"rendered":"https:\/\/wp.unil.ch\/octo-plus\/?page_id=184"},"modified":"2025-03-27T15:35:48","modified_gmt":"2025-03-27T14:35:48","slug":"des-famillie-partenaires","status":"publish","type":"page","link":"https:\/\/wp.unil.ch\/octo-plus\/des-famillie-partenaires\/","title":{"rendered":"Familles partenaires"},"content":{"rendered":"\n<p>Vous \u00eates int\u00e9ress\u00e9 par la recherche m\u00e9dicale ? Souhaitez-vous rejoindre une \u00e9quipe et d\u00e9couvrir les coulisses de la recherche m\u00e9dicale ? C&rsquo;est votre opportunit\u00e9 ! En devenant un famille partenaire dans nos initiatives de recherche, vous jouez un r\u00f4le essentiel dans l&rsquo;am\u00e9lioration de la validit\u00e9 et de la pertinence de nos \u00e9tudes. Vos perspectives r\u00e9pondent aux d\u00e9fis r\u00e9els auxquels sont confront\u00e9es les familles, garantissant que notre recherche reste \u00e9troitement align\u00e9e avec vos besoins. Cette collaboration renforce les r\u00e9sultats des projets de recherche et amplifie leur impact concret.<\/p>\n\n\n\n<div class=\"wp-block-cover alignfull is-light\" style=\"margin-top:0;padding-top:6vw;padding-right:6vw;padding-bottom:6vw;padding-left:6vw\"><span aria-hidden=\"true\" class=\"wp-block-cover__background has-background-dim-100 has-background-dim\" style=\"background-color:#223363\"><\/span><div class=\"wp-block-cover__inner-container is-layout-flow wp-block-cover-is-layout-flow\">\n<h3 class=\"wp-block-heading has-text-align-center\"><span style=\"color: #FFFFFF\">Comment contribuer<\/span><\/h3>\n\n\n\n<ul>\n<li><span style=\"color: #ffffff\">La formulation de questions de recherche pertinentes<\/span><\/li>\n<li><span style=\"color: #ffffff\">La pr\u00e9paration du protocole d&rsquo;\u00e9tude et sa pr\u00e9sentation au grand public<\/span><\/li>\n<li><span style=\"color: #ffffff\">Le recrutement de participants<\/span><\/li>\n<li><span style=\"color: #ffffff\">La collecte de donn\u00e9es, par exemple par le biais d&rsquo;interviews avec des patients<\/span><\/li>\n<li><span style=\"color: #ffffff\">L&rsquo;analyse et l&rsquo;interpr\u00e9tation des r\u00e9sultats de recherche<\/span><\/li>\n<\/ul>\n\n\n\n<blockquote>\n<h4 style=\"text-align: center\"><span style=\"color: #ffffff\">Vous souhaitez en savoir plus sur la collaboration avec nous en tant que partenaire familial ?<\/span><\/h4>\n<\/blockquote>\n\n\n\n<p style=\"text-align: center\"><span style=\"color: #ffffff\">Discutez avec l&rsquo;un de nos partenaires familiaux exp\u00e9riment\u00e9s pour d\u00e9couvrir leur exp\u00e9rience<\/span><\/p>\n\n\n\n<div class=\"wp-block-buttons is-layout-flex wp-block-buttons-is-layout-flex\">\n<div class=\"wp-block-button\"><a class=\"wp-block-button__link wp-element-button\" href=\"https:\/\/wp.unil.ch\/octo-plus\/pourquoi-se-former\/\">Pourquoi se former<\/a><\/div>\n<\/div>\n<\/div><\/div>\n\n\n\n<div class=\"wp-block-group alignwide is-content-justification-space-between is-layout-flex wp-container-core-group-is-layout-256aec57 wp-block-group-is-layout-flex\">\n<figure class=\"wp-block-image size-large is-resized\"><img alt=\"\" loading=\"lazy\" decoding=\"async\" width=\"1024\" height=\"315\" src=\"https:\/\/wp.unil.ch\/octo-plus\/files\/2024\/10\/IUFRS_CHUV_rvb-1024x315.png\" alt=\"\" class=\"wp-image-287\" style=\"width:444px;height:auto\" srcset=\"https:\/\/wp.unil.ch\/octo-plus\/files\/2024\/10\/IUFRS_CHUV_rvb-1024x315.png 1024w, https:\/\/wp.unil.ch\/octo-plus\/files\/2024\/10\/IUFRS_CHUV_rvb-300x92.png 300w, https:\/\/wp.unil.ch\/octo-plus\/files\/2024\/10\/IUFRS_CHUV_rvb-768x236.png 768w, https:\/\/wp.unil.ch\/octo-plus\/files\/2024\/10\/IUFRS_CHUV_rvb-1536x472.png 1536w, https:\/\/wp.unil.ch\/octo-plus\/files\/2024\/10\/IUFRS_CHUV_rvb-1200x369.png 1200w, https:\/\/wp.unil.ch\/octo-plus\/files\/2024\/10\/IUFRS_CHUV_rvb.png 1617w\" sizes=\"auto, (max-width: 1024px) 100vw, 1024px\" \/><\/figure>\n\n\n\n<figure class=\"wp-block-image size-full is-resized\"><img alt=\"\" loading=\"lazy\" decoding=\"async\" width=\"520\" height=\"216\" src=\"https:\/\/wp.unil.ch\/octo-plus\/files\/2024\/11\/1000070104.png\" alt=\"\" class=\"wp-image-302\" style=\"width:315px;height:auto\" srcset=\"https:\/\/wp.unil.ch\/octo-plus\/files\/2024\/11\/1000070104.png 520w, https:\/\/wp.unil.ch\/octo-plus\/files\/2024\/11\/1000070104-300x125.png 300w\" sizes=\"auto, (max-width: 520px) 100vw, 520px\" \/><\/figure>\n<\/div>\n","protected":false},"excerpt":{"rendered":"<p>Vous \u00eates int\u00e9ress\u00e9 par la recherche m\u00e9dicale ? Souhaitez-vous rejoindre une \u00e9quipe et d\u00e9couvrir les coulisses de la recherche m\u00e9dicale ? C&rsquo;est votre opportunit\u00e9 ! En devenant un famille partenaire dans nos initiatives de recherche, vous jouez un r\u00f4le essentiel dans l&rsquo;am\u00e9lioration de la validit\u00e9 et de la pertinence de nos \u00e9tudes. Vos perspectives r\u00e9pondent [&hellip;]<\/p>\n","protected":false},"author":1002909,"featured_media":0,"parent":0,"menu_order":0,"comment_status":"closed","ping_status":"closed","template":"","meta":{"_seopress_robots_primary_cat":"","_seopress_titles_title":"","_seopress_titles_desc":"","_seopress_robots_index":"","footnotes":""},"class_list":["post-184","page","type-page","status-publish"],"_links":{"self":[{"href":"https:\/\/wp.unil.ch\/octo-plus\/wp-json\/wp\/v2\/pages\/184","targetHints":{"allow":["GET"]}}],"collection":[{"href":"https:\/\/wp.unil.ch\/octo-plus\/wp-json\/wp\/v2\/pages"}],"about":[{"href":"https:\/\/wp.unil.ch\/octo-plus\/wp-json\/wp\/v2\/types\/page"}],"author":[{"embeddable":true,"href":"https:\/\/wp.unil.ch\/octo-plus\/wp-json\/wp\/v2\/users\/1002909"}],"replies":[{"embeddable":true,"href":"https:\/\/wp.unil.ch\/octo-plus\/wp-json\/wp\/v2\/comments?post=184"}],"version-history":[{"count":5,"href":"https:\/\/wp.unil.ch\/octo-plus\/wp-json\/wp\/v2\/pages\/184\/revisions"}],"predecessor-version":[{"id":813,"href":"https:\/\/wp.unil.ch\/octo-plus\/wp-json\/wp\/v2\/pages\/184\/revisions\/813"}],"wp:attachment":[{"href":"https:\/\/wp.unil.ch\/octo-plus\/wp-json\/wp\/v2\/media?parent=184"}],"curies":[{"name":"wp","href":"https:\/\/api.w.org\/{rel}","templated":true}]}}