{"id":6,"date":"2017-10-11T10:32:19","date_gmt":"2017-10-11T08:32:19","guid":{"rendered":"http:\/\/wp.unil.ch\/newsftsr\/?page_id=6"},"modified":"2025-09-12T10:55:42","modified_gmt":"2025-09-12T08:55:42","slug":"home","status":"publish","type":"page","link":"https:\/\/wp.unil.ch\/newsftsr\/","title":{"rendered":"Factualit\u00e9s"},"content":{"rendered":"\n<p class=\"has-text-align-left\">Bienvenue sur le site de <strong><em>Factualit\u00e9s<\/em><\/strong>, la lettre d&rsquo;information de la Facult\u00e9 de th\u00e9ologie et de sciences des religions de l&rsquo;Universit\u00e9 de Lausanne.<\/p>\n\n\n\n<p class=\"has-text-align-left\">Cette lettre annuelle vous informe sur les actualit\u00e9s et \u00e9v\u00e9nements de la FTSR, la vie de la facult\u00e9 ainsi que les derni\u00e8res publications de ses membres.<\/p>\n\n\n\n<p><a href=\"https:\/\/wp.unil.ch\/newsftsr?mailpoet_router&amp;endpoint=view_in_browser&amp;action=view&amp;data=WzE0MCwiZDQ4ZDNjZWYzMWZkIiwwLDAsMTEwLDFd\" data-type=\"link\" data-id=\"https:\/\/wp.unil.ch\/newsftsr?mailpoet_router&amp;endpoint=view_in_browser&amp;action=view&amp;data=WzE0MCwiZDQ4ZDNjZWYzMWZkIiwwLDAsMTEwLDFd\">Dernier num\u00e9ro paru (ao\u00fbt 2025)<\/a><\/p>\n\n\n\n<p><\/p>\n","protected":false},"excerpt":{"rendered":"<p>Bienvenue sur le site de Factualit\u00e9s, la lettre d&rsquo;information de la Facult\u00e9 de th\u00e9ologie et de sciences des religions de l&rsquo;Universit\u00e9 de Lausanne. Cette lettre annuelle vous informe sur les actualit\u00e9s et \u00e9v\u00e9nements de la FTSR, la vie de la<\/p>\n","protected":false},"author":108,"featured_media":0,"parent":0,"menu_order":0,"comment_status":"closed","ping_status":"closed","template":"","meta":{"_seopress_robots_primary_cat":"","_seopress_titles_title":"","_seopress_titles_desc":"","_seopress_robots_index":"","footnotes":""},"class_list":["post-6","page","type-page","status-publish"],"_links":{"self":[{"href":"https:\/\/wp.unil.ch\/newsftsr\/wp-json\/wp\/v2\/pages\/6","targetHints":{"allow":["GET"]}}],"collection":[{"href":"https:\/\/wp.unil.ch\/newsftsr\/wp-json\/wp\/v2\/pages"}],"about":[{"href":"https:\/\/wp.unil.ch\/newsftsr\/wp-json\/wp\/v2\/types\/page"}],"author":[{"embeddable":true,"href":"https:\/\/wp.unil.ch\/newsftsr\/wp-json\/wp\/v2\/users\/108"}],"replies":[{"embeddable":true,"href":"https:\/\/wp.unil.ch\/newsftsr\/wp-json\/wp\/v2\/comments?post=6"}],"version-history":[{"count":5,"href":"https:\/\/wp.unil.ch\/newsftsr\/wp-json\/wp\/v2\/pages\/6\/revisions"}],"predecessor-version":[{"id":878,"href":"https:\/\/wp.unil.ch\/newsftsr\/wp-json\/wp\/v2\/pages\/6\/revisions\/878"}],"wp:attachment":[{"href":"https:\/\/wp.unil.ch\/newsftsr\/wp-json\/wp\/v2\/media?parent=6"}],"curies":[{"name":"wp","href":"https:\/\/api.w.org\/{rel}","templated":true}]}}