{"id":392,"date":"2021-03-26T09:14:55","date_gmt":"2021-03-26T08:14:55","guid":{"rendered":"https:\/\/wp.unil.ch\/newsci\/?page_id=392"},"modified":"2021-10-20T14:41:40","modified_gmt":"2021-10-20T12:41:40","slug":"par-types-darticles","status":"publish","type":"page","link":"https:\/\/wp.unil.ch\/newsci\/par-types-darticles\/","title":{"rendered":"Par types d&rsquo;articles"},"content":{"rendered":"\n<p><a href=\"https:\/\/wp.unil.ch\/newsci\/tag\/instantanes\/\" data-type=\"URL\" data-id=\"https:\/\/wp.unil.ch\/newsci\/tag\/instantanes\/\">Les instantan\u00e9s<\/a><br>Les actualit\u00e9s, bri\u00e8vement de passage sur ce blog<\/p>\n\n\n\n<p><a href=\"https:\/\/wp.unil.ch\/newsci\/tag\/affiche\/\" data-type=\"URL\" data-id=\"https:\/\/wp.unil.ch\/newsci\/tag\/affiche\/\">A l&rsquo;affiche<\/a><br>Les projets, r\u00e9alisations, mises \u00e0 jour et modifications de nos services, pr\u00e9sents sur ce blog pendant une certaine dur\u00e9e<\/p>\n\n\n\n<p><a href=\"https:\/\/wp.unil.ch\/newsci\/tag\/indemodables\/\" data-type=\"URL\" data-id=\"https:\/\/wp.unil.ch\/newsci\/tag\/indemodables\/\">Les ind\u00e9modables<\/a><br>Les guides et articles de r\u00e9f\u00e9rence, permanents sur ce blog et r\u00e9guli\u00e8rement remis \u00e0 jour<\/p>\n","protected":false},"excerpt":{"rendered":"<p>Les instantan\u00e9sLes actualit\u00e9s, bri\u00e8vement de passage sur ce blog A l&rsquo;afficheLes projets, r\u00e9alisations, mises \u00e0 jour et modifications de nos services, pr\u00e9sents sur ce blog pendant une certaine&hellip;<\/p>\n","protected":false},"author":108,"featured_media":0,"parent":0,"menu_order":0,"comment_status":"closed","ping_status":"closed","template":"template-full-width.php","meta":{"_seopress_robots_primary_cat":"","_seopress_titles_title":"","_seopress_titles_desc":"","_seopress_robots_index":"","footnotes":""},"class_list":["post-392","page","type-page","status-publish","has-post-thumbnail"],"_links":{"self":[{"href":"https:\/\/wp.unil.ch\/newsci\/wp-json\/wp\/v2\/pages\/392","targetHints":{"allow":["GET"]}}],"collection":[{"href":"https:\/\/wp.unil.ch\/newsci\/wp-json\/wp\/v2\/pages"}],"about":[{"href":"https:\/\/wp.unil.ch\/newsci\/wp-json\/wp\/v2\/types\/page"}],"author":[{"embeddable":true,"href":"https:\/\/wp.unil.ch\/newsci\/wp-json\/wp\/v2\/users\/108"}],"replies":[{"embeddable":true,"href":"https:\/\/wp.unil.ch\/newsci\/wp-json\/wp\/v2\/comments?post=392"}],"version-history":[{"count":0,"href":"https:\/\/wp.unil.ch\/newsci\/wp-json\/wp\/v2\/pages\/392\/revisions"}],"wp:attachment":[{"href":"https:\/\/wp.unil.ch\/newsci\/wp-json\/wp\/v2\/media?parent=392"}],"curies":[{"name":"wp","href":"https:\/\/api.w.org\/{rel}","templated":true}]}}