{"id":281,"date":"2021-02-01T14:32:36","date_gmt":"2021-02-01T13:32:36","guid":{"rendered":"https:\/\/wp.unil.ch\/newsci\/?page_id=281"},"modified":"2025-06-04T10:48:01","modified_gmt":"2025-06-04T08:48:01","slug":"a-propos","status":"publish","type":"page","link":"https:\/\/wp.unil.ch\/newsci\/a-propos\/","title":{"rendered":"A propos"},"content":{"rendered":"\n<p>Notre blog \u00ab\u00a0News du Ci\u00a0\u00bb succ\u00e8de depuis 2021 \u00e0 notre ancien journal en ligne CiNN.<\/p>\n\n\n\n<p>Nos services et prestations sont pr\u00e9sent\u00e9s <a href=\"https:\/\/www.unil.ch\/ci\" data-type=\"URL\" data-id=\"https:\/\/www.unil.ch\/ci\">sur notre site web<\/a>.<\/p>\n\n\n\n<p>Pour nous contacter: <a href=\"mailto:helpdesk@unil.ch\">helpdesk@unil.ch<\/a><\/p>\n\n\n\n<div class=\"wp-block-group alignwide\"><div class=\"wp-block-group__inner-container is-layout-constrained wp-block-group-is-layout-constrained\">\n<h2 class=\"wp-block-heading\">Notre utilisation de l\u2019IA g\u00e9n\u00e9rative<\/h2>\n\n\n\n<p>Sur le blog du Centre informatique, nous utilisons ponctuellement des outils d\u2019intelligence artificielle pour produire certaines illustrations et visuels qui accompagnent nos articles. Cette approche nous permet de cr\u00e9er des images adapt\u00e9es \u00e0 nos contenus, tout en restant coh\u00e9rents avec les ressources internes de l&rsquo;\u00e9quipe et en apportant parfois une touche de l\u00e9g\u00e8ret\u00e9 \u00e0 des sujets souvent techniques.<\/p>\n\n\n\n<p>Nous faisons en revanche tr\u00e8s attention \u00e0 respecter des principes stricts d\u2019\u00e9thique dans l\u2019utilisation de ces outils. Concr\u00e8tement :<\/p>\n\n\n\n<ul class=\"wp-block-list\">\n<li>Nos visuels sont g\u00e9n\u00e9r\u00e9s \u00e0 partir de descriptions g\u00e9n\u00e9riques, sans r\u00e9f\u00e9rences \u00e0 des artistes, \u00e0 des \u0153uvres existantes ou \u00e0 des styles prot\u00e9g\u00e9s.<\/li>\n\n\n\n<li>Nous \u00e9vitons d\u00e9lib\u00e9r\u00e9ment d&rsquo;utiliser des prompts qui chercheraient \u00e0 imiter ou \u00e0 reproduire le travail d&rsquo;un studio, d&rsquo;un illustrateur ou d&rsquo;une production identifiable.<\/li>\n\n\n\n<li>Notre objectif est de produire des illustrations fonctionnelles, p\u00e9dagogiques et adapt\u00e9es au ton \u00e9ditorial du blog, sans appropriation de style.<\/li>\n<\/ul>\n\n\n\n<p>L\u2019intelligence artificielle est ici un outil au service du contenu : elle permet de g\u00e9n\u00e9rer des visuels coh\u00e9rents, sur-mesure, et directement li\u00e9s aux sujets que nous abordons, sans chercher \u00e0 copier ou exploiter des cr\u00e9ations existantes.<\/p>\n\n\n\n<p>Par souci de transparence, lorsque l\u2019illustration d\u2019un article a \u00e9t\u00e9 g\u00e9n\u00e9r\u00e9e \u00e0 l\u2019aide d\u2019IA, cela est syst\u00e9matiquement indiqu\u00e9 dans la publication.<\/p>\n\n\n\n<p>Nous consid\u00e9rons qu\u2019il est de notre responsabilit\u00e9 d\u2019int\u00e9grer ces technologies avec discernement, transparence et dans le respect du travail des artistes.<\/p>\n<\/div><\/div>\n","protected":false},"excerpt":{"rendered":"<p>Notre blog \u00ab\u00a0News du Ci\u00a0\u00bb succ\u00e8de depuis 2021 \u00e0 notre ancien journal en ligne CiNN. Nos services et prestations sont pr\u00e9sent\u00e9s sur notre site web. Pour nous contacter:&hellip;<\/p>\n","protected":false},"author":108,"featured_media":0,"parent":0,"menu_order":0,"comment_status":"closed","ping_status":"closed","template":"","meta":{"_seopress_robots_primary_cat":"","_seopress_titles_title":"","_seopress_titles_desc":"","_seopress_robots_index":"","footnotes":""},"class_list":["post-281","page","type-page","status-publish","has-post-thumbnail"],"_links":{"self":[{"href":"https:\/\/wp.unil.ch\/newsci\/wp-json\/wp\/v2\/pages\/281","targetHints":{"allow":["GET"]}}],"collection":[{"href":"https:\/\/wp.unil.ch\/newsci\/wp-json\/wp\/v2\/pages"}],"about":[{"href":"https:\/\/wp.unil.ch\/newsci\/wp-json\/wp\/v2\/types\/page"}],"author":[{"embeddable":true,"href":"https:\/\/wp.unil.ch\/newsci\/wp-json\/wp\/v2\/users\/108"}],"replies":[{"embeddable":true,"href":"https:\/\/wp.unil.ch\/newsci\/wp-json\/wp\/v2\/comments?post=281"}],"version-history":[{"count":2,"href":"https:\/\/wp.unil.ch\/newsci\/wp-json\/wp\/v2\/pages\/281\/revisions"}],"predecessor-version":[{"id":2931,"href":"https:\/\/wp.unil.ch\/newsci\/wp-json\/wp\/v2\/pages\/281\/revisions\/2931"}],"wp:attachment":[{"href":"https:\/\/wp.unil.ch\/newsci\/wp-json\/wp\/v2\/media?parent=281"}],"curies":[{"name":"wp","href":"https:\/\/api.w.org\/{rel}","templated":true}]}}