{"id":864,"date":"2024-11-25T11:20:46","date_gmt":"2024-11-25T10:20:46","guid":{"rendered":"https:\/\/wp.unil.ch\/ncs2\/?page_id=864"},"modified":"2025-01-17T03:26:46","modified_gmt":"2025-01-17T02:26:46","slug":"erste-ergebnisse","status":"publish","type":"page","link":"https:\/\/wp.unil.ch\/ncs2\/erste-ergebnisse\/","title":{"rendered":"Erste Ergebnisse"},"content":{"rendered":"\n<h2 class=\"wp-block-heading\">Ver\u00e4nderungen in der religi\u00f6sen Landschaft der Schweiz<\/h2>\n\n\n\n<ul class=\"wp-block-list\">\n<li><a href=\"https:\/\/www.socialchangeswitzerland.ch\/?p=4176\">S\u00e4kularisierung und Inklusivit\u00e4t. Die Entwicklung lokaler religi\u00f6ser Gruppen in der Schweiz (2008-2022)<\/a>\n<ul class=\"wp-block-list\">\n<li>Artikel in Social Change in Switzerland \u00fcber die S\u00e4kularisierung und die zunehmende Offenheit religi\u00f6ser Gruppen gegen\u00fcber weiblichen F\u00fchrungskr\u00e4ften und homosexuellen Menschen<\/li>\n<\/ul>\n<\/li>\n\n\n\n<li><a href=\"https:\/\/wp.unil.ch\/ncs2\/files\/2024\/12\/six_changes_DE.pdf\">Die Transformation lokaler religi\u00f6ser Gruppen in der Schweiz: sechs Trends (2008-2022)<\/a>\n<ul class=\"wp-block-list\">\n<li>Allgemeinerer Bericht, der weitere Trends aufzeigt<\/li>\n<\/ul>\n<\/li>\n<\/ul>\n","protected":false},"excerpt":{"rendered":"<p>Ver\u00e4nderungen in der religi\u00f6sen Landschaft der Schweiz<\/p>\n","protected":false},"author":1002409,"featured_media":0,"parent":0,"menu_order":0,"comment_status":"closed","ping_status":"closed","template":"","meta":{"_seopress_robots_primary_cat":"","_seopress_titles_title":"","_seopress_titles_desc":"","_seopress_robots_index":"","footnotes":""},"class_list":["post-864","page","type-page","status-publish"],"_links":{"self":[{"href":"https:\/\/wp.unil.ch\/ncs2\/wp-json\/wp\/v2\/pages\/864","targetHints":{"allow":["GET"]}}],"collection":[{"href":"https:\/\/wp.unil.ch\/ncs2\/wp-json\/wp\/v2\/pages"}],"about":[{"href":"https:\/\/wp.unil.ch\/ncs2\/wp-json\/wp\/v2\/types\/page"}],"author":[{"embeddable":true,"href":"https:\/\/wp.unil.ch\/ncs2\/wp-json\/wp\/v2\/users\/1002409"}],"replies":[{"embeddable":true,"href":"https:\/\/wp.unil.ch\/ncs2\/wp-json\/wp\/v2\/comments?post=864"}],"version-history":[{"count":5,"href":"https:\/\/wp.unil.ch\/ncs2\/wp-json\/wp\/v2\/pages\/864\/revisions"}],"predecessor-version":[{"id":906,"href":"https:\/\/wp.unil.ch\/ncs2\/wp-json\/wp\/v2\/pages\/864\/revisions\/906"}],"wp:attachment":[{"href":"https:\/\/wp.unil.ch\/ncs2\/wp-json\/wp\/v2\/media?parent=864"}],"curies":[{"name":"wp","href":"https:\/\/api.w.org\/{rel}","templated":true}]}}