{"id":861,"date":"2024-11-25T11:20:44","date_gmt":"2024-11-25T10:20:44","guid":{"rendered":"https:\/\/wp.unil.ch\/ncs2\/?page_id=861"},"modified":"2025-01-17T03:24:09","modified_gmt":"2025-01-17T02:24:09","slug":"premiers-resultats","status":"publish","type":"page","link":"https:\/\/wp.unil.ch\/ncs2\/premiers-resultats\/","title":{"rendered":"Premiers r\u00e9sultats"},"content":{"rendered":"\n<h2 class=\"wp-block-heading\">Changements dans le paysage religieux en Suisse<\/h2>\n\n\n\n<ul class=\"wp-block-list\">\n<li><a href=\"https:\/\/www.socialchangeswitzerland.ch\/?p=4167\">S\u00e9cularisation et inclusion. L\u2019\u00e9volution des groupes religieux locaux en Suisse (2008\u20132022)<\/a>\n<ul class=\"wp-block-list\">\n<li>Article dans Social Change in Switzerland sur la s\u00e9cularisation et l\u2019ouverture croissante des groupes religieux locaux au leadership des femmes et aux personnes homosexuelles<\/li>\n<\/ul>\n<\/li>\n\n\n\n<li><a href=\"https:\/\/wp.unil.ch\/ncs2\/files\/2024\/12\/six_changes_FR-1.pdf\">La transformation des groupes religieux locaux suisses, vue \u00e0 travers six tendances (2008 &#8211; 2022)<\/a>\n<ul class=\"wp-block-list\">\n<li>Rapport plus g\u00e9n\u00e9ral pr\u00e9sentant d\u2019autres tendances<\/li>\n<\/ul>\n<\/li>\n<\/ul>\n","protected":false},"excerpt":{"rendered":"<p>Changements dans le paysage religieux en Suisse<\/p>\n","protected":false},"author":1002409,"featured_media":0,"parent":0,"menu_order":0,"comment_status":"closed","ping_status":"closed","template":"","meta":{"_seopress_robots_primary_cat":"","_seopress_titles_title":"","_seopress_titles_desc":"","_seopress_robots_index":"","footnotes":""},"class_list":["post-861","page","type-page","status-publish"],"_links":{"self":[{"href":"https:\/\/wp.unil.ch\/ncs2\/wp-json\/wp\/v2\/pages\/861","targetHints":{"allow":["GET"]}}],"collection":[{"href":"https:\/\/wp.unil.ch\/ncs2\/wp-json\/wp\/v2\/pages"}],"about":[{"href":"https:\/\/wp.unil.ch\/ncs2\/wp-json\/wp\/v2\/types\/page"}],"author":[{"embeddable":true,"href":"https:\/\/wp.unil.ch\/ncs2\/wp-json\/wp\/v2\/users\/1002409"}],"replies":[{"embeddable":true,"href":"https:\/\/wp.unil.ch\/ncs2\/wp-json\/wp\/v2\/comments?post=861"}],"version-history":[{"count":4,"href":"https:\/\/wp.unil.ch\/ncs2\/wp-json\/wp\/v2\/pages\/861\/revisions"}],"predecessor-version":[{"id":905,"href":"https:\/\/wp.unil.ch\/ncs2\/wp-json\/wp\/v2\/pages\/861\/revisions\/905"}],"wp:attachment":[{"href":"https:\/\/wp.unil.ch\/ncs2\/wp-json\/wp\/v2\/media?parent=861"}],"curies":[{"name":"wp","href":"https:\/\/api.w.org\/{rel}","templated":true}]}}