{"id":744,"date":"2024-02-15T23:16:45","date_gmt":"2024-02-15T22:16:45","guid":{"rendered":"https:\/\/wp.unil.ch\/ncs2\/?page_id=744"},"modified":"2025-06-02T12:58:25","modified_gmt":"2025-06-02T10:58:25","slug":"publications-2","status":"publish","type":"page","link":"https:\/\/wp.unil.ch\/ncs2\/publications-2\/","title":{"rendered":"Publications"},"content":{"rendered":"<p><!-- NCSS 2 Section --><\/p>\n<h2 class=\"wp-block-heading\" style=\"font-size: 24px\">NCSS 2<\/h2>\n<ul style=\"font-size: 18px\">\n<li>\n    Senn, J. &amp; Stolz, J. (2025). <strong>The Sequential Rise of Female Religious Leadership.<\/strong> <em>Sociological Science<\/em>, <em>12<\/em>(9), 180-201.<br \/>\n    <a href=\"https:\/\/sociologicalscience.com\/download\/vol_12\/march\/SocSci_v12_180to201.pdf\">[access]<\/a>\n  <\/li>\n<li>\n    Senn, J., Stolz, J. &amp; Monnot, C. (2024). <strong>Diversity dynamics. How local religious groups are born, stay, and die over time.<\/strong> <em>Journal for the Scientific Study of Religion<\/em>, <em>63<\/em>(3), 519-542.<br \/>\n    <a href=\"https:\/\/doi.org\/10.1111\/jssr.12907\">[access]<\/a>\n  <\/li>\n<\/ul>\n<p><!-- NCSS 1 Section --><\/p>\n<h2 class=\"wp-block-heading\" style=\"font-size: 24px\">NCSS 1<\/h2>\n<ul style=\"font-size: 18px\">\n<li>\n    Monnot, C. (2020). <strong>The diversity of religious diversity. Using census and NCS methodology in order to map and assess the religious diversity of a whole country.<\/strong> In A. K\u00f6rs, W. Weisse, &amp; J.-P. Willaime (Eds.), <em>Religious diversity and interreligious dialogue<\/em> (pp. 133-151). Springer International Publishing.<br \/>\n    <a href=\"https:\/\/doi.org\/10.1007\/978-3-030-31856-7_10\">[access]<\/a>\n  <\/li>\n<li>\n    Stolz, J., &amp; Monnot, C. (2020). <strong>Does establishment suppress the political activities of religious congregations? Evidence from Switzerland.<\/strong> <em>Politics and Religion<\/em>, <em>13<\/em>(1), 28-56.<br \/>\n    <a href=\"https:\/\/doi.org\/10.1017\/S1755048319000105\">[access]<\/a>\n  <\/li>\n<li>\n    Monnot, C. (2020). <strong>The city as a continuous laboratory for diversity: The case of Geneva.<\/strong> <em>Social Inclusion<\/em>, <em>8<\/em>(3), 262-272.<br \/>\n    <a href=\"https:\/\/doi.org\/10.17645\/si.v8i3.3057\">[access]<\/a>\n  <\/li>\n<li>\n    Stolz, J., &amp; Monnot, C. (2019). <strong>\u00c9glises \u00e9tablies et groupes nouveaux venus. Une mise en perspective webero-bourdieusienne du champ religieux helv\u00e9tique.<\/strong> In J. Baub\u00e9rot, P. Portier, &amp; J.-P. Willaime (Eds.), <em>La s\u00e9cularisation en question. Religions et la\u00efcit\u00e9s au prisme des sciences sociales<\/em> (pp. 209-239). Classiques Garnier.<br \/>\n    <a href=\"https:\/\/doi.org\/10.15122\/isbn.978-2-406-09735-8.p.0209\">[access]<\/a>\n  <\/li>\n<li>\n    Stolz, J., &amp; Monnot, C. (2019). <strong>Female religious leadership in Switzerland: Norms, power, and money.<\/strong> <em>Journal of Contemporary Religion<\/em>, <em>34<\/em>(2), 353-373.<br \/>\n    <a href=\"https:\/\/doi.org\/10.1080\/13537903.2019.1621552\">[access]<\/a>\n  <\/li>\n<li>\n    Monnot, C., &amp; Stolz, J. (2019). <strong>L&rsquo;acc\u00e8s des femmes au pouvoir dans le champ religieux suisse. R\u00e9sultat d&rsquo;une \u00e9tude quantitative.<\/strong> In R. Carnac, D. Guidi, &amp; G. Roucoux (Eds.), <em>Les autorit\u00e9s religieuses face aux questions de genre. Reconfigurations contemporaines des mondes confessionnels autour des nouvelles questions sexuelles<\/em> (pp. 55-74). Presses universitaires de Rennes.\n  <\/li>\n<li>\n    Stolz, J., &amp; Chaves, M. (2017). <strong>Does disestablishment lead to religious vitality? The case of Switzerland.<\/strong> <em>The British Journal of Sociology<\/em>, <em>68<\/em>, 412-435.<br \/>\n    <a href=\"https:\/\/doi.org\/10.1111\/1468-4446.12268\">[access]<\/a>\n  <\/li>\n<li>\n    Monnot, C., &amp; Stolz, J. (2016). <strong>Distanciation de la religion, pluralisation religieuse et bien-\u00eatre.<\/strong> In F. Ehrler (Ed.), <em>Rapport social 2016: bien-\u00eatre<\/em> (pp. 18-37). Seismo.\n  <\/li>\n<li>\n    Monnot, C. (2016). <strong>Institutionnalisation des pratiques collectives bouddhistes et hindouistes en Suisse.<\/strong> <em>Religiologiques<\/em>, <em>33<\/em>, 27-52.\n  <\/li>\n<li>\n    Monnot, C. (2015). <strong>Pouvoir et genre en pentec\u00f4tisme: d\u2019un \u00ab\u00a0paradoxe\u00a0\u00bb \u00e0 l\u2019autre. Analyse \u00e0 partir d\u2019une enqu\u00eate quantitative suisse.<\/strong> In G. Malogne-Fer &amp; Y. Fer (Eds.), <em>Femmes et pentec\u00f4tismes. Enjeux d&rsquo;autorit\u00e9 et rapports de genre<\/em> (pp. 217-242). Labor et Fides.\n  <\/li>\n<li>\n    Monnot, C. (2013a). <strong>Croire ensemble. Analyse institutionnelle du paysage religieux en Suisse.<\/strong> Seismo.<br \/>\n    <a href=\"https:\/\/archive-ouverte.unige.ch\/unige:76531\">[access]<\/a>\n  <\/li>\n<li>\n    Monnot, C. (2013b). <strong>Associations musulmanes de Suisse. Diversit\u00e9, pr\u00e9carit\u00e9, respectabilit\u00e9.<\/strong> In C. Monnot (Ed.), <em>La Suisse des mosqu\u00e9es. Derri\u00e8re le voile de l&rsquo;unit\u00e9 musulmane<\/em> (pp. 27-52). Labor et Fides.\n  <\/li>\n<li>\n    Monnot, C. (2012). <strong>Mesurer la pratique religieuse. Diff\u00e9rentes mesures, diff\u00e9rents taux? Analyse comparative \u00e0 partir de la Suisse.<\/strong> <em>Archives des sciences sociales des religions<\/em>, <em>158<\/em>(1), 137-156.\n  <\/li>\n<li>\n    Stolz, J., Michel, P., &amp; Pace, E. (2011). <strong>The \u201csocial integration\u201d of religious groups in society: A social mechanism approach.<\/strong> In <em>Annual Review of the Sociology of Religion. Volume 2 (2011): Religion and Politics<\/em> (pp. 85-116). Brill.<br \/>\n    <a href=\"https:\/\/doi.org\/10.1163\/ej.9789004209282.i-335.33\">[access]<\/a>\n  <\/li>\n<\/ul>\n","protected":false},"excerpt":{"rendered":"<p>NCSS 2 Senn, J. &amp; Stolz, J. (2025). The Sequential Rise of Female Religious Leadership. Sociological Science, 12(9), 180-201. [access] Senn, J., Stolz, J. &amp; Monnot, C. (2024). Diversity dynamics. &hellip; <\/p>\n","protected":false},"author":1002409,"featured_media":0,"parent":0,"menu_order":0,"comment_status":"closed","ping_status":"closed","template":"","meta":{"_seopress_robots_primary_cat":"","_seopress_titles_title":"","_seopress_titles_desc":"","_seopress_robots_index":"","footnotes":""},"class_list":["post-744","page","type-page","status-publish"],"_links":{"self":[{"href":"https:\/\/wp.unil.ch\/ncs2\/wp-json\/wp\/v2\/pages\/744","targetHints":{"allow":["GET"]}}],"collection":[{"href":"https:\/\/wp.unil.ch\/ncs2\/wp-json\/wp\/v2\/pages"}],"about":[{"href":"https:\/\/wp.unil.ch\/ncs2\/wp-json\/wp\/v2\/types\/page"}],"author":[{"embeddable":true,"href":"https:\/\/wp.unil.ch\/ncs2\/wp-json\/wp\/v2\/users\/1002409"}],"replies":[{"embeddable":true,"href":"https:\/\/wp.unil.ch\/ncs2\/wp-json\/wp\/v2\/comments?post=744"}],"version-history":[{"count":4,"href":"https:\/\/wp.unil.ch\/ncs2\/wp-json\/wp\/v2\/pages\/744\/revisions"}],"predecessor-version":[{"id":912,"href":"https:\/\/wp.unil.ch\/ncs2\/wp-json\/wp\/v2\/pages\/744\/revisions\/912"}],"wp:attachment":[{"href":"https:\/\/wp.unil.ch\/ncs2\/wp-json\/wp\/v2\/media?parent=744"}],"curies":[{"name":"wp","href":"https:\/\/api.w.org\/{rel}","templated":true}]}}