{"id":619,"date":"2022-06-14T07:41:33","date_gmt":"2022-06-14T05:41:33","guid":{"rendered":"https:\/\/wp.unil.ch\/ncs2\/?page_id=619"},"modified":"2022-06-14T08:24:28","modified_gmt":"2022-06-14T06:24:28","slug":"principali-risultati-dellncs-1","status":"publish","type":"page","link":"https:\/\/wp.unil.ch\/ncs2\/principali-risultati-dellncs-1\/","title":{"rendered":"Principali risultati dell&rsquo;NCS 1"},"content":{"rendered":"\n<p style=\"font-size:22px\">Opere che utilizzano i dati NCS 1<\/p>\n\n\n<div class=\"wp-block-image\">\n<figure class=\"alignleft size-large is-resized\"><img alt=\"\" loading=\"lazy\" decoding=\"async\" src=\"https:\/\/wp.unil.ch\/ncs2\/files\/2022\/04\/image-706x1024.png\" alt=\"\" class=\"wp-image-412\" width=\"257\" height=\"375\" \/><\/figure>\n<\/div>\n\n\n<p class=\"has-vivid-cyan-blue-color has-text-color has-medium-font-size\"> Monnot, C. (2013).&nbsp;<em>Croire ensemble. Analyse institutionnelle du paysage religieux en Suisse<\/em>. Seismo.<\/p>\n\n\n\n<p style=\"font-size:18px\">Questo libro di Christophe Monnot, basato sui dati della prima ondata dell&rsquo;NCS, offre per la prima volta in Svizzera una prospettiva sociologica empirica e generale sulle organizzazioni religiose locali. Visto da questa angolazione, il fatto religioso si manifesta innanzitutto, come gi\u00e0 sottolineato da Weber e Durkheim, con l&rsquo;esistenza di comunit\u00e0 di varie dimensioni e profili, sia in ambito rurale che urbano. In Svizzera, nel 2008 sono state censite 5.734 parrocchie e gruppi religiosi. Questo censimento evidenzia l&rsquo;importanza istituzionale delle chiese storiche, ma anche l&#8217;emergere di una maggiore pluralit\u00e0 religiosa, soprattutto nelle aree urbane. La sociologia delle organizzazioni proposta in questo studio getta nuova luce sugli effetti della secolarizzazione (declino dei membri e delle pratiche) e della pluralizzazione (diversificazione delle confessioni e delle tradizioni religiose). L&rsquo;analisi delle differenze e delle somiglianze organizzative tra le tradizioni religiose rivela un posizionamento sociale dei gruppi in base allo status storicamente acquisito. Le teorie classiche &#8211; ad esempio, sul rapporto tra lo status sociale dei membri e i gruppi a cui appartengono, sui tipi di autorit\u00e0 religiose o sulle differenze tra chiesa e setta &#8211; sono rivisitate, chiarite o riformulate grazie a dati quantitativi originali rappresentativi del campo religioso svizzero.<\/p>\n\n\n\n<p><\/p>\n\n\n\n<p> <\/p>\n\n\n\n<p class=\"has-white-color has-text-color\"> &#8211;<\/p>\n\n\n<div class=\"wp-block-image\">\n<figure class=\"alignleft size-full is-resized\"><img alt=\"\" loading=\"lazy\" decoding=\"async\" src=\"https:\/\/wp.unil.ch\/ncs2\/files\/2022\/04\/image-1.png\" alt=\"\" class=\"wp-image-425\" width=\"261\" height=\"367\" \/><\/figure>\n<\/div>\n\n\n<p class=\"has-vivid-cyan-blue-color has-text-color has-medium-font-size\">Bochinger, C. (2012).&nbsp;<em>Religions, Etat et soci\u00e9t\u00e9: la Suisse entre s\u00e9cularisation et diversit\u00e9 religieuse<\/em>. Verlag Neue Z\u00fcrcher Zeitung.<\/p>\n\n\n\n<p style=\"font-size:18px\">Il panorama religioso della Svizzera \u00e8 caratterizzato da una crescente diversit\u00e0 religiosa. Vivono insieme cristiani di diverse origini e denominazioni, ebrei, induisti, buddisti, musulmani e persone di altre religioni. Lo Stato e la societ\u00e0 sono sfidati: come integrare con successo le nuove comunit\u00e0 religiose in Svizzera? Come vanno d&rsquo;accordo le diverse religioni tra loro e con la popolazione non religiosa? Lo Stato dovrebbe ripensare il suo rapporto con le religioni e svolgere un ruolo pi\u00f9 attivo? Per rispondere a queste domande, il Consiglio federale ha lanciato il programma di ricerca interdisciplinare \u00ab\u00a0Comunit\u00e0 religiose, Stato e societ\u00e0\u00a0\u00bb (PNR 58), di cui la prima fase del NCS \u00e8 parte integrante. Questo libro riassume i risultati dei 28 progetti del PNR 58 e ne trae raccomandazioni politiche.<\/p>\n\n\n\n<p><\/p>\n\n\n\n<p class=\"has-white-color has-text-color\">_<\/p>\n\n\n<div class=\"wp-block-image\">\n<figure class=\"alignleft size-full is-resized\"><img alt=\"\" loading=\"lazy\" decoding=\"async\" src=\"https:\/\/wp.unil.ch\/ncs2\/files\/2022\/04\/image-3.png\" alt=\"\" class=\"wp-image-442\" width=\"255\" height=\"396\" srcset=\"https:\/\/wp.unil.ch\/ncs2\/files\/2022\/04\/image-3.png 496w, https:\/\/wp.unil.ch\/ncs2\/files\/2022\/04\/image-3-193x300.png 193w\" sizes=\"auto, (max-width: 255px) 100vw, 255px\" \/><\/figure>\n<\/div>\n\n\n<p class=\"has-vivid-cyan-blue-color has-text-color has-medium-font-size\">Monnot, C., &amp; Stolz, J. (Eds.). (2018).&nbsp;<em>Congregations in Europe<\/em>. Springer.<\/p>\n\n\n\n<p style=\"font-size:18px\">Questo libro, curato da Christophe Monnot e J\u00f6rg Stolz, descrive e mappa i gruppi religiosi locali di confessioni e fedi cristiane, cos\u00ec come i gruppi di credenze ebraiche, buddiste, musulmane, ind\u00f9 e varie altre credenze spirituali in diversi Paesi europei. Presenta una ricerca sociologica concreta su come comunit\u00e0 consolidate e non, vecchie e nuove, di fedi diverse stiano creando un nuovo tipo di diversit\u00e0 religiosa a livello nazionale; su come le comunit\u00e0 religiose siano sfidate e prosperino nelle grandi citt\u00e0; e su come le comunit\u00e0 religiose stiano cambiando nel XXI secolo. In particolare, contiene un capitolo metodologico sul censimento condotto nella prima ondata dell&rsquo;indagine nazionale svizzera sui gruppi religiosi locali (NCS 1). I dati dell&rsquo;NCS 1 sono stati utilizzati anche per scrivere un capitolo sul rapporto tra gruppi religiosi consolidati e non consolidati.<\/p>\n","protected":false},"excerpt":{"rendered":"<p>Opere che utilizzano i dati NCS 1 Monnot, C. (2013).&nbsp;Croire ensemble. Analyse institutionnelle du paysage religieux en Suisse. Seismo. Questo libro di Christophe Monnot, basato sui dati della prima ondata &hellip; <\/p>\n","protected":false},"author":1002409,"featured_media":0,"parent":0,"menu_order":0,"comment_status":"closed","ping_status":"closed","template":"","meta":{"_seopress_robots_primary_cat":"","_seopress_titles_title":"","_seopress_titles_desc":"","_seopress_robots_index":"","footnotes":""},"class_list":["post-619","page","type-page","status-publish"],"_links":{"self":[{"href":"https:\/\/wp.unil.ch\/ncs2\/wp-json\/wp\/v2\/pages\/619","targetHints":{"allow":["GET"]}}],"collection":[{"href":"https:\/\/wp.unil.ch\/ncs2\/wp-json\/wp\/v2\/pages"}],"about":[{"href":"https:\/\/wp.unil.ch\/ncs2\/wp-json\/wp\/v2\/types\/page"}],"author":[{"embeddable":true,"href":"https:\/\/wp.unil.ch\/ncs2\/wp-json\/wp\/v2\/users\/1002409"}],"replies":[{"embeddable":true,"href":"https:\/\/wp.unil.ch\/ncs2\/wp-json\/wp\/v2\/comments?post=619"}],"version-history":[{"count":0,"href":"https:\/\/wp.unil.ch\/ncs2\/wp-json\/wp\/v2\/pages\/619\/revisions"}],"wp:attachment":[{"href":"https:\/\/wp.unil.ch\/ncs2\/wp-json\/wp\/v2\/media?parent=619"}],"curies":[{"name":"wp","href":"https:\/\/api.w.org\/{rel}","templated":true}]}}