{"id":6,"date":"2019-11-28T16:00:19","date_gmt":"2019-11-28T15:00:19","guid":{"rendered":"http:\/\/wp.unil.ch\/modele\/?page_id=6"},"modified":"2024-11-15T14:10:59","modified_gmt":"2024-11-15T13:10:59","slug":"home","status":"publish","type":"page","link":"https:\/\/wp.unil.ch\/ncs2\/","title":{"rendered":"Accueil"},"content":{"rendered":"\n<p style=\"font-size:18px\">Ce site pr\u00e9sente la deuxi\u00e8me vague de l&rsquo;\u00e9tude nationale sur les groupes religieux locaux, la <em>National Congregation Study<\/em> <em>2<\/em> (NCS 2). Financ\u00e9e par le FNS, cette recherche investigue les changements intervenus au sein des communaut\u00e9s religieuses locales (paroisses, mosqu\u00e9es, centres spirituels, etc.). <br><br>Elle est men\u00e9e au sein de l&rsquo;<a href=\"https:\/\/www.unil.ch\/issr\/fr\/home.html\">Institut de sciences sociales des religions<\/a> de l&rsquo;Universit\u00e9 de Lausanne. Via le menu ci-dessus, vous pourrez plus de d\u00e9tails \u00e0 propos de l&rsquo;\u00e9tude, de l&rsquo;\u00e9quipe de recherche, et des publications.<\/p>\n\n\n\n<p><br><br><\/p>\n","protected":false},"excerpt":{"rendered":"<p>Ce site pr\u00e9sente la deuxi\u00e8me vague de l&rsquo;\u00e9tude nationale sur les groupes religieux locaux, la National Congregation Study 2 (NCS 2). Financ\u00e9e par le FNS, cette recherche investigue les changements &hellip; <\/p>\n","protected":false},"author":108,"featured_media":0,"parent":0,"menu_order":0,"comment_status":"closed","ping_status":"closed","template":"","meta":{"_seopress_robots_primary_cat":"","_seopress_titles_title":"","_seopress_titles_desc":"","_seopress_robots_index":"","footnotes":""},"class_list":["post-6","page","type-page","status-publish"],"_links":{"self":[{"href":"https:\/\/wp.unil.ch\/ncs2\/wp-json\/wp\/v2\/pages\/6","targetHints":{"allow":["GET"]}}],"collection":[{"href":"https:\/\/wp.unil.ch\/ncs2\/wp-json\/wp\/v2\/pages"}],"about":[{"href":"https:\/\/wp.unil.ch\/ncs2\/wp-json\/wp\/v2\/types\/page"}],"author":[{"embeddable":true,"href":"https:\/\/wp.unil.ch\/ncs2\/wp-json\/wp\/v2\/users\/108"}],"replies":[{"embeddable":true,"href":"https:\/\/wp.unil.ch\/ncs2\/wp-json\/wp\/v2\/comments?post=6"}],"version-history":[{"count":2,"href":"https:\/\/wp.unil.ch\/ncs2\/wp-json\/wp\/v2\/pages\/6\/revisions"}],"predecessor-version":[{"id":834,"href":"https:\/\/wp.unil.ch\/ncs2\/wp-json\/wp\/v2\/pages\/6\/revisions\/834"}],"wp:attachment":[{"href":"https:\/\/wp.unil.ch\/ncs2\/wp-json\/wp\/v2\/media?parent=6"}],"curies":[{"name":"wp","href":"https:\/\/api.w.org\/{rel}","templated":true}]}}