{"id":589,"date":"2022-06-14T07:07:17","date_gmt":"2022-06-14T05:07:17","guid":{"rendered":"https:\/\/wp.unil.ch\/ncs2\/?page_id=589"},"modified":"2024-11-15T10:07:48","modified_gmt":"2024-11-15T09:07:48","slug":"equipe-de-recherche","status":"publish","type":"page","link":"https:\/\/wp.unil.ch\/ncs2\/equipe-de-recherche\/","title":{"rendered":"Equipe de recherche"},"content":{"rendered":"<p><!-- Person 1 --><\/p>\n<div style=\"overflow: hidden;margin-bottom: 30px\"><img loading=\"lazy\" decoding=\"async\" class=\"alignleft\" style=\"margin-right: 20px;vertical-align: top\" src=\"https:\/\/sepia2.unil.ch\/wp\/mixedmethodstitanic\/wp-content\/uploads\/sites\/20\/2020\/01\/joerg-stolz-230x300.jpg\" alt=\"\" width=\"166\" height=\"217\" \/><\/p>\n<p style=\"color: black;margin-top: 0;font-size: 18px\"><a href=\"https:\/\/scholar.google.com\/citations?user=z4F-9ZQAAAAJ&amp;hl=fr&amp;oi=ao\">J\u00f6rg Stolz<\/a> est professeur de sociologie des religions \u00e0 l&rsquo;Universit\u00e9 de Lausanne. Sous sa direction, la premi\u00e8re \u00e9tude repr\u00e9sentative des groupes religieux locaux en Suisse (NCSS 1) a \u00e9t\u00e9 r\u00e9alis\u00e9e en 2008. Il dirige actuellement la deuxi\u00e8me vague (NCSS 2). J\u00f6rg Stolz est l&rsquo;ancien pr\u00e9sident de la Soci\u00e9t\u00e9 Internationale de Sociologie des Religions et l&rsquo;auteur de plusieurs livres et articles sur la transformation de la religion et la s\u00e9cularisation en Suisse et dans le monde. Il est l&rsquo;auteur principal du livre \u00ab\u00a0<a href=\"https:\/\/www.laboretfides.com\/ch_fr\/index.php\/religion-et-spiritualite-a-l-ere-de-l-ego.html\">Religion et spiritualit\u00e9 \u00e0 l&rsquo;\u00e8re de l&rsquo;ego<\/a>\u00ab\u00a0.<\/p>\n<\/div>\n<p><!-- \/Person 1 --><\/p>\n<p><!-- Person 2 --><\/p>\n<div style=\"overflow: hidden;margin-bottom: 30px\"><img loading=\"lazy\" decoding=\"async\" class=\"alignleft\" style=\"margin-right: 20px;vertical-align: top\" src=\"https:\/\/theopro.unistra.fr\/websites\/_processed_\/3\/2\/csm_monnot_2021_a1a854b1cf.jpg\" alt=\"\" width=\"166\" height=\"202\" \/><\/p>\n<p style=\"color: black;margin-top: 0;font-size: 18px\"><a href=\"https:\/\/www.unil.ch\/issr\/home\/menuinst\/chercheurseuses\/monnot-christophe.html\" target=\"_blank\" rel=\"noreferrer noopener\">Christophe Monnot<\/a> est ma\u00eetre de conf\u00e9rences en sociologie du protestantisme \u00e0 l&rsquo;Universit\u00e9 de Strasbourg. Sp\u00e9cialiste reconnu des communaut\u00e9s religieuses et de leur diversit\u00e9, il est \u00e9galement collaborateur scientifique \u00e0 l&rsquo;Universit\u00e9 de Lausanne dans le cadre de NCS 2. Entre 2008 et 2011, il a r\u00e9alis\u00e9 sa th\u00e8se de doctorat sur la premi\u00e8re \u00e9tude repr\u00e9sentative des communaut\u00e9s religieuses en Suisse (NCSS 1). Le livre issu de cette th\u00e8se est disponible <a href=\"https:\/\/library.oapen.org\/bitstream\/handle\/20.500.12657\/33029\/578290.pdf?sequence=1\">ici<\/a>. Avec J\u00f6rg Stolz, il a publi\u00e9 de nombreuses analyses de ces donn\u00e9es d&rsquo;enqu\u00eate dans des revues internationales et a codirig\u00e9 l&rsquo;ouvrage \u00ab\u00a0Congregations in Europe\u00a0\u00bb (2018).<\/p>\n<\/div>\n<p><!-- \/Person 2 --><\/p>\n<p><!-- Person 3 --><\/p>\n<div style=\"overflow: hidden;margin-bottom: 30px\"><img loading=\"lazy\" decoding=\"async\" class=\"alignleft\" style=\"margin-right: 20px;vertical-align: top\" src=\"https:\/\/wp.unil.ch\/ncs2\/files\/2022\/08\/image.png\" alt=\"\" width=\"163\" height=\"218\" \/><\/p>\n<p style=\"color: black;margin-top: 0;font-size: 18px\">Jens K\u00f6hrsen est professeur de \u00ab\u00a0Religion et Soci\u00e9t\u00e9\u00a0\u00bb. Il travaille \u00e0 l&rsquo;Universit\u00e9 d&rsquo;Oslo et au Centre pour la Religion, l&rsquo;\u00c9conomie et la Politique (ZRWP) \u00e0 l&rsquo;Universit\u00e9 de B\u00e2le. Actuellement, il dirige le projet de recherche \u00ab\u00a0Les religions deviennent-elles vertes ?\u00a0\u00bb ainsi que le projet \u00ab\u00a0Les \u00e9covillages comme incubateurs de transitions durables\u00a0\u00bb. Ces deux projets sont soutenus par le Fonds National Suisse de la Recherche Scientifique. Dans ses recherches, il s&rsquo;int\u00e9resse au changement durable ainsi qu&rsquo;\u00e0 la relation entre religion et d\u00e9veloppement social.<\/p>\n<\/div>\n<p><!-- \/Person 3 --><\/p>\n<p><!-- Person 4 --><\/p>\n<div style=\"overflow: hidden;margin-bottom: 30px\"><img loading=\"lazy\" decoding=\"async\" class=\"alignleft\" style=\"margin-right: 20px;vertical-align: top\" src=\"https:\/\/wp.unil.ch\/ncs2\/files\/2022\/08\/image-5.png\" alt=\"\" width=\"165\" height=\"220\" \/><\/p>\n<p style=\"color: black;margin-top: 0;font-size: 18px\">Fabian Huber est collaborateur scientifique dans le projet FNS \u00ab\u00a0Les religions deviennent-elles vertes ?\u00a0\u00bb au Centre pour la Religion, l&rsquo;\u00c9conomie et la Politique (ZRWP) \u00e0 l&rsquo;Universit\u00e9 de B\u00e2le, qui collabore avec le NCSS 2. Ses recherches portent particuli\u00e8rement sur la religion et la durabilit\u00e9, la religion et les m\u00e9dias, ainsi que sur la recherche sociale empirique. Il pr\u00e9pare une th\u00e8se de doctorat \u00e0 l&rsquo;Universit\u00e9 de Fribourg sur l&rsquo;interaction entre les formes m\u00e9diatiques et non m\u00e9diatiques de communion religieuse.<\/p>\n<\/div>\n<p><!-- \/Person 4 --><\/p>\n<p><!-- Person 5 --><\/p>\n<div style=\"overflow: hidden;margin-bottom: 30px\"><img loading=\"lazy\" decoding=\"async\" class=\"alignleft\" style=\"margin-right: 20px;vertical-align: top\" src=\"https:\/\/wp.unil.ch\/ncs2\/files\/2022\/03\/portraitified_long-2.jpg\" alt=\"\" width=\"174\" height=\"262\" \/><\/p>\n<p style=\"color: black;margin-top: 0;font-size: 18px\"><a href=\"https:\/\/www.unil.ch\/issr\/home\/menuinst\/chercheurseuses\/senn-jeremy.html\">Jeremy Senn<\/a> r\u00e9alise actuellement sa th\u00e8se de doctorat \u00e0 l&rsquo;Universit\u00e9 de Lausanne dans le cadre du projet NCSS 2. <a href=\"https:\/\/www.researchgate.net\/profile\/Jeremy-Senn\">Il<\/a> s&rsquo;int\u00e9resse particuli\u00e8rement aux m\u00e9thodes quantitatives. En 2020, il a re\u00e7u le prix de la meilleure th\u00e8se de ma\u00eetrise en sociologie de l&rsquo;Universit\u00e9 de Neuch\u00e2tel.<\/p>\n<\/div>\n<p><!-- \/Person 5 --><\/p>\n<p><!-- Person 6 --><\/p>\n<div style=\"overflow: hidden;margin-bottom: 30px\"><img loading=\"lazy\" decoding=\"async\" class=\"alignleft\" style=\"margin-right: 20px;vertical-align: top\" src=\"https:\/\/wp.unil.ch\/ncs2\/files\/2022\/08\/image-1.png\" alt=\"\" width=\"174\" height=\"190\" \/><\/p>\n<p style=\"color: black;margin-top: 0;font-size: 18px\">Ann-Lea Buzzi (BA) \u00e9tudie la sociologie \u00e0 l&rsquo;Universit\u00e9 de Berne et travaille comme assistante scientifique dans le projet de recherche \u00ab\u00a0Les religions deviennent-elles vertes ?\u00a0\u00bb \u00e0 l&rsquo;Universit\u00e9 de B\u00e2le. Ses int\u00e9r\u00eats de recherche portent sur les questions de sociologie environnementale, les processus de changement social et les m\u00e9thodes quantitatives.<\/p>\n<\/div>\n<p><!-- Person 7 --><\/p>\n<div style=\"overflow: hidden;margin-bottom: 30px\"><img loading=\"lazy\" decoding=\"async\" class=\"alignleft\" style=\"margin-right: 20px;vertical-align: top\" src=\"https:\/\/wp.unil.ch\/ncs2\/files\/2022\/08\/image-13.png\" alt=\"\" width=\"165\" height=\"248\" \/><\/p>\n<p style=\"color: black;margin-top: 0;font-size: 18px\">Anabel Da Pra \u00e9tudie au Centre pour la religion, l&rsquo;\u00e9conomie et la politique et travaille (ZRWP) comme assistante scientifique auxiliaire pour le projet de recherche subventionn\u00e9 par le FNS \u00ab Les religions deviennent-elles vertes ?<\/p>\n<\/div>\n","protected":false},"excerpt":{"rendered":"<p>J\u00f6rg Stolz est professeur de sociologie des religions \u00e0 l&rsquo;Universit\u00e9 de Lausanne. Sous sa direction, la premi\u00e8re \u00e9tude repr\u00e9sentative des groupes religieux locaux en Suisse (NCSS 1) a \u00e9t\u00e9 r\u00e9alis\u00e9e &hellip; <\/p>\n","protected":false},"author":1002409,"featured_media":0,"parent":0,"menu_order":0,"comment_status":"closed","ping_status":"closed","template":"","meta":{"_seopress_robots_primary_cat":"","_seopress_titles_title":"","_seopress_titles_desc":"","_seopress_robots_index":"","footnotes":""},"class_list":["post-589","page","type-page","status-publish"],"_links":{"self":[{"href":"https:\/\/wp.unil.ch\/ncs2\/wp-json\/wp\/v2\/pages\/589","targetHints":{"allow":["GET"]}}],"collection":[{"href":"https:\/\/wp.unil.ch\/ncs2\/wp-json\/wp\/v2\/pages"}],"about":[{"href":"https:\/\/wp.unil.ch\/ncs2\/wp-json\/wp\/v2\/types\/page"}],"author":[{"embeddable":true,"href":"https:\/\/wp.unil.ch\/ncs2\/wp-json\/wp\/v2\/users\/1002409"}],"replies":[{"embeddable":true,"href":"https:\/\/wp.unil.ch\/ncs2\/wp-json\/wp\/v2\/comments?post=589"}],"version-history":[{"count":3,"href":"https:\/\/wp.unil.ch\/ncs2\/wp-json\/wp\/v2\/pages\/589\/revisions"}],"predecessor-version":[{"id":808,"href":"https:\/\/wp.unil.ch\/ncs2\/wp-json\/wp\/v2\/pages\/589\/revisions\/808"}],"wp:attachment":[{"href":"https:\/\/wp.unil.ch\/ncs2\/wp-json\/wp\/v2\/media?parent=589"}],"curies":[{"name":"wp","href":"https:\/\/api.w.org\/{rel}","templated":true}]}}