{"id":581,"date":"2022-06-14T06:35:44","date_gmt":"2022-06-14T04:35:44","guid":{"rendered":"https:\/\/wp.unil.ch\/ncs2\/?page_id=581"},"modified":"2024-11-16T01:33:37","modified_gmt":"2024-11-16T00:33:37","slug":"le-ncs-2-en-bref","status":"publish","type":"page","link":"https:\/\/wp.unil.ch\/ncs2\/le-ncs-2-en-bref\/","title":{"rendered":"Le NCS 2 en bref"},"content":{"rendered":"<p style=\"font-size: 25px;margin-bottom: 15px\"><strong>\u00c9tude nationale sur les communaut\u00e9s religieuses locales<\/strong><\/p>\n<p style=\"font-size: 18px\">La deuxi\u00e8me vague de l\u2019\u00e9tude nationale sur les groupes religieux locaux (NCSS 2), dirig\u00e9e par le professeur J\u00f6rg Stolz, vise \u00e0 d\u00e9crire et \u00e0 expliquer sociologiquement l\u2019\u00e9volution du champ religieux suisse depuis 2008. Pour ce faire, il analyse les groupes religieux locaux (paroisses, mosqu\u00e9es, centres spirituels, etc.) dans tout le pays et dans toutes les traditions religieuses. Suivant la ligne m\u00e9thodologique adopt\u00e9e par la premi\u00e8re vague (NCSS 1), cette recherche r\u00e9pond aux deux questions suivantes :<\/p>\n<ol class=\"wp-block-list\" style=\"font-size: 18px\">\n<li>Comment la diversit\u00e9 religieuse en Suisse a-t-elle \u00e9volu\u00e9 entre 2008 et 2020 ?<\/li>\n<li>Comment peut-on d\u00e9crire le champ des groupes religieux locaux suisses en termes d\u2019activit\u00e9s spirituelles et sociales et comment ce champ a-t-il chang\u00e9 ?<\/li>\n<\/ol>\n<h2 style=\"font-size: 20px;margin-bottom: 10px\">M\u00e9thodes<\/h2>\n<p style=\"font-size: 18px\">L\u2019enqu\u00eate NCSS 1 a \u00e9t\u00e9 la premi\u00e8re enqu\u00eate europ\u00e9enne \u00e0 recenser de mani\u00e8re exhaustive les groupes religieux locaux \u00e0 l\u2019\u00e9chelle d\u2019un pays entier. Sur la base de ce recensement, plus de mille groupes ont \u00e9t\u00e9 \u00e9chantillonn\u00e9s et ont r\u00e9pondu \u00e0 un questionnaire qui a fourni des donn\u00e9es repr\u00e9sentatives et in\u00e9dites. Le NCSS 2, en tant que deuxi\u00e8me vague, permet d\u2019analyser comment les groupes religieux ont \u00e9volu\u00e9 depuis la premi\u00e8re vague, mais aussi de recueillir des donn\u00e9es in\u00e9dites (notamment sur l\u2019impact du COVID-19 et la relation des groupes religieux locaux avec les questions environnementales).<\/p>\n<p style=\"font-size: 18px\">Lors d\u2019une premi\u00e8re \u00e9tape, le recensement de la premi\u00e8re vague a \u00e9t\u00e9 mis \u00e0 jour. Nous avons ensuite tir\u00e9 un \u00e9chantillon repr\u00e9sentatif auquel nous avons administr\u00e9 une version actualis\u00e9e du questionnaire utilis\u00e9 lors de la premi\u00e8re vague. Plus de 1400 congr\u00e9gations ont particip\u00e9 au sondage NCSS 2.<\/p>\n<h2 style=\"font-size: 20px;margin-bottom: 10px\">R\u00e9sultats<\/h2>\n<p style=\"font-size: 18px\">Gr\u00e2ce \u00e0 cette \u00e9tude, nous sommes en train de dresser le premier tableau complet des changements intervenus dans le domaine religieux en Suisse. Nous nous concentrons en particulier sur les trois axes de recherche suivants :<\/p>\n<ol class=\"wp-block-list\" style=\"font-size: 18px\">\n<li>La diversit\u00e9 religieuse, ses causes et ses effets<\/li>\n<li>L&rsquo;\u00e9volution de la place des femmes dans les groupes religieux locaux<\/li>\n<li>La relation des groupes religieux aux questions environnementales<\/li>\n<\/ol>\n<p style=\"font-size: 18px\">Les autres axes de recherche comprennent l\u2019impact du COVID-19, l\u2019\u00e9volution des relations entre les groupes religieux \u00e9tablis et les nouveaux arrivants, les changements dans les styles de rituels, les activit\u00e9s sociales et les activit\u00e9s politiques.<\/p>\n<p style=\"font-size: 18px\">La composante du NCSS 2 orient\u00e9e sur les questions environnementales dans les communaut\u00e9s religieuses en Suisse est dirig\u00e9e par le Prof. Jens K\u00f6hrsen et son \u00e9quipe (Universit\u00e9 de B\u00e2le) dans le cadre du projet \u00ab\u00a0<a href=\"https:\/\/greenreligion.theologie.unibas.ch\/en\/are-religions-becoming-green\/\">Are Religions Becoming Green ?<\/a>\u00a0\u00bb (\u00e9galement financ\u00e9 par le FNS).<\/p>\n<p style=\"font-size: 18px\">Le NCSS 2 est la premi\u00e8re r\u00e9plication d\u2019une enqu\u00eate nationale sur les groupes religieux locaux dans un pays europ\u00e9en. Les r\u00e9sultats auront un impact social important, car les journalistes, les hommes politiques et les chefs de groupes religieux pourront les utiliser pour \u00e9tayer leurs \u00e9valuations et leurs d\u00e9cisions.<\/p>\n","protected":false},"excerpt":{"rendered":"<p>\u00c9tude nationale sur les communaut\u00e9s religieuses locales La deuxi\u00e8me vague de l\u2019\u00e9tude nationale sur les groupes religieux locaux (NCSS 2), dirig\u00e9e par le professeur J\u00f6rg Stolz, vise \u00e0 d\u00e9crire et &hellip; <\/p>\n","protected":false},"author":1002409,"featured_media":0,"parent":0,"menu_order":0,"comment_status":"closed","ping_status":"closed","template":"","meta":{"_seopress_robots_primary_cat":"","_seopress_titles_title":"","_seopress_titles_desc":"","_seopress_robots_index":"","footnotes":""},"class_list":["post-581","page","type-page","status-publish"],"_links":{"self":[{"href":"https:\/\/wp.unil.ch\/ncs2\/wp-json\/wp\/v2\/pages\/581","targetHints":{"allow":["GET"]}}],"collection":[{"href":"https:\/\/wp.unil.ch\/ncs2\/wp-json\/wp\/v2\/pages"}],"about":[{"href":"https:\/\/wp.unil.ch\/ncs2\/wp-json\/wp\/v2\/types\/page"}],"author":[{"embeddable":true,"href":"https:\/\/wp.unil.ch\/ncs2\/wp-json\/wp\/v2\/users\/1002409"}],"replies":[{"embeddable":true,"href":"https:\/\/wp.unil.ch\/ncs2\/wp-json\/wp\/v2\/comments?post=581"}],"version-history":[{"count":2,"href":"https:\/\/wp.unil.ch\/ncs2\/wp-json\/wp\/v2\/pages\/581\/revisions"}],"predecessor-version":[{"id":839,"href":"https:\/\/wp.unil.ch\/ncs2\/wp-json\/wp\/v2\/pages\/581\/revisions\/839"}],"wp:attachment":[{"href":"https:\/\/wp.unil.ch\/ncs2\/wp-json\/wp\/v2\/media?parent=581"}],"curies":[{"name":"wp","href":"https:\/\/api.w.org\/{rel}","templated":true}]}}