{"id":362,"date":"2022-03-23T11:24:49","date_gmt":"2022-03-23T10:24:49","guid":{"rendered":"https:\/\/wp.unil.ch\/ncs2\/?page_id=362"},"modified":"2024-11-15T10:27:55","modified_gmt":"2024-11-15T09:27:55","slug":"forschungsteam","status":"publish","type":"page","link":"https:\/\/wp.unil.ch\/ncs2\/forschungsteam\/","title":{"rendered":"Forschungsteam"},"content":{"rendered":"<p><!-- Person 1 --><\/p>\n<div style=\"overflow: hidden;margin-bottom: 30px\">\n  <img loading=\"lazy\" decoding=\"async\" class=\"alignleft\" style=\"margin-right: 20px;vertical-align: top\" src=\"https:\/\/sepia2.unil.ch\/wp\/mixedmethodstitanic\/wp-content\/uploads\/sites\/20\/2020\/01\/joerg-stolz-230x300.jpg\" alt=\"\" width=\"166\" height=\"217\" \/><\/p>\n<p style=\"color: black;margin-top: 0;font-size: 18px\">\n    <a href=\"https:\/\/scholar.google.com\/citations?user=z4F-9ZQAAAAJ&amp;hl=fr&amp;oi=ao\">J\u00f6rg Stolz<\/a> ist Professor f\u00fcr Religionssoziologie an der Universit\u00e4t Lausanne. Unter seiner Leitung entstand die erste repr\u00e4sentative Studie \u00fcber lokale religi\u00f6se Gruppen in der Schweiz im Jahre 2008 (NCS 1); derzeit leitet er die Nachfolgestudie NCS 2. J\u00f6rg Stolz war Pr\u00e4sident der \u00ab Intenational Society for the Sociology of Religion \u00bb und ist Autor diverser B\u00fccher und Zeitschriftenartikel \u00fcber die Ver\u00e4nderungen von Religion und S\u00e4kularit\u00e4t in der Schweiz und weltweit. Unter anderem ist er Erstautor des Buches \u00ab <a href=\"https:\/\/www.laboretfides.com\/ch_fr\/index.php\/religion-et-spiritualite-a-l-ere-de-l-ego.html\">Religion und Spiritualit\u00e4t in der Ich-Gesellschaft. Vier Gestalten des (Un)Glaubens.<\/a> \u00bb.\n  <\/p>\n<\/div>\n<p><!-- \/Person 1 --><\/p>\n<p><!-- Person 2 --><\/p>\n<div style=\"overflow: hidden;margin-bottom: 30px\">\n  <img loading=\"lazy\" decoding=\"async\" class=\"alignleft\" style=\"margin-right: 20px;vertical-align: top\" src=\"https:\/\/theopro.unistra.fr\/websites\/_processed_\/3\/2\/csm_monnot_2021_a1a854b1cf.jpg\" alt=\"\" width=\"166\" height=\"202\" \/><\/p>\n<p style=\"color: black;margin-top: 0;font-size: 18px\">\n    <a href=\"https:\/\/www.unil.ch\/issr\/home\/menuinst\/chercheurseuses\/monnot-christophe.html\" target=\"_blank\" rel=\"noreferrer noopener\">Christophe Monnot<\/a> ist Senior SNF-Forscher im Rahmen des NCS 2. Er ist Spezialist f\u00fcr religi\u00f6se Vielfalt und Lehrbeauftragter f\u00fcr Religionssoziologie an der Universit\u00e4t Stra\u00dfburg. Zwischen 2008 und 2011 f\u00fchrte er seine Doktorarbeit \u00fcber die erste repr\u00e4sentative Studie zu religi\u00f6sen Gemeinschaften in der Schweiz (NCS 1) durch. Das Buch, das aus dieser preisgekr\u00f6nten Dissertation hervorgegangen ist <a href=\"https:\/\/library.oapen.org\/bitstream\/handle\/20.500.12657\/33029\/578290.pdf?sequence=1\">hier<\/a> erh\u00e4ltlich.\n  <\/p>\n<\/div>\n<p><!-- \/Person 2 --><\/p>\n<p><!-- Person 3 --><\/p>\n<div style=\"overflow: hidden;margin-bottom: 30px\">\n  <img loading=\"lazy\" decoding=\"async\" class=\"alignleft\" style=\"margin-right: 20px;vertical-align: top\" src=\"https:\/\/wp.unil.ch\/ncs2\/files\/2022\/08\/image.png\" alt=\"\" width=\"163\" height=\"218\" \/><\/p>\n<p style=\"color: black;margin-top: 0;font-size: 18px\">\n    Jens K\u00f6hrsen ist Professor f\u00fcr \u00abReligion und Gesellschaft\u00bb. Er ist an der Universit\u00e4t Oslo und dem Zentrum f\u00fcr Religion, Wirtschaft und Politik (ZRWP) an der Universit\u00e4t Basel t\u00e4tig. Gegenw\u00e4rtig leitet er das Forschungsprojekt \u00abAre Religions Becoming Green?\u00bb sowie das Projekt \u00abEcovillages as Incubators of Sustainability Transitions\u00bb. Beide Projekte werden durch den Schweizerischen Nationalfonds gef\u00f6rdert. In seiner Forschung besch\u00e4ftigt er sich mit dem nachhaltigen Wandel sowie dem Verh\u00e4ltnis von Religion und gesellschaftlicher Entwicklung.\n  <\/p>\n<\/div>\n<p><!-- \/Person 3 --><\/p>\n<p><!-- Person 4 --><\/p>\n<div style=\"overflow: hidden;margin-bottom: 30px\">\n  <img loading=\"lazy\" decoding=\"async\" class=\"alignleft\" style=\"margin-right: 20px;vertical-align: top\" src=\"https:\/\/wp.unil.ch\/ncs2\/files\/2022\/08\/image-5.png\" alt=\"\" width=\"165\" height=\"220\" \/><\/p>\n<p style=\"color: black;margin-top: 0;font-size: 18px\">\n    Fabian Huber ist Forscher im SNF-Projekt \u00abAre Religions becoming Green\u00bb am Zentrum f\u00fcr Religion, Wirtschaft und Politik (ZRWP) an der Universit\u00e4t Basel und damit Mitarbeiter im NCS2. Seine Forschungsschwerpunkte sind insbesondere Religion und Nachhaltigkeit, Religion und Medien, sowie empirische Sozialforschung. Er promoviert an der Universit\u00e4t Fribourg zum Zusammenspiel medialen und nicht-medialen Formen religi\u00f6ser Vergemeinschaftung.\n  <\/p>\n<\/div>\n<p><!-- \/Person 4 --><\/p>\n<p><!-- Person 5 --><\/p>\n<div style=\"overflow: hidden;margin-bottom: 30px\">\n  <img loading=\"lazy\" decoding=\"async\" class=\"alignleft\" style=\"margin-right: 20px;vertical-align: top\" src=\"https:\/\/wp.unil.ch\/ncs2\/files\/2022\/03\/portraitified_long-2.jpg\" alt=\"\" width=\"174\" height=\"262\" \/><\/p>\n<p style=\"color: black;margin-top: 0;font-size: 18px\">\n    <a href=\"https:\/\/www.unil.ch\/issr\/home\/menuinst\/chercheurseuses\/senn-jeremy.html\">Jeremy Senn<\/a> schreibt seine Doktorarbeit an der Universit\u00e4t Lausanne im Rahmen des Projekts NCS 2. <a href=\"https:\/\/www.researchgate.net\/profile\/Jeremy-Senn\">Er<\/a> interessiert sich besonders f\u00fcr religi\u00f6se Vielfalt und quantitative Methoden. Er erhielt den Preis f\u00fcr die beste Dissertationsarbeit 2020 der Universit\u00e4t Neuch\u00e2tel.\n  <\/p>\n<\/div>\n<p><!-- \/Person 5 --><\/p>\n<p><!-- Person 6 --><\/p>\n<div style=\"overflow: hidden;margin-bottom: 30px\">\n  <img loading=\"lazy\" decoding=\"async\" class=\"alignleft\" style=\"margin-right: 20px;vertical-align: top\" src=\"https:\/\/wp.unil.ch\/ncs2\/files\/2022\/08\/image-1.png\" alt=\"\" width=\"174\" height=\"190\" \/><\/p>\n<p style=\"color: black;margin-top: 0;font-size: 18px\">\n    Ann-Lea Buzzi (BA) studiert Soziologie an Universit\u00e4t Bern und ist als wissenschaftliche Hilfsassistentin im Rahmen des Forschungsprojekts \u00abAre Religions Becoming Green?\u00bb an der Universit\u00e4t Basel t\u00e4tig. Ihre Forschungsinteressen liegen bei umweltsoziologischen Fragestellungen, gesellschaftlichen Wandlungsprozessen und quantitativen Methoden.\n  <\/p>\n<\/div>\n<p><!-- \/Person 6 --><\/p>\n<p><!-- Person 7 --><\/p>\n<div style=\"overflow: hidden;margin-bottom: 30px\">\n  <img loading=\"lazy\" decoding=\"async\" class=\"alignleft\" style=\"margin-right: 20px;vertical-align: top\" src=\"https:\/\/wp.unil.ch\/ncs2\/files\/2022\/08\/image-13.png\" alt=\"\" width=\"165\" height=\"248\" \/><\/p>\n<p style=\"color: black;margin-top: 0;font-size: 18px\">\n    Anabel Da Pra studiert am Zentrum f\u00fcr Religion, Wirtschaft und Politik und arbeitet als Hilfswissenschaftliche Assistentin f\u00fcr das SNF subventionierte Forschungsprojekt \u00abAre Religions Becoming Green\u00bb.\n  <\/p>\n<\/div>\n<p><!-- \/Person 7 --><\/p>\n","protected":false},"excerpt":{"rendered":"<p>J\u00f6rg Stolz ist Professor f\u00fcr Religionssoziologie an der Universit\u00e4t Lausanne. Unter seiner Leitung entstand die erste repr\u00e4sentative Studie \u00fcber lokale religi\u00f6se Gruppen in der Schweiz im Jahre 2008 (NCS 1); &hellip; <\/p>\n","protected":false},"author":1002409,"featured_media":0,"parent":0,"menu_order":0,"comment_status":"closed","ping_status":"closed","template":"","meta":{"_seopress_robots_primary_cat":"","_seopress_titles_title":"","_seopress_titles_desc":"","_seopress_robots_index":"","footnotes":""},"class_list":["post-362","page","type-page","status-publish"],"_links":{"self":[{"href":"https:\/\/wp.unil.ch\/ncs2\/wp-json\/wp\/v2\/pages\/362","targetHints":{"allow":["GET"]}}],"collection":[{"href":"https:\/\/wp.unil.ch\/ncs2\/wp-json\/wp\/v2\/pages"}],"about":[{"href":"https:\/\/wp.unil.ch\/ncs2\/wp-json\/wp\/v2\/types\/page"}],"author":[{"embeddable":true,"href":"https:\/\/wp.unil.ch\/ncs2\/wp-json\/wp\/v2\/users\/1002409"}],"replies":[{"embeddable":true,"href":"https:\/\/wp.unil.ch\/ncs2\/wp-json\/wp\/v2\/comments?post=362"}],"version-history":[{"count":1,"href":"https:\/\/wp.unil.ch\/ncs2\/wp-json\/wp\/v2\/pages\/362\/revisions"}],"predecessor-version":[{"id":811,"href":"https:\/\/wp.unil.ch\/ncs2\/wp-json\/wp\/v2\/pages\/362\/revisions\/811"}],"wp:attachment":[{"href":"https:\/\/wp.unil.ch\/ncs2\/wp-json\/wp\/v2\/media?parent=362"}],"curies":[{"name":"wp","href":"https:\/\/api.w.org\/{rel}","templated":true}]}}