{"id":258,"date":"2022-03-22T15:12:21","date_gmt":"2022-03-22T14:12:21","guid":{"rendered":"https:\/\/wp.unil.ch\/ncs2\/?page_id=258"},"modified":"2024-11-16T01:34:47","modified_gmt":"2024-11-16T00:34:47","slug":"ncs-2-auf-einen-blick","status":"publish","type":"page","link":"https:\/\/wp.unil.ch\/ncs2\/ncs-2-auf-einen-blick\/","title":{"rendered":"Die \u00a0NCS 2 in K\u00fcrze"},"content":{"rendered":"<p style=\"font-size: 25px;margin-bottom: 15px\"><strong>Nationale Studie \u00fcber lokale religi\u00f6se Gemeinschaften<\/strong><\/p>\n<p style=\"font-size: 18px\">Die zweite Welle der nationalen Studie \u00fcber lokale religi\u00f6se Gruppen (NCSS 2), unter der Leitung von Professor J\u00f6rg Stolz, zielt darauf ab, die Entwicklung des religi\u00f6sen Feldes in der Schweiz seit 2008 soziologisch zu beschreiben und zu erkl\u00e4ren. Dazu analysiert sie lokale religi\u00f6se Gruppen (Pfarrgemeinden, Moscheen, spirituelle Zentren usw.) im gesamten Land und in allen religi\u00f6sen Traditionen. Nach der methodischen Linie der ersten Welle (NCSS 1) beantwortet diese Forschung die folgenden zwei Fragen:<\/p>\n<ol class=\"wp-block-list\" style=\"font-size: 18px\">\n<li>Wie hat sich die religi\u00f6se Vielfalt in der Schweiz zwischen 2008 und 2020 entwickelt?<\/li>\n<li>Wie l\u00e4sst sich das Feld der lokalen religi\u00f6sen Gruppen in der Schweiz in Bezug auf spirituelle und soziale Aktivit\u00e4ten beschreiben, und wie hat sich dieses Feld ver\u00e4ndert?<\/li>\n<\/ol>\n<h2 style=\"font-size: 20px;margin-bottom: 10px\">Methoden<\/h2>\n<p style=\"font-size: 18px\">Die Umfrage NCSS 1 war die erste europ\u00e4ische Erhebung, die lokale religi\u00f6se Gruppen auf nationaler Ebene umfassend erfasst hat. Auf der Grundlage dieser Erfassung wurden mehr als tausend Gruppen befragt, die einen Fragebogen ausf\u00fcllten, der repr\u00e4sentative und neuartige Daten lieferte. Die zweite Welle, NCSS 2, erm\u00f6glicht die Analyse, wie sich religi\u00f6se Gruppen seit der ersten Welle entwickelt haben, und sammelt gleichzeitig neue Daten (insbesondere zu den Auswirkungen von COVID-19 und dem Verh\u00e4ltnis lokaler religi\u00f6ser Gruppen zu Umweltfragen).<\/p>\n<p style=\"font-size: 18px\">In einem ersten Schritt wurde die Erfassung aus der ersten Welle aktualisiert. Anschlie\u00dfend wurde eine repr\u00e4sentative Stichprobe gezogen, der eine aktualisierte Version des in der ersten Welle verwendeten Fragebogens vorgelegt wurde. Mehr als 1400 Gemeinden nahmen an der NCSS-2-Umfrage teil.<\/p>\n<h2 style=\"font-size: 20px;margin-bottom: 10px\">Ergebnisse<\/h2>\n<p style=\"font-size: 18px\">Durch diese Studie erstellen wir die erste umfassende \u00dcbersicht \u00fcber die Ver\u00e4nderungen im religi\u00f6sen Bereich in der Schweiz. Wir konzentrieren uns insbesondere auf die folgenden drei Forschungsschwerpunkte:<\/p>\n<ol class=\"wp-block-list\" style=\"font-size: 18px\">\n<li>Die religi\u00f6se Vielfalt, ihre Ursachen und ihre Auswirkungen<\/li>\n<li>Die Entwicklung der Rolle der Frauen in lokalen religi\u00f6sen Gruppen<\/li>\n<li>Die Beziehung der religi\u00f6sen Gruppen zu Umweltfragen<\/li>\n<\/ol>\n<p style=\"font-size: 18px\">Weitere Forschungsschwerpunkte umfassen die Auswirkungen von COVID-19, die Entwicklung der Beziehungen zwischen etablierten religi\u00f6sen Gruppen und neuen Akteuren, Ver\u00e4nderungen in Ritualstilen, sozialen Aktivit\u00e4ten und politischen Aktivit\u00e4ten.<\/p>\n<p style=\"font-size: 18px\">Der auf Umweltfragen ausgerichtete Teil des NCSS 2 in religi\u00f6sen Gemeinschaften in der Schweiz wird von Prof. Jens K\u00f6hrsen und seinem Team (Universit\u00e4t Basel) im Rahmen des Projekts \u00ab\u00a0<a href=\"https:\/\/greenreligion.theologie.unibas.ch\/en\/are-religions-becoming-green\/\">Are Religions Becoming Green?<\/a>\u00a0\u00bb geleitet (ebenfalls vom SNF finanziert).<\/p>\n<p style=\"font-size: 18px\">Das NCSS 2 ist die erste Wiederholung einer nationalen Erhebung \u00fcber lokale religi\u00f6se Gruppen in einem europ\u00e4ischen Land. Die Ergebnisse werden auch einen wichtigen sozialen Einfluss haben, da Journalisten, Politiker und Leiter religi\u00f6ser Gruppen sie nutzen k\u00f6nnen, um ihre Bewertungen und Entscheidungen zu untermauern.<\/p>\n","protected":false},"excerpt":{"rendered":"<p>Nationale Studie \u00fcber lokale religi\u00f6se Gemeinschaften Die zweite Welle der nationalen Studie \u00fcber lokale religi\u00f6se Gruppen (NCSS 2), unter der Leitung von Professor J\u00f6rg Stolz, zielt darauf ab, die Entwicklung &hellip; <\/p>\n","protected":false},"author":1002409,"featured_media":0,"parent":0,"menu_order":0,"comment_status":"closed","ping_status":"closed","template":"","meta":{"_seopress_robots_primary_cat":"","_seopress_titles_title":"","_seopress_titles_desc":"","_seopress_robots_index":"","footnotes":""},"class_list":["post-258","page","type-page","status-publish"],"_links":{"self":[{"href":"https:\/\/wp.unil.ch\/ncs2\/wp-json\/wp\/v2\/pages\/258","targetHints":{"allow":["GET"]}}],"collection":[{"href":"https:\/\/wp.unil.ch\/ncs2\/wp-json\/wp\/v2\/pages"}],"about":[{"href":"https:\/\/wp.unil.ch\/ncs2\/wp-json\/wp\/v2\/types\/page"}],"author":[{"embeddable":true,"href":"https:\/\/wp.unil.ch\/ncs2\/wp-json\/wp\/v2\/users\/1002409"}],"replies":[{"embeddable":true,"href":"https:\/\/wp.unil.ch\/ncs2\/wp-json\/wp\/v2\/comments?post=258"}],"version-history":[{"count":2,"href":"https:\/\/wp.unil.ch\/ncs2\/wp-json\/wp\/v2\/pages\/258\/revisions"}],"predecessor-version":[{"id":840,"href":"https:\/\/wp.unil.ch\/ncs2\/wp-json\/wp\/v2\/pages\/258\/revisions\/840"}],"wp:attachment":[{"href":"https:\/\/wp.unil.ch\/ncs2\/wp-json\/wp\/v2\/media?parent=258"}],"curies":[{"name":"wp","href":"https:\/\/api.w.org\/{rel}","templated":true}]}}