{"id":242,"date":"2022-03-22T11:53:16","date_gmt":"2022-03-22T10:53:16","guid":{"rendered":"https:\/\/wp.unil.ch\/ncs2\/?page_id=242"},"modified":"2024-11-15T14:10:06","modified_gmt":"2024-11-15T13:10:06","slug":"francais","status":"publish","type":"page","link":"https:\/\/wp.unil.ch\/ncs2\/francais\/","title":{"rendered":"Fran\u00e7ais"},"content":{"rendered":"\n<p>Ce site pr\u00e9sente la deuxi\u00e8me vague de l\u2019\u00e9tude nationale sur les groupes religieux locaux, la&nbsp;<em>National Congregation Study<\/em><em>2<\/em>&nbsp;(NCS 2). Financ\u00e9e par le FNS, cette recherche investigue les changements intervenus au sein des communaut\u00e9s religieuses locales (paroisses, mosqu\u00e9es, centres spirituels, etc.).<\/p>\n\n\n\n<p>Elle est men\u00e9e au sein de l\u2019<a href=\"https:\/\/www.unil.ch\/issr\/fr\/home.html\">Institut de sciences sociales des religions<\/a>&nbsp;de l\u2019Universit\u00e9 de Lausanne. Via le menu ci-dessus, vous trouverez plus de d\u00e9tails \u00e0 propos de l\u2019\u00e9tude, de l\u2019\u00e9quipe de recherche, et des publications.<\/p>\n","protected":false},"excerpt":{"rendered":"<p>Ce site pr\u00e9sente la deuxi\u00e8me vague de l\u2019\u00e9tude nationale sur les groupes religieux locaux, la&nbsp;National Congregation Study2&nbsp;(NCS 2). Financ\u00e9e par le FNS, cette recherche investigue les changements intervenus au sein &hellip; <\/p>\n","protected":false},"author":1002409,"featured_media":0,"parent":0,"menu_order":0,"comment_status":"closed","ping_status":"closed","template":"","meta":{"_seopress_robots_primary_cat":"","_seopress_titles_title":"","_seopress_titles_desc":"","_seopress_robots_index":"","footnotes":""},"class_list":["post-242","page","type-page","status-publish"],"_links":{"self":[{"href":"https:\/\/wp.unil.ch\/ncs2\/wp-json\/wp\/v2\/pages\/242","targetHints":{"allow":["GET"]}}],"collection":[{"href":"https:\/\/wp.unil.ch\/ncs2\/wp-json\/wp\/v2\/pages"}],"about":[{"href":"https:\/\/wp.unil.ch\/ncs2\/wp-json\/wp\/v2\/types\/page"}],"author":[{"embeddable":true,"href":"https:\/\/wp.unil.ch\/ncs2\/wp-json\/wp\/v2\/users\/1002409"}],"replies":[{"embeddable":true,"href":"https:\/\/wp.unil.ch\/ncs2\/wp-json\/wp\/v2\/comments?post=242"}],"version-history":[{"count":1,"href":"https:\/\/wp.unil.ch\/ncs2\/wp-json\/wp\/v2\/pages\/242\/revisions"}],"predecessor-version":[{"id":833,"href":"https:\/\/wp.unil.ch\/ncs2\/wp-json\/wp\/v2\/pages\/242\/revisions\/833"}],"wp:attachment":[{"href":"https:\/\/wp.unil.ch\/ncs2\/wp-json\/wp\/v2\/media?parent=242"}],"curies":[{"name":"wp","href":"https:\/\/api.w.org\/{rel}","templated":true}]}}