{"id":212,"date":"2022-03-21T21:59:29","date_gmt":"2022-03-21T20:59:29","guid":{"rendered":"https:\/\/wp.unil.ch\/ncs2\/?page_id=212"},"modified":"2024-11-16T01:35:17","modified_gmt":"2024-11-16T00:35:17","slug":"il-ncs-2-in-breve","status":"publish","type":"page","link":"https:\/\/wp.unil.ch\/ncs2\/il-ncs-2-in-breve\/","title":{"rendered":"Il NCS 2 in breve"},"content":{"rendered":"<p style=\"font-size: 25px;margin-bottom: 15px\"><strong>Studio nazionale sulle comunit\u00e0 religiose locali<\/strong><\/p>\n<p style=\"font-size: 18px\">La seconda ondata dello studio nazionale sui gruppi religiosi locali (NCSS 2), diretto dal professor J\u00f6rg Stolz, mira a descrivere e spiegare sociologicamente l&rsquo;evoluzione del campo religioso svizzero dal 2008. Per fare ci\u00f2, analizza i gruppi religiosi locali (parrocchie, moschee, centri spirituali, ecc.) in tutto il paese e in tutte le tradizioni religiose. Seguendo la linea metodologica adottata dalla prima ondata (NCSS 1), questa ricerca risponde alle seguenti due domande:<\/p>\n<ol class=\"wp-block-list\" style=\"font-size: 18px\">\n<li>Come \u00e8 evoluta la diversit\u00e0 religiosa in Svizzera tra il 2008 e il 2020?<\/li>\n<li>Come si pu\u00f2 descrivere il campo dei gruppi religiosi locali svizzeri in termini di attivit\u00e0 spirituali e sociali e come \u00e8 cambiato questo campo?<\/li>\n<\/ol>\n<h2 style=\"font-size: 20px;margin-bottom: 10px\">Metodi<\/h2>\n<p style=\"font-size: 18px\">L&rsquo;indagine NCSS 1 \u00e8 stata la prima in Europa a censire in modo esaustivo i gruppi religiosi locali su scala nazionale. Sulla base di questo censimento, pi\u00f9 di mille gruppi sono stati campionati e hanno risposto a un questionario che ha fornito dati rappresentativi e originali. La seconda ondata, NCSS 2, consente di analizzare come i gruppi religiosi si siano evoluti dalla prima ondata e raccoglie anche nuovi dati (in particolare sull&rsquo;impatto del COVID-19 e sulla relazione dei gruppi religiosi locali con le questioni ambientali).<\/p>\n<p style=\"font-size: 18px\">In una prima fase, il censimento della prima ondata \u00e8 stato aggiornato. Successivamente, \u00e8 stato estratto un campione rappresentativo a cui \u00e8 stata somministrata una versione aggiornata del questionario utilizzato nella prima ondata. Pi\u00f9 di 1400 congregazioni hanno partecipato al sondaggio NCSS 2.<\/p>\n<h2 style=\"font-size: 20px;margin-bottom: 10px\">Risultati<\/h2>\n<p style=\"font-size: 18px\">Grazie a questo studio, stiamo creando il primo quadro completo dei cambiamenti avvenuti nel campo religioso in Svizzera. Ci concentriamo in particolare sui seguenti tre assi di ricerca:<\/p>\n<ol class=\"wp-block-list\" style=\"font-size: 18px\">\n<li>La diversit\u00e0 religiosa, le sue cause e i suoi effetti<\/li>\n<li>L&rsquo;evoluzione del ruolo delle donne nei gruppi religiosi locali<\/li>\n<li>La relazione dei gruppi religiosi con le questioni ambientali<\/li>\n<\/ol>\n<p style=\"font-size: 18px\">Altri assi di ricerca comprendono l&rsquo;impatto del COVID-19, lo sviluppo delle relazioni tra i gruppi religiosi consolidati e i nuovi arrivati, i cambiamenti negli stili rituali, nelle attivit\u00e0 sociali e in quelle politiche.<\/p>\n<p style=\"font-size: 18px\">La componente del NCSS 2 dedicata alle questioni ambientali nelle comunit\u00e0 religiose in Svizzera \u00e8 guidata dal Prof. Jens K\u00f6hrsen e dal suo team (Universit\u00e0 di Basilea) nell&rsquo;ambito del progetto \u00ab\u00a0<a href=\"https:\/\/greenreligion.theologie.unibas.ch\/en\/are-religions-becoming-green\/\">Are Religions Becoming Green?<\/a>\u00a0\u00bb (finanziato anche dal FNS).<\/p>\n<p style=\"font-size: 18px\">Il NCSS 2 \u00e8 la prima replica di un&rsquo;indagine nazionale sui gruppi religiosi locali in un paese europeo. I risultati avranno anche un impatto sociale significativo, poich\u00e9 giornalisti, politici e leader di gruppi religiosi potranno utilizzarli per supportare le loro valutazioni e decisioni.<\/p>\n","protected":false},"excerpt":{"rendered":"<p>Studio nazionale sulle comunit\u00e0 religiose locali La seconda ondata dello studio nazionale sui gruppi religiosi locali (NCSS 2), diretto dal professor J\u00f6rg Stolz, mira a descrivere e spiegare sociologicamente l&rsquo;evoluzione &hellip; <\/p>\n","protected":false},"author":1002409,"featured_media":0,"parent":0,"menu_order":0,"comment_status":"closed","ping_status":"closed","template":"","meta":{"_seopress_robots_primary_cat":"","_seopress_titles_title":"","_seopress_titles_desc":"","_seopress_robots_index":"","footnotes":""},"class_list":["post-212","page","type-page","status-publish"],"_links":{"self":[{"href":"https:\/\/wp.unil.ch\/ncs2\/wp-json\/wp\/v2\/pages\/212","targetHints":{"allow":["GET"]}}],"collection":[{"href":"https:\/\/wp.unil.ch\/ncs2\/wp-json\/wp\/v2\/pages"}],"about":[{"href":"https:\/\/wp.unil.ch\/ncs2\/wp-json\/wp\/v2\/types\/page"}],"author":[{"embeddable":true,"href":"https:\/\/wp.unil.ch\/ncs2\/wp-json\/wp\/v2\/users\/1002409"}],"replies":[{"embeddable":true,"href":"https:\/\/wp.unil.ch\/ncs2\/wp-json\/wp\/v2\/comments?post=212"}],"version-history":[{"count":3,"href":"https:\/\/wp.unil.ch\/ncs2\/wp-json\/wp\/v2\/pages\/212\/revisions"}],"predecessor-version":[{"id":842,"href":"https:\/\/wp.unil.ch\/ncs2\/wp-json\/wp\/v2\/pages\/212\/revisions\/842"}],"wp:attachment":[{"href":"https:\/\/wp.unil.ch\/ncs2\/wp-json\/wp\/v2\/media?parent=212"}],"curies":[{"name":"wp","href":"https:\/\/api.w.org\/{rel}","templated":true}]}}