{"id":182,"date":"2021-02-24T16:40:26","date_gmt":"2021-02-24T15:40:26","guid":{"rendered":"https:\/\/wp.unil.ch\/naveiras-lab\/?page_id=182"},"modified":"2021-03-05T12:42:44","modified_gmt":"2021-03-05T11:42:44","slug":"contact-us","status":"publish","type":"page","link":"https:\/\/wp.unil.ch\/naveiras-lab\/contact-us\/","title":{"rendered":"Contact us"},"content":{"rendered":"\n<div class=\"wp-block-group\"><div class=\"wp-block-group__inner-container is-layout-flow wp-block-group-is-layout-flow\">\n<h4 class=\"wp-block-heading\">Laboratory of Regenerative Hematopoiesis\u00a0<\/h4>\n\n\n\n<div class=\"wp-block-group\"><div class=\"wp-block-group__inner-container is-layout-flow wp-block-group-is-layout-flow\">\n<div class=\"wp-block-group\"><div class=\"wp-block-group__inner-container is-layout-flow wp-block-group-is-layout-flow\">\n<p class=\"has-text-align-left\"><strong>Prof.<a href=\"https:\/\/applicationspub.unil.ch\/interpub\/noauth\/php\/Un\/UnPers.php?PerNum=1142849&amp;LanCode=8\" data-type=\"URL\" data-id=\"https:\/\/applicationspub.unil.ch\/interpub\/noauth\/php\/Un\/UnPers.php?PerNum=1142849&amp;LanCode=8\" target=\"_blank\" rel=\"noreferrer noopener\">Olaia Naveiras<\/a><\/strong><\/p>\n\n\n\n<p class=\"has-text-align-left\"><strong>Department des Sciences Biom\u00e9dicales<\/strong><\/p>\n\n\n\n<p class=\"has-text-align-left\">UNIL &#8211; Universit\u00e9 de Lausanne<\/p>\n\n\n\n<p class=\"has-text-align-left\">Rue du Bugnon 27<\/p>\n\n\n\n<p class=\"has-text-align-left\">CH1011-Lausanne<\/p>\n\n\n\n<p class=\"has-text-align-left\">Office: + 41 21 692 54 37<\/p>\n\n\n\n<p class=\"has-text-align-left\">Secr\u00e9tariat: + 41 21692 53 52<\/p>\n\n\n\n<p class=\"has-text-align-left\">Email: <a href=\"mailto:olaia.naveiras@unil.ch\" target=\"_blank\" rel=\"noreferrer noopener\">olaia.naveiras@unil.ch<\/a><\/p>\n<\/div><\/div>\n<\/div><\/div>\n\n\n\n<p><\/p>\n<\/div><\/div>\n","protected":false},"excerpt":{"rendered":"<p>Laboratory of Regenerative Hematopoiesis\u00a0 Prof.Olaia Naveiras Department des Sciences Biom\u00e9dicales UNIL &#8211; Universit\u00e9 de Lausanne Rue du Bugnon 27 CH1011-Lausanne Office: + 41 21 692 54 37 Secr\u00e9tariat:&hellip;<\/p>\n","protected":false},"author":1002215,"featured_media":208,"parent":0,"menu_order":0,"comment_status":"closed","ping_status":"closed","template":"template-full-width-cover.php","meta":{"_seopress_robots_primary_cat":"","_seopress_titles_title":"","_seopress_titles_desc":"","_seopress_robots_index":"","footnotes":""},"class_list":["post-182","page","type-page","status-publish","has-post-thumbnail"],"_links":{"self":[{"href":"https:\/\/wp.unil.ch\/naveiras-lab\/wp-json\/wp\/v2\/pages\/182","targetHints":{"allow":["GET"]}}],"collection":[{"href":"https:\/\/wp.unil.ch\/naveiras-lab\/wp-json\/wp\/v2\/pages"}],"about":[{"href":"https:\/\/wp.unil.ch\/naveiras-lab\/wp-json\/wp\/v2\/types\/page"}],"author":[{"embeddable":true,"href":"https:\/\/wp.unil.ch\/naveiras-lab\/wp-json\/wp\/v2\/users\/1002215"}],"replies":[{"embeddable":true,"href":"https:\/\/wp.unil.ch\/naveiras-lab\/wp-json\/wp\/v2\/comments?post=182"}],"version-history":[{"count":0,"href":"https:\/\/wp.unil.ch\/naveiras-lab\/wp-json\/wp\/v2\/pages\/182\/revisions"}],"wp:featuredmedia":[{"embeddable":true,"href":"https:\/\/wp.unil.ch\/naveiras-lab\/wp-json\/wp\/v2\/media\/208"}],"wp:attachment":[{"href":"https:\/\/wp.unil.ch\/naveiras-lab\/wp-json\/wp\/v2\/media?parent=182"}],"curies":[{"name":"wp","href":"https:\/\/api.w.org\/{rel}","templated":true}]}}