{"id":451,"date":"2024-10-31T09:47:02","date_gmt":"2024-10-31T08:47:02","guid":{"rendered":"https:\/\/wp.unil.ch\/navarrolab\/?page_id=451"},"modified":"2025-06-04T14:03:46","modified_gmt":"2025-06-04T12:03:46","slug":"451-2","status":"publish","type":"page","link":"https:\/\/wp.unil.ch\/navarrolab\/451-2\/","title":{"rendered":""},"content":{"rendered":"\n<div class=\"wp-block-media-text is-stacked-on-mobile\"><figure class=\"wp-block-media-text__media\"><img alt=\"\" loading=\"lazy\" decoding=\"async\" width=\"1024\" height=\"764\" src=\"https:\/\/wp.unil.ch\/navarrolab\/files\/2024\/10\/IMG_0145-1-1-2-1024x764.jpg\" alt=\"\" class=\"wp-image-413 size-full\" srcset=\"https:\/\/wp.unil.ch\/navarrolab\/files\/2024\/10\/IMG_0145-1-1-2-1024x764.jpg 1024w, https:\/\/wp.unil.ch\/navarrolab\/files\/2024\/10\/IMG_0145-1-1-2-300x224.jpg 300w, https:\/\/wp.unil.ch\/navarrolab\/files\/2024\/10\/IMG_0145-1-1-2-768x573.jpg 768w, https:\/\/wp.unil.ch\/navarrolab\/files\/2024\/10\/IMG_0145-1-1-2-1536x1146.jpg 1536w, https:\/\/wp.unil.ch\/navarrolab\/files\/2024\/10\/IMG_0145-1-1-2.jpg 1609w\" sizes=\"auto, (max-width: 1024px) 100vw, 1024px\" \/><\/figure><div class=\"wp-block-media-text__content\">\n<p class=\"has-large-font-size\"><strong>Aur\u00e9lien Gregor<\/strong><\/p>\n\n\n\n<p>Data analyst<\/p>\n\n\n\n<p><strong>Education<\/strong><\/p>\n\n\n\n<p>BSc in Chemistry and Chemical Engineering, \u00c9cole Polytechnique F\u00e9d\u00e9rale de Lausanne (EPFL), Switzerland <\/p>\n\n\n\n<p>MSc in Molecular and Biological Chemistry, \u00c9cole Polytechnique F\u00e9d\u00e9rale de Lausanne (EPFL), Switzerland<\/p>\n\n\n\n<p><strong>Research interest<\/strong><\/p>\n\n\n\n<p>I specialize in computational approaches for cryo-electron tomography (cryo-ET), focusing on image denoising and tomogram reconstruction techniques to improve structural analysis and visualization.<\/p>\n\n\n\n<p>aurelien.gregor{at}unil.ch<\/p>\n<\/div><\/div>\n","protected":false},"excerpt":{"rendered":"<p>Aur\u00e9lien Gregor Data analyst Education BSc in Chemistry and Chemical Engineering, \u00c9cole Polytechnique F\u00e9d\u00e9rale de Lausanne (EPFL), Switzerland MSc in Molecular and Biological Chemistry, \u00c9cole Polytechnique F\u00e9d\u00e9rale de Lausanne (EPFL), &hellip; <\/p>\n","protected":false},"author":1002765,"featured_media":0,"parent":0,"menu_order":0,"comment_status":"closed","ping_status":"closed","template":"","meta":{"_seopress_robots_primary_cat":"","_seopress_titles_title":"","_seopress_titles_desc":"","_seopress_robots_index":"","footnotes":""},"class_list":["post-451","page","type-page","status-publish"],"_links":{"self":[{"href":"https:\/\/wp.unil.ch\/navarrolab\/wp-json\/wp\/v2\/pages\/451","targetHints":{"allow":["GET"]}}],"collection":[{"href":"https:\/\/wp.unil.ch\/navarrolab\/wp-json\/wp\/v2\/pages"}],"about":[{"href":"https:\/\/wp.unil.ch\/navarrolab\/wp-json\/wp\/v2\/types\/page"}],"author":[{"embeddable":true,"href":"https:\/\/wp.unil.ch\/navarrolab\/wp-json\/wp\/v2\/users\/1002765"}],"replies":[{"embeddable":true,"href":"https:\/\/wp.unil.ch\/navarrolab\/wp-json\/wp\/v2\/comments?post=451"}],"version-history":[{"count":3,"href":"https:\/\/wp.unil.ch\/navarrolab\/wp-json\/wp\/v2\/pages\/451\/revisions"}],"predecessor-version":[{"id":560,"href":"https:\/\/wp.unil.ch\/navarrolab\/wp-json\/wp\/v2\/pages\/451\/revisions\/560"}],"wp:attachment":[{"href":"https:\/\/wp.unil.ch\/navarrolab\/wp-json\/wp\/v2\/media?parent=451"}],"curies":[{"name":"wp","href":"https:\/\/api.w.org\/{rel}","templated":true}]}}