{"id":99,"date":"2018-02-09T10:28:32","date_gmt":"2018-02-09T09:28:32","guid":{"rendered":"http:\/\/wp.unil.ch\/narratologie\/?page_id=99"},"modified":"2022-02-04T10:24:52","modified_gmt":"2022-02-04T09:24:52","slug":"renaf","status":"publish","type":"page","link":"https:\/\/wp.unil.ch\/narratologie\/renaf\/","title":{"rendered":"R\u00e9NaF"},"content":{"rendered":"<p>Cr\u00e9\u00e9 en juillet 2018, le <em>R\u00e9seau des narratologues francophones<\/em> (R\u00e9NaF) a pour but de mettre en relation des chercheurs\u00a0 contribuant \u00e0 faire avancer la th\u00e9orie et l&rsquo;\u00e9tude des formes narratives, quel que soit leur ancrage disciplinaire et leur institution de rattachement. Il accompagne l\u2019\u00e9volution r\u00e9cente de la narratologie qui a vu celle-ci \u00e9largir ses horizons de recherches au-del\u00e0 de l&rsquo;analyse des formes litt\u00e9raires, pour inclure l\u2019\u00e9tude de toutes les pratiques narratives au sein de nos soci\u00e9t\u00e9s. Il vise \u00e9galement \u00e0 offrir un lieu de dialogue et de promotion de la recherche encourageant la poursuite et le renforcement d&rsquo;une tradition francophone dans le domaine de la th\u00e9orie du r\u00e9cit, tout en cr\u00e9ant des synergies avec le <em>European Narratology Network<\/em> (<a href=\"https:\/\/www.narratology.net\/\">ENN<\/a>) et\u00a0 l&rsquo;<em>International Society for the Study of Narrative<\/em> (<a href=\"https:\/\/narrative.georgetown.edu\/\">ISSN<\/a>).<\/p>\n<p>Cinq entit\u00e9s institutionnelles constituent la base du r\u00e9seau :<\/p>\n<ul>\n<li>le <a href=\"https:\/\/cral.ehess.fr\/\">Centre de recherches sur les arts et le langage<\/a> (CRAL, Paris, EHESS-CNRS), qui organise chaque ann\u00e9e le s\u00e9minaire \u00ab<a href=\"https:\/\/narratologie.ehess.fr\/\">Recherches contemporaines en narratologie<\/a>\u00bb;<\/li>\n<li>le <a href=\"https:\/\/u-paris.fr\/cerilac\/paris-centre-for-narrative-matters\/\" target=\"_blank\" rel=\"noopener\">Paris Centre for Narrative Matters<\/a> (PCNM, Universit\u00e9 de Paris), dirig\u00e9 par Sylvie Patron, fond\u00e9 \u00e0 la suite des congr\u00e8s <i class=\"\">Narrative Matters 2012 : Life and Narrative<\/i> et <i class=\"\">2014 : Narrative Knowing\/ R\u00e9cit et Savoir<\/i>;<\/li>\n<li>le <a href=\"https:\/\/unice.fr\/laboratoires\/lirces\/fr\/accueil\" target=\"_blank\" rel=\"noopener noreferrer\">Laboratoire interdisciplinaires r\u00e9cit, culture et soci\u00e9t\u00e9<\/a> (LIRCES, Nice, UNICE), qui g\u00e8re notamment la revue en ligne <a href=\"https:\/\/journals.openedition.org\/narratologie\/\"><em>Les Cahiers de narratologie<\/em><\/a> et dont l\u2019un des axes prioritaires vise \u00e0 promouvoir les recherches sur la narrativit\u00e9 \u00e0 travers des colloques et des s\u00e9minaires r\u00e9guliers de master et de doctorat;<\/li>\n<li>le <a href=\"https:\/\/wp.unil.ch\/narratologie\/natrans\/\">P\u00f4le de narratologie transm\u00e9diale<\/a> (NaTrans, Lausanne, UNIL), qui g\u00e8re le site du r\u00e9seau des narratologues francophones et organise r\u00e9guli\u00e8rement un <a href=\"https:\/\/wp.unil.ch\/narratologie\/seminaire-de-recherche-du-natrans\/\">s\u00e9minaire de recherche<\/a>, des formations continues et des \u00e9v\u00e9nements scientifiques en lien avec la th\u00e9orie du r\u00e9cit \u00e9largie \u00e0 diff\u00e9rents m\u00e9dias;<\/li>\n<li>le <a href=\"https:\/\/crem.univ-lorraine.fr\/\">Centre de recherche sur les m\u00e9diations<\/a> (CREM, Universit\u00e9 de Lorraine), dont le programme de recherche pour la p\u00e9riode 2018-2022 porte sur le th\u00e8me\u00a0: \u00abNarrations de la soci\u00e9t\u00e9\/Soci\u00e9t\u00e9s de la narration\u00bb.<\/li>\n<\/ul>\n<p>Pour faciliter l&rsquo;ancrage des travaux des narratologues francophones dans l&rsquo;actualit\u00e9 de la recherche internationale, le r\u00e9seau vise \u00e9galement \u00e0 constituer un <a href=\"https:\/\/wp.unil.ch\/narratologie\/glossaire\/\">glossaire<\/a> pr\u00e9sentant des concepts \u00e9mergents et de nouveaux courants de recherche, de mani\u00e8re \u00e0 encourager une circulation internationale et pluriculturelle des savoirs.<\/p>\n","protected":false},"excerpt":{"rendered":"<p>Cr\u00e9\u00e9 en juillet 2018, le R\u00e9seau des narratologues francophones (R\u00e9NaF) a pour but de mettre en relation des chercheurs\u00a0 contribuant \u00e0 faire avancer la th\u00e9orie et l&rsquo;\u00e9tude des formes narratives, quel que soit leur ancrage disciplinaire et leur institution de<\/p>\n","protected":false},"author":1001512,"featured_media":0,"parent":0,"menu_order":0,"comment_status":"closed","ping_status":"closed","template":"","meta":{"_seopress_robots_primary_cat":"","_seopress_titles_title":"","_seopress_titles_desc":"","_seopress_robots_index":"","footnotes":""},"class_list":["post-99","page","type-page","status-publish"],"_links":{"self":[{"href":"https:\/\/wp.unil.ch\/narratologie\/wp-json\/wp\/v2\/pages\/99","targetHints":{"allow":["GET"]}}],"collection":[{"href":"https:\/\/wp.unil.ch\/narratologie\/wp-json\/wp\/v2\/pages"}],"about":[{"href":"https:\/\/wp.unil.ch\/narratologie\/wp-json\/wp\/v2\/types\/page"}],"author":[{"embeddable":true,"href":"https:\/\/wp.unil.ch\/narratologie\/wp-json\/wp\/v2\/users\/1001512"}],"replies":[{"embeddable":true,"href":"https:\/\/wp.unil.ch\/narratologie\/wp-json\/wp\/v2\/comments?post=99"}],"version-history":[{"count":0,"href":"https:\/\/wp.unil.ch\/narratologie\/wp-json\/wp\/v2\/pages\/99\/revisions"}],"wp:attachment":[{"href":"https:\/\/wp.unil.ch\/narratologie\/wp-json\/wp\/v2\/media?parent=99"}],"curies":[{"name":"wp","href":"https:\/\/api.w.org\/{rel}","templated":true}]}}