{"id":6,"date":"2017-10-11T10:32:19","date_gmt":"2017-10-11T08:32:19","guid":{"rendered":"http:\/\/wp.unil.ch\/narratologie\/?page_id=6"},"modified":"2022-09-17T10:49:50","modified_gmt":"2022-09-17T08:49:50","slug":"natrans","status":"publish","type":"page","link":"https:\/\/wp.unil.ch\/narratologie\/natrans\/","title":{"rendered":"NaTrans"},"content":{"rendered":"<p>Le P\u00f4le de narratologie transm\u00e9diale, transculturelle et transhistorique (NaTrans) est un groupe de recherche rattach\u00e9 institutionnellement au <a href=\"https:\/\/www.unil.ch\/cet\/home.html\" target=\"_blank\" rel=\"noopener noreferrer\">Centre d\u2019\u00e9tudes th\u00e9\u00e2trales<\/a> (CET) et au <a href=\"https:\/\/www.unil.ch\/ciel\/home.html\" target=\"_blank\" rel=\"noopener noreferrer\">Centre interdisciplinaire d&rsquo;\u00e9tude des litt\u00e9ratures<\/a> (CIEL) de la Facult\u00e9 des Lettres de l&rsquo;Universit\u00e9 de Lausanne. Il est par ailleurs li\u00e9 aux activit\u00e9s de recherche du <a href=\"https:\/\/wp.unil.ch\/grebd\/\">Groupe d\u2019\u00e9tude sur la bande dessin\u00e9e <\/a>(GrEBD).<\/p>\n<p>La <a href=\"https:\/\/wp.unil.ch\/narratologie\/2019\/03\/narratologie-transmediale-transmedial-narratology\/\">narratologie transm\u00e9diale<\/a> s\u2019inscrit dans le prolongement de la th\u00e9orie du r\u00e9cit telle qu\u2019elle a \u00e9merg\u00e9 \u00e0 partir du milieu des ann\u00e9es 1960. Elle est fond\u00e9e sur la revendication de son autonomie par rapport au p\u00e9rim\u00e8tre des \u00e9tudes litt\u00e9raires, ce qui implique de relever le d\u00e9fi de l\u2019\u00e9largissement des concepts visant \u00e0 d\u00e9finir le fonctionnement des r\u00e9cits pour les rendre op\u00e9ratoires dans diff\u00e9rents contextes m\u00e9diatiques, notamment pour analyser les r\u00e9cits graphiques, audio-visuels ou vid\u00e9oludiques, ou pour \u00e9tudier les \u0153uvres th\u00e9\u00e2trales, qui sont de plus en plus enchev\u00eatr\u00e9s dans la culture contemporaine. Le NaTrans poursuit \u00e9galement l\u2019objectif de faire avancer la th\u00e9orie du r\u00e9cit en se fondant sur un comparatisme transhistorique et transculturel, bas\u00e9 notamment sur l\u2019\u00e9tude des traductions des concepts narratologiques et sur l&rsquo;analyse de leur \u00e9volution \u00e0 travers le temps.<\/p>\n<p>Ses membres poursuivent quatre objectifs principaux:<\/p>\n<ul>\n<li>assurer la p\u00e9rennit\u00e9, au sein de l\u2019UNIL, d\u2019une recherche de pointe dans le domaine de l&rsquo;\u00e9tude des r\u00e9cits dans toute la diversit\u00e9 de leurs incarnations m\u00e9diatiques, culturelles et historiques;<\/li>\n<li>exploiter la pluralit\u00e9 des ancrages\u00a0 de ses membres pour faire avancer la th\u00e9orie et l&rsquo;\u00e9tude des formes narratives par le biais d&rsquo;une approche interdisciplinaire et compar\u00e9e;<\/li>\n<li>organiser r\u00e9guli\u00e8rement un <a href=\"https:\/\/wp.unil.ch\/narratologie\/seminaire-de-recherche-du-natrans\/\">s\u00e9minaire de recherche<\/a> sur la narratologie transm\u00e9diale, transculturelle et transhistorique;<\/li>\n<li>favoriser la m\u00e9diation de la recherche acad\u00e9mique pour la rendre accessible \u00e0 un large public, notamment \u00e0 travers des formations continues;<\/li>\n<li>renforcer la visibilit\u00e9 nationale et internationale de la narratologie lausannoise et francophone en favorisant des synergies internes et externes.<\/li>\n<\/ul>\n<p><img alt=\"\" loading=\"lazy\" decoding=\"async\" class=\"size-thumbnail wp-image-350 alignleft\" src=\"https:\/\/wp.unil.ch\/narratologie\/files\/2018\/09\/unilogo_bleu_72dpi-150x58.png\" alt=\"\" width=\"150\" height=\"58\" \/><\/p>\n","protected":false},"excerpt":{"rendered":"<p>Le P\u00f4le de narratologie transm\u00e9diale, transculturelle et transhistorique (NaTrans) est un groupe de recherche rattach\u00e9 institutionnellement au Centre d\u2019\u00e9tudes th\u00e9\u00e2trales (CET) et au Centre interdisciplinaire d&rsquo;\u00e9tude des litt\u00e9ratures (CIEL) de la Facult\u00e9 des Lettres de l&rsquo;Universit\u00e9 de Lausanne. Il est<\/p>\n","protected":false},"author":108,"featured_media":0,"parent":0,"menu_order":0,"comment_status":"closed","ping_status":"closed","template":"","meta":{"_seopress_robots_primary_cat":"","_seopress_titles_title":"","_seopress_titles_desc":"","_seopress_robots_index":"","footnotes":""},"class_list":["post-6","page","type-page","status-publish"],"_links":{"self":[{"href":"https:\/\/wp.unil.ch\/narratologie\/wp-json\/wp\/v2\/pages\/6","targetHints":{"allow":["GET"]}}],"collection":[{"href":"https:\/\/wp.unil.ch\/narratologie\/wp-json\/wp\/v2\/pages"}],"about":[{"href":"https:\/\/wp.unil.ch\/narratologie\/wp-json\/wp\/v2\/types\/page"}],"author":[{"embeddable":true,"href":"https:\/\/wp.unil.ch\/narratologie\/wp-json\/wp\/v2\/users\/108"}],"replies":[{"embeddable":true,"href":"https:\/\/wp.unil.ch\/narratologie\/wp-json\/wp\/v2\/comments?post=6"}],"version-history":[{"count":0,"href":"https:\/\/wp.unil.ch\/narratologie\/wp-json\/wp\/v2\/pages\/6\/revisions"}],"wp:attachment":[{"href":"https:\/\/wp.unil.ch\/narratologie\/wp-json\/wp\/v2\/media?parent=6"}],"curies":[{"name":"wp","href":"https:\/\/api.w.org\/{rel}","templated":true}]}}