{"id":185,"date":"2018-08-03T14:59:49","date_gmt":"2018-08-03T12:59:49","guid":{"rendered":"http:\/\/wp.unil.ch\/narratologie\/?page_id=185"},"modified":"2024-07-21T17:51:41","modified_gmt":"2024-07-21T15:51:41","slug":"liens","status":"publish","type":"page","link":"https:\/\/wp.unil.ch\/narratologie\/liens\/","title":{"rendered":"Liens"},"content":{"rendered":"<h4>Liens UNIL<\/h4>\n<p><a href=\"https:\/\/www.unil.ch\/cet\" target=\"_blank\" rel=\"noopener noreferrer\">Centre d\u2019\u00e9tudes th\u00e9\u00e2trales (CET)<\/a><\/p>\n<p><a href=\"https:\/\/www.unil.ch\/ciel\/home.html\" target=\"_blank\" rel=\"noopener noreferrer\">Centre interdisciplinaire d&rsquo;\u00e9tude des litt\u00e9ratures (CIEL)<\/a><\/p>\n<p><a href=\"https:\/\/wp.unil.ch\/grebd\" target=\"_blank\" rel=\"noopener noreferrer\">Groupe de recherche sur la bande dessin\u00e9e (GrEBD)<\/a><\/p>\n<h4>Partenaires hors UNIL<\/h4>\n<p><a href=\"https:\/\/sociologie-narrative.lcsp.univ-paris-diderot.fr\/\" target=\"_blank\" rel=\"noopener noreferrer\">Atelier de sociologie narrative<\/a><\/p>\n<p><a href=\"https:\/\/cral.ehess.fr\/\" target=\"_blank\" rel=\"noopener noreferrer\">Centre de recherches sur les arts et le langage (EHESS-CNRS)<\/a><\/p>\n<p><a href=\"https:\/\/crem.univ-lorraine.fr\/\" target=\"_blank\" rel=\"noopener noreferrer\">Centre de recherche sur les m\u00e9diations (Universit\u00e9 de Lorraine)<\/a><\/p>\n<p><a href=\"https:\/\/u-paris.fr\/cerilac\/\" target=\"_blank\" rel=\"noopener noreferrer\">Centre d\u2019\u00e9tudes et de recherches interdisciplinaires en lettres, arts, cin\u00e9ma (C\u00c9RILAC)<\/a><\/p>\n<p><a href=\"https:\/\/u-paris.fr\/cerilac\/paris-centre-for-narrative-matters\/\" target=\"_blank\" rel=\"noopener\">Paris Center Narrative Matters (Universit\u00e9 de Paris)<\/a><\/p>\n<p><a href=\"https:\/\/unice.fr\/laboratoires\/lirces\/fr\/accueil\" target=\"_blank\" rel=\"noopener noreferrer\">Laboratoire interdisciplinaires r\u00e9cit, culture et soci\u00e9t\u00e9 (Universit\u00e9 de Nice)<\/a><span class=\"content-title summary\"><br \/>\n<\/span><\/p>\n<p><a href=\"https:\/\/alea.meshs.fr\/\" target=\"_blank\" rel=\"noopener noreferrer\">Figurations\/configurations artificielles du hasard (ALEA)<\/a><\/p>\n<p><a href=\"https:\/\/cereg.hypotheses.org\/717\" target=\"_blank\" rel=\"noopener noreferrer\">Centre d&rsquo;\u00e9tudes et de recherches sur l&rsquo;espace germanophone (CEREG)<\/a><\/p>\n<h4>Association<\/h4>\n<p><a href=\"https:\/\/lamaisondurecit.ch\/\" target=\"_blank\" rel=\"noopener noreferrer\">La Maison du R\u00e9cit<\/a><\/p>\n<h4>R\u00e9seaux internationaux<\/h4>\n<p><a href=\"https:\/\/lpcm.hypotheses.org\/\" target=\"_blank\" rel=\"noopener noreferrer\">Association internationale des chercheurs en litt\u00e9ratures populaires et cultures m\u00e9diatiques (LPCM)<\/a><\/p>\n<p><a href=\"https:\/\/www.narratology.net\/\" target=\"_blank\" rel=\"noopener noreferrer\">European Narratology Network (ENN)<\/a><\/p>\n<p><a href=\"https:\/\/intercripol.org\" target=\"_blank\" rel=\"noopener noreferrer\">Internationale de la critique polici\u00e8re (Intercripol)<\/a><\/p>\n<p><a href=\"https:\/\/narrative.georgetown.edu\/\" target=\"_blank\" rel=\"noopener noreferrer\">International Society for the Study of Narrative (ISSN)<\/a><\/p>\n<p><a href=\"https:\/\/wp.unil.ch\/rrenab\/narratologie-etudes-theoriques\/\" target=\"_blank\" rel=\"noopener noreferrer\">R\u00e9seau de recherche en narratologie et Bible (RRENAB)<\/a><\/p>\n<p><a href=\"https:\/\/fiction.hypotheses.org\/\" target=\"_blank\" rel=\"noopener noreferrer\">Soci\u00e9t\u00e9 internationale de recherche sur la fiction et la fictionnalit\u00e9 (SIRFF)<\/a><\/p>\n<h4>Encyclop\u00e9dies en ligne<\/h4>\n<p><a href=\"https:\/\/dp.uc.pt\/\" target=\"_blank\" rel=\"noopener\">Dictionnaire des personnages de la fiction portugaise<\/a><\/p>\n<p><a href=\"https:\/\/publictionnaire.huma-num.fr\/\" target=\"_blank\" rel=\"noopener\">Publictionnaire (dictionnaire encyclop\u00e9dique et critique des publics)<\/a><\/p>\n<p><a href=\"https:\/\/www.lhn.uni-hamburg.de\/\" target=\"_blank\" rel=\"noopener noreferrer\">The Living Handbook of Narratology<\/a><\/p>\n<h4>Revues<\/h4>\n<p><a href=\"https:\/\/cf.hum.uva.nl\/narratology\/index.html\" target=\"_blank\" rel=\"noopener noreferrer\">Amsterdam International Electronic Journal for Cultural Narratology<\/a><\/p>\n<p><a href=\"https:\/\/ancientnarrative.com\" target=\"_blank\" rel=\"noopener noreferrer\">Ancient Narrative<\/a><\/p>\n<p><a href=\"https:\/\/journals.openedition.org\/belphegor\/\" target=\"_blank\" rel=\"noopener noreferrer\">Belph\u00e9gor<\/a><\/p>\n<p><a href=\"https:\/\/journals.openedition.org\/narratologie\/\" target=\"_blank\" rel=\"noopener noreferrer\">Cahiers de narratologie<\/a><\/p>\n<p><a href=\"https:\/\/www.diegesis.uni-wuppertal.de\/index.php\/diegesis\" target=\"_blank\" rel=\"noopener noreferrer\">DIEGESIS<\/a><\/p>\n<p><a href=\"https:\/\/riviste.unimi.it\/index.php\/enthymema\" target=\"_blank\" rel=\"noopener noreferrer\">Enthymema<\/a><\/p>\n<p><a href=\"https:\/\/www.fabula.org\/lht\/\" target=\"_blank\" rel=\"noopener noreferrer\">Fabula LHT<\/a><\/p>\n<p><a href=\"https:\/\/www.degruyter.com\/view\/journals\/fns\/fns-overview.xml?tab_body=overview\" target=\"_blank\" rel=\"noopener noreferrer\">Frontiers of Narrative Studies<\/a><\/p>\n<p><a href=\"https:\/\/www.imageandnarrative.be\/\" target=\"_blank\" rel=\"noopener noreferrer\">Image &amp; Narrative<\/a><\/p>\n<p><a href=\"https:\/\/scholarworks.iu.edu\/journals\/index.php\/jfr\/index\" target=\"_blank\" rel=\"noopener noreferrer\">Journal of Folklore Research<\/a><\/p>\n<p><a href=\"https:\/\/www.emich.edu\/english\/jnt\/\" target=\"_blank\" rel=\"noopener noreferrer\">Journal of Narrative Theory<\/a><\/p>\n<p><a href=\"https:\/\/www.cairn.info\/revue-litterature.htm\" target=\"_blank\" rel=\"noopener noreferrer\">Litt\u00e9rature<\/a><\/p>\n<p><a href=\"https:\/\/digitalcommons.wayne.edu\/marvels\/\" target=\"_blank\" rel=\"noopener noreferrer\">Marvel anf Tales<\/a><\/p>\n<p><a href=\"https:\/\/narrative.georgetown.edu\/journal\/\" target=\"_blank\" rel=\"noopener noreferrer\">Narrative<\/a><\/p>\n<p><a href=\"https:\/\/benjamins.com\/catalog\/ni\" target=\"_blank\" rel=\"noopener noreferrer\">Narrative Inquiry<\/a><\/p>\n<p><a href=\"https:\/\/www.erudit.org\/fr\/revues\/nw\/\" target=\"_blank\" rel=\"noopener noreferrer\">Narrative Works<\/a><\/p>\n<p><a href=\"https:\/\/read.dukeupress.edu\/poetics-today\" target=\"_blank\" rel=\"noopener noreferrer\">Poetics Today<\/a><\/p>\n<p><a href=\"https:\/\/www.cairn.info\/revue-poetique.htm\" target=\"_blank\" rel=\"noopener noreferrer\">Po\u00e9tique<\/a><\/p>\n<p><a href=\"https:\/\/journals.openedition.org\/questionsdecommunication\/\" target=\"_blank\" rel=\"noopener noreferrer\">Questions de communication<\/a><\/p>\n<p><a href=\"https:\/\/www.jstor.org\/journal\/style\" target=\"_blank\" rel=\"noopener noreferrer\">Style<\/a><\/p>\n<p><a href=\"https:\/\/www.jstor.org\/journal\/storyworlds\" target=\"_blank\" rel=\"noopener noreferrer\">Storyworlds<\/a><\/p>\n<p><a href=\"https:\/\/www.transpositio.org\/\" target=\"_blank\" rel=\"noopener noreferrer\">Transpositio<\/a><\/p>\n<p><a href=\"https:\/\/www.vox-poetica.org\/\" target=\"_blank\" rel=\"noopener noreferrer\">Vox Poetica<\/a><\/p>\n<h4>Collections<\/h4>\n<p><a href=\"https:\/\/www.nebraskapress.unl.edu\/series\/frontiers-of-narrative\/\" target=\"_blank\" rel=\"noopener noreferrer\">Frontiers of Narrative (University of Nebrasaka Press)<\/a><\/p>\n<p><a href=\"https:\/\/www.degruyter.com\/view\/serial\/19096\" target=\"_blank\" rel=\"noopener noreferrer\">Narratologia (Peter Lang)<\/a><\/p>\n<p><a href=\"https:\/\/www.seuil.com\/collection\/collection-507\" target=\"_blank\" rel=\"noopener noreferrer\">Po\u00e9tique (Seuil)<\/a><\/p>\n<p><a href=\"https:\/\/www.peterlang.com\/view\/serial\/TC\" target=\"_blank\" rel=\"noopener noreferrer\">Th\u00e9oCrit&rsquo; (Peter Lang)<\/a><\/p>\n<p><a href=\"https:\/\/www.ithaque-editions.fr\/tin-theoria-incognita\" target=\"_blank\" rel=\"noopener noreferrer\">Theoria Incognita (Les \u00e9ditions d&rsquo;Ithaque)<\/a><\/p>\n<p><a href=\"https:\/\/ohiostatepress.org\/books\/series\/tin.htm\" target=\"_blank\" rel=\"noopener noreferrer\">Theory and Interpretation of Narrative (Ohio University Press)<\/a><\/p>\n","protected":false},"excerpt":{"rendered":"<p>Liens UNIL Centre d\u2019\u00e9tudes th\u00e9\u00e2trales (CET) Centre interdisciplinaire d&rsquo;\u00e9tude des litt\u00e9ratures (CIEL) Groupe de recherche sur la bande dessin\u00e9e (GrEBD) Partenaires hors UNIL Atelier de sociologie narrative Centre de recherches sur les arts et le langage (EHESS-CNRS) Centre de recherche<\/p>\n","protected":false},"author":1001512,"featured_media":0,"parent":0,"menu_order":0,"comment_status":"closed","ping_status":"closed","template":"","meta":{"_seopress_robots_primary_cat":"","_seopress_titles_title":"","_seopress_titles_desc":"","_seopress_robots_index":"","footnotes":""},"class_list":["post-185","page","type-page","status-publish"],"_links":{"self":[{"href":"https:\/\/wp.unil.ch\/narratologie\/wp-json\/wp\/v2\/pages\/185","targetHints":{"allow":["GET"]}}],"collection":[{"href":"https:\/\/wp.unil.ch\/narratologie\/wp-json\/wp\/v2\/pages"}],"about":[{"href":"https:\/\/wp.unil.ch\/narratologie\/wp-json\/wp\/v2\/types\/page"}],"author":[{"embeddable":true,"href":"https:\/\/wp.unil.ch\/narratologie\/wp-json\/wp\/v2\/users\/1001512"}],"replies":[{"embeddable":true,"href":"https:\/\/wp.unil.ch\/narratologie\/wp-json\/wp\/v2\/comments?post=185"}],"version-history":[{"count":1,"href":"https:\/\/wp.unil.ch\/narratologie\/wp-json\/wp\/v2\/pages\/185\/revisions"}],"predecessor-version":[{"id":2310,"href":"https:\/\/wp.unil.ch\/narratologie\/wp-json\/wp\/v2\/pages\/185\/revisions\/2310"}],"wp:attachment":[{"href":"https:\/\/wp.unil.ch\/narratologie\/wp-json\/wp\/v2\/media?parent=185"}],"curies":[{"name":"wp","href":"https:\/\/api.w.org\/{rel}","templated":true}]}}