{"id":168,"date":"2018-08-01T16:13:59","date_gmt":"2018-08-01T14:13:59","guid":{"rendered":"http:\/\/wp.unil.ch\/narratologie\/?page_id=168"},"modified":"2024-05-22T11:10:23","modified_gmt":"2024-05-22T09:10:23","slug":"membres-du-natrans","status":"publish","type":"page","link":"https:\/\/wp.unil.ch\/narratologie\/membres-du-natrans\/","title":{"rendered":"Membres"},"content":{"rendered":"<p>Cette page recense les membres de l&rsquo;UNIL dont les int\u00e9r\u00eats rejoignent ceux du NaTrans. Pour devenir membre du p\u00f4le de recherche, merci de contacter: <a href=\"mailto:raphael.baroni@unil.ch\">raphael.baroni@unil.ch<\/a><\/p>\n<ul>\n<li><strong>Rapha\u00ebl Baroni<\/strong> (<a href=\"https:\/\/applicationspub.unil.ch\/interpub\/noauth\/php\/Un\/UnPers.php?PerNum=890408&amp;LanCode=37\" target=\"_blank\" rel=\"noopener noreferrer\">Ecole de fran\u00e7ais langue \u00e9trang\u00e8re<\/a>)<\/li>\n<li><strong>Mireille Berton<\/strong> (<a href=\"https:\/\/applicationspub.unil.ch\/interpub\/noauth\/php\/Un\/UnPers.php?PerNum=920957&amp;LanCode=37\" target=\"_blank\" rel=\"noopener noreferrer\">Section d&rsquo;histoire et esth\u00e9tique du cin\u00e9ma<\/a>)<\/li>\n<li><strong>Romain Bionda<\/strong> (<a href=\"https:\/\/applicationspub.unil.ch\/interpub\/noauth\/php\/Un\/UnPers.php?PerNum=1050146&amp;LanCode=37&amp;menu=coord\" target=\"_blank\" rel=\"noopener noreferrer\">Section de fran\u00e7ais moderne<\/a>)<\/li>\n<li><strong>Alain Boillat<\/strong> (<a href=\"https:\/\/applicationspub.unil.ch\/interpub\/noauth\/php\/Un\/UnPers.php?PerNum=911499&amp;LanCode=37\" target=\"_blank\" rel=\"noopener noreferrer\">Section d&rsquo;histoire et esth\u00e9tique du cin\u00e9ma<\/a>)<\/li>\n<li><strong>Pierre-Yves Brandt<\/strong> (<a href=\"https:\/\/applicationspub.unil.ch\/interpub\/noauth\/php\/Un\/UnPers.php?PerNum=42703&amp;LanCode=37\" target=\"_blank\" rel=\"noopener noreferrer\">FTSR<\/a>)<\/li>\n<li><strong>Matteo Capponi<\/strong> (<a href=\"https:\/\/applicationspub.unil.ch\/interpub\/noauth\/php\/Un\/UnPers.php?PerNum=1025588&amp;LanCode=37\" target=\"_blank\" rel=\"noopener noreferrer\">Institut d&rsquo;arch\u00e9ologie et des sciences de l&rsquo;antiquit\u00e9<\/a>)<\/li>\n<li><strong>Danielle Chaperon<\/strong> (<a href=\"https:\/\/applicationspub.unil.ch\/interpub\/noauth\/php\/Un\/UnPers.php?PerNum=811398&amp;LanCode=37&amp;menu=coord\" target=\"_blank\" rel=\"noopener noreferrer\">Section de fran\u00e7ais moderne<\/a>)<\/li>\n<li><strong>Estelle Doudet<\/strong> (<a href=\"https:\/\/applicationspub.unil.ch\/interpub\/noauth\/php\/Un\/UnPers.php?PerNum=1204963&amp;LanCode=37\" target=\"_blank\" rel=\"noopener noreferrer\">Section de fran\u00e7ais<\/a>)<\/li>\n<li><strong>Marc Escola<\/strong> (<a href=\"https:\/\/applicationspub.unil.ch\/interpub\/noauth\/php\/Un\/UnPers.php?PerNum=1115077&amp;LanCode=37\" target=\"_blank\" rel=\"noopener noreferrer\">Section de fran\u00e7ais moderne<\/a>)<\/li>\n<li><strong>Alexei Evrastov<\/strong> (<a href=\"https:\/\/applicationspub.unil.ch\/interpub\/noauth\/php\/Un\/UnPers.php?PerNum=1201512&amp;LanCode=37\" target=\"_blank\" rel=\"noopener noreferrer\">Section de langues et civilisations slaves et de l&rsquo;Asie du Sud<\/a>)<\/li>\n<li><strong>Selina Follonier<\/strong> (<a href=\"https:\/\/applicationspub.unil.ch\/interpub\/noauth\/php\/Un\/UnPers.php?PerNum=1158832&amp;LanCode=37\">Centre des sciences historiques de la culture<\/a>)<\/li>\n<li><strong>Martine Hennard Dutheil de la Roch\u00e8re<\/strong> (<a href=\"https:\/\/applicationspub.unil.ch\/interpub\/noauth\/php\/Un\/UnPers.php?PerNum=810511&amp;LanCode=37\" target=\"_blank\" rel=\"noopener noreferrer\">Section d&rsquo;anglais<\/a>)<\/li>\n<li><strong>Ga\u00eblle Kovaliv<\/strong> (<a href=\"https:\/\/www.linkedin.com\/in\/ga%C3%ABlle-kovaliv-a27204135\/?originalSubdomain=ch\" target=\"_blank\" rel=\"noopener noreferrer\">Assistante FNS<\/a>)<\/li>\n<li><strong>Juliette Loesch<\/strong> (<a href=\"https:\/\/www.unil.ch\/angl\/en\/home\/menuinst\/staff\/comparative-literature\/loesch-juliette.html\" target=\"_blank\" rel=\"noopener noreferrer\">Section d&rsquo;Anglais<\/a>)<\/li>\n<li><strong>Luc Mahieu <\/strong>(<a href=\"https:\/\/applicationspub.unil.ch\/interpub\/noauth\/php\/Un\/UnPers.php?PerNum=1242801&amp;LanCode=37\">doctorant FNS, EFLE<\/a>)<\/li>\n<li><strong>Aur\u00e9lien Maignant<\/strong> (<a href=\"https:\/\/applicationspub.unil.ch\/interpub\/noauth\/php\/Un\/UnPers.php?PerNum=1132877&amp;LanCode=37\">Doctorant FNS Doc.CH<\/a>)<\/li>\n<li><strong>Melina Marchetti<\/strong> (<a href=\"https:\/\/applicationspub.unil.ch\/interpub\/noauth\/php\/Un\/UnPers.php?PerNum=1133365&amp;LanCode=37&amp;menu=coord\" target=\"_blank\" rel=\"noopener\">Section de fran\u00e7ais moderne<\/a>)<\/li>\n<li><strong>Gilles Merminod<\/strong> (<a href=\"https:\/\/applicationspub.unil.ch\/interpub\/noauth\/php\/Un\/UnPers.php?PerNum=72513&amp;LanCode=37\" target=\"_blank\" rel=\"noopener noreferrer\">Sciences du langage et de l&rsquo;information<\/a>)<\/li>\n<li><strong>Lena M\u00f6schler<\/strong> (<a href=\"https:\/\/applicationspub.unil.ch\/interpub\/noauth\/php\/Un\/UnPers.php?PerNum=1183114&amp;LanCode=37&amp;menu=coord\" target=\"_blank\" rel=\"noopener\">Section de fran\u00e7ais moderne<\/a>)<\/li>\n<li><strong>Rapha\u00ebl Oesterl\u00e9<\/strong> (<a href=\"https:\/\/applicationspub.unil.ch\/interpub\/noauth\/php\/Un\/UnPers.php?PerNum=25638&amp;LanCode=8&amp;menu=pub\" target=\"_blank\" rel=\"noopener noreferrer\">Section d&rsquo;histoire et esth\u00e9tique du cin\u00e9ma<\/a>)<\/li>\n<li><strong>Antonio Rodriguez<\/strong> (<a href=\"https:\/\/applicationspub.unil.ch\/interpub\/noauth\/php\/Un\/UnPers.php?PerNum=920918&amp;LanCode=37\" target=\"_blank\" rel=\"noopener noreferrer\">Section de fran\u00e7ais moderne<\/a>)<\/li>\n<li><strong>Olivier Stucky<\/strong> (<a href=\"https:\/\/unil.academia.edu\/OlivierStucky\" target=\"_blank\" rel=\"noopener noreferrer\">Assistant FNS<\/a>)<\/li>\n<li><strong>Olivier Thevenaz<\/strong> (<a href=\"https:\/\/applicationspub.unil.ch\/interpub\/noauth\/php\/Un\/UnPers.php?PerNum=10204&amp;LanCode=37\" target=\"_blank\" rel=\"noopener noreferrer\">ASA &#8211; Latin<\/a>)<\/li>\n<li><strong>Gaspard Turin<\/strong> (<a href=\"https:\/\/applicationspub.unil.ch\/interpub\/noauth\/php\/Un\/UnPers.php?PerNum=36607&amp;LanCode=37&amp;menu=coord\">charg\u00e9 de recherche FNS, EFLE<\/a>)<\/li>\n<\/ul>\n","protected":false},"excerpt":{"rendered":"<p>Cette page recense les membres de l&rsquo;UNIL dont les int\u00e9r\u00eats rejoignent ceux du NaTrans. Pour devenir membre du p\u00f4le de recherche, merci de contacter: raphael.baroni@unil.ch Rapha\u00ebl Baroni (Ecole de fran\u00e7ais langue \u00e9trang\u00e8re) Mireille Berton (Section d&rsquo;histoire et esth\u00e9tique du cin\u00e9ma)<\/p>\n","protected":false},"author":1001512,"featured_media":0,"parent":0,"menu_order":0,"comment_status":"closed","ping_status":"closed","template":"","meta":{"_seopress_robots_primary_cat":"","_seopress_titles_title":"","_seopress_titles_desc":"","_seopress_robots_index":"","footnotes":""},"class_list":["post-168","page","type-page","status-publish"],"_links":{"self":[{"href":"https:\/\/wp.unil.ch\/narratologie\/wp-json\/wp\/v2\/pages\/168","targetHints":{"allow":["GET"]}}],"collection":[{"href":"https:\/\/wp.unil.ch\/narratologie\/wp-json\/wp\/v2\/pages"}],"about":[{"href":"https:\/\/wp.unil.ch\/narratologie\/wp-json\/wp\/v2\/types\/page"}],"author":[{"embeddable":true,"href":"https:\/\/wp.unil.ch\/narratologie\/wp-json\/wp\/v2\/users\/1001512"}],"replies":[{"embeddable":true,"href":"https:\/\/wp.unil.ch\/narratologie\/wp-json\/wp\/v2\/comments?post=168"}],"version-history":[{"count":1,"href":"https:\/\/wp.unil.ch\/narratologie\/wp-json\/wp\/v2\/pages\/168\/revisions"}],"predecessor-version":[{"id":2300,"href":"https:\/\/wp.unil.ch\/narratologie\/wp-json\/wp\/v2\/pages\/168\/revisions\/2300"}],"wp:attachment":[{"href":"https:\/\/wp.unil.ch\/narratologie\/wp-json\/wp\/v2\/media?parent=168"}],"curies":[{"name":"wp","href":"https:\/\/api.w.org\/{rel}","templated":true}]}}