{"id":1284,"date":"2020-09-25T14:11:34","date_gmt":"2020-09-25T12:11:34","guid":{"rendered":"http:\/\/wp.unil.ch\/narratologie\/?page_id=1284"},"modified":"2021-09-28T17:45:04","modified_gmt":"2021-09-28T15:45:04","slug":"recherches-2","status":"publish","type":"page","link":"https:\/\/wp.unil.ch\/narratologie\/recherches-2\/","title":{"rendered":"Recherches"},"content":{"rendered":"<p>Cette page recense les recherches men\u00e9es par les membres du NaTrans b\u00e9n\u00e9ficiant de financements.<\/p>\n<h3>Projets soutenus par le FNS<\/h3>\n<p><a href=\"https:\/\/wp.unil.ch\/narratologie\/recherches\/\">Reconfiguring Comics in our Digital Era<\/a> (CRSII5_180359)<\/p>\n<p><a href=\"https:\/\/wp.unil.ch\/narratologie\/recherches-2\/narratologie_enseignement\/\">Pour une th\u00e9orie du r\u00e9cit au service de l&rsquo;enseignement <\/a>(100019_197612 \/ 1)<\/p>\n","protected":false},"excerpt":{"rendered":"<p>Cette page recense les recherches men\u00e9es par les membres du NaTrans b\u00e9n\u00e9ficiant de financements. Projets soutenus par le FNS Reconfiguring Comics in our Digital Era (CRSII5_180359) Pour une th\u00e9orie du r\u00e9cit au service de l&rsquo;enseignement (100019_197612 \/ 1)<\/p>\n","protected":false},"author":1001512,"featured_media":0,"parent":0,"menu_order":0,"comment_status":"closed","ping_status":"closed","template":"","meta":{"_seopress_robots_primary_cat":"","_seopress_titles_title":"","_seopress_titles_desc":"","_seopress_robots_index":"","footnotes":""},"class_list":["post-1284","page","type-page","status-publish"],"_links":{"self":[{"href":"https:\/\/wp.unil.ch\/narratologie\/wp-json\/wp\/v2\/pages\/1284","targetHints":{"allow":["GET"]}}],"collection":[{"href":"https:\/\/wp.unil.ch\/narratologie\/wp-json\/wp\/v2\/pages"}],"about":[{"href":"https:\/\/wp.unil.ch\/narratologie\/wp-json\/wp\/v2\/types\/page"}],"author":[{"embeddable":true,"href":"https:\/\/wp.unil.ch\/narratologie\/wp-json\/wp\/v2\/users\/1001512"}],"replies":[{"embeddable":true,"href":"https:\/\/wp.unil.ch\/narratologie\/wp-json\/wp\/v2\/comments?post=1284"}],"version-history":[{"count":0,"href":"https:\/\/wp.unil.ch\/narratologie\/wp-json\/wp\/v2\/pages\/1284\/revisions"}],"wp:attachment":[{"href":"https:\/\/wp.unil.ch\/narratologie\/wp-json\/wp\/v2\/media?parent=1284"}],"curies":[{"name":"wp","href":"https:\/\/api.w.org\/{rel}","templated":true}]}}