{"id":128,"date":"2018-07-23T17:16:57","date_gmt":"2018-07-23T15:16:57","guid":{"rendered":"http:\/\/wp.unil.ch\/narratologie\/?page_id=128"},"modified":"2026-03-30T15:18:59","modified_gmt":"2026-03-30T13:18:59","slug":"membres-du-reseau","status":"publish","type":"page","link":"https:\/\/wp.unil.ch\/narratologie\/membres-du-reseau\/","title":{"rendered":"Membres du R\u00e9NaF"},"content":{"rendered":"<p>Vous trouverez ci-dessous la liste des membres du r\u00e9seau des narratologues francophones. Cette liste vise \u00e0 recenser les chercheurs et chercheuses capables de communiquer en fran\u00e7ais (sans \u00eatre n\u00e9cessairement de langue maternelle fran\u00e7aise) contribuant \u00e0 faire avancer la th\u00e9orie du r\u00e9cit, quel que soit leur ancrage institutionnel ou la discipline de recherche\u00a0 dans laquelle s&rsquo;inscrivent leurs travaux (sciences du langage, sciences de l&rsquo;information et de la communication, \u00e9tudes culturelles, m\u00e9diologie, didactique, etc.). Le R\u00e9NaF n&rsquo;envoie plus de lettres d&rsquo;information \u00e0 ses membres, mais il publie des actualit\u00e9s sur sa page Internet ainsi que sur les r\u00e9seaux sociaux affili\u00e9s.<\/p>\n<p>Pour devenir membre du r\u00e9seau, merci d&rsquo;envoyer votre nom, votre institution de rattachement, ainsi qu&rsquo;un lien vers une page institutionnelle \u00e0: <a href=\"mailto:raphael.baroni@unil.ch\">raphael.baroni@unil.ch<\/a><\/p>\n<h3>Membres du r\u00e9seau<\/h3>\n<p>Jean-Michel Adam (<a href=\"https:\/\/applicationspub.unil.ch\/interpub\/noauth\/php\/Un\/UnPers.php?PerNum=3005&amp;LanCode=37\" target=\"_blank\" rel=\"noopener noreferrer\">Universit\u00e9 de Lausanne<\/a>)<\/p>\n<p>Alain Serge Agnessant (<a href=\"https:\/\/tv.uqam.ca\/ma-these-en-180-secondes-alain-serge-agnessan\" target=\"_blank\" rel=\"noopener noreferrer\">Universit\u00e9 de Western Ontario<\/a>)<\/p>\n<p>Karl Akiki (<a href=\"https:\/\/flsh.usj.edu.lb\/rattaches.php?inst=245\" target=\"_blank\" rel=\"noopener noreferrer\">Universit\u00e9 Saint-Joseph de Beyrouth<\/a>)<\/p>\n<p>Elianne Ambombo (<a href=\"https:\/\/www.icp.fr\/recherche\/college-doctoral\/soutenances-de-these\/mt-7-21-23-quand-faire-cest-ne-pas-faire-contribution-a-la-reception-dun-logion-discute-dans-le-contexte-mattheen-du-discours-sur-la-montagne\" target=\"_blank\" rel=\"noopener\">Institut catholique de Paris<\/a>)<\/p>\n<p>Dominique Arsenault (<a href=\"https:\/\/histart.umontreal.ca\/repertoire-departement\/vue\/arsenault-dominic\/\" target=\"_blank\" rel=\"noopener noreferrer\">Universit\u00e9 de Montr\u00e9al<\/a>)<\/p>\n<p>Ren\u00e9 Audet (<a href=\"https:\/\/ex-situ.info\/category\/rene-audet\/\" target=\"_blank\" rel=\"noopener noreferrer\">Universit\u00e9 Laval<\/a>)<\/p>\n<p>Jan Baetens (<a href=\"https:\/\/www.kuleuven.be\/wieiswie\/en\/person\/00004749\" target=\"_blank\" rel=\"noopener noreferrer\">Universit\u00e9 catholique de Louvain<\/a>)<\/p>\n<p>Florence Baillet (<a href=\"https:\/\/www.univ-paris3.fr\/mme-baillet-florence-168739.kjsp\" target=\"_blank\" rel=\"noopener noreferrer\">Universit\u00e9 Sorbonne Nouvelle<\/a>)<\/p>\n<p>Rapha\u00ebl Baroni (<a href=\"https:\/\/applicationspub.unil.ch\/interpub\/noauth\/php\/Un\/UnPers.php?PerNum=890408&amp;LanCode=37\" target=\"_blank\" rel=\"noopener noreferrer\">Universit\u00e9 de Lausanne<\/a>)<\/p>\n<p>Sarra Mahsene Belfrikh (Page personnelle)<\/p>\n<p>Romain Bionda (<a href=\"https:\/\/applicationspub.unil.ch\/interpub\/noauth\/php\/Un\/UnPers.php?PerNum=1050146&amp;LanCode=37\" target=\"_blank\" rel=\"noopener noreferrer\">Universit\u00e9 de Lausanne<\/a>)<\/p>\n<p>Alain Boillat (<a href=\"https:\/\/applicationspub.unil.ch\/interpub\/noauth\/php\/Un\/UnPers.php?PerNum=911499&amp;LanCode=37\" target=\"_blank\" rel=\"noopener noreferrer\">Universit\u00e9 de Lausanne<\/a>)<\/p>\n<p>Val\u00e9rie Bonnet (<a href=\"https:\/\/www.lerass.com\/author\/vbonnet\/\" target=\"_blank\" rel=\"noopener noreferrer\">Universit\u00e9 Paul Sabatier, Toulouse 3<\/a>)<\/p>\n<p>Marion Brachet (<a href=\"https:\/\/cral.ehess.fr\/membres\/marion-brachet\" target=\"_blank\" rel=\"noopener\">EHESS\/CRAL<\/a>)<\/p>\n<p>Peter Brooks (<a href=\"https:\/\/www.kuleuven.be\/wieiswie\/en\/person\/00004749\">Universit\u00e9 de Princeton<\/a>)<\/p>\n<p>Thomas Brunel (<a href=\"https:\/\/twitter.com\/ThomasVonBrubru\">Page personnelle<\/a>)<\/p>\n<p>B\u00fclent \u00c7a\u011flakp\u0131nar (<a href=\"https:\/\/istanbul.academia.edu\/B%C3%BClentCaglakpinar\" target=\"_blank\" rel=\"noopener noreferrer\">Universit\u00e9 d&rsquo;Istanbul<\/a>)<\/p>\n<p>Olivier Ca\u00efra (<a href=\"https:\/\/www.centre-pierre-naville.fr\/index.php\/fr\/equipe\/membres-titulaires\/136-caira-olivier\" target=\"_blank\" rel=\"noopener noreferrer\">EHESS et IUT Evry<\/a>)<\/p>\n<p>Claude Calame (<a href=\"https:\/\/applicationspub.unil.ch\/interpub\/noauth\/php\/Un\/UnPers.php?PerNum=3159&amp;LanCode=37\" target=\"_blank\" rel=\"noopener noreferrer\">Universit\u00e9 de Lausanne<\/a> et <a href=\"https:\/\/www.ehess.fr\/fr\/personne\/claude-calame\" target=\"_blank\" rel=\"noopener noreferrer\">EHESS-CNRS, CRAL<\/a>)<\/p>\n<p>Pierre Camille-Delahaye (<a href=\"https:\/\/www.lerass.com\/author\/pcamille-delahaye\/\" target=\"_blank\" rel=\"noopener noreferrer\">Universit\u00e9 Paul-Val\u00e9ry, Montpellier<\/a>)<\/p>\n<p>Philippe Carrard (<a href=\"https:\/\/dartmouth.academia.edu\/PhilippeCarrard\" target=\"_blank\" rel=\"noopener noreferrer\">Universit\u00e9 de Dartmouth<\/a>)<\/p>\n<p>Remi Cayatte (<a href=\"https:\/\/crem.univ-lorraine.fr\/cayatte-remi\" target=\"_blank\" rel=\"noopener noreferrer\">Universit\u00e9 de Lorraine<\/a>)<\/p>\n<p>Danielle Chaperon (<a href=\"https:\/\/applicationspub.unil.ch\/interpub\/noauth\/php\/Un\/UnPers.php?PerNum=811398&amp;LanCode=37\" target=\"_blank\" rel=\"noopener noreferrer\">Universit\u00e9 de Lausanne<\/a>)<\/p>\n<p>Jamil Chaker (<a href=\"https:\/\/www.fshst.rnu.tn\/fr\/les-laboratoires-0\" target=\"_blank\" rel=\"noopener\">Universit\u00e9 de Tunis<\/a>)<\/p>\n<p>William Charest-P\u00e9pin\u00a0 (<a href=\"https:\/\/carnetoblique.org\/author\/williamcharest\/\" target=\"_blank\" rel=\"noopener\">Universit\u00e9 Laval<\/a>)<\/p>\n<p>Paul Charon (<a href=\"https:\/\/www.irsem.fr\/equipe\/charon.html\">Institut de recherche strat\u00e9gique de l\u2019\u00c9cole militaire<\/a>)<\/p>\n<p>Vasile Andrei Condrea (<a href=\"https:\/\/orcid.org\/0000-0001-9849-9492\" target=\"_blank\" rel=\"noopener noreferrer\">Dublin City University<\/a>)<\/p>\n<p>Thomas Conrad (<a href=\"https:\/\/republique-des-savoirs.fr\/membres\/thomas-conrad\/\" target=\"_blank\" rel=\"noopener noreferrer\">Ecole Normale Sup\u00e9rieure de Paris, PSL<\/a>)<\/p>\n<p>Claire Cornillon (<a href=\"https:\/\/expertes.fr\/expertes\/66470-claire-cornillon\" target=\"_blank\" rel=\"noopener noreferrer\">Universit\u00e9 Paul-Val\u00e9ry Montpellier 3<\/a>)<\/p>\n<p>H\u00e9l\u00e8ne Crombet (<a href=\"https:\/\/mica.u-bordeaux-montaigne.fr\/helene-crombet\/\" target=\"_blank\" rel=\"noopener noreferrer\">Universit\u00e9 de Bordeaux Montaigne<\/a>)<\/p>\n<p>Cao Danhong (Universit\u00e9 de Nanjing)<\/p>\n<p>Nathalie D\u00e9chelette (<a href=\"https:\/\/labodeshistoires.com\/lbh\/portrait-dintervenante-nathalie-dechelette\/\" target=\"_blank\" rel=\"noopener\">chercheuse ind\u00e9pendante<\/a>)<\/p>\n<p>Jonathan Degen\u00e8ve (<a href=\"https:\/\/www.univ-paris3.fr\/m-degeneve-jonathan-36278.kjsp\" target=\"_blank\" rel=\"noopener noreferrer\">Sorbonne Nouvelle Paris 3<\/a>)<\/p>\n<p>Laurent Demanze (<a href=\"https:\/\/univ-grenoble-alpes.academia.edu\/LaurentDemanze\" target=\"_blank\" rel=\"noopener noreferrer\">Universit\u00e9 de Grenoble<\/a>)<\/p>\n<p>Jean-Louis Dufays (<a href=\"https:\/\/uclouvain.be\/fr\/repertoires\/jean-louis.dufays\" target=\"_blank\" rel=\"noopener noreferrer\">Universit\u00e9 catholique de Louvain-la-Neuve<\/a>)<\/p>\n<p>Anne Duprat (<a href=\"https:\/\/www.u-picardie.fr\/medias\/fichier\/cv18-cercll-duprat_1545092334212-pdf\" target=\"_blank\" rel=\"noopener noreferrer\">Universit\u00e9 de Picardie Jules Verne<\/a>)<\/p>\n<p>Marc Escola (<a href=\"https:\/\/applicationspub.unil.ch\/interpub\/noauth\/php\/Un\/UnPers.php?PerNum=1115077&amp;LanCode=37\" target=\"_blank\" rel=\"noopener noreferrer\">Universit\u00e9 de Lausanne<\/a>)<\/p>\n<p>Alexandre Eyries (Universit\u00e9 catholique de l&rsquo;Ouest)<\/p>\n<p>Florent Favard (<a href=\"https:\/\/florentfavard.com\/\" target=\"_blank\" rel=\"noopener noreferrer\">Universit\u00e9 de Lorraine<\/a>)<\/p>\n<p>Hans F\u00e4rnl\u00f6f (<a href=\"https:\/\/www.su.se\/english\/profiles\/hfr-1.195102\" target=\"_blank\" rel=\"noopener\">Universit\u00e9 de Stockholm<\/a>)<\/p>\n<p>Monika Fludernik (<a href=\"https:\/\/www.anglistik.uni-freiburg.de\/seminar\/abteilungen\/literaturwissenschaft\/ls_fludernik\" target=\"_blank\" rel=\"noopener noreferrer\">Universit\u00e9 de Freiburg, Allemagne<\/a>)<\/p>\n<p>Selina Follonier (<a href=\"https:\/\/applicationspub.unil.ch\/interpub\/noauth\/php\/Un\/UnPers.php?PerNum=1158832&amp;LanCode=37\">Universit\u00e9 de Lausanne<\/a>)<\/p>\n<p>Andr\u00e9 Gaudreault (<a href=\"https:\/\/histart.umontreal.ca\/repertoire-departement\/vue\/gaudreault-andre\/\" target=\"_blank\" rel=\"noopener noreferrer\">Universit\u00e9 de Montr\u00e9al<\/a>)<\/p>\n<p>Laurent Gautier (<a href=\"https:\/\/til.u-bourgogne.fr\/equipe\/enseignants-chercheurs\/177-laurent-gautier.html\" target=\"_blank\" rel=\"noopener noreferrer\">Universit\u00e9 de Bourgogne<\/a>)<\/p>\n<p>Leo Gazier Barraco (<a href=\"https:\/\/fr.linkedin.com\/in\/leo-gazier-barraco-a18358149\">Universit\u00e9 Saint Denis Paris 8<\/a>)<\/p>\n<p>Carolin Gebauer (<a href=\"https:\/\/www.anglistik.uni-wuppertal.de\/de\/ueber-uns\/personal\/gebauer.html\" target=\"_blank\" rel=\"noopener\">Universit\u00e9 de Wuppertal<\/a>)<\/p>\n<p>Alexandre Gefen (<a href=\"https:\/\/www.thalim.cnrs.fr\/auteur\/alexandre-gefen\" target=\"_blank\" rel=\"noopener noreferrer\">CNRS<\/a>)<\/p>\n<p>Bertrand Gervais (<a href=\"https:\/\/professeurs.uqam.ca\/professeur\/gervais.bertrand\/\">UQAM<\/a>)<\/p>\n<p>Ana\u00efs Goudmand (<a href=\"https:\/\/applicationspub.unil.ch\/interpub\/noauth\/php\/Un\/UnPers.php?PerNum=1127488&amp;LanCode=37&amp;menu=pub\" target=\"_blank\" rel=\"noopener noreferrer\">Universit\u00e9 de Lausanne<\/a>)<\/p>\n<p>M\u00e1rta Grab\u00f3cz (<a href=\"https:\/\/gream.unistra.fr\/le-gream\/organisation\/membres\/chercheurs\/marta-grabocz\/\" target=\"_blank\" rel=\"noopener noreferrer\">Universit\u00e9 de Strasbourg<\/a>)<\/p>\n<p>Ugo Grimard (<a href=\"https:\/\/www.linkedin.com\/in\/ugo-grimard-75a2881aa\/\">Universit\u00e9 catholique de Louvain<\/a>)<\/p>\n<p>Sara Gr\u00fcnhagen (Universit\u00e9 de Coimbra)<\/p>\n<p>V\u00e9ronique Henninger (chercheuse ind\u00e9pendante)<\/p>\n<p>Martine Hennard Dutheil de la Roch\u00e8re (<a href=\"https:\/\/applicationspub.unil.ch\/interpub\/noauth\/php\/Un\/UnPers.php?PerNum=810511&amp;LanCode=37\">Universit\u00e9 de Lausanne<\/a>)<\/p>\n<p>Cl\u00e9mentine Hougue (<a href=\"https:\/\/3lam.univ-lemans.fr\/fr\/le-laboratoire\/les-membres-du-laboratoire\/chercheurs-associes\/hougue-clementine.html\">Universit\u00e9 du Mans<\/a>)<\/p>\n<p>Despina Jderu (<a href=\"https:\/\/unibuc.academia.edu\/DespinaJderu\" target=\"_blank\" rel=\"noopener noreferrer\">Universit\u00e9 de Bucarest<\/a>)<\/p>\n<p>Fran\u00e7ois Jost (<a href=\"https:\/\/www.univ-paris3.fr\/m-jost-francois-25394.kjsp\">Universit\u00e9 Paris 3 Sorbonne Nouvelle<\/a>)<\/p>\n<p>Vincent Jouve (<a href=\"https:\/\/www.univ-reims.fr\/membres\/vincent-jouve,10000,17852.html\" target=\"_blank\" rel=\"noopener noreferrer\">Universit\u00e9 de Reims<\/a>)<\/p>\n<p>Ralf Kellermann (Hamburg University)<\/p>\n<p>Liesbeth Korthals Altes (<a href=\"https:\/\/www.rug.nl\/staff\/e.j.korthals.altes\/\" target=\"_blank\" rel=\"noopener noreferrer\">Universit\u00e9 de Groningen<\/a>)<\/p>\n<p>Ga\u00eblle Kovaliv (<a href=\"https:\/\/applicationspub.unil.ch\/interpub\/noauth\/php\/Un\/UnPers.php?PerNum=1121926&amp;LanCode=37\" target=\"_blank\" rel=\"noopener noreferrer\">Universit\u00e9 de Lausanne<\/a>)<\/p>\n<p>Corentin Lahouste (<a href=\"https:\/\/figura.uqam.ca\/individu\/lahouste-corentin\">Universit\u00e9 Laval<\/a>)<\/p>\n<p>Ir\u00e8ne Langlet (<a href=\"https:\/\/irene.langlet.free.fr\/\" target=\"_blank\" rel=\"noopener noreferrer\">Universit\u00e9 Paris-Est<\/a>)<\/p>\n<p>Fran\u00e7oise Lavocat (<a href=\"https:\/\/www.univ-paris3.fr\/mme-lavocat-francoise-149574.kjsp\" target=\"_blank\" rel=\"noopener noreferrer\">Universit\u00e9 Paris 3 Sorbonne Nouvelle<\/a>)<\/p>\n<p>Ga\u00ebtan Le Coarer (<a href=\"https:\/\/www.llseti.univ-smb.fr\/web\/llseti\/805-le-coarer-gaetan.php\" target=\"_blank\" rel=\"noopener\">Universit\u00e9 Savoie Mont-Blanc<\/a>)<\/p>\n<p>Cynthia Lerma Hern\u00e1ndez (<a href=\"https:\/\/modernas.filos.unam.mx\/inicio\/profesores\/directorio-de-profesores\/cynthia-lerma-hernandez\/\" target=\"_blank\" rel=\"noopener\">Universidad Nacional Aut\u00f3noma de M\u00e9xico<\/a>)<\/p>\n<p>Alessandro Leiduan (<a href=\"https:\/\/babel.univ-tln.fr\/2010\/11\/alessandro-leiduan\/\" target=\"_blank\" rel=\"noopener noreferrer\">Universit\u00e9 de Toulon<\/a>)<\/p>\n<p>Ofra L\u00e9vy (<a href=\"https:\/\/www.thalim.cnrs.fr\/auteur\/ofra-levy\">Universit\u00e9 Sorbonne nouvelle<\/a>)<\/p>\n<p>Michael Lew (<a href=\"https:\/\/www.lev.ch\/\">chercheur ind\u00e9pendant<\/a>)<\/p>\n<p>Marc Lits (<a href=\"https:\/\/www.univ-paris3.fr\/mme-lavocat-francoise-149574.kjsp\" target=\"_blank\" rel=\"noopener noreferrer\">Universit\u00e9 catholique de Louvain-la-Neuve<\/a>)<\/p>\n<p>Luc Mahieu (<a href=\"https:\/\/applicationspub.unil.ch\/interpub\/noauth\/php\/Un\/UnPers.php?PerNum=1242801&amp;LanCode=37\">Universit\u00e9 de Lausanne<\/a>)<\/p>\n<p>Philippe Marion (<a href=\"https:\/\/uclouvain.be\/fr\/repertoires\/philippe.marion\" target=\"_blank\" rel=\"noopener noreferrer\">Universit\u00e9 catholique de Louvain-la-Neuve<\/a>)<\/p>\n<p>J\u00e9r\u00e9mie Majorel (<a href=\"https:\/\/universite-lyon2.academia.edu\/J%C3%A9r%C3%A9mieMajorel\" target=\"_blank\" rel=\"noopener noreferrer\">Universit\u00e9 Lumi\u00e8re Lyon 2<\/a>)<\/p>\n<p>Anne-Claire Marpeau (<a href=\"https:\/\/cercc.ens-lyon.fr\/spip.php?article568\" target=\"_blank\" rel=\"noopener\">ENS Lyon<\/a>)<\/p>\n<p>Marc Marti (<a href=\"https:\/\/unice.fr\/membres\/tous-les-membres\/lirces\/marti-marc\" target=\"_blank\" rel=\"noopener noreferrer\">Universit\u00e9 de Nice<\/a>)<\/p>\n<p>Caroline Martin (<a href=\"https:\/\/www.unige.ch\/lettres\/angle\/people\/american\/caroline-martin\">Universit\u00e9 de Gen\u00e8ve<\/a>)<\/p>\n<p>Ella Mingazova (<a href=\"https:\/\/www.uliege.be\/cms\/c_9054334\/fr\/repertoire?uid=U227004\" target=\"_blank\" rel=\"noopener\">Universit\u00e9 de Li\u00e8ge<\/a> et <a href=\"https:\/\/www.arts.kuleuven.be\/english-literature\/Staff\/00120921\" target=\"_blank\" rel=\"noopener\">KU Leuven<\/a>)<\/p>\n<p>Fiona Moreno (<a href=\"https:\/\/applicationspub.unil.ch\/interpub\/noauth\/php\/Un\/UnPers.php?PerNum=1242669&amp;LanCode=37\">Universit\u00e9 de Lausanne<\/a>)<\/p>\n<p>James Morgan (<a href=\"https:\/\/www.unifr.ch\/dbs\/de\/staff\/pers\/jm\" target=\"_blank\" rel=\"noopener noreferrer\">Universit\u00e9 de Fribourg<\/a>)<\/p>\n<p>Fabrice Parisot (<a href=\"https:\/\/ceiiba.univ-tlse2.fr\/accueil\/membres-de-lunite\/associe\/fabrice-parisot\" target=\"_blank\" rel=\"noopener\">Universit\u00e9 de Perpignan<\/a>)<\/p>\n<p>Joshua Parker (<a href=\"https:\/\/www.uni-salzburg.at\/index.php?id=52825\" target=\"_blank\" rel=\"noopener noreferrer\">Universit\u00e9 de Salzbourg<\/a>)<\/p>\n<p>Sylvie Patron (<a href=\"https:\/\/cerilac.univ-paris-diderot.fr\/sylvie-patron\" target=\"_blank\" rel=\"noopener noreferrer\">Universit\u00e9 Paris Diderot<\/a>)<\/p>\n<p>Florence Pellegrini (<a href=\"https:\/\/www.item.ens.fr\/pellegrini\/\" target=\"_blank\" rel=\"noopener\">Universit\u00e9 Bordeaux Montaigne<\/a>)<\/p>\n<p>John Pier (<a href=\"https:\/\/cral.ehess.fr\/index.php?1240\" target=\"_blank\" rel=\"noopener noreferrer\">EHESS-CNRS, CRAL<\/a>)<\/p>\n<p>Gerald Prince (<a href=\"https:\/\/www.sas.upenn.edu\/french\/people\/gerald-j-prince\" target=\"_blank\" rel=\"noopener noreferrer\">Universit\u00e9 de Pennsylvanie<\/a>)<\/p>\n<p>Alain Rabatel (<a href=\"https:\/\/www.icar.cnrs.fr\/membre\/arabatel\/\" target=\"_blank\" rel=\"noopener noreferrer\">Universit\u00e9 de Lyon 1<\/a>)<\/p>\n<p>Carlos Reis (<a href=\"https:\/\/www.uc.pt\/imprensa_uc\/Autores\/galeriaautores\/CaaReis\" target=\"_blank\" rel=\"noopener noreferrer\">Universit\u00e9 de Coimbra<\/a>)<\/p>\n<p>Yves Reuter (<a href=\"https:\/\/theodile.recherche.univ-lille3.fr\/cms\/index.php?option=com_simplelists&amp;layout=basic&amp;category_id=51\" target=\"_blank\" rel=\"noopener noreferrer\">Universit\u00e9 de Lille 3<\/a>)<\/p>\n<p>Fran\u00e7oise Revaz (<a href=\"https:\/\/www3.unifr.ch\/llf\/fr\/domaine\/equipe\/francoise-revaz.html\" target=\"_blank\" rel=\"noopener noreferrer\">Universit\u00e9 de Fribourg<\/a>)<\/p>\n<p>Philippe Roussin (<a href=\"https:\/\/cral.ehess.fr\/index.php?1211\" target=\"_blank\" rel=\"noopener noreferrer\">EHESS-CNRS, CRAL<\/a>)<\/p>\n<p>Marie-Laure Ryan (<a href=\"https:\/\/www.marilaur.info\/\" target=\"_blank\" rel=\"noopener noreferrer\">Chercheurse ind\u00e9pendante<\/a>)<\/p>\n<p>Nick Gel Daniel Sandjali Ndjikam (<a href=\"https:\/\/fateb.net\/\">Facult\u00e9 de th\u00e9ologie \u00e9vang\u00e9lique de Bangui, FATEB<\/a>)<\/p>\n<p>Richard Saint-Gelais (<a href=\"https:\/\/www.flsh.ulaval.ca\/notre-faculte\/repertoire-du-personnel\/richard-st-gelais\" target=\"_blank\" rel=\"noopener noreferrer\">Universit\u00e9 Laval<\/a>)<\/p>\n<p>Jean-Marie Schaeffer (<a href=\"https:\/\/www.ehess.fr\/fr\/personne\/jean-marie-schaeffer\" target=\"_blank\" rel=\"noopener noreferrer\">EHESS-CNRS, CRAL<\/a>)<\/p>\n<p>Michael Scheffel (<a href=\"https:\/\/www.avl.uni-wuppertal.de\/de\/ueber-uns\/professoren-und-mitarbeiter\/michael-scheffel.html\" target=\"_blank\" rel=\"noopener noreferrer\">Universit\u00e9 de Wuppertal<\/a>)<\/p>\n<p>Arnaud Schmitt (<a href=\"https:\/\/climas.u-bordeaux-montaigne.fr\/membres\/16-arnaud-schmitt-pr-litterature-et-philosophie-americaines\" target=\"_blank\" rel=\"noopener noreferrer\">Universit\u00e9 Bordeaux Montaigne<\/a>)<\/p>\n<p>Cl\u00e9ment Sigalas (<a href=\"https:\/\/www.theses.fr\/191216798\" target=\"_blank\" rel=\"noopener noreferrer\">Universit\u00e9 Paris 4<\/a>)<\/p>\n<p>Antonino Sorci (<a href=\"https:\/\/cmb.hu-berlin.de\/fr\/lequipe\/profil\/antonino-sorci\/\" target=\"_blank\" rel=\"noopener noreferrer\">Universit\u00e9 Paris 3<\/a>)<\/p>\n<p>Olivier Stucky (<a href=\"https:\/\/applicationspub.unil.ch\/interpub\/noauth\/php\/Un\/UnPers.php?PerNum=1120597&amp;LanCode=37\" target=\"_blank\" rel=\"noopener noreferrer\">Universit\u00e9 de Lausanne<\/a>)<\/p>\n<p>Ben Streeter (<a href=\"https:\/\/www.benstreeter.com\/\" target=\"_blank\" rel=\"noopener noreferrer\">Chercheur ind\u00e9pendant<\/a>)<\/p>\n<p>Nicolas Szilas (<a href=\"https:\/\/tecfa.unige.ch\/perso\/szilas\/\">Universit\u00e9 de Gen\u00e8ve<\/a>)<\/p>\n<p>Virginie Tellier (<a href=\"https:\/\/ema.cyu.fr\/equipe\/virginie-tellier\">Cergy Paris Universit\u00e9<\/a>)<\/p>\n<p>Lilian Vianey Torres Merino (<a href=\"https:\/\/reqef.uqam.ca\/membre\/lilian-vianey-torres-merino\/\">Universit\u00e9 du Qu\u00e9bec \u00e0 Montr\u00e9al<\/a>)<\/p>\n<p>Gaspard Turin (<a href=\"https:\/\/applicationspub.unil.ch\/interpub\/noauth\/php\/Un\/UnPers.php?PerNum=36607&amp;LanCode=37&amp;menu=coord\">Universit\u00e9 de Lausanne<\/a>)<\/p>\n<p>Marie Vanoost (<a href=\"https:\/\/uclouvain.be\/fr\/repertoires\/marie.vanoost\" target=\"_blank\" rel=\"noopener noreferrer\">Universit\u00e9 catholique de Louvain<\/a>)<\/p>\n<p>Beatrice Venanzi (<a href=\"https:\/\/unito.academia.edu\/MariaBeatriceVenanzi\">Universit\u00e9 de Turin<\/a>)<\/p>\n<p>Frank Wagner (<a href=\"https:\/\/www.idref.fr\/08370065X\" target=\"_blank\" rel=\"noopener noreferrer\">Universit\u00e9 Rennes 2, Haute Bretagne<\/a>)<\/p>\n<p>Jacques Walter (<a href=\"https:\/\/crem.univ-lorraine.fr\/walter-jacques\" target=\"_blank\" rel=\"noopener noreferrer\">Universit\u00e9 de Lorraine<\/a>)<\/p>\n<p>Fr\u00e9d\u00e9ric Weinmann (<a href=\"https:\/\/data.bnf.fr\/fr\/12982338\/frederic_weinmann\/\" target=\"_blank\" rel=\"noopener noreferrer\">chercheur ind\u00e9pendant<\/a>)<\/p>\n<p>Nicolas Xanthos (<a href=\"https:\/\/www.uqac.ca\/portfolio\/nicolasxanthos\/\" target=\"_blank\" rel=\"noopener noreferrer\">Universit\u00e9 du Qu\u00e9bec \u00e0 Chicoutimi<\/a>)<\/p>\n\n\n<p><\/p>\n\n\n<a class=\"wp-block-read-more\" href=\"https:\/\/wp.unil.ch\/narratologie\/membres-du-reseau\/\" target=\"_self\">Lire la suite<span class=\"screen-reader-text\">\u00a0: Membres du R\u00e9NaF<\/span><\/a>\n\n\n<p><\/p>\n","protected":false},"excerpt":{"rendered":"<p>Vous trouverez ci-dessous la liste des membres du r\u00e9seau des narratologues francophones. Cette liste vise \u00e0 recenser les chercheurs et chercheuses capables de communiquer en fran\u00e7ais (sans \u00eatre n\u00e9cessairement de langue maternelle fran\u00e7aise) contribuant \u00e0 faire avancer la th\u00e9orie du<\/p>\n","protected":false},"author":1001512,"featured_media":0,"parent":0,"menu_order":0,"comment_status":"closed","ping_status":"closed","template":"","meta":{"_seopress_robots_primary_cat":"","_seopress_titles_title":"","_seopress_titles_desc":"","_seopress_robots_index":"","footnotes":""},"class_list":["post-128","page","type-page","status-publish"],"_links":{"self":[{"href":"https:\/\/wp.unil.ch\/narratologie\/wp-json\/wp\/v2\/pages\/128","targetHints":{"allow":["GET"]}}],"collection":[{"href":"https:\/\/wp.unil.ch\/narratologie\/wp-json\/wp\/v2\/pages"}],"about":[{"href":"https:\/\/wp.unil.ch\/narratologie\/wp-json\/wp\/v2\/types\/page"}],"author":[{"embeddable":true,"href":"https:\/\/wp.unil.ch\/narratologie\/wp-json\/wp\/v2\/users\/1001512"}],"replies":[{"embeddable":true,"href":"https:\/\/wp.unil.ch\/narratologie\/wp-json\/wp\/v2\/comments?post=128"}],"version-history":[{"count":5,"href":"https:\/\/wp.unil.ch\/narratologie\/wp-json\/wp\/v2\/pages\/128\/revisions"}],"predecessor-version":[{"id":2611,"href":"https:\/\/wp.unil.ch\/narratologie\/wp-json\/wp\/v2\/pages\/128\/revisions\/2611"}],"wp:attachment":[{"href":"https:\/\/wp.unil.ch\/narratologie\/wp-json\/wp\/v2\/media?parent=128"}],"curies":[{"name":"wp","href":"https:\/\/api.w.org\/{rel}","templated":true}]}}