{"id":1695,"date":"2021-03-02T11:36:21","date_gmt":"2021-03-02T10:36:21","guid":{"rendered":"https:\/\/wp.unil.ch\/musemagazine\/?page_id=1695"},"modified":"2025-04-28T00:20:50","modified_gmt":"2025-04-27T22:20:50","slug":"the-muse-team","status":"publish","type":"page","link":"https:\/\/wp.unil.ch\/musemagazine\/the-muse-team\/","title":{"rendered":"Who&#8217;s MUSE?"},"content":{"rendered":"<p><strong>Meet our current team!<\/strong><\/p>\n<p>Andreia (Editor-in-chief), Alv\u00e9anne, Aylin, Alicia, Caroline, Charlotte, Cindy, Elo\u00efse, Gaia, Giulia, Johanna, Julien, Lia, Lena, Lina, Malory, Ma\u00eblle, M\u00e9gane, Nicole C., Nicole H., Rojda, Sophie B., Sophie W., Tonia, Veritsa<\/p>\n<p><img alt=\"\" loading=\"lazy\" decoding=\"async\" class=\"size-medium wp-image-5195 aligncenter\" src=\"https:\/\/wp.unil.ch\/musemagazine\/files\/2024\/10\/Andreia.ling_-228x300.jpeg\" alt=\"\" width=\"228\" height=\"300\" srcset=\"https:\/\/wp.unil.ch\/musemagazine\/files\/2024\/10\/Andreia.ling_-228x300.jpeg 228w, https:\/\/wp.unil.ch\/musemagazine\/files\/2024\/10\/Andreia.ling_.jpeg 580w\" sizes=\"auto, (max-width: 228px) 100vw, 228px\" \/><\/p>\n<p style=\"text-align: center\">Andreia<\/p>\n<p><img alt=\"\" loading=\"lazy\" decoding=\"async\" class=\"alignnone size-medium wp-image-1714 aligncenter\" src=\"https:\/\/wp.unil.ch\/musemagazine\/files\/2021\/03\/muse_team_pic_megane-225x300.jpeg\" alt=\"\" width=\"225\" height=\"300\" \/><\/p>\n<p style=\"text-align: center\">M\u00e9gane<\/p>\n<p style=\"text-align: center\"><img alt=\"\" loading=\"lazy\" decoding=\"async\" class=\"alignnone size-medium wp-image-3112\" src=\"https:\/\/wp.unil.ch\/musemagazine\/files\/2022\/11\/Screenshot_20221111_134153-296x300.jpg\" alt=\"\" width=\"296\" height=\"300\" \/><\/p>\n<p style=\"text-align: center\">Elo\u00efse<\/p>\n<p style=\"text-align: center\"><img alt=\"\" loading=\"lazy\" decoding=\"async\" class=\"alignnone size-medium wp-image-3113\" src=\"https:\/\/wp.unil.ch\/musemagazine\/files\/2022\/11\/IMG_5195-225x300.jpg\" alt=\"\" width=\"225\" height=\"300\" \/><\/p>\n<p style=\"text-align: center\">Veritsa<\/p>\n<p><img alt=\"\" loading=\"lazy\" decoding=\"async\" class=\"alignnone size-medium wp-image-3336 aligncenter\" src=\"https:\/\/wp.unil.ch\/musemagazine\/files\/2022\/12\/image0-240x300.jpeg\" alt=\"\" width=\"240\" height=\"300\" \/><\/p>\n<p style=\"text-align: center\">Nicole and her helper, Ravka<\/p>\n<p><img alt=\"\" loading=\"lazy\" decoding=\"async\" class=\"size-medium wp-image-2102 aligncenter\" src=\"https:\/\/wp.unil.ch\/musemagazine\/files\/2021\/10\/muse_team_pic_tonia-300x226.jpeg\" alt=\"\" width=\"300\" height=\"226\" \/><\/p>\n<p style=\"text-align: center\">Whitey, Tonia&#8217;s rat<\/p>\n<p><img alt=\"\" loading=\"lazy\" decoding=\"async\" class=\"size-medium wp-image-5194 aligncenter\" src=\"https:\/\/wp.unil.ch\/musemagazine\/files\/2024\/10\/WhatsApp-Image-2024-10-03-at-12.03.28-180x300.jpeg\" alt=\"\" width=\"180\" height=\"300\" srcset=\"https:\/\/wp.unil.ch\/musemagazine\/files\/2024\/10\/WhatsApp-Image-2024-10-03-at-12.03.28-180x300.jpeg 180w, https:\/\/wp.unil.ch\/musemagazine\/files\/2024\/10\/WhatsApp-Image-2024-10-03-at-12.03.28.jpeg 720w\" sizes=\"auto, (max-width: 180px) 100vw, 180px\" \/><\/p>\n<p style=\"text-align: center\">Giulia<\/p>\n<p><img alt=\"\" loading=\"lazy\" decoding=\"async\" class=\"size-medium wp-image-5198 aligncenter\" src=\"https:\/\/wp.unil.ch\/musemagazine\/files\/2024\/10\/Aylin-300x265.jpeg\" alt=\"\" width=\"300\" height=\"265\" srcset=\"https:\/\/wp.unil.ch\/musemagazine\/files\/2024\/10\/Aylin-300x265.jpeg 300w, https:\/\/wp.unil.ch\/musemagazine\/files\/2024\/10\/Aylin-768x678.jpeg 768w, https:\/\/wp.unil.ch\/musemagazine\/files\/2024\/10\/Aylin.jpeg 1178w\" sizes=\"auto, (max-width: 300px) 100vw, 300px\" \/><\/p>\n<p style=\"text-align: center\">Aylin<\/p>\n\n<div class=\"wp-block-image\">\n<figure class=\"aligncenter size-large is-resized\"><img loading=\"lazy\" decoding=\"async\" width=\"1300\" height=\"975\" src=\"https:\/\/wp.unil.ch\/musemagazine\/files\/2025\/04\/img_0790-1300x975.jpg\" alt=\"img 0790\" class=\"wp-image-5656\" style=\"width:303px;height:auto\" srcset=\"https:\/\/wp.unil.ch\/musemagazine\/files\/2025\/04\/img_0790-1300x975.jpg 1300w, https:\/\/wp.unil.ch\/musemagazine\/files\/2025\/04\/img_0790-300x225.jpg 300w, https:\/\/wp.unil.ch\/musemagazine\/files\/2025\/04\/img_0790-768x576.jpg 768w, https:\/\/wp.unil.ch\/musemagazine\/files\/2025\/04\/img_0790-1536x1152.jpg 1536w, https:\/\/wp.unil.ch\/musemagazine\/files\/2025\/04\/img_0790-1200x900.jpg 1200w, https:\/\/wp.unil.ch\/musemagazine\/files\/2025\/04\/img_0790.jpg 1600w\" sizes=\"auto, (max-width: 1300px) 100vw, 1300px\" \/><\/figure>\n<\/div>\n\n\n<p class=\"has-text-align-center\">                                                        Rojda <\/p>\n","protected":false},"excerpt":{"rendered":"<p>Meet our current team! Andreia (Editor-in-chief), Alv\u00e9anne, Aylin, Alicia, Caroline, Charlotte, Cindy, Elo\u00efse, Gaia, Giulia, Johanna, Julien, Lia, Lena, Lina, Malory, Ma\u00eblle, M\u00e9gane, Nicole C., Nicole H., Rojda, Sophie B., Sophie W., Tonia, Veritsa Andreia M\u00e9gane Elo\u00efse Veritsa Nicole and her helper, Ravka Whitey, Tonia&#8217;s rat Giulia Aylin Rojda<\/p>\n","protected":false},"author":1001996,"featured_media":0,"parent":0,"menu_order":0,"comment_status":"closed","ping_status":"closed","template":"","meta":{"_seopress_robots_primary_cat":"","_seopress_titles_title":"","_seopress_titles_desc":"","_seopress_robots_index":"","footnotes":"","_links_to":"","_links_to_target":""},"class_list":["post-1695","page","type-page","status-publish"],"_links":{"self":[{"href":"https:\/\/wp.unil.ch\/musemagazine\/wp-json\/wp\/v2\/pages\/1695","targetHints":{"allow":["GET"]}}],"collection":[{"href":"https:\/\/wp.unil.ch\/musemagazine\/wp-json\/wp\/v2\/pages"}],"about":[{"href":"https:\/\/wp.unil.ch\/musemagazine\/wp-json\/wp\/v2\/types\/page"}],"author":[{"embeddable":true,"href":"https:\/\/wp.unil.ch\/musemagazine\/wp-json\/wp\/v2\/users\/1001996"}],"replies":[{"embeddable":true,"href":"https:\/\/wp.unil.ch\/musemagazine\/wp-json\/wp\/v2\/comments?post=1695"}],"version-history":[{"count":5,"href":"https:\/\/wp.unil.ch\/musemagazine\/wp-json\/wp\/v2\/pages\/1695\/revisions"}],"predecessor-version":[{"id":5658,"href":"https:\/\/wp.unil.ch\/musemagazine\/wp-json\/wp\/v2\/pages\/1695\/revisions\/5658"}],"wp:attachment":[{"href":"https:\/\/wp.unil.ch\/musemagazine\/wp-json\/wp\/v2\/media?parent=1695"}],"curies":[{"name":"wp","href":"https:\/\/api.w.org\/{rel}","templated":true}]}}