{"id":312,"date":"2017-12-15T11:01:31","date_gmt":"2017-12-15T10:01:31","guid":{"rendered":"http:\/\/wp.unil.ch\/mt180\/?page_id=312"},"modified":"2026-01-19T15:13:07","modified_gmt":"2026-01-19T14:13:07","slug":"partenaires","status":"publish","type":"page","link":"https:\/\/wp.unil.ch\/mt180\/partenaires\/","title":{"rendered":"Partenaires"},"content":{"rendered":"\n<h2 class=\"wp-block-heading\">La Vaudoise<\/h2>\n\n\n<div class=\"wp-block-image\">\n<figure class=\"alignright size-large is-resized\"><a href=\"https:\/\/www.vaudoise.ch\" target=\"_blank\" rel=\"noreferrer noopener\"><img alt=\"\" loading=\"lazy\" decoding=\"async\" src=\"https:\/\/wp.unil.ch\/mt180\/files\/2023\/09\/logo-vaudoise-1024x265.jpg\" alt=\"\" class=\"wp-image-1934\" style=\"width:355px;height:92px\" width=\"355\" height=\"92\" srcset=\"https:\/\/wp.unil.ch\/mt180\/files\/2023\/09\/logo-vaudoise-1024x265.jpg 1024w, https:\/\/wp.unil.ch\/mt180\/files\/2023\/09\/logo-vaudoise-300x78.jpg 300w, https:\/\/wp.unil.ch\/mt180\/files\/2023\/09\/logo-vaudoise-768x198.jpg 768w, https:\/\/wp.unil.ch\/mt180\/files\/2023\/09\/logo-vaudoise-540x140.jpg 540w, https:\/\/wp.unil.ch\/mt180\/files\/2023\/09\/logo-vaudoise-1080x279.jpg 1080w, https:\/\/wp.unil.ch\/mt180\/files\/2023\/09\/logo-vaudoise.jpg 1300w\" sizes=\"auto, (max-width: 355px) 100vw, 355px\" \/><\/a><\/figure>\n<\/div>\n\n\n<p>Fond\u00e9e en 1895 \u00e0 Lausanne, la Vaudoise figure parmi les dix principales compagnies d\u2019assurances priv\u00e9es en Suisse. La compagnie est le seul assureur priv\u00e9 ind\u00e9pendant, dont le centre d\u00e9cisionnel est bas\u00e9 en Suisse romande. Elle d\u00e9ploie ses activit\u00e9s d\u2019assurances et de pr\u00e9voyance sur le march\u00e9 suisse au travers d\u2019une centaine d\u2019agences.<\/p>\n\n\n\n<p>La Vaudoise est un employeur suisse solide et fiable, qui place l\u2019humain au c\u0153ur de ses pr\u00e9occupations. Elle offre un environnement de travail moderne et attractif, avec en point de mire la fid\u00e9lisation de ses collaboratrices et collaborateurs ainsi que le recrutement des nouveaux talents.<\/p>\n\n\n\n<p>Impliqu\u00e9e dans le quotidien des assur\u00e9es et assur\u00e9s et de la soci\u00e9t\u00e9, la Vaudoise s&rsquo;engage aupr\u00e8s des femmes et des hommes qui dynamisent leur r\u00e9gion. Elle participe activement \u00e0 la vie \u00e9conomique, sportive et culturelle, en soutenant des manifestations d&rsquo;envergure nationale, cantonale ou r\u00e9gionale.&nbsp;<\/p>\n\n\n\n<h2 class=\"wp-block-heading\">Fondation pour l&rsquo;Universit\u00e9 de Lausanne<\/h2>\n\n\n<div class=\"wp-block-image\">\n<figure class=\"alignright\"><a href=\"https:\/\/www.unil.ch\/450e\/home.html\"><img alt=\"\" loading=\"lazy\" decoding=\"async\" width=\"300\" height=\"85\" src=\"https:\/\/wp.unil.ch\/mt180\/files\/2017\/12\/Logo_FondationUNILNB-300x85.png\" alt=\"\" class=\"wp-image-322\" srcset=\"https:\/\/wp.unil.ch\/mt180\/files\/2017\/12\/Logo_FondationUNILNB-300x85.png 300w, https:\/\/wp.unil.ch\/mt180\/files\/2017\/12\/Logo_FondationUNILNB.png 451w\" sizes=\"auto, (max-width: 300px) 100vw, 300px\" \/><\/a><\/figure>\n<\/div>\n\n\n<p>C\u2019est en 1986, \u00e0 l\u2019occasion du 450<sup>e<\/sup>&nbsp;anniversaire de l\u2019Universit\u00e9 de Lausanne, qu\u2019est cr\u00e9\u00e9e la Fondation. Elle a alors pour buts de promouvoir la recherche scientifique et la rel\u00e8ve universitaire. En 2007, l\u2019Universit\u00e9 de Lausanne et la fondation lancent le programme Vivre ensemble dans l\u2019incertain (VEI), dont l\u2019approche novatrice et interdisciplinaire vise \u00e0 ouvrir la d\u00e9marche acad\u00e9mique aux acteurs de la vie sociale, politique, \u00e9conomique et culturelle. En 2016, la Fondation remet pour la premi\u00e8re fois le premier prix du concours Ma th\u00e8se en 180 secondes.<\/p>\n\n\n\n<p>En r\u00e9visant ses statuts, en novembre 2017, la fondation formalise et concr\u00e9tise sa volont\u00e9 d\u2019\u00e9voluer vers une plus grande ouverture et davantage d\u2019\u00e9changes entre le monde acad\u00e9mique et la soci\u00e9t\u00e9 civile.24 Heures<\/p>\n","protected":false},"excerpt":{"rendered":"<p>La Vaudoise Fond\u00e9e en 1895 \u00e0 Lausanne, la Vaudoise figure parmi les dix principales compagnies d\u2019assurances priv\u00e9es en Suisse. La compagnie est le seul assureur priv\u00e9 ind\u00e9pendant, dont&hellip;<\/p>\n","protected":false},"author":108,"featured_media":0,"parent":0,"menu_order":50,"comment_status":"closed","ping_status":"closed","template":"template-full-width.php","meta":{"_seopress_robots_primary_cat":"","_seopress_titles_title":"","_seopress_titles_desc":"","_seopress_robots_index":"","_uag_custom_page_level_css":"","footnotes":""},"class_list":["post-312","page","type-page","status-publish","has-post-thumbnail"],"uagb_featured_image_src":{"full":false,"thumbnail":false,"medium":false,"medium_large":false,"large":false,"1536x1536":false,"2048x2048":false,"post-thumbnail":false,"chaplin_preview_image_low_resolution":false,"chaplin_preview_image_high_resolution":false,"chaplin_fullscreen":false,"gform-image-choice-sm":false,"gform-image-choice-md":false,"gform-image-choice-lg":false,"mailpoet_newsletter_max":false},"uagb_author_info":{"display_name":"centre informatique","author_link":"https:\/\/wp.unil.ch\/mt180\/author\/ci-unil\/"},"uagb_comment_info":0,"uagb_excerpt":"La Vaudoise Fond\u00e9e en 1895 \u00e0 Lausanne, la Vaudoise figure parmi les dix principales compagnies d\u2019assurances priv\u00e9es en Suisse. La compagnie est le seul assureur priv\u00e9 ind\u00e9pendant, dont&hellip;","_links":{"self":[{"href":"https:\/\/wp.unil.ch\/mt180\/wp-json\/wp\/v2\/pages\/312","targetHints":{"allow":["GET"]}}],"collection":[{"href":"https:\/\/wp.unil.ch\/mt180\/wp-json\/wp\/v2\/pages"}],"about":[{"href":"https:\/\/wp.unil.ch\/mt180\/wp-json\/wp\/v2\/types\/page"}],"author":[{"embeddable":true,"href":"https:\/\/wp.unil.ch\/mt180\/wp-json\/wp\/v2\/users\/108"}],"replies":[{"embeddable":true,"href":"https:\/\/wp.unil.ch\/mt180\/wp-json\/wp\/v2\/comments?post=312"}],"version-history":[{"count":1,"href":"https:\/\/wp.unil.ch\/mt180\/wp-json\/wp\/v2\/pages\/312\/revisions"}],"predecessor-version":[{"id":2701,"href":"https:\/\/wp.unil.ch\/mt180\/wp-json\/wp\/v2\/pages\/312\/revisions\/2701"}],"wp:attachment":[{"href":"https:\/\/wp.unil.ch\/mt180\/wp-json\/wp\/v2\/media?parent=312"}],"curies":[{"name":"wp","href":"https:\/\/api.w.org\/{rel}","templated":true}]}}