{"id":14,"date":"2017-09-26T11:55:54","date_gmt":"2017-09-26T09:55:54","guid":{"rendered":"http:\/\/wp.unil.ch\/mt180\/?page_id=14"},"modified":"2026-03-27T13:33:45","modified_gmt":"2026-03-27T12:33:45","slug":"prix","status":"publish","type":"page","link":"https:\/\/wp.unil.ch\/mt180\/","title":{"rendered":"Les prix 2026 ont \u00e9t\u00e9 d\u00e9cern\u00e9s !"},"content":{"rendered":"<figure class=\"alignfull wp-block-post-featured-image\"><img loading=\"lazy\" decoding=\"async\" width=\"1400\" height=\"983\" src=\"https:\/\/wp.unil.ch\/mt180\/files\/2026\/03\/mt180-26-gagnants.jpg\" class=\"attachment-post-thumbnail size-post-thumbnail wp-post-image\" alt=\"mt180 26 gagnants\" style=\"object-fit:cover;\" srcset=\"https:\/\/wp.unil.ch\/mt180\/files\/2026\/03\/mt180-26-gagnants.jpg 1400w, https:\/\/wp.unil.ch\/mt180\/files\/2026\/03\/mt180-26-gagnants-300x211.jpg 300w, https:\/\/wp.unil.ch\/mt180\/files\/2026\/03\/mt180-26-gagnants-1024x719.jpg 1024w, https:\/\/wp.unil.ch\/mt180\/files\/2026\/03\/mt180-26-gagnants-768x539.jpg 768w, https:\/\/wp.unil.ch\/mt180\/files\/2026\/03\/mt180-26-gagnants-540x379.jpg 540w, https:\/\/wp.unil.ch\/mt180\/files\/2026\/03\/mt180-26-gagnants-1080x758.jpg 1080w, https:\/\/wp.unil.ch\/mt180\/files\/2026\/03\/mt180-26-gagnants-1320x927.jpg 1320w\" sizes=\"auto, (max-width: 1400px) 100vw, 1400px\" \/><\/figure>\n\n\n<h1 class=\"wp-block-heading has-text-align-left\">Les prix 2026 ont \u00e9t\u00e9 d\u00e9cern\u00e9s !<\/h1>\n\n\n\n<div class=\"wp-block-columns is-layout-flex wp-container-core-columns-is-layout-9d6595d7 wp-block-columns-is-layout-flex\">\n<div class=\"wp-block-column is-layout-flow wp-block-column-is-layout-flow\">\n<div class=\"wp-block-group bordure\"><div class=\"wp-block-group__inner-container is-layout-constrained wp-block-group-is-layout-constrained\">\n<h2 class=\"wp-block-heading\">Premier prix<\/h2>\n\n\n<div class=\"wp-block-image is-style-rounded\">\n<figure class=\"alignleft size-full is-resized\"><img loading=\"lazy\" decoding=\"async\" width=\"200\" height=\"200\" src=\"https:\/\/wp.unil.ch\/mt180\/files\/2026\/01\/cailleux.jpg\" alt=\"cailleux\" class=\"wp-image-2843\" style=\"object-fit:cover;width:200px;height:200px\" srcset=\"https:\/\/wp.unil.ch\/mt180\/files\/2026\/01\/cailleux.jpg 200w, https:\/\/wp.unil.ch\/mt180\/files\/2026\/01\/cailleux-150x150.jpg 150w\" sizes=\"auto, (max-width: 200px) 100vw, 200px\" \/><\/figure>\n<\/div>\n\n\n<p><strong>Lauriane Cailleux<\/strong>, doctorante \u00e0 la Facult\u00e9 des sciences sociales et politiques, obtient le premier prix du jury pour sa th\u00e8se consacr\u00e9e aux politiques fonci\u00e8res. La chercheuse, qui a commenc\u00e9 sa pr\u00e9sentation en demandant qui, dans la salle, \u00e9tait propri\u00e9taire, s\u2019int\u00e9resse \u00e0 la mani\u00e8re dont ce pouvoir peut \u00eatre mis au service du bien commun.<br><br><\/p>\n\n\n\n<figure class=\"wp-block-embed is-type-video is-provider-youtube wp-block-embed-youtube wp-embed-aspect-16-9 wp-has-aspect-ratio\"><div class=\"wp-block-embed__wrapper\">\n<iframe loading=\"lazy\" title=\"MT180 - UNIL - 2026 : Lauriane Cailleux\" width=\"580\" height=\"326\" src=\"https:\/\/www.youtube.com\/embed\/7WvXnbAN1w0?feature=oembed\" frameborder=\"0\" allow=\"accelerometer; autoplay; clipboard-write; encrypted-media; gyroscope; picture-in-picture; web-share\" referrerpolicy=\"strict-origin-when-cross-origin\" allowfullscreen><\/iframe>\n<\/div><\/figure>\n<\/div><\/div>\n<\/div>\n\n\n\n<div class=\"wp-block-column is-layout-flow wp-block-column-is-layout-flow\">\n<div class=\"wp-block-group bordure\"><div class=\"wp-block-group__inner-container is-layout-constrained wp-block-group-is-layout-constrained\">\n<h2 class=\"wp-block-heading\">Deuxi\u00e8me prix<\/h2>\n\n\n<div class=\"wp-block-image is-style-rounded\">\n<figure class=\"alignright size-full is-resized\"><img loading=\"lazy\" decoding=\"async\" width=\"200\" height=\"200\" src=\"https:\/\/wp.unil.ch\/mt180\/files\/2026\/01\/blanc.jpg\" alt=\"blanc\" class=\"wp-image-2844\" style=\"object-fit:cover;width:200px;height:200px\" srcset=\"https:\/\/wp.unil.ch\/mt180\/files\/2026\/01\/blanc.jpg 200w, https:\/\/wp.unil.ch\/mt180\/files\/2026\/01\/blanc-150x150.jpg 150w\" sizes=\"auto, (max-width: 200px) 100vw, 200px\" \/><\/figure>\n<\/div>\n\n\n<p>Le deuxi\u00e8me prix est attribu\u00e9 \u00e0 <strong>Solenne Blanc, <\/strong>affili\u00e9e \u00e0 la Facult\u00e9 de biologie et de m\u00e9decine, ainsi qu\u2019\u00e0 la Facult\u00e9 des sciences sociales et politiques. Sa th\u00e8se porte sur les motivations des patients et patientes ayant recours au suicide assist\u00e9. Fait \u00e9tonnant&nbsp;: la doctorante est parvenue \u00e0 int\u00e9grer le d\u00e9compte des secondes dans son discours, pronon\u00e7ant par exemple le mot \u00ab&nbsp;60&nbsp;\u00bb au moment pr\u00e9cis o\u00f9 le chronom\u00e8tre affichait soixante secondes restantes.<\/p>\n\n\n\n<figure class=\"wp-block-embed is-type-video is-provider-youtube wp-block-embed-youtube wp-embed-aspect-16-9 wp-has-aspect-ratio\"><div class=\"wp-block-embed__wrapper\">\n<iframe loading=\"lazy\" title=\"MT180 - UNIL - 2026 : Solenne Blanc\" width=\"580\" height=\"326\" src=\"https:\/\/www.youtube.com\/embed\/9QwNOahO2bI?feature=oembed\" frameborder=\"0\" allow=\"accelerometer; autoplay; clipboard-write; encrypted-media; gyroscope; picture-in-picture; web-share\" referrerpolicy=\"strict-origin-when-cross-origin\" allowfullscreen><\/iframe>\n<\/div><\/figure>\n<\/div><\/div>\n<\/div>\n<\/div>\n\n\n\n<div class=\"wp-block-columns is-layout-flex wp-container-core-columns-is-layout-9d6595d7 wp-block-columns-is-layout-flex\">\n<div class=\"wp-block-column is-layout-flow wp-block-column-is-layout-flow\">\n<div class=\"wp-block-group bordure\"><div class=\"wp-block-group__inner-container is-layout-constrained wp-block-group-is-layout-constrained\">\n<h2 class=\"wp-block-heading\">Troisi\u00e8me prix<\/h2>\n\n\n<div class=\"wp-block-image is-style-rounded\">\n<figure class=\"alignleft size-full is-resized\"><img loading=\"lazy\" decoding=\"async\" width=\"200\" height=\"200\" src=\"https:\/\/wp.unil.ch\/mt180\/files\/2026\/01\/michoud.jpg\" alt=\"michoud\" class=\"wp-image-2849\" style=\"object-fit:cover;width:200px;height:200px\" srcset=\"https:\/\/wp.unil.ch\/mt180\/files\/2026\/01\/michoud.jpg 200w, https:\/\/wp.unil.ch\/mt180\/files\/2026\/01\/michoud-150x150.jpg 150w\" sizes=\"auto, (max-width: 200px) 100vw, 200px\" \/><\/figure>\n<\/div>\n\n\n<p>Le troisi\u00e8me et dernier prix du jury revient \u00e0 <strong>Chlo\u00e9 Michoud. <\/strong>La doctorante de la Facult\u00e9 des sciences sociales et politiques a ouvert sa pr\u00e9sentation par un appel t\u00e9l\u00e9phonique fictif \u00e0 un service apr\u00e8s-vente de moniteurs pour b\u00e9b\u00e9s, en lien avec ses travaux sur l\u2019usage de ces dispositifs par les m\u00e8res. &nbsp;<\/p>\n\n\n\n<figure class=\"wp-block-embed is-type-video is-provider-youtube wp-block-embed-youtube wp-embed-aspect-16-9 wp-has-aspect-ratio\"><div class=\"wp-block-embed__wrapper\">\n<iframe loading=\"lazy\" title=\"MT180 - UNIL - 2026 : Chloe\u0301 Michoud\" width=\"580\" height=\"326\" src=\"https:\/\/www.youtube.com\/embed\/Wyn4qC89iTk?feature=oembed\" frameborder=\"0\" allow=\"accelerometer; autoplay; clipboard-write; encrypted-media; gyroscope; picture-in-picture; web-share\" referrerpolicy=\"strict-origin-when-cross-origin\" allowfullscreen><\/iframe>\n<\/div><\/figure>\n<\/div><\/div>\n<\/div>\n\n\n\n<div class=\"wp-block-column is-layout-flow wp-block-column-is-layout-flow\">\n<div class=\"wp-block-group bordure\"><div class=\"wp-block-group__inner-container is-layout-constrained wp-block-group-is-layout-constrained\">\n<h2 class=\"wp-block-heading\">Prix du public<\/h2>\n\n\n<div class=\"wp-block-image is-style-rounded\">\n<figure class=\"alignright size-full is-resized\"><img loading=\"lazy\" decoding=\"async\" width=\"200\" height=\"200\" src=\"https:\/\/wp.unil.ch\/mt180\/files\/2026\/01\/delfino.jpg\" alt=\"delfino\" class=\"wp-image-2854\" style=\"object-fit:cover;width:200px;height:200px\" srcset=\"https:\/\/wp.unil.ch\/mt180\/files\/2026\/01\/delfino.jpg 200w, https:\/\/wp.unil.ch\/mt180\/files\/2026\/01\/delfino-150x150.jpg 150w\" sizes=\"auto, (max-width: 200px) 100vw, 200px\" \/><\/figure>\n<\/div>\n\n\n<p><strong>Alexandre Delfino, <\/strong>de la Facult\u00e9 de biologie et de m\u00e9decine, a remport\u00e9 le prix du public pour sa th\u00e8se sur les m\u00e9thodes diagnostiques innovantes pour les infections uro-g\u00e9nitales. Le doctorant a retrac\u00e9 le parcours m\u00e9dical de Madame Dupont, victime d\u2019une infection urinaire.<\/p>\n\n\n\n<figure class=\"wp-block-embed is-type-video is-provider-youtube wp-block-embed-youtube wp-embed-aspect-16-9 wp-has-aspect-ratio\"><div class=\"wp-block-embed__wrapper\">\n<iframe loading=\"lazy\" title=\"MT180 - UNIL - 2026 : Alexandre Delfino\" width=\"580\" height=\"326\" src=\"https:\/\/www.youtube.com\/embed\/eg5glxNA9Sw?feature=oembed\" frameborder=\"0\" allow=\"accelerometer; autoplay; clipboard-write; encrypted-media; gyroscope; picture-in-picture; web-share\" referrerpolicy=\"strict-origin-when-cross-origin\" allowfullscreen><\/iframe>\n<\/div><\/figure>\n<\/div><\/div>\n<\/div>\n<\/div>\n\n\n\n<div class=\"wp-block-buttons is-content-justification-center is-layout-flex wp-container-core-buttons-is-layout-16018d1d wp-block-buttons-is-layout-flex\">\n<div class=\"wp-block-button\"><a class=\"wp-block-button__link has-buttons-background-background-color has-background wp-element-button\" href=\"https:\/\/www.youtube.com\/watch?v=G9Rxn-mkBIo\" style=\"border-radius:8px\" target=\"_blank\" rel=\"noreferrer noopener\">La totalit\u00e9 des pr\u00e9sentations est \u00e0 voir ou revoir sur la cha\u00eeneYouTube de l\u2019Unil.<\/a><\/div>\n<\/div>\n\n\n\n<div class=\"wp-block-group has-background\" style=\"background-color:#fbe8b9\"><div class=\"wp-block-group__inner-container is-layout-constrained wp-block-group-is-layout-constrained\">\n<p class=\"has-text-align-center has-large-font-size\">Les trois doctorantes s\u00e9lectionn\u00e9es par le jury participeront \u00e0 la finale suisse de MT180 qui se tiendra le 21 mai 2026 \u00e0 l\u2019EPFL.<\/p>\n<\/div><\/div>\n","protected":false},"excerpt":{"rendered":"<p>Les prix 2026 ont \u00e9t\u00e9 d\u00e9cern\u00e9s ! Premier prix Lauriane Cailleux, doctorante \u00e0 la Facult\u00e9 des sciences sociales et politiques, obtient le premier prix du jury pour sa&hellip;<\/p>\n","protected":false},"author":108,"featured_media":2926,"parent":0,"menu_order":0,"comment_status":"closed","ping_status":"closed","template":"template-full-width.php","meta":{"_seopress_robots_primary_cat":"","_seopress_titles_title":"","_seopress_titles_desc":"","_seopress_robots_index":"","_uag_custom_page_level_css":"","footnotes":""},"class_list":["post-14","page","type-page","status-publish","has-post-thumbnail"],"uagb_featured_image_src":{"full":["https:\/\/wp.unil.ch\/mt180\/files\/2026\/03\/mt180-26-gagnants.jpg",1400,983,false],"thumbnail":["https:\/\/wp.unil.ch\/mt180\/files\/2026\/03\/mt180-26-gagnants-150x150.jpg",150,150,true],"medium":["https:\/\/wp.unil.ch\/mt180\/files\/2026\/03\/mt180-26-gagnants-300x211.jpg",300,211,true],"medium_large":["https:\/\/wp.unil.ch\/mt180\/files\/2026\/03\/mt180-26-gagnants-768x539.jpg",580,407,true],"large":["https:\/\/wp.unil.ch\/mt180\/files\/2026\/03\/mt180-26-gagnants-1024x719.jpg",580,407,true],"1536x1536":["https:\/\/wp.unil.ch\/mt180\/files\/2026\/03\/mt180-26-gagnants.jpg",1400,983,false],"2048x2048":["https:\/\/wp.unil.ch\/mt180\/files\/2026\/03\/mt180-26-gagnants.jpg",1400,983,false],"post-thumbnail":["https:\/\/wp.unil.ch\/mt180\/files\/2026\/03\/mt180-26-gagnants.jpg",1400,983,false],"chaplin_preview_image_low_resolution":["https:\/\/wp.unil.ch\/mt180\/files\/2026\/03\/mt180-26-gagnants-540x379.jpg",540,379,true],"chaplin_preview_image_high_resolution":["https:\/\/wp.unil.ch\/mt180\/files\/2026\/03\/mt180-26-gagnants-1080x758.jpg",1080,758,true],"chaplin_fullscreen":["https:\/\/wp.unil.ch\/mt180\/files\/2026\/03\/mt180-26-gagnants.jpg",1400,983,false],"gform-image-choice-sm":["https:\/\/wp.unil.ch\/mt180\/files\/2026\/03\/mt180-26-gagnants.jpg",300,211,false],"gform-image-choice-md":["https:\/\/wp.unil.ch\/mt180\/files\/2026\/03\/mt180-26-gagnants.jpg",400,281,false],"gform-image-choice-lg":["https:\/\/wp.unil.ch\/mt180\/files\/2026\/03\/mt180-26-gagnants.jpg",600,421,false],"mailpoet_newsletter_max":["https:\/\/wp.unil.ch\/mt180\/files\/2026\/03\/mt180-26-gagnants-1320x927.jpg",1320,927,true]},"uagb_author_info":{"display_name":"centre informatique","author_link":"https:\/\/wp.unil.ch\/mt180\/author\/ci-unil\/"},"uagb_comment_info":0,"uagb_excerpt":"Les prix 2026 ont \u00e9t\u00e9 d\u00e9cern\u00e9s ! Premier prix Lauriane Cailleux, doctorante \u00e0 la Facult\u00e9 des sciences sociales et politiques, obtient le premier prix du jury pour sa&hellip;","_links":{"self":[{"href":"https:\/\/wp.unil.ch\/mt180\/wp-json\/wp\/v2\/pages\/14","targetHints":{"allow":["GET"]}}],"collection":[{"href":"https:\/\/wp.unil.ch\/mt180\/wp-json\/wp\/v2\/pages"}],"about":[{"href":"https:\/\/wp.unil.ch\/mt180\/wp-json\/wp\/v2\/types\/page"}],"author":[{"embeddable":true,"href":"https:\/\/wp.unil.ch\/mt180\/wp-json\/wp\/v2\/users\/108"}],"replies":[{"embeddable":true,"href":"https:\/\/wp.unil.ch\/mt180\/wp-json\/wp\/v2\/comments?post=14"}],"version-history":[{"count":5,"href":"https:\/\/wp.unil.ch\/mt180\/wp-json\/wp\/v2\/pages\/14\/revisions"}],"predecessor-version":[{"id":2933,"href":"https:\/\/wp.unil.ch\/mt180\/wp-json\/wp\/v2\/pages\/14\/revisions\/2933"}],"wp:featuredmedia":[{"embeddable":true,"href":"https:\/\/wp.unil.ch\/mt180\/wp-json\/wp\/v2\/media\/2926"}],"wp:attachment":[{"href":"https:\/\/wp.unil.ch\/mt180\/wp-json\/wp\/v2\/media?parent=14"}],"curies":[{"name":"wp","href":"https:\/\/api.w.org\/{rel}","templated":true}]}}