{"id":950,"date":"2018-04-20T11:27:59","date_gmt":"2018-04-20T09:27:59","guid":{"rendered":"http:\/\/wp.unil.ch\/ms3\/?page_id=950"},"modified":"2018-05-25T11:03:23","modified_gmt":"2018-05-25T09:03:23","slug":"nos-partenaires","status":"publish","type":"page","link":"https:\/\/wp.unil.ch\/ms3\/qui-sommes-nous\/nos-partenaires\/","title":{"rendered":"Les partenaires de la Plateforme MS3"},"content":{"rendered":"<h4><span style=\"color: #993300\">Le CHUV<\/span><\/h4>\n<p>Le <strong>Centre hospitalier universitaire vaudois (<a href=\"https:\/\/www.chuv.ch\/fr\/chuv-home\/\" target=\"_blank\" rel=\"noopener\">CHUV<\/a>)<\/strong> est l\u2019un des cinq h\u00f4pitaux universitaires suisses. Gr\u00e2ce \u00e0 sa collaboration avec la Facult\u00e9 de biologie et de m\u00e9decine (FBM) de l\u2019Universit\u00e9 de Lausanne, le CHUV joue un r\u00f4le d\u2019envergure europ\u00e9enne dans les domaines des soins, de la recherche m\u00e9dicale et de la formation.<\/p>\n<p>Le CHUV, institution qui ma\u00eetrise les techniques m\u00e9dicales les plus pointues, a comme vision strat\u00e9gique d\u2019\u00eatre capable de marier hautes comp\u00e9tences et humanisme et de mettre l\u2019Homme dans toutes ses dimensions (physique, psychologique, sociale et spirituelle) au centre de ses activit\u00e9s.<\/p>\n<p>Le D\u00e9partement formation et recherche (DFR) du CHUV h\u00e9berge un nouvel institut acad\u00e9mique, l\u2019institut des Humanit\u00e9s en m\u00e9decine dans lequel se situe la Plateforme MS3. Cet institut initie et soutient des d\u00e9bats de soci\u00e9t\u00e9, notamment sur la qualit\u00e9 de vie des patients et des soignants par l\u2019int\u00e9gration de la dimension spirituelle dans les milieux de sant\u00e9.<\/p>\n<p>&nbsp;<\/p>\n<h4><span style=\"color: #993300\">La Facult\u00e9 de biologie et de m\u00e9decine \u2013 UNIL \/ FBM<\/span><\/h4>\n<p>La <strong>Facult\u00e9 de biologie et de m\u00e9decine de l\u2019UNIL (<a href=\"https:\/\/www.unil.ch\/fbm\/home.html\" target=\"_blank\" rel=\"noopener\">FBM<\/a>) <\/strong>\u0153uvre en \u00e9troite collaboration avec le CHUV puisqu\u2019elle r\u00e9unit l\u2019ensemble du corps acad\u00e9mique de l\u2019h\u00f4pital. La FBM organise les fili\u00e8res de formation universitaire en biologie, m\u00e9decine et sciences infirmi\u00e8res. L\u2019int\u00e9r\u00eat pour le vivant, du vivant microscopique ou v\u00e9g\u00e9tal \u00e0 l\u2019\u00eatre humain dans sa globalit\u00e9, est au c\u0153ur de la recherche et de l\u2019enseignement. \u00c0 l\u2019interface de trois champs disciplinaires, la FBM oriente ses activit\u00e9s aussi bien vers la recherche fondamentale, que les soins aux malades et la recherche clinique.<\/p>\n<p>&nbsp;<\/p>\n<h4><span style=\"color: #993300\">La Fondation Leenaards<\/span><\/h4>\n<p>La <strong><a href=\"https:\/\/www.leenaards.ch\/\" target=\"_blank\" rel=\"noopener\">Fondation Leenaards<\/a><\/strong>, cr\u00e9\u00e9e en 1980 par Antoine et Rosy Leenaards, soutient financi\u00e8rement des projets \u00e0 caract\u00e8res novateurs, cr\u00e9atifs et ambitieux, en vue de stimuler la dynamique cr\u00e9atrice et scientifique de l\u2019arc l\u00e9manique.<\/p>\n<p>Dans le domaine \u00ab\u00a0Age et Soci\u00e9t\u00e9\u00a0\u00bb, la Fondation Leenaards soutient des projets scientifiques qui oeuvrent pour la promotion de la qualit\u00e9 de vie, de l\u2019autonomie et du lien social des personnes \u00e2g\u00e9es de plus de 65 ans. Elle vise l\u2019am\u00e9lioration de la prise en compte des dimensions relationnelles et spirituelles dans l\u2019accompagnement et les soins des a\u00een\u00e9s, ainsi que l\u2019encouragement des actions int\u00e9gratives de cette population au sein de la soci\u00e9t\u00e9.<\/p>\n<p>Dans ce contexte, la Plateforme M\u00e9decine, spiritualit\u00e9, soins et soci\u00e9t\u00e9 a \u00e9t\u00e9 mise sur pied par la Fondation, en collaboration \u00e9troite avec le CHUV et la FBM. La Fondation la finance pour la p\u00e9riode 2015-2020. Ses responsables restent tr\u00e8s investis dans ce projet.<\/p>\n<p>&nbsp;<\/p>\n<h4><span style=\"color: #993300\">Le RESSPIR<\/span><\/h4>\n<p>H\u00e9berg\u00e9 au sein de l\u2019Institut de recherche Religions, Spiritualit\u00e9s, Cultures et Soci\u00e9t\u00e9s \u00a0de Universit\u00e9 Catholique de Louvain, le <strong>R\u00e9seau international Sant\u00e9, Soins et Spiritualit\u00e9s\u00a0<\/strong>(<strong><a href=\"https:\/\/resspir.org\/\" target=\"_blank\" rel=\"noopener\">RESSPIR<\/a><\/strong>) promeut au sein de nos soci\u00e9t\u00e9s et cultures\u00a0: la compr\u00e9hension, la reconnaissance et l\u2019int\u00e9gration de la spiritualit\u00e9 dans le milieu de la sant\u00e9 en lien et en tension avec les traditions religieuses.<\/p>\n<p>Le RESSPIR soutient et met en \u00e9vidence les travaux et initiatives relatifs \u00e0 la \u00ab\u00a0Spiritualit\u00e9 en sant\u00e9\u00a0\u00bb issus de la recherche, de la formation et de l\u2019expertise clinique. Il a pour objectif de sensibiliser les professionnels de la sant\u00e9 aux questions de spiritualit\u00e9 et de religiosit\u00e9, de soutenir les accompagnants spirituels dans leur pratique et leur formation, et de sensibiliser les organismes communautaires aux b\u00e9n\u00e9fices et enjeux de l\u2019int\u00e9gration de la spiritualit\u00e9 dans les milieux de sant\u00e9.<\/p>\n<p>Le partenariat du RESSPIR et de la Plateforme MS3 s\u2019\u00e9tablit sur la promotion des projets de recherche et la mise en commun des ressources scientifiques, la collaboration scientifique et clinique des professionnels de l\u2019accompagnement spirituel, la disponibilit\u00e9 d\u2019encadrement \u00e0 la formation par le biais d\u2019offres de stages et de supervisions, ainsi que le soutien \u00e0 la r\u00e9alisation de projets et d\u2019\u00e9v\u00e9nements.<\/p>\n<p>&nbsp;<\/p>\n<p>&nbsp;<\/p>\n<p>&nbsp;<\/p>\n","protected":false},"excerpt":{"rendered":"<p>Le CHUV Le Centre hospitalier universitaire vaudois (CHUV) est l\u2019un des cinq h\u00f4pitaux universitaires suisses. Gr\u00e2ce \u00e0 sa collaboration avec la Facult\u00e9 de biologie et de m\u00e9decine (FBM) de l\u2019Universit\u00e9 de Lausanne, le CHUV joue un r\u00f4le d\u2019envergure europ\u00e9enne dans<\/p>\n","protected":false},"author":1001410,"featured_media":0,"parent":7,"menu_order":0,"comment_status":"closed","ping_status":"closed","template":"","meta":{"_seopress_robots_primary_cat":"","_seopress_titles_title":"","_seopress_titles_desc":"","_seopress_robots_index":"","footnotes":""},"class_list":["post-950","page","type-page","status-publish"],"_links":{"self":[{"href":"https:\/\/wp.unil.ch\/ms3\/wp-json\/wp\/v2\/pages\/950","targetHints":{"allow":["GET"]}}],"collection":[{"href":"https:\/\/wp.unil.ch\/ms3\/wp-json\/wp\/v2\/pages"}],"about":[{"href":"https:\/\/wp.unil.ch\/ms3\/wp-json\/wp\/v2\/types\/page"}],"author":[{"embeddable":true,"href":"https:\/\/wp.unil.ch\/ms3\/wp-json\/wp\/v2\/users\/1001410"}],"replies":[{"embeddable":true,"href":"https:\/\/wp.unil.ch\/ms3\/wp-json\/wp\/v2\/comments?post=950"}],"version-history":[{"count":0,"href":"https:\/\/wp.unil.ch\/ms3\/wp-json\/wp\/v2\/pages\/950\/revisions"}],"up":[{"embeddable":true,"href":"https:\/\/wp.unil.ch\/ms3\/wp-json\/wp\/v2\/pages\/7"}],"wp:attachment":[{"href":"https:\/\/wp.unil.ch\/ms3\/wp-json\/wp\/v2\/media?parent=950"}],"curies":[{"name":"wp","href":"https:\/\/api.w.org\/{rel}","templated":true}]}}