{"id":776,"date":"2018-03-02T09:11:08","date_gmt":"2018-03-02T08:11:08","guid":{"rendered":"http:\/\/wp.unil.ch\/ms3\/?page_id=776"},"modified":"2019-02-22T10:17:53","modified_gmt":"2019-02-22T09:17:53","slug":"lu-pour-vous","status":"publish","type":"page","link":"https:\/\/wp.unil.ch\/ms3\/liens-utiles\/lu-pour-vous\/","title":{"rendered":"Lu pour vous"},"content":{"rendered":"<p>Cette rubrique donne un aper\u00e7u de la litt\u00e9rature scientifique sur la question de l\u2019int\u00e9gration de la spiritualit\u00e9 dans la pratique clinique.<\/p>\n<p>Nous vous proposons ici des synth\u00e8ses concises d\u2019articles et de chapitres de livres provenant des diff\u00e9rents domaines de la sant\u00e9 tels que la m\u00e9decine, la psychologie, les sciences infirmi\u00e8res et l\u2019accompagnement spirituel.<\/p>\n<p><strong><a href=\"https:\/\/wp.unil.ch\/ms3\/2019\/02\/spiritual-care-training-in-healthcare-does-it-really-have-an-impact\/\" target=\"_blank\" rel=\"noopener\">Spiritual care training in healthcare\u00a0: Does it really have an impact\u00a0?<\/a> <\/strong><\/p>\n<p><strong><a href=\"https:\/\/wp.unil.ch\/ms3\/2018\/04\/should-gps-provide-spiritual-care\/\" target=\"_blank\" rel=\"noopener\">Should GPs provide spiritual care ?<\/a>\u00a0<\/strong><\/p>\n<p><strong><a href=\"https:\/\/wp.unil.ch\/ms3\/2018\/04\/spirituality-in-general-practice-a-qualitative-evidence-synthesis\/\" target=\"_blank\" rel=\"noopener\">Spirituality in General Practice : a qualitative evidence synthesis<\/a><\/strong><\/p>\n<p><strong><a href=\"https:\/\/wp.unil.ch\/ms3\/2018\/03\/assessing-spirituality-integrating-spirituality-into-treatment-evaluer-la-spiritualite-integrer-la-spiritualite-au-traitement\/\" target=\"_blank\" rel=\"noopener\">Assessing spirituality : Integrating spirituality into treatment\u00a0&#8211; Evaluer la spiritualit\u00e9 :\u00a0Int\u00e9grer la spiritualit\u00e9 au traitement<\/a><\/strong><\/p>\n<p>&nbsp;<\/p>\n","protected":false},"excerpt":{"rendered":"<p>Cette rubrique donne un aper\u00e7u de la litt\u00e9rature scientifique sur la question de l\u2019int\u00e9gration de la spiritualit\u00e9 dans la pratique clinique. Nous vous proposons ici des synth\u00e8ses concises d\u2019articles et de chapitres de livres provenant des diff\u00e9rents domaines de la<\/p>\n","protected":false},"author":1001410,"featured_media":0,"parent":1125,"menu_order":0,"comment_status":"closed","ping_status":"closed","template":"","meta":{"_seopress_robots_primary_cat":"","_seopress_titles_title":"","_seopress_titles_desc":"","_seopress_robots_index":"","footnotes":""},"class_list":["post-776","page","type-page","status-publish"],"_links":{"self":[{"href":"https:\/\/wp.unil.ch\/ms3\/wp-json\/wp\/v2\/pages\/776","targetHints":{"allow":["GET"]}}],"collection":[{"href":"https:\/\/wp.unil.ch\/ms3\/wp-json\/wp\/v2\/pages"}],"about":[{"href":"https:\/\/wp.unil.ch\/ms3\/wp-json\/wp\/v2\/types\/page"}],"author":[{"embeddable":true,"href":"https:\/\/wp.unil.ch\/ms3\/wp-json\/wp\/v2\/users\/1001410"}],"replies":[{"embeddable":true,"href":"https:\/\/wp.unil.ch\/ms3\/wp-json\/wp\/v2\/comments?post=776"}],"version-history":[{"count":0,"href":"https:\/\/wp.unil.ch\/ms3\/wp-json\/wp\/v2\/pages\/776\/revisions"}],"up":[{"embeddable":true,"href":"https:\/\/wp.unil.ch\/ms3\/wp-json\/wp\/v2\/pages\/1125"}],"wp:attachment":[{"href":"https:\/\/wp.unil.ch\/ms3\/wp-json\/wp\/v2\/media?parent=776"}],"curies":[{"name":"wp","href":"https:\/\/api.w.org\/{rel}","templated":true}]}}