{"id":7,"date":"2016-10-20T09:52:26","date_gmt":"2016-10-20T07:52:26","guid":{"rendered":"http:\/\/wp.unil.ch\/ms3\/?page_id=7"},"modified":"2018-12-20T15:54:19","modified_gmt":"2018-12-20T14:54:19","slug":"qui-sommes-nous","status":"publish","type":"page","link":"https:\/\/wp.unil.ch\/ms3\/qui-sommes-nous\/","title":{"rendered":"MS3 en bref"},"content":{"rendered":"<p style=\"text-align: left\" align=\"JUSTIFY\">LA PLATEFORME MS3 A POUR MISSION DE D\u00c9VELOPPER ET DE SOUTENIR LES PROJETS INTERDISCIPLINAIRES AU SEIN DU CHUV INT\u00c9GRANT LA SPIRITUALIT\u00c9 DANS LES SOINS<\/p>\n<p style=\"text-align: left\">ELLE AGIT DANS LES DOMAINES DE LA RECHERCHE, DE L\u2019ENSEIGNEMENT ET DE LA VALIDATION DE MOD\u00c8LES CLINIQUES<\/p>\n<p style=\"text-align: left\">La Plateforme prend pour point de d\u00e9part une vision occidentale et contemporaine de la spiritualit\u00e9, qui se distingue de la religion et englobe des aspects de transcendance, de valeurs et de\u00a0sens, de confiance dans ses ressources int\u00e9rieures ainsi que d\u2019un sentiment de coh\u00e9rence et d\u2019appartenance.<\/p>\n<p style=\"text-align: left\">Aujourd\u2019hui, dans le milieu m\u00e9dical, la spiritualit\u00e9 est devenue une composante qui permet d\u2019enrichir la vision qu\u2019ont les soignants de la personne malade et de favoriser une prise en charge globale des patients.<\/p>\n<p style=\"text-align: left\">AU SEIN DU CHUV, LA PLATEFORME MS3 CONTRIBUE \u00c0 CE QUE L\u2019HUMAIN SOIT PRIS EN COMPTE DANS TOUTES SES DIMENSIONS, PHYSIQUE, PSYCHOLOGIQUE, SOCIALE ET SPIRITUELLE<\/p>\n<p style=\"text-align: left\" align=\"JUSTIFY\">Les objectifs de la Plateforme sont \u00e0 terme :<\/p>\n<ul style=\"text-align: left\">\n<li><span style=\"color: #ffcc00\">de favoriser<\/span> l\u2019int\u00e9gration de la spiritualit\u00e9 dans la prise en charge des patients\u00a0;<\/li>\n<li><span style=\"color: #ff6600\">de renforcer<\/span> les connaissances et les comp\u00e9tences des professionnels de la sant\u00e9 dans le domaine du \u00ab\u00a0spiritual care\u00a0\u00bb ;<\/li>\n<li><span style=\"color: #ff9900\">de faciliter<\/span> enfin le transfert, dans les soins extra-hospitaliers et dans la soci\u00e9t\u00e9, de connaissances permettant le maintien et l\u2019am\u00e9lioration de la qualit\u00e9 de vie des personnes.<\/li>\n<\/ul>\n<p style=\"text-align: left\" align=\"JUSTIFY\">La Plateforme M\u00e9decine, Spiritualit\u00e9, Soins et Soci\u00e9t\u00e9 est un projet conjoint de la Fondation Leenaards et du CHUV.<\/p>\n<p style=\"text-align: left\">Elle est rattach\u00e9e au D\u00e9partement formation et recherche (DFR) du CHUV, dirig\u00e9 par le Professeur Jean-Daniel Tissot, Doyen en exercice de la Facult\u00e9 de biologie et de m\u00e9decine de l\u2019Universit\u00e9 de Lausanne.<\/p>\n<p>La <strong><a href=\"https:\/\/wp.unil.ch\/ms3\/files\/2018\/06\/Plaquette-MS3_Numa_vdef_avril2018.pdf\" target=\"_blank\" rel=\"noopener\">plaquette<\/a><\/strong> de la Plateforme MS3.<\/p>\n","protected":false},"excerpt":{"rendered":"<p>LA PLATEFORME MS3 A POUR MISSION DE D\u00c9VELOPPER ET DE SOUTENIR LES PROJETS INTERDISCIPLINAIRES AU SEIN DU CHUV INT\u00c9GRANT LA SPIRITUALIT\u00c9 DANS LES SOINS ELLE AGIT DANS LES DOMAINES DE LA RECHERCHE, DE L\u2019ENSEIGNEMENT ET DE LA VALIDATION DE MOD\u00c8LES<\/p>\n","protected":false},"author":1001410,"featured_media":1269,"parent":0,"menu_order":0,"comment_status":"closed","ping_status":"closed","template":"","meta":{"_seopress_robots_primary_cat":"","_seopress_titles_title":"","_seopress_titles_desc":"","_seopress_robots_index":"","footnotes":""},"class_list":["post-7","page","type-page","status-publish","has-post-thumbnail"],"_links":{"self":[{"href":"https:\/\/wp.unil.ch\/ms3\/wp-json\/wp\/v2\/pages\/7","targetHints":{"allow":["GET"]}}],"collection":[{"href":"https:\/\/wp.unil.ch\/ms3\/wp-json\/wp\/v2\/pages"}],"about":[{"href":"https:\/\/wp.unil.ch\/ms3\/wp-json\/wp\/v2\/types\/page"}],"author":[{"embeddable":true,"href":"https:\/\/wp.unil.ch\/ms3\/wp-json\/wp\/v2\/users\/1001410"}],"replies":[{"embeddable":true,"href":"https:\/\/wp.unil.ch\/ms3\/wp-json\/wp\/v2\/comments?post=7"}],"version-history":[{"count":0,"href":"https:\/\/wp.unil.ch\/ms3\/wp-json\/wp\/v2\/pages\/7\/revisions"}],"wp:featuredmedia":[{"embeddable":true,"href":"https:\/\/wp.unil.ch\/ms3\/wp-json\/wp\/v2\/media\/1269"}],"wp:attachment":[{"href":"https:\/\/wp.unil.ch\/ms3\/wp-json\/wp\/v2\/media?parent=7"}],"curies":[{"name":"wp","href":"https:\/\/api.w.org\/{rel}","templated":true}]}}