{"id":553,"date":"2017-05-12T11:31:13","date_gmt":"2017-05-12T09:31:13","guid":{"rendered":"http:\/\/wp.unil.ch\/ms3\/?page_id=553"},"modified":"2019-02-05T16:17:08","modified_gmt":"2019-02-05T15:17:08","slug":"sante-et-spiritualite","status":"publish","type":"page","link":"https:\/\/wp.unil.ch\/ms3\/liens-utiles\/sante-et-spiritualite\/","title":{"rendered":"L&rsquo;esprit et ses m\u00e9canismes face \u00e0 la mort"},"content":{"rendered":"<p>La Facult\u00e9 de Biologie et de M\u00e9decine (FBM)\u00a0de l&rsquo;UNIL vous propose quelques <a href=\"https:\/\/www.youtube.com\/watch?v=3QGUmeXqdx0&amp;list=PLptuJaXIdwE3TfplLbgTkOKmXJeHQdbpk\" target=\"_blank\" rel=\"noopener noreferrer\"><strong>vid\u00e9os<\/strong> <\/a>en lien avec la th\u00e9matique \u00ab\u00a0Sant\u00e9 et spiritualit\u00e9\u00a0\u00bb.<\/p>\n","protected":false},"excerpt":{"rendered":"<p>La Facult\u00e9 de Biologie et de M\u00e9decine (FBM)\u00a0de l&rsquo;UNIL vous propose quelques vid\u00e9os en lien avec la th\u00e9matique \u00ab\u00a0Sant\u00e9 et spiritualit\u00e9\u00a0\u00bb.<\/p>\n","protected":false},"author":1001410,"featured_media":0,"parent":1125,"menu_order":0,"comment_status":"closed","ping_status":"closed","template":"","meta":{"_seopress_robots_primary_cat":"","_seopress_titles_title":"","_seopress_titles_desc":"","_seopress_robots_index":"","footnotes":""},"class_list":["post-553","page","type-page","status-publish"],"_links":{"self":[{"href":"https:\/\/wp.unil.ch\/ms3\/wp-json\/wp\/v2\/pages\/553","targetHints":{"allow":["GET"]}}],"collection":[{"href":"https:\/\/wp.unil.ch\/ms3\/wp-json\/wp\/v2\/pages"}],"about":[{"href":"https:\/\/wp.unil.ch\/ms3\/wp-json\/wp\/v2\/types\/page"}],"author":[{"embeddable":true,"href":"https:\/\/wp.unil.ch\/ms3\/wp-json\/wp\/v2\/users\/1001410"}],"replies":[{"embeddable":true,"href":"https:\/\/wp.unil.ch\/ms3\/wp-json\/wp\/v2\/comments?post=553"}],"version-history":[{"count":0,"href":"https:\/\/wp.unil.ch\/ms3\/wp-json\/wp\/v2\/pages\/553\/revisions"}],"up":[{"embeddable":true,"href":"https:\/\/wp.unil.ch\/ms3\/wp-json\/wp\/v2\/pages\/1125"}],"wp:attachment":[{"href":"https:\/\/wp.unil.ch\/ms3\/wp-json\/wp\/v2\/media?parent=553"}],"curies":[{"name":"wp","href":"https:\/\/api.w.org\/{rel}","templated":true}]}}