{"id":439,"date":"2017-04-04T15:51:48","date_gmt":"2017-04-04T13:51:48","guid":{"rendered":"http:\/\/wp.unil.ch\/ms3\/?page_id=439"},"modified":"2019-08-15T15:01:36","modified_gmt":"2019-08-15T13:01:36","slug":"medias","status":"publish","type":"page","link":"https:\/\/wp.unil.ch\/ms3\/medias\/","title":{"rendered":"M\u00e9dias"},"content":{"rendered":"<div class=\"entry-content clearfix\">\n<p><strong>CAS \u00ab\u00a0Sant\u00e9, m\u00e9decine et spiritualit\u00e9 : pour une approche bio-psycho-sociale et spirituelle int\u00e9gr\u00e9e\u00a0\u00bb<\/strong><\/p>\n<p>Pionnier en la mati\u00e8re, le CHUV s\u2019associe \u00e0 l\u2019UNIL pour proposer un CAS \u00abSant\u00e9, m\u00e9decine et spiritualit\u00e9\u00bb afin d\u2019appr\u00e9hender celle-ci comme une aide aux soins m\u00e9dicaux.<\/p>\n<p><a href=\"https:\/\/www.formation-continue-unil-epfl.ch\/formation\/sante-medecine-spiritualite\/\" target=\"_blank\" rel=\"noopener noreferrer\"><img alt=\"\" loading=\"lazy\" decoding=\"async\" class=\"alignnone wp-image-1489\" src=\"https:\/\/wp.unil.ch\/ms3\/files\/2019\/03\/CAS_SMS_bandeau1-300x125.jpg\" alt=\"\" width=\"300\" height=\"125\" srcset=\"https:\/\/wp.unil.ch\/ms3\/files\/2019\/03\/CAS_SMS_bandeau1-300x125.jpg 300w, https:\/\/wp.unil.ch\/ms3\/files\/2019\/03\/CAS_SMS_bandeau1-768x321.jpg 768w, https:\/\/wp.unil.ch\/ms3\/files\/2019\/03\/CAS_SMS_bandeau1-1024x428.jpg 1024w, https:\/\/wp.unil.ch\/ms3\/files\/2019\/03\/CAS_SMS_bandeau1-720x300.jpg 720w, https:\/\/wp.unil.ch\/ms3\/files\/2019\/03\/CAS_SMS_bandeau1.jpg 1100w\" sizes=\"auto, (max-width: 300px) 100vw, 300px\" \/><\/a><br \/>\n<strong><a href=\"https:\/\/www.formation-continue-unil-epfl.ch\/formation\/sante-medecine-spiritualite\/\" target=\"_blank\" rel=\"noopener noreferrer\">Informations et inscriptions au CAS<\/a><\/strong><\/p>\n<p>La presse parle du CAS \u00ab Sant\u00e9, m\u00e9decine et spiritualit\u00e9 : pour une approche bio-psycho-sociale et spirituelle int\u00e9gr\u00e9e\u00a0\u00bb<br \/>\n<strong><a href=\"https:\/\/wp.unil.ch\/ms3\/files\/2019\/08\/Article_24H_CAS_SMS_05-08-2019.pdf\" target=\"_blank\" rel=\"noopener noreferrer\">Article paru dans le 24 Heures du 5 ao\u00fbt 2019<\/a><br \/>\n<strong><a href=\"https:\/\/www.cath.ch\/newsf\/lausanne-la-faculte-de-medecine-souvre-a-la-spiritualite\/\" target=\"_blank\" rel=\"noopener noreferrer\">Article paru sur le site Internet cath.ch le 5 ao\u00fbt 2019<\/a><br \/>\n<a href=\"https:\/\/wp.unil.ch\/ms3\/files\/2019\/08\/Article_24H_CAS_SMS_12-03-2019.pdf\" target=\"_blank\" rel=\"noopener noreferrer\">Article paru dans le 24 Heures du 12 mars 2019<\/a><\/strong><br \/>\n<\/strong><\/p>\n<\/div>\n<p>&nbsp;<\/p>\n<div class=\"entry-content clearfix\">\n<p><strong>Qu&rsquo;est-ce que l&rsquo;accompagnement spirituel?<\/strong><\/p>\n<p><a href=\"https:\/\/wp.unil.ch\/ms3\/medias\/60-ans-dheviva\/\" target=\"_blank\" rel=\"noopener noreferrer\">Extrait de l&rsquo;\u00e9mission enregistr\u00e9e le 17 juin 2019<\/a>\u00a0\u00e0 l&rsquo;occasion des 60 ans de l&rsquo;association vaudoise des institutions m\u00e9dico-psycho-sociales (H\u00e9vivA).<\/p>\n<p>Invit\u00e9: Etienne Rochat, Responsable de la plateforme M\u00e9decine, spiritualit\u00e9, soins et soci\u00e9t\u00e9 au CHUV<\/p>\n<p>Animation: Camille-Angelo Aglione<br \/>\nR\u00e9alisation: studioediting<\/p>\n<p><a href=\"https:\/\/www.heviva.ch\/?fbclid=IwAR1AQGxcEzonXJ3AnEDjD9trkgPNoiUEv71vUBLyH1nwx0m7DO-HN_8AJRA\" target=\"_blank\" rel=\"noopener noreferrer\">https:\/\/www.heviva.ch\/?fbclid=IwAR1AQGxcEzonXJ3AnEDjD9trkgPNoiUEv71vUBLyH1nwx0m7DO-HN_8AJRA<\/a><\/p>\n<\/div>\n<p>&nbsp;<\/p>\n<p>&nbsp;<\/p>\n<p><strong>Quelle place donner \u00e0 la spiritualit\u00e9 \u00e0 l&rsquo;h\u00f4pital et dans les soins aux patients\u00a0?<\/strong><\/p>\n<p>La Plateforme MS3 vous invite \u00e0 d\u00e9couvrir ce qu\u2019en disent les professionnels, qu\u2019ils soient m\u00e9decins, infirmier-\u00e8res, aum\u00f4nier-\u00e8res ou psychologues.<\/p>\n<p><a href=\"https:\/\/player.vimeo.com\/video\/300470639\" target=\"_blank\" rel=\"attachment noopener wp-att-1534 noreferrer\"><img alt=\"\" loading=\"lazy\" decoding=\"async\" class=\"alignnone size-medium wp-image-1534\" src=\"https:\/\/wp.unil.ch\/ms3\/files\/2019\/03\/Vid\u00e9o_spiritualit\u00e9_hopital_et_soins-300x175.png\" alt=\"\" width=\"300\" height=\"175\" srcset=\"https:\/\/wp.unil.ch\/ms3\/files\/2019\/03\/Vid\u00e9o_spiritualit\u00e9_hopital_et_soins-300x175.png 300w, https:\/\/wp.unil.ch\/ms3\/files\/2019\/03\/Vid\u00e9o_spiritualit\u00e9_hopital_et_soins-768x448.png 768w, https:\/\/wp.unil.ch\/ms3\/files\/2019\/03\/Vid\u00e9o_spiritualit\u00e9_hopital_et_soins-1024x598.png 1024w, https:\/\/wp.unil.ch\/ms3\/files\/2019\/03\/Vid\u00e9o_spiritualit\u00e9_hopital_et_soins.png 1920w\" sizes=\"auto, (max-width: 300px) 100vw, 300px\" \/><\/a><br \/>\n<a href=\"https:\/\/player.vimeo.com\/video\/300470639\" target=\"_blank\" rel=\"noopener noreferrer\">Des interventions saisies \u00e0 l&rsquo;occasion du symposium \u00ab\u00a0Spiritual Care\u00a0\u00bb qui s&rsquo;est tenu au CHUV en octobre 2018.<\/a><\/p>\n<p>&nbsp;<\/p>\n<p><strong>Emission radio\u00a0\u00ab\u00a0Vacarme\u00a0\u00bb de la RTS<br \/>\n<\/strong><br \/>\nL&rsquo;\u00e9mission \u00ab\u00a0Vacarme\u00a0\u00bb de la RTS pose son regard sur le m\u00e9tier d&rsquo;aum\u00f4nier en pleine mutation en 5 \u00e9missions.<\/p>\n<p><a href=\"https:\/\/wp.unil.ch\/ms3\/medias\/emission-radio-vacarme-de-la-rts\/\" target=\"_blank\" rel=\"attachment noopener wp-att-1352 noreferrer\"><img alt=\"\" loading=\"lazy\" decoding=\"async\" class=\"alignnone wp-image-1352 size-medium\" src=\"https:\/\/wp.unil.ch\/ms3\/files\/2018\/12\/Vacarme_RTS_5-300x169.jpg\" alt=\"\" width=\"300\" height=\"169\" srcset=\"https:\/\/wp.unil.ch\/ms3\/files\/2018\/12\/Vacarme_RTS_5-300x169.jpg 300w, https:\/\/wp.unil.ch\/ms3\/files\/2018\/12\/Vacarme_RTS_5.jpg 640w\" sizes=\"auto, (max-width: 300px) 100vw, 300px\" \/><\/a><\/p>\n<p>Reportage: Gabrielle Desarzens<br \/>\nR\u00e9alisation: Jean-Daniel Mottet<br \/>\nProduction: V\u00e9ronique Marti<\/p>\n<p>&nbsp;<\/p>\n<p>&nbsp;<\/p>\n<p><strong>Retomb\u00e9es m\u00e9dias des \u00e9v\u00e9nements d&rsquo;octobre 2018<\/strong><\/p>\n<p><strong><a href=\"https:\/\/www.rts.ch\/play\/radio\/emission\/hautes-frequences?id=1423851&amp;station=a9e7621504c6959e35c3ecbe7f6bed0446cdf8da\" target=\"_blank\" rel=\"noopener noreferrer\">Soins et spiritualit\u00e9, un duo gagnant\u00a0?<\/a><br \/>\n<\/strong>Echos du colloque \u00ab\u00a0Spiritual Care\u00a0: enjeux disciplinaires, interprofessionnels et \u00e9thiques\u00a0\u00bb, par Evelyne Oberson<strong><br \/>\n<\/strong><em>Hautes Fr\u00e9quences, \u00e9mission sur la Premi\u00e8re de\u00a0la RTS, le 2 d\u00e9cembre 2018<\/em><\/p>\n<p><strong><a href=\"https:\/\/news.unil.ch\/display\/1540905048639\" target=\"_blank\" rel=\"noopener noreferrer\">Symposium Sant\u00e9 et Spiritualit\u00e9 au CHUV : un succ\u00e8s annon\u00e7ant un \u00ab apr\u00e8s Lausanne \u00bb<\/a><\/strong><br \/>\nActualit\u00e9 par\u00a0Elena Martinez<br \/>\n<em>Site de la FBM, le 30 octobre 2018<\/em><\/p>\n<p><strong><a href=\"https:\/\/www.reformes.ch\/ethique\/2018\/10\/laumonier-remplace-par-un-specialiste-en-soins-spirituels-chuv-medecine-lausanne\" target=\"_blank\" rel=\"noopener noreferrer\">L\u2019aum\u00f4nier remplac\u00e9 par un sp\u00e9cialiste en soins spirituels\u00a0?<\/a><br \/>\n<\/strong>Interviews d\u2019Etienne Rochat et Guy Jobin par Jo\u00ebl Burri<br \/>\n<em>Protestinfo.ch du 17 octobre 2018<\/em><\/p>\n<p><strong>Article \u00abLes m\u00e9decins ne doivent pas \u00eatre juste des Dr House\u00bb<br \/>\n<\/strong>Interview d\u2019Etienne Rochat par Caroline Zuercher<br \/>\n<em>24 Heures du 16 octobre 2018<\/em><\/p>\n<p>&nbsp;<\/p>\n","protected":false},"excerpt":{"rendered":"<p>CAS \u00ab\u00a0Sant\u00e9, m\u00e9decine et spiritualit\u00e9 : pour une approche bio-psycho-sociale et spirituelle int\u00e9gr\u00e9e\u00a0\u00bb Pionnier en la mati\u00e8re, le CHUV s\u2019associe \u00e0 l\u2019UNIL pour proposer un CAS \u00abSant\u00e9, m\u00e9decine et spiritualit\u00e9\u00bb afin d\u2019appr\u00e9hender celle-ci comme une aide aux soins m\u00e9dicaux. Informations<\/p>\n","protected":false},"author":1001410,"featured_media":0,"parent":0,"menu_order":0,"comment_status":"closed","ping_status":"closed","template":"","meta":{"_seopress_robots_primary_cat":"","_seopress_titles_title":"","_seopress_titles_desc":"","_seopress_robots_index":"","footnotes":""},"class_list":["post-439","page","type-page","status-publish"],"_links":{"self":[{"href":"https:\/\/wp.unil.ch\/ms3\/wp-json\/wp\/v2\/pages\/439","targetHints":{"allow":["GET"]}}],"collection":[{"href":"https:\/\/wp.unil.ch\/ms3\/wp-json\/wp\/v2\/pages"}],"about":[{"href":"https:\/\/wp.unil.ch\/ms3\/wp-json\/wp\/v2\/types\/page"}],"author":[{"embeddable":true,"href":"https:\/\/wp.unil.ch\/ms3\/wp-json\/wp\/v2\/users\/1001410"}],"replies":[{"embeddable":true,"href":"https:\/\/wp.unil.ch\/ms3\/wp-json\/wp\/v2\/comments?post=439"}],"version-history":[{"count":0,"href":"https:\/\/wp.unil.ch\/ms3\/wp-json\/wp\/v2\/pages\/439\/revisions"}],"wp:attachment":[{"href":"https:\/\/wp.unil.ch\/ms3\/wp-json\/wp\/v2\/media?parent=439"}],"curies":[{"name":"wp","href":"https:\/\/api.w.org\/{rel}","templated":true}]}}