{"id":369,"date":"2017-03-02T17:00:25","date_gmt":"2017-03-02T16:00:25","guid":{"rendered":"http:\/\/wp.unil.ch\/ms3\/?page_id=369"},"modified":"2019-05-21T15:26:32","modified_gmt":"2019-05-21T13:26:32","slug":"rencontres-3-questions-a","status":"publish","type":"page","link":"https:\/\/wp.unil.ch\/ms3\/liens-utiles\/rencontres-3-questions-a\/","title":{"rendered":"Rencontres : 3 questions \u00e0&#8230;"},"content":{"rendered":"<p>1. En quoi la spiritualit\u00e9 est-elle importante aujourd&rsquo;hui en m\u00e9decine et dans les soins ?<\/p>\n<p>2. Quels sont les principaux b\u00e9n\u00e9fices et dangers de l\u2019int\u00e9gration de la spiritualit\u00e9 en m\u00e9decine et dans les soins ?<\/p>\n<p>3. Quel\/s r\u00f4le\/s la Plateforme MS3 peut-elle jouer dans le CHUV \u00e0 l&rsquo;avenir ?<\/p>\n<p>&nbsp;<\/p>\n<p><a href=\"https:\/\/player.vimeo.com\/video\/335411656\" target=\"_blank\" rel=\"attachment noopener wp-att-1575 noreferrer\"><img alt=\"\" loading=\"lazy\" decoding=\"async\" class=\"alignnone wp-image-1575\" src=\"https:\/\/wp.unil.ch\/ms3\/files\/2019\/05\/3_questions_a_Mario_Drouin_2-300x254.jpg\" alt=\"\" width=\"257\" height=\"218\" srcset=\"https:\/\/wp.unil.ch\/ms3\/files\/2019\/05\/3_questions_a_Mario_Drouin_2-300x254.jpg 300w, https:\/\/wp.unil.ch\/ms3\/files\/2019\/05\/3_questions_a_Mario_Drouin_2-768x650.jpg 768w, https:\/\/wp.unil.ch\/ms3\/files\/2019\/05\/3_questions_a_Mario_Drouin_2.jpg 949w\" sizes=\"auto, (max-width: 257px) 100vw, 257px\" \/><\/a><br \/>\nMario Drouin, Responsable de formation et d&rsquo;enseignement \u00e0 l&rsquo;Aum\u00f4nerie du CHUV (mai 2019)<\/p>\n<p>&nbsp;<\/p>\n<p><a href=\"https:\/\/player.vimeo.com\/video\/318949823\" target=\"_blank\" rel=\"noopener noreferrer\"><img alt=\"\" loading=\"lazy\" decoding=\"async\" class=\"alignnone wp-image-1569\" src=\"https:\/\/wp.unil.ch\/ms3\/files\/2019\/04\/3_questions_a_Eve_Rubli_2-300x191.png\" alt=\"\" width=\"258\" height=\"164\" srcset=\"https:\/\/wp.unil.ch\/ms3\/files\/2019\/04\/3_questions_a_Eve_Rubli_2-300x191.png 300w, https:\/\/wp.unil.ch\/ms3\/files\/2019\/04\/3_questions_a_Eve_Rubli_2-768x490.png 768w, https:\/\/wp.unil.ch\/ms3\/files\/2019\/04\/3_questions_a_Eve_Rubli_2-1024x653.png 1024w, https:\/\/wp.unil.ch\/ms3\/files\/2019\/04\/3_questions_a_Eve_Rubli_2.png 1531w\" sizes=\"auto, (max-width: 258px) 100vw, 258px\" \/><\/a><br \/>\nDr Eve Rubli Truchard, M\u00e9decin associ\u00e9e, Chaire soins palliatifs g\u00e9riatriques (mars 2019)<\/p>\n<p>&nbsp;<\/p>\n<p><a href=\"https:\/\/vimeo.com\/user32213068\/review\/274080375\/e820d257ca\" target=\"_blank\" rel=\"attachment noopener wp-att-877 noreferrer\"><img alt=\"\" loading=\"lazy\" decoding=\"async\" class=\"alignnone wp-image-877\" src=\"https:\/\/wp.unil.ch\/ms3\/files\/2018\/04\/3-questions-\u00e0-MD-Schaller-254x300.jpg\" alt=\"\" width=\"216\" height=\"255\" \/><\/a><br \/>\nProf. Marie-Denise Schaller, M\u00e9decin cheffe, Service de M\u00e9decine intensive adulte, CHUV (juillet 2017)<\/p>\n<p>&nbsp;<\/p>\n<p><a href=\"https:\/\/vimeo.com\/user32213068\/review\/247292650\/745acb3bbf\" target=\"_blank\" rel=\"attachment noopener wp-att-879 noreferrer\"><img alt=\"\" loading=\"lazy\" decoding=\"async\" class=\"alignnone wp-image-879\" src=\"https:\/\/wp.unil.ch\/ms3\/files\/2018\/04\/3-questions-\u00e0-Maya-Zumstein-Shaha-Formation-et-recherche-en-soins-1-240x300.jpg\" alt=\"\" width=\"216\" height=\"270\" srcset=\"https:\/\/wp.unil.ch\/ms3\/files\/2018\/04\/3-questions-\u00e0-Maya-Zumstein-Shaha-Formation-et-recherche-en-soins-1-240x300.jpg 240w, https:\/\/wp.unil.ch\/ms3\/files\/2018\/04\/3-questions-\u00e0-Maya-Zumstein-Shaha-Formation-et-recherche-en-soins-1.jpg 535w\" sizes=\"auto, (max-width: 216px) 100vw, 216px\" \/><br \/>\n<\/a>Prof. Dr. Maya Zumstein-Shaha, Professeure MSc-Soins infirmiers, D\u00e9partement de Recherche et D\u00e9veloppement Appliqu\u00e9s en Soins Infirmiers (septembre 2017)<\/p>\n<p>&nbsp;<\/p>\n<p><a href=\"https:\/\/vimeo.com\/user32213068\/review\/237899383\/c1b2fc794d\" target=\"_blank\" rel=\"noopener noreferrer\"><img alt=\"\" loading=\"lazy\" decoding=\"async\" class=\"alignnone wp-image-689\" src=\"https:\/\/wp.unil.ch\/ms3\/files\/2017\/03\/3-questions-\u00e0-Patrick-Bodenmann-m\u00e9decin-adjoint-responsable-centre-de-1024x822.jpg\" alt=\"\" width=\"265\" height=\"213\" srcset=\"https:\/\/wp.unil.ch\/ms3\/files\/2017\/03\/3-questions-\u00e0-Patrick-Bodenmann-m\u00e9decin-adjoint-responsable-centre-de-1024x822.jpg 1024w, https:\/\/wp.unil.ch\/ms3\/files\/2017\/03\/3-questions-\u00e0-Patrick-Bodenmann-m\u00e9decin-adjoint-responsable-centre-de-300x241.jpg 300w, https:\/\/wp.unil.ch\/ms3\/files\/2017\/03\/3-questions-\u00e0-Patrick-Bodenmann-m\u00e9decin-adjoint-responsable-centre-de-768x617.jpg 768w, https:\/\/wp.unil.ch\/ms3\/files\/2017\/03\/3-questions-\u00e0-Patrick-Bodenmann-m\u00e9decin-adjoint-responsable-centre-de.jpg 1030w\" sizes=\"auto, (max-width: 265px) 100vw, 265px\" \/><br \/>\n<\/a>Prof. Patrick Bodenmann, M\u00e9decin adjoint, Responsable du Centre des populations vuln\u00e9rables, PMU (ao\u00fbt 2017)<\/p>\n<p>&nbsp;<\/p>\n<p><a href=\"https:\/\/vimeo.com\/user32213068\/review\/237899283\/6aa7c380ac\" target=\"_blank\" rel=\"noopener noreferrer\"><img alt=\"\" loading=\"lazy\" decoding=\"async\" class=\"alignnone wp-image-659\" src=\"https:\/\/wp.unil.ch\/ms3\/files\/2017\/03\/3-questions-\u00e0-Guillaume-Roulet-physioth\u00e9rapeute-1.jpg\" alt=\"\" width=\"266\" height=\"212\" srcset=\"https:\/\/wp.unil.ch\/ms3\/files\/2017\/03\/3-questions-\u00e0-Guillaume-Roulet-physioth\u00e9rapeute-1.jpg 952w, https:\/\/wp.unil.ch\/ms3\/files\/2017\/03\/3-questions-\u00e0-Guillaume-Roulet-physioth\u00e9rapeute-1-300x239.jpg 300w, https:\/\/wp.unil.ch\/ms3\/files\/2017\/03\/3-questions-\u00e0-Guillaume-Roulet-physioth\u00e9rapeute-1-768x612.jpg 768w\" sizes=\"auto, (max-width: 266px) 100vw, 266px\" \/><br \/>\n<\/a>Guillaume Roulet, Physioth\u00e9rapeute, chef de service (ao\u00fbt 2017)<\/p>\n<p>&nbsp;<\/p>\n<p><a href=\"https:\/\/vimeo.com\/user32213068\/review\/220944976\/3896c59dda\" target=\"_blank\" rel=\"noopener noreferrer\"><img alt=\"\" loading=\"lazy\" decoding=\"async\" class=\"alignnone wp-image-578\" src=\"https:\/\/wp.unil.ch\/ms3\/files\/2017\/03\/3-questions-\u00e0-Daniel-Ducraux-1024x738.jpg\" alt=\"\" width=\"258\" height=\"186\" srcset=\"https:\/\/wp.unil.ch\/ms3\/files\/2017\/03\/3-questions-\u00e0-Daniel-Ducraux-1024x738.jpg 1024w, https:\/\/wp.unil.ch\/ms3\/files\/2017\/03\/3-questions-\u00e0-Daniel-Ducraux-300x216.jpg 300w, https:\/\/wp.unil.ch\/ms3\/files\/2017\/03\/3-questions-\u00e0-Daniel-Ducraux-768x554.jpg 768w, https:\/\/wp.unil.ch\/ms3\/files\/2017\/03\/3-questions-\u00e0-Daniel-Ducraux.jpg 1042w\" sizes=\"auto, (max-width: 258px) 100vw, 258px\" \/><br \/>\n<\/a>Daniel Ducraux, Infirmier cadre sp\u00e9cialiste clinique, Service universitaires de psychiatrie de l&rsquo;\u00e2ge avanc\u00e9 (SUPAA) (juin 2017)<\/p>\n<p>&nbsp;<\/p>\n<p><a href=\"https:\/\/vimeo.com\/user32213068\/review\/206401798\/66dd7f0a8e\" target=\"_blank\" rel=\"attachment noopener wp-att-415 noreferrer\"><img alt=\"\" loading=\"lazy\" decoding=\"async\" class=\"alignnone wp-image-415\" src=\"https:\/\/wp.unil.ch\/ms3\/files\/2017\/03\/3-questions-\u00e0-JB-Oboni-300x174.jpg\" alt=\"\" width=\"278\" height=\"161\" srcset=\"https:\/\/wp.unil.ch\/ms3\/files\/2017\/03\/3-questions-\u00e0-JB-Oboni-300x174.jpg 300w, https:\/\/wp.unil.ch\/ms3\/files\/2017\/03\/3-questions-\u00e0-JB-Oboni-768x447.jpg 768w, https:\/\/wp.unil.ch\/ms3\/files\/2017\/03\/3-questions-\u00e0-JB-Oboni-1024x596.jpg 1024w, https:\/\/wp.unil.ch\/ms3\/files\/2017\/03\/3-questions-\u00e0-JB-Oboni.jpg 1188w\" sizes=\"auto, (max-width: 278px) 100vw, 278px\" \/><\/a><a href=\"https:\/\/vimeo.com\/user32213068\/review\/206401798\/66dd7f0a8e\" target=\"_blank\" rel=\"noopener noreferrer\"><br \/>\n<\/a>Jean-Baptiste Oboni, M\u00e9decin assistant, Direction des maladies infectieuses (f\u00e9vrier 2017)<\/p>\n<p>&nbsp;<\/p>\n<p><a href=\"https:\/\/vimeo.com\/user32213068\/review\/191943382\/24b6b3ea54\" target=\"_blank\" rel=\"noopener noreferrer\"><img alt=\"\" loading=\"lazy\" decoding=\"async\" class=\"alignnone wp-image-164\" src=\"https:\/\/wp.unil.ch\/ms3\/files\/2016\/11\/Pr.Tissot.Image-fixe005.jpg\" alt=\"\" width=\"276\" height=\"155\" srcset=\"https:\/\/wp.unil.ch\/ms3\/files\/2016\/11\/Pr.Tissot.Image-fixe005.jpg 800w, https:\/\/wp.unil.ch\/ms3\/files\/2016\/11\/Pr.Tissot.Image-fixe005-300x169.jpg 300w, https:\/\/wp.unil.ch\/ms3\/files\/2016\/11\/Pr.Tissot.Image-fixe005-768x432.jpg 768w\" sizes=\"auto, (max-width: 276px) 100vw, 276px\" \/><br \/>\n<\/a>Prof. Jean-Daniel Tissot,\u00a0Doyen de la Facult\u00e9 de Biologie et de M\u00e9decine (novembre 2016)<\/p>\n<p>&nbsp;<\/p>\n","protected":false},"excerpt":{"rendered":"<p>1. En quoi la spiritualit\u00e9 est-elle importante aujourd&rsquo;hui en m\u00e9decine et dans les soins ? 2. Quels sont les principaux b\u00e9n\u00e9fices et dangers de l\u2019int\u00e9gration de la spiritualit\u00e9 en m\u00e9decine et dans les soins ? 3. Quel\/s r\u00f4le\/s la Plateforme<\/p>\n","protected":false},"author":1001410,"featured_media":1573,"parent":1125,"menu_order":0,"comment_status":"closed","ping_status":"closed","template":"","meta":{"_seopress_robots_primary_cat":"","_seopress_titles_title":"","_seopress_titles_desc":"","_seopress_robots_index":"","footnotes":""},"class_list":["post-369","page","type-page","status-publish","has-post-thumbnail"],"_links":{"self":[{"href":"https:\/\/wp.unil.ch\/ms3\/wp-json\/wp\/v2\/pages\/369","targetHints":{"allow":["GET"]}}],"collection":[{"href":"https:\/\/wp.unil.ch\/ms3\/wp-json\/wp\/v2\/pages"}],"about":[{"href":"https:\/\/wp.unil.ch\/ms3\/wp-json\/wp\/v2\/types\/page"}],"author":[{"embeddable":true,"href":"https:\/\/wp.unil.ch\/ms3\/wp-json\/wp\/v2\/users\/1001410"}],"replies":[{"embeddable":true,"href":"https:\/\/wp.unil.ch\/ms3\/wp-json\/wp\/v2\/comments?post=369"}],"version-history":[{"count":0,"href":"https:\/\/wp.unil.ch\/ms3\/wp-json\/wp\/v2\/pages\/369\/revisions"}],"up":[{"embeddable":true,"href":"https:\/\/wp.unil.ch\/ms3\/wp-json\/wp\/v2\/pages\/1125"}],"wp:featuredmedia":[{"embeddable":true,"href":"https:\/\/wp.unil.ch\/ms3\/wp-json\/wp\/v2\/media\/1573"}],"wp:attachment":[{"href":"https:\/\/wp.unil.ch\/ms3\/wp-json\/wp\/v2\/media?parent=369"}],"curies":[{"name":"wp","href":"https:\/\/api.w.org\/{rel}","templated":true}]}}