{"id":262,"date":"2017-01-20T10:38:57","date_gmt":"2017-01-20T09:38:57","guid":{"rendered":"http:\/\/wp.unil.ch\/ms3\/?page_id=262"},"modified":"2018-12-20T14:51:05","modified_gmt":"2018-12-20T13:51:05","slug":"retour-sur-le-18-novembre-2016","status":"publish","type":"page","link":"https:\/\/wp.unil.ch\/ms3\/qui-sommes-nous\/lhistoire-de-la-plateforme-ms3\/retour-sur-le-18-novembre-2016\/","title":{"rendered":"Inauguration de la Plateforme MS3"},"content":{"rendered":"<h3><\/h3>\n<h4><\/h4>\n<h3 style=\"text-align: center\"><span style=\"color: #000000\"><strong>Colloque Soins &amp; Spiritualit\u00e9 : \u00e9volutions<br \/>\net<br \/>\nInauguration de la Plateforme MS3<\/strong><\/span><\/h3>\n<h3 style=\"text-align: center\"><span style=\"color: #000000\"><strong>18 novembre 2016<\/strong><\/span><\/h3>\n<p>&nbsp;<\/p>\n<p>&nbsp;<\/p>\n<p><a href=\"https:\/\/vimeo.com\/user32213068\/review\/191943813\/7aac492c31\" target=\"_blank\" rel=\"noopener\"><img alt=\"\" loading=\"lazy\" decoding=\"async\" class=\"alignnone wp-image-164\" src=\"https:\/\/wp.unil.ch\/ms3\/files\/2016\/11\/Pr.Tissot.Image-fixe005.jpg\" alt=\"\" width=\"155\" height=\"87\" srcset=\"https:\/\/wp.unil.ch\/ms3\/files\/2016\/11\/Pr.Tissot.Image-fixe005.jpg 800w, https:\/\/wp.unil.ch\/ms3\/files\/2016\/11\/Pr.Tissot.Image-fixe005-300x169.jpg 300w, https:\/\/wp.unil.ch\/ms3\/files\/2016\/11\/Pr.Tissot.Image-fixe005-768x432.jpg 768w\" sizes=\"auto, (max-width: 155px) 100vw, 155px\" \/><\/a><br \/>\nMessage du Prof. Jean-Daniel Tissot,\u00a0Doyen de la Facult\u00e9 de Biologie et de M\u00e9decine<\/p>\n<h4><\/h4>\n<p>&nbsp;<\/p>\n<p>&nbsp;<\/p>\n<p style=\"text-align: center\"><strong>Lancement de la Plateforme MS3<\/strong><\/p>\n<p style=\"text-align: center\"><strong>\u00a0<\/strong><\/p>\n<p><a href=\"https:\/\/vimeo.com\/user32213068\/review\/193025321\/ba4aba0325\" target=\"_blank\" rel=\"noopener noreferrer\"><img alt=\"\" loading=\"lazy\" decoding=\"async\" class=\"alignnone wp-image-230\" src=\"https:\/\/wp.unil.ch\/ms3\/files\/2017\/01\/Pierre-Francois-Leyvraz.jpg\" alt=\"\" width=\"144\" height=\"104\" srcset=\"https:\/\/wp.unil.ch\/ms3\/files\/2017\/01\/Pierre-Francois-Leyvraz.jpg 538w, https:\/\/wp.unil.ch\/ms3\/files\/2017\/01\/Pierre-Francois-Leyvraz-300x217.jpg 300w\" sizes=\"auto, (max-width: 144px) 100vw, 144px\" \/><\/a><br \/>\nProf. Dr Pierre-Fran\u00e7ois Leyvraz, Directeur g\u00e9n\u00e9ral du CHUV<\/p>\n<p><a href=\"https:\/\/vimeo.com\/user32213068\/review\/193025106\/99197ed124\" target=\"_blank\" rel=\"noopener noreferrer\"><img alt=\"\" loading=\"lazy\" decoding=\"async\" class=\"alignnone wp-image-236\" src=\"https:\/\/wp.unil.ch\/ms3\/files\/2017\/01\/Peter-Brey.jpg\" alt=\"\" width=\"148\" height=\"106\" srcset=\"https:\/\/wp.unil.ch\/ms3\/files\/2017\/01\/Peter-Brey.jpg 522w, https:\/\/wp.unil.ch\/ms3\/files\/2017\/01\/Peter-Brey-300x216.jpg 300w\" sizes=\"auto, (max-width: 148px) 100vw, 148px\" \/><\/a><br \/>\nM. Peter Brey, Directeur de la Fondation Leenaards<\/p>\n<p><a href=\"https:\/\/vimeo.com\/user32213068\/review\/193025828\/3b4ab5ab2e\" target=\"_blank\" rel=\"noopener noreferrer\"><img alt=\"\" loading=\"lazy\" decoding=\"async\" class=\"alignnone wp-image-240\" src=\"https:\/\/wp.unil.ch\/ms3\/files\/2017\/01\/Manuel-Pascual-vice-doyen-FBM.jpg\" alt=\"\" width=\"148\" height=\"107\" srcset=\"https:\/\/wp.unil.ch\/ms3\/files\/2017\/01\/Manuel-Pascual-vice-doyen-FBM.jpg 541w, https:\/\/wp.unil.ch\/ms3\/files\/2017\/01\/Manuel-Pascual-vice-doyen-FBM-300x217.jpg 300w\" sizes=\"auto, (max-width: 148px) 100vw, 148px\" \/><\/a><br \/>\nProf. Dr Manuel Pascual, Vice Doyen de la Facult\u00e9 de Biologie et de M\u00e9decine<\/p>\n<p><a href=\"https:\/\/vimeo.com\/user32213068\/review\/193026114\/7285e40056\" target=\"_blank\" rel=\"noopener noreferrer\"><img alt=\"\" loading=\"lazy\" decoding=\"async\" class=\"alignnone wp-image-241\" src=\"https:\/\/wp.unil.ch\/ms3\/files\/2017\/01\/Etienne-Rochat-resp.-Plateforme-MS3.jpg\" alt=\"\" width=\"148\" height=\"96\" srcset=\"https:\/\/wp.unil.ch\/ms3\/files\/2017\/01\/Etienne-Rochat-resp.-Plateforme-MS3.jpg 602w, https:\/\/wp.unil.ch\/ms3\/files\/2017\/01\/Etienne-Rochat-resp.-Plateforme-MS3-300x194.jpg 300w\" sizes=\"auto, (max-width: 148px) 100vw, 148px\" \/><\/a><br \/>\nEtienne Rochat, PhD, Responsable de la Plateforme MS3<\/p>\n<p>&nbsp;<\/p>\n<p>&nbsp;<\/p>\n<p>&nbsp;<\/p>\n<p style=\"text-align: center\"><strong>Colloque Soins et Spiritualit\u00e9 :\u00a0\u00e9volutions<\/strong><\/p>\n<p>&nbsp;<\/p>\n<p><strong>Conf\u00e9rences publiques :<\/strong> <strong>pr\u00e9parer l&rsquo;avenir<\/strong><\/p>\n<p><a href=\"https:\/\/vimeo.com\/user32213068\/review\/193020675\/667f219316\" target=\"_blank\" rel=\"noopener noreferrer\"><img alt=\"\" loading=\"lazy\" decoding=\"async\" class=\"alignnone wp-image-281\" src=\"https:\/\/wp.unil.ch\/ms3\/files\/2017\/01\/Ouverture-et-accueil-Isabelle-Lehn.jpg\" alt=\"\" width=\"150\" height=\"97\" srcset=\"https:\/\/wp.unil.ch\/ms3\/files\/2017\/01\/Ouverture-et-accueil-Isabelle-Lehn.jpg 959w, https:\/\/wp.unil.ch\/ms3\/files\/2017\/01\/Ouverture-et-accueil-Isabelle-Lehn-300x194.jpg 300w, https:\/\/wp.unil.ch\/ms3\/files\/2017\/01\/Ouverture-et-accueil-Isabelle-Lehn-768x496.jpg 768w\" sizes=\"auto, (max-width: 150px) 100vw, 150px\" \/><br \/>\n<\/a>Ouverture et accueil par Mme\u00a0Isabelle Lehn, Directrice des soins du CHUV<\/p>\n<p><a href=\"https:\/\/vimeo.com\/user32213068\/review\/193021067\/443aa50301\" target=\"_blank\" rel=\"noopener noreferrer\"><img alt=\"\" loading=\"lazy\" decoding=\"async\" class=\"alignnone wp-image-284\" src=\"https:\/\/wp.unil.ch\/ms3\/files\/2017\/01\/Prof.-Guy-Jobin-.jpg\" alt=\"\" width=\"150\" height=\"99\" srcset=\"https:\/\/wp.unil.ch\/ms3\/files\/2017\/01\/Prof.-Guy-Jobin-.jpg 997w, https:\/\/wp.unil.ch\/ms3\/files\/2017\/01\/Prof.-Guy-Jobin--300x199.jpg 300w, https:\/\/wp.unil.ch\/ms3\/files\/2017\/01\/Prof.-Guy-Jobin--768x508.jpg 768w\" sizes=\"auto, (max-width: 150px) 100vw, 150px\" \/><\/a><br \/>\nProf. Guy Jobin. Professeur titulaire, Chaire religion, spiritualit\u00e9 et sant\u00e9, Universit\u00e9 Laval<\/p>\n<p><a href=\"https:\/\/vimeo.com\/user32213068\/review\/193022370\/87e19968db\" target=\"_blank\" rel=\"noopener noreferrer\"><img alt=\"\" loading=\"lazy\" decoding=\"async\" class=\"alignnone wp-image-283\" src=\"https:\/\/wp.unil.ch\/ms3\/files\/2017\/01\/Dre-St\u00e9phanie-Monod.jpg\" alt=\"\" width=\"152\" height=\"101\" srcset=\"https:\/\/wp.unil.ch\/ms3\/files\/2017\/01\/Dre-St\u00e9phanie-Monod.jpg 895w, https:\/\/wp.unil.ch\/ms3\/files\/2017\/01\/Dre-St\u00e9phanie-Monod-300x199.jpg 300w, https:\/\/wp.unil.ch\/ms3\/files\/2017\/01\/Dre-St\u00e9phanie-Monod-768x511.jpg 768w\" sizes=\"auto, (max-width: 152px) 100vw, 152px\" \/><br \/>\n<\/a>Dre St\u00e9phanie Monod, Cheffe du Service de la sant\u00e9 publique du canton de Vaud<\/p>\n<p><a href=\"https:\/\/vimeo.com\/user32213068\/review\/193023675\/6aef905238\" target=\"_blank\" rel=\"noopener noreferrer\"><img alt=\"\" loading=\"lazy\" decoding=\"async\" class=\"alignnone wp-image-285\" src=\"https:\/\/wp.unil.ch\/ms3\/files\/2017\/01\/Prof.-Dr-Eckhard-Frick.jpg\" alt=\"\" width=\"153\" height=\"105\" srcset=\"https:\/\/wp.unil.ch\/ms3\/files\/2017\/01\/Prof.-Dr-Eckhard-Frick.jpg 943w, https:\/\/wp.unil.ch\/ms3\/files\/2017\/01\/Prof.-Dr-Eckhard-Frick-300x206.jpg 300w, https:\/\/wp.unil.ch\/ms3\/files\/2017\/01\/Prof.-Dr-Eckhard-Frick-768x528.jpg 768w\" sizes=\"auto, (max-width: 153px) 100vw, 153px\" \/><\/a><br \/>\nProf. Dr Eckhard Frick SJ, Professeur f\u00fcr Spiritual Care, Universit\u00e9 de Munich<\/p>\n<p><a href=\"https:\/\/vimeo.com\/user32213068\/review\/193032299\/aea655f833\" target=\"_blank\" rel=\"noopener noreferrer\"><img alt=\"\" loading=\"lazy\" decoding=\"async\" class=\"alignnone wp-image-286\" src=\"https:\/\/wp.unil.ch\/ms3\/files\/2017\/01\/Table-Ronde-1024x512.jpg\" alt=\"\" width=\"152\" height=\"76\" srcset=\"https:\/\/wp.unil.ch\/ms3\/files\/2017\/01\/Table-Ronde-1024x512.jpg 1024w, https:\/\/wp.unil.ch\/ms3\/files\/2017\/01\/Table-Ronde-300x150.jpg 300w, https:\/\/wp.unil.ch\/ms3\/files\/2017\/01\/Table-Ronde-768x384.jpg 768w, https:\/\/wp.unil.ch\/ms3\/files\/2017\/01\/Table-Ronde.jpg 1171w\" sizes=\"auto, (max-width: 152px) 100vw, 152px\" \/><\/a><br \/>\nTable Ronde anim\u00e9e par le Prof. Dr Peter Vollenweider<\/p>\n<p>&nbsp;<\/p>\n<p><strong>Partie officielle<\/strong><br \/>\n<strong>Conf\u00e9rence \u00e0 l&rsquo;occasion du d\u00e9part de Mme Cosette Odier<\/strong><\/p>\n<p><a href=\"https:\/\/vimeo.com\/user32213068\/review\/193026694\/db34d5507d\" target=\"_blank\" rel=\"noopener noreferrer\"><img alt=\"\" loading=\"lazy\" decoding=\"async\" class=\"alignnone wp-image-279\" src=\"https:\/\/wp.unil.ch\/ms3\/files\/2017\/01\/Cosette-Odier-resp.-formation-et-enseignement.jpg\" alt=\"\" width=\"153\" height=\"123\" srcset=\"https:\/\/wp.unil.ch\/ms3\/files\/2017\/01\/Cosette-Odier-resp.-formation-et-enseignement.jpg 853w, https:\/\/wp.unil.ch\/ms3\/files\/2017\/01\/Cosette-Odier-resp.-formation-et-enseignement-300x242.jpg 300w, https:\/\/wp.unil.ch\/ms3\/files\/2017\/01\/Cosette-Odier-resp.-formation-et-enseignement-768x619.jpg 768w\" sizes=\"auto, (max-width: 153px) 100vw, 153px\" \/><\/a><br \/>\nCosette Odier, responsable de la\u00a0formation et de\u00a0l&rsquo;enseignement \u00e0 l&rsquo;Aum\u00f4nerie du CHUV<\/p>\n<p>&nbsp;<\/p>\n","protected":false},"excerpt":{"rendered":"<p>Colloque Soins &amp; Spiritualit\u00e9 : \u00e9volutions et Inauguration de la Plateforme MS3 18 novembre 2016 &nbsp; &nbsp; Message du Prof. Jean-Daniel Tissot,\u00a0Doyen de la Facult\u00e9 de Biologie et de M\u00e9decine &nbsp; &nbsp; Lancement de la Plateforme MS3 \u00a0 Prof. Dr<\/p>\n","protected":false},"author":1001410,"featured_media":234,"parent":1115,"menu_order":0,"comment_status":"closed","ping_status":"closed","template":"","meta":{"_seopress_robots_primary_cat":"","_seopress_titles_title":"","_seopress_titles_desc":"","_seopress_robots_index":"","footnotes":""},"class_list":["post-262","page","type-page","status-publish","has-post-thumbnail"],"_links":{"self":[{"href":"https:\/\/wp.unil.ch\/ms3\/wp-json\/wp\/v2\/pages\/262","targetHints":{"allow":["GET"]}}],"collection":[{"href":"https:\/\/wp.unil.ch\/ms3\/wp-json\/wp\/v2\/pages"}],"about":[{"href":"https:\/\/wp.unil.ch\/ms3\/wp-json\/wp\/v2\/types\/page"}],"author":[{"embeddable":true,"href":"https:\/\/wp.unil.ch\/ms3\/wp-json\/wp\/v2\/users\/1001410"}],"replies":[{"embeddable":true,"href":"https:\/\/wp.unil.ch\/ms3\/wp-json\/wp\/v2\/comments?post=262"}],"version-history":[{"count":0,"href":"https:\/\/wp.unil.ch\/ms3\/wp-json\/wp\/v2\/pages\/262\/revisions"}],"up":[{"embeddable":true,"href":"https:\/\/wp.unil.ch\/ms3\/wp-json\/wp\/v2\/pages\/1115"}],"wp:featuredmedia":[{"embeddable":true,"href":"https:\/\/wp.unil.ch\/ms3\/wp-json\/wp\/v2\/media\/234"}],"wp:attachment":[{"href":"https:\/\/wp.unil.ch\/ms3\/wp-json\/wp\/v2\/media?parent=262"}],"curies":[{"name":"wp","href":"https:\/\/api.w.org\/{rel}","templated":true}]}}