{"id":17,"date":"2016-10-20T09:55:53","date_gmt":"2016-10-20T07:55:53","guid":{"rendered":"http:\/\/wp.unil.ch\/ms3\/?page_id=17"},"modified":"2019-01-17T15:56:06","modified_gmt":"2019-01-17T14:56:06","slug":"prestations-services","status":"publish","type":"page","link":"https:\/\/wp.unil.ch\/ms3\/prestations-services\/","title":{"rendered":"Prestations"},"content":{"rendered":"<p>La Plateforme MS3 offre les prestations suivantes :<\/p>\n<p><a href=\"https:\/\/wp.unil.ch\/ms3\/prestations-services\/application-clinique\/\" target=\"_blank\" rel=\"noopener\"><strong>Clinique<\/strong> <\/a>: aide au d\u00e9veloppement et au test de mod\u00e8les cliniques\u00a0de prise en charge int\u00e9grant la spiritualit\u00e9 ; soutien pour l\u2019impl\u00e9mentation de projets cliniques de ce type.<\/p>\n<p><a href=\"https:\/\/wp.unil.ch\/ms3\/prestations-services\/enseignement\/\" target=\"_blank\" rel=\"noopener\"><strong>Enseignement<\/strong> <\/a>:\u00a0soutien \u00e0 la conception de modules d\u2019enseignement pr\u00e9- et post-gradu\u00e9s ; appui pour d\u00e9velopper des actions de sensibilisation ; implication\u00a0dans\u00a0des enseignements pr\u00e9- et postgradu\u00e9s destin\u00e9s \u00e0 diff\u00e9rents groupes de professionnels (m\u00e9decins, infirmiers, aum\u00f4niers, etc.)<\/p>\n<p><a href=\"https:\/\/wp.unil.ch\/ms3\/prestations-services\/recherches\/\" target=\"_blank\" rel=\"noopener\"><strong>Recherche<\/strong> <\/a>: soutien pour l\u2019\u00e9laboration de projets de recherche\u00a0touchant les liens entre la spiritualit\u00e9 et\/ou la religion, la m\u00e9decine et les soins, y compris par le biais de travaux de Master et de Th\u00e8ses ; appui m\u00e9thodologique<\/p>\n<p><strong><br \/>\n<\/strong>Par ailleurs, le responsable et les collaborateurs de la Plateforme MS3 sont engag\u00e9s en tant qu\u2019experts dans diff\u00e9rents <strong><a href=\"https:\/\/wp.unil.ch\/ms3\/prestations-services\/collaborations\/\" target=\"_blank\" rel=\"noopener\">projets collaboratifs<\/a>.<\/strong><br \/>\nEtienne Rochat est notamment membre du Comit\u00e9 scientifique de la Collection \u00ab\u00a0Soins et spiritualit\u00e9\u00a0\u00bb, membre du COPIL du RESSPIR (R\u00e9seau Sant\u00e9, Soins et Spiritualit\u00e9) et expert dans le cadre de l&rsquo;initiative Leenaards \u00ab\u00a0Sant\u00e9 personnalis\u00e9e &amp; Soci\u00e9t\u00e9\u00a0\u00bb.<\/p>\n","protected":false},"excerpt":{"rendered":"<p>La Plateforme MS3 offre les prestations suivantes : Clinique : aide au d\u00e9veloppement et au test de mod\u00e8les cliniques\u00a0de prise en charge int\u00e9grant la spiritualit\u00e9 ; soutien pour l\u2019impl\u00e9mentation de projets cliniques de ce type. Enseignement :\u00a0soutien \u00e0 la conception<\/p>\n","protected":false},"author":1001410,"featured_media":0,"parent":0,"menu_order":0,"comment_status":"closed","ping_status":"closed","template":"","meta":{"_seopress_robots_primary_cat":"","_seopress_titles_title":"","_seopress_titles_desc":"","_seopress_robots_index":"","footnotes":""},"class_list":["post-17","page","type-page","status-publish"],"_links":{"self":[{"href":"https:\/\/wp.unil.ch\/ms3\/wp-json\/wp\/v2\/pages\/17","targetHints":{"allow":["GET"]}}],"collection":[{"href":"https:\/\/wp.unil.ch\/ms3\/wp-json\/wp\/v2\/pages"}],"about":[{"href":"https:\/\/wp.unil.ch\/ms3\/wp-json\/wp\/v2\/types\/page"}],"author":[{"embeddable":true,"href":"https:\/\/wp.unil.ch\/ms3\/wp-json\/wp\/v2\/users\/1001410"}],"replies":[{"embeddable":true,"href":"https:\/\/wp.unil.ch\/ms3\/wp-json\/wp\/v2\/comments?post=17"}],"version-history":[{"count":0,"href":"https:\/\/wp.unil.ch\/ms3\/wp-json\/wp\/v2\/pages\/17\/revisions"}],"wp:attachment":[{"href":"https:\/\/wp.unil.ch\/ms3\/wp-json\/wp\/v2\/media?parent=17"}],"curies":[{"name":"wp","href":"https:\/\/api.w.org\/{rel}","templated":true}]}}