{"id":1533,"date":"2019-03-29T10:15:06","date_gmt":"2019-03-29T09:15:06","guid":{"rendered":"http:\/\/wp.unil.ch\/ms3\/?page_id=1533"},"modified":"2019-04-02T14:47:14","modified_gmt":"2019-04-02T12:47:14","slug":"la-spiritualite-a-lhopital-et-dans-les-soins","status":"publish","type":"page","link":"https:\/\/wp.unil.ch\/ms3\/medias\/la-spiritualite-a-lhopital-et-dans-les-soins\/","title":{"rendered":"La spiritualit\u00e9 \u00e0 l\u2019h\u00f4pital et dans les soins"},"content":{"rendered":"<p>Quelle place donner \u00e0 la spiritualit\u00e9 \u00e0 l&rsquo;h\u00f4pital et dans les soins aux patients\u00a0?<\/p>\n<p>La Plateforme MS3 vous invite \u00e0 d\u00e9couvrir ce qu\u2019en disent les professionnels, qu\u2019ils soient m\u00e9decins, infirmier-\u00e8res, aum\u00f4nier-\u00e8res ou psychologues.<\/p>\n<p>&nbsp;<\/p>\n<p><a href=\"https:\/\/player.vimeo.com\/video\/300470639\" target=\"_blank\" rel=\"attachment noopener wp-att-1563 noreferrer\"><img alt=\"\" loading=\"lazy\" decoding=\"async\" class=\"alignnone wp-image-1563\" src=\"https:\/\/wp.unil.ch\/ms3\/files\/2019\/04\/Image_Video_MS3_2-1-300x160.png\" alt=\"\" width=\"321\" height=\"171\" srcset=\"https:\/\/wp.unil.ch\/ms3\/files\/2019\/04\/Image_Video_MS3_2-1-300x160.png 300w, https:\/\/wp.unil.ch\/ms3\/files\/2019\/04\/Image_Video_MS3_2-1-768x411.png 768w, https:\/\/wp.unil.ch\/ms3\/files\/2019\/04\/Image_Video_MS3_2-1-1024x548.png 1024w, https:\/\/wp.unil.ch\/ms3\/files\/2019\/04\/Image_Video_MS3_2-1.png 1644w\" sizes=\"auto, (max-width: 321px) 100vw, 321px\" \/><\/a><br \/>\n<a href=\"https:\/\/player.vimeo.com\/video\/300470639\" target=\"_blank\" rel=\"noopener noreferrer\">Des interventions saisies \u00e0 l&rsquo;occasion du symposium \u00ab\u00a0Spiritual Care\u00a0\u00bb qui s&rsquo;est tenu au CHUV en octobre 2018.<\/a><\/p>\n<p>&nbsp;<\/p>\n<p>Avec les interventions notamment de :<\/p>\n<ul>\n<li>Prof. Matthias Cavassini, Service des maladies infectieuses CHUV<\/li>\n<li>Prof. honoraire Jacques Besson, Service de psychiatrie communautaire CHUV<\/li>\n<li>Naomi Edelmann, psychologue \u00e0 la Plateforme MS3<\/li>\n<li>Prof. Maya Zumstein-Shaha, Infirmi\u00e8re HES Berne<\/li>\n<li>Fran\u00e7ois Rouiller, aum\u00f4nier responsable de l&rsquo;Aum\u00f4nerie CHUV<\/li>\n<li>Gabriella Matter-Puons, infirmi\u00e8re H\u00f4pital de Lavaux<\/li>\n<li>Prof. honoraire Marie-Denise Schaller, M\u00e9decine intensive adulte CHUV<\/li>\n<li>Prof. Guy Jobin, th\u00e9ologien, Universit\u00e9 Laval Qu\u00e9bec<\/li>\n<\/ul>\n<p>&nbsp;<\/p>\n","protected":false},"excerpt":{"rendered":"<p>Quelle place donner \u00e0 la spiritualit\u00e9 \u00e0 l&rsquo;h\u00f4pital et dans les soins aux patients\u00a0? La Plateforme MS3 vous invite \u00e0 d\u00e9couvrir ce qu\u2019en disent les professionnels, qu\u2019ils soient m\u00e9decins, infirmier-\u00e8res, aum\u00f4nier-\u00e8res ou psychologues. &nbsp; Des interventions saisies \u00e0 l&rsquo;occasion du<\/p>\n","protected":false},"author":1001410,"featured_media":1563,"parent":439,"menu_order":0,"comment_status":"closed","ping_status":"closed","template":"","meta":{"_seopress_robots_primary_cat":"","_seopress_titles_title":"","_seopress_titles_desc":"","_seopress_robots_index":"","footnotes":""},"class_list":["post-1533","page","type-page","status-publish","has-post-thumbnail"],"_links":{"self":[{"href":"https:\/\/wp.unil.ch\/ms3\/wp-json\/wp\/v2\/pages\/1533","targetHints":{"allow":["GET"]}}],"collection":[{"href":"https:\/\/wp.unil.ch\/ms3\/wp-json\/wp\/v2\/pages"}],"about":[{"href":"https:\/\/wp.unil.ch\/ms3\/wp-json\/wp\/v2\/types\/page"}],"author":[{"embeddable":true,"href":"https:\/\/wp.unil.ch\/ms3\/wp-json\/wp\/v2\/users\/1001410"}],"replies":[{"embeddable":true,"href":"https:\/\/wp.unil.ch\/ms3\/wp-json\/wp\/v2\/comments?post=1533"}],"version-history":[{"count":0,"href":"https:\/\/wp.unil.ch\/ms3\/wp-json\/wp\/v2\/pages\/1533\/revisions"}],"up":[{"embeddable":true,"href":"https:\/\/wp.unil.ch\/ms3\/wp-json\/wp\/v2\/pages\/439"}],"wp:featuredmedia":[{"embeddable":true,"href":"https:\/\/wp.unil.ch\/ms3\/wp-json\/wp\/v2\/media\/1563"}],"wp:attachment":[{"href":"https:\/\/wp.unil.ch\/ms3\/wp-json\/wp\/v2\/media?parent=1533"}],"curies":[{"name":"wp","href":"https:\/\/api.w.org\/{rel}","templated":true}]}}