{"id":1523,"date":"2019-03-28T16:26:22","date_gmt":"2019-03-28T15:26:22","guid":{"rendered":"http:\/\/wp.unil.ch\/ms3\/?page_id=1523"},"modified":"2019-03-29T08:23:50","modified_gmt":"2019-03-29T07:23:50","slug":"7e-journee-theologie-de-la-sante-la-sante-dans-la-societet","status":"publish","type":"page","link":"https:\/\/wp.unil.ch\/ms3\/actualite\/7e-journee-theologie-de-la-sante-la-sante-dans-la-societet\/","title":{"rendered":"7e journ\u00e9e \u00ab Th\u00e9ologie de la sant\u00e9 \u00bb : La sant\u00e9 dans la soci\u00e9t\u00e9"},"content":{"rendered":"<p style=\"text-align: center\">L\u2019Institut l\u00e9manique de th\u00e9ologie pratique vous invite \u00e0 une journ\u00e9e de r\u00e9flexion sur<\/p>\n<p style=\"text-align: center\"><a href=\"https:\/\/repopub.unil.ch\/newsunil\/document\/1551446303884.D1551447186354\" target=\"_blank\" rel=\"noopener noreferrer\">LA SANT\u00c9 DANS LA SOCI\u00c9T\u00c9<\/a><\/p>\n<p style=\"text-align: center\">Samedi 30 mars 2019 \u2013 de 9h \u00e0 17h<\/p>\n<p style=\"text-align: center\">UNIL \u2013 Quartier Chamberonne \u2013 Anthropole salle 5033<\/p>\n<p style=\"text-align: center\">Renseignements et inscriptions : 021 692 61 52 \/ secretariatiltp@unil.ch<\/p>\n<p>&nbsp;<\/p>\n<p>&nbsp;<\/p>\n<p>&nbsp;<\/p>\n","protected":false},"excerpt":{"rendered":"<p>L\u2019Institut l\u00e9manique de th\u00e9ologie pratique vous invite \u00e0 une journ\u00e9e de r\u00e9flexion sur LA SANT\u00c9 DANS LA SOCI\u00c9T\u00c9 Samedi 30 mars 2019 \u2013 de 9h \u00e0 17h UNIL \u2013 Quartier Chamberonne \u2013 Anthropole salle 5033 Renseignements et inscriptions : 021<\/p>\n","protected":false},"author":1001410,"featured_media":1524,"parent":626,"menu_order":0,"comment_status":"closed","ping_status":"closed","template":"","meta":{"_seopress_robots_primary_cat":"","_seopress_titles_title":"","_seopress_titles_desc":"","_seopress_robots_index":"","footnotes":""},"class_list":["post-1523","page","type-page","status-publish","has-post-thumbnail"],"_links":{"self":[{"href":"https:\/\/wp.unil.ch\/ms3\/wp-json\/wp\/v2\/pages\/1523","targetHints":{"allow":["GET"]}}],"collection":[{"href":"https:\/\/wp.unil.ch\/ms3\/wp-json\/wp\/v2\/pages"}],"about":[{"href":"https:\/\/wp.unil.ch\/ms3\/wp-json\/wp\/v2\/types\/page"}],"author":[{"embeddable":true,"href":"https:\/\/wp.unil.ch\/ms3\/wp-json\/wp\/v2\/users\/1001410"}],"replies":[{"embeddable":true,"href":"https:\/\/wp.unil.ch\/ms3\/wp-json\/wp\/v2\/comments?post=1523"}],"version-history":[{"count":0,"href":"https:\/\/wp.unil.ch\/ms3\/wp-json\/wp\/v2\/pages\/1523\/revisions"}],"up":[{"embeddable":true,"href":"https:\/\/wp.unil.ch\/ms3\/wp-json\/wp\/v2\/pages\/626"}],"wp:featuredmedia":[{"embeddable":true,"href":"https:\/\/wp.unil.ch\/ms3\/wp-json\/wp\/v2\/media\/1524"}],"wp:attachment":[{"href":"https:\/\/wp.unil.ch\/ms3\/wp-json\/wp\/v2\/media?parent=1523"}],"curies":[{"name":"wp","href":"https:\/\/api.w.org\/{rel}","templated":true}]}}